{"id":3748,"date":"2024-05-03T06:29:37","date_gmt":"2024-05-03T06:29:37","guid":{"rendered":"https:\/\/elfsight.com\/it\/?page_id=3748"},"modified":"2025-03-19T05:42:12","modified_gmt":"2025-03-19T05:42:12","slug":"bigcommerce","status":"publish","type":"page","link":"https:\/\/elfsight.com\/it\/background-music-widget\/bigcommerce\/","title":{"rendered":"Background Music &#8211; BigCommerce"},"content":{"rendered":"\n<div class=\"application-platform-content-item-description application-platform-content-item\" id=\"description\" data-nav-section=\"description\"> <h2>Descrizione<\/h2> <p>Elfsight Background Music \u00e8 un widget semplice per i siti Web BigCommerce che ti offre l&#8217;opportunit\u00e0 di riprodurre in streaming tracce audio direttamente sul pagine del tuo sito. Il plugin \u00e8 estremamente regolabile: puoi alterarne la posizione, impostandolo in qualsiasi punto della pagina, modificarne le dimensioni, ricolorare lo sfondo e altri elementi per combinarlo con il design del tuo sito web, applicare combinazioni di colori scuri, mostrare copertine e mostrare o nascondere Altri 4 dettagli del giocatore, ad esempio barra di avanzamento, titolo e molto altro. Carica tutte le tracce che desideri per intrattenere i tuoi utenti, attiva l&#8217;opzione di riproduzione automatica e non esitare: il tuo pubblico non abbandoner\u00e0 il tuo sito web in fretta!<\/p> <p><b>Rendi il tuo sito web pi\u00f9 efficace per obiettivi di e-commerce con l&#8217;aiuto del lettore musicale di sottofondo<\/b><\/p> <\/div> <div class=\"application-platform-content-item-features application-platform-content-item\" id=\"features\" data-nav-section=\"features\"> <h2>Offrono le funzionalit\u00e0 widget pi\u00f9 preziose<\/h2> <ul><li>Illimitate variazioni di colore<\/li><li>Tema colore scuro\/chiaro<\/li><li>Design reattivo<\/li><li>Due layout disponibili<\/li><li>Un&#8217;opportunit\u00e0 per aggiungere un&#8217;immagine di sfondo<\/li> <\/ul><p><a href=\"#demo\">Puoi scoprire tutte le funzionalit\u00e0 del widget nella demo qui sotto<\/a><\/p> <\/div> <div class=\"application-platform-content-item-installation application-platform-content-item\" id=\"installation\" data-nav-section=\"installation\"> <h2>Come incorporare la musica di sottofondo Elfsight nel mio sito web BigCommerce? <\/h2> <div class=\"video-container\"><iframe width=\"720\" Height=\"405\" src=\"https:\/\/www.youtube.com\/embed\/q5N8JmH1UGw\"> <\/iframe><\/div><p>Basta applicare le istruzioni seguenti per incorporare il widget. <\/p> <ol><li><b>Utilizza la nostra demo gratuita e inizia a dare forma al tuo widget personalizzato. <\/b><br> Trova il design e le caratteristiche adatte del widget e salva tutte le correzioni. <\/li> <li><b>Ottieni il codice individuale rivelato nella finestra delle app Elfsight. <\/b><br> Una volta terminata la configurazione del tuo widget, copia il codice individuale dalla finestra emersa e salvalo per un utilizzo futuro. <\/li> <li><b>Inizia a utilizzare il widget sul tuo sito web BigCommerce. <\/b><br> Inserisci il codice che hai salvato in precedenza nella tua pagina e salva i miglioramenti. <\/li> <li><b>La configurazione \u00e8 completamente completata. <\/b><br> Apri il tuo sito per verificare il funzionamento del widget. <\/li><\/ol><p>Se hai domande o incontri ostacoli, rivolgiti al nostro team di supporto. I nostri specialisti non vedono l&#8217;ora di aiutarti con tutte le difficolt\u00e0 che potresti avere con il prodotto. <\/p> <\/div>\n","protected":false},"excerpt":{"rendered":"","protected":false},"author":9,"featured_media":0,"parent":2345,"menu_order":0,"comment_status":"closed","ping_status":"closed","template":"templates\/template-application-platform.php","meta":{"publish_to_discourse":"","publish_post_category":"","wpdc_auto_publish_overridden":"","wpdc_topic_tags":"","wpdc_pin_topic":"","wpdc_pin_until":"","discourse_post_id":"","discourse_permalink":"","wpdc_publishing_response":"","wpdc_publishing_error":"","footnotes":""},"class_list":["post-3748","page","type-page","status-publish","hentry"],"yoast_head":"<!-- This site is optimized with the Yoast SEO plugin v25.3.1 - https:\/\/yoast.com\/wordpress\/plugins\/seo\/ -->\n<title>Lettore musicale di sottofondo per il sito Web BigCommerce (gratuito e senza codifica)<\/title>\n<meta name=\"description\" content=\"Incorpora un widget Audio di sottofondo adattivo nel tuo sito BigCommerce. Utilizza la demo gestibile e crea il tuo widget personalizzato in soli 2 minuti.\" \/>\n<meta name=\"robots\" content=\"index, follow, max-snippet:-1, max-image-preview:large, max-video-preview:-1\" \/>\n<link rel=\"canonical\" href=\"https:\/\/elfsight.com\/it\/background-music-widget\/bigcommerce\/\" \/>\n<meta property=\"og:locale\" content=\"it_IT\" \/>\n<meta property=\"og:type\" content=\"article\" \/>\n<meta property=\"og:title\" content=\"Lettore musicale di sottofondo per il sito Web BigCommerce (gratuito e senza codifica)\" \/>\n<meta property=\"og:description\" content=\"Incorpora un widget Audio di sottofondo adattivo nel tuo sito BigCommerce. Utilizza la demo gestibile e crea il tuo widget personalizzato in soli 2 minuti.\" \/>\n<meta property=\"og:url\" content=\"https:\/\/elfsight.com\/it\/background-music-widget\/bigcommerce\/\" \/>\n<meta property=\"og:site_name\" content=\"Elfsight IT\" \/>\n<meta property=\"article:modified_time\" content=\"2025-03-19T05:42:12+00:00\" \/>\n<meta name=\"twitter:card\" content=\"summary_large_image\" \/>\n<meta name=\"twitter:label1\" content=\"Tempo di lettura stimato\" \/>\n\t<meta name=\"twitter:data1\" content=\"2 minuti\" \/>\n<!-- \/ Yoast SEO plugin. -->","yoast_head_json":{"title":"Lettore musicale di sottofondo per il sito Web BigCommerce (gratuito e senza codifica)","description":"Incorpora un widget Audio di sottofondo adattivo nel tuo sito BigCommerce. Utilizza la demo gestibile e crea il tuo widget personalizzato in soli 2 minuti.","robots":{"index":"index","follow":"follow","max-snippet":"max-snippet:-1","max-image-preview":"max-image-preview:large","max-video-preview":"max-video-preview:-1"},"canonical":"https:\/\/elfsight.com\/it\/background-music-widget\/bigcommerce\/","og_locale":"it_IT","og_type":"article","og_title":"Lettore musicale di sottofondo per il sito Web BigCommerce (gratuito e senza codifica)","og_description":"Incorpora un widget Audio di sottofondo adattivo nel tuo sito BigCommerce. Utilizza la demo gestibile e crea il tuo widget personalizzato in soli 2 minuti.","og_url":"https:\/\/elfsight.com\/it\/background-music-widget\/bigcommerce\/","og_site_name":"Elfsight IT","article_modified_time":"2025-03-19T05:42:12+00:00","twitter_card":"summary_large_image","twitter_misc":{"Tempo di lettura stimato":"2 minuti"},"schema":{"@context":"https:\/\/schema.org","@graph":[{"@type":"WebPage","@id":"https:\/\/elfsight.com\/it\/background-music-widget\/bigcommerce\/","url":"https:\/\/elfsight.com\/it\/background-music-widget\/bigcommerce\/","name":"Lettore musicale di sottofondo per il sito Web BigCommerce (gratuito e senza codifica)","isPartOf":{"@id":"https:\/\/elfsight.com\/it\/#website"},"datePublished":"2024-05-03T06:29:37+00:00","dateModified":"2025-03-19T05:42:12+00:00","description":"Incorpora un widget Audio di sottofondo adattivo nel tuo sito BigCommerce. Utilizza la demo gestibile e crea il tuo widget personalizzato in soli 2 minuti.","breadcrumb":{"@id":"https:\/\/elfsight.com\/it\/background-music-widget\/bigcommerce\/#breadcrumb"},"inLanguage":"it-IT","potentialAction":[{"@type":"ReadAction","target":["https:\/\/elfsight.com\/it\/background-music-widget\/bigcommerce\/"]}]},{"@type":"BreadcrumbList","@id":"https:\/\/elfsight.com\/it\/background-music-widget\/bigcommerce\/#breadcrumb","itemListElement":[{"@type":"ListItem","position":1,"name":"Home","item":"https:\/\/elfsight.com\/it\/"},{"@type":"ListItem","position":2,"name":"Background Music","item":"https:\/\/elfsight.com\/it\/background-music-widget\/"},{"@type":"ListItem","position":3,"name":"Background Music &#8211; BigCommerce"}]},{"@type":"WebSite","@id":"https:\/\/elfsight.com\/it\/#website","url":"https:\/\/elfsight.com\/it\/","name":"Elfsight IT","description":"Just another Elfsight Sites site","potentialAction":[{"@type":"SearchAction","target":{"@type":"EntryPoint","urlTemplate":"https:\/\/elfsight.com\/it\/?s={search_term_string}"},"query-input":{"@type":"PropertyValueSpecification","valueRequired":true,"valueName":"search_term_string"}}],"inLanguage":"it-IT"}]}},"meta_box":{"industry":"","seo_heading":"","heading":"","description":"","cta_heading":"","cta_description":"","application":"2344","h1":"Applicazione Musica di sottofondo BigCommerce","h1_caption":"Aggiungi musica di sottofondo al tuo sito Web, creando facilmente un'esperienza coinvolgente per i tuoi visitatori nel tuo sito Web Adobe Muse.","application_category":[],"applications_title":"","applications_request_title":"","applications_request_button_text":"","hero_text":"","hero_video":"","hero_video_schema_markup":"","selling_points_title":"","selling_points_caption":"","selling_points":[],"selling_points_cta_text":"","features_title":"","features":"","ed_cta_examples_text":"","ed_cta_examples_hidden":"","ed_cta_demo_text":"","ed_cta_demo_hidden":"","why_caption":"","why_editor_title":"","why_editor_text":"","why_team_title":"","why_team_text":"","why_service_title":"","why_service_text":"","template_catalog_visible":"0","template_catalog_title":"","template_catalog_text":"","template_catalog_categories_visible":"","demo_title":"Crea la tua app Musica di sottofondo","demo_caption":"Configura la tua musica di sottofondo e aggiungila gratuitamente al tuo sito BigCommerce!","default_faq_hidden":"","app_template_category":[],"platform":"32","template_public_id":"","codecanyon_url":"","codecanyon_item_id":"","codecanyon_price":"","pricing_caption":"","pricing_elfsight_apps_hide_column":"","pricing_elfsight_apps_url":"","pricing_codecanyon_price_caption":"","integration_category":[],"integration_request_title":"","integration_request_cta":"","integration_platform":"","integrations":[],"platform_category":[],"video_schema_markup":"","price":"da $ 0 al mese","trial":"","benefits":[{"text":"Aiuto per l'installazione gratuito"},{"text":"Servizio clienti professionale"},{"text":"Garanzia di rimborso di 14 giorni"},{"text":"Miglioramenti gratuiti a vita"}],"button_url":"#demo","button_target_blank":"0","button_nofollow":"0","attributes":[{"name":"Installazioni"},{"name":"Reattivo","content":"S\u00cc"},{"name":"Browser compatibili","content":"Firefox, Safari, Opera, Chrome, Edge"}],"tags":[],"tags_disable_links":"0","hide_more_platforms":"0","video_object":"","demo_hide_cta":"0","demo_hide_cloud_options":"0","pricing_title":"","pricing":[{"pricing_icon":"platform","pricing_title":"Elfsight Apps","pricing_title_caption":"Soluzione digitale indipendente dalla piattaforma che funziona su qualsiasi sito web","pricing_price":"da $ 0 \/ mese","pricing_price_caption":"inizia con il piano gratuito","pricing_benefits":[{"text":"Siti web illimitati"},{"text":"Assistenza clienti gratuita e ben documentata"},{"text":"Aiuto per l'installazione gratuito"},{"text":"Completamente personalizzabile"}],"pricing_button_text":"Aggiungi al sito web","pricing_button_url":"#demo"}],"related_apps_title":"","related_apps_hidden":"0","author":"","image":[],"title":"","job":"","social_networks":[]},"_links":{"self":[{"href":"https:\/\/elfsight.com\/it\/wp-json\/wp\/v2\/pages\/3748","targetHints":{"allow":["GET"]}}],"collection":[{"href":"https:\/\/elfsight.com\/it\/wp-json\/wp\/v2\/pages"}],"about":[{"href":"https:\/\/elfsight.com\/it\/wp-json\/wp\/v2\/types\/page"}],"author":[{"embeddable":true,"href":"https:\/\/elfsight.com\/it\/wp-json\/wp\/v2\/users\/9"}],"replies":[{"embeddable":true,"href":"https:\/\/elfsight.com\/it\/wp-json\/wp\/v2\/comments?post=3748"}],"version-history":[{"count":3,"href":"https:\/\/elfsight.com\/it\/wp-json\/wp\/v2\/pages\/3748\/revisions"}],"predecessor-version":[{"id":9158,"href":"https:\/\/elfsight.com\/it\/wp-json\/wp\/v2\/pages\/3748\/revisions\/9158"}],"up":[{"embeddable":true,"href":"https:\/\/elfsight.com\/it\/wp-json\/wp\/v2\/pages\/2345"}],"wp:attachment":[{"href":"https:\/\/elfsight.com\/it\/wp-json\/wp\/v2\/media?parent=3748"}],"curies":[{"name":"wp","href":"https:\/\/api.w.org\/{rel}","templated":true}]}}