{"id":3747,"date":"2024-05-03T06:29:36","date_gmt":"2024-05-03T06:29:36","guid":{"rendered":"https:\/\/elfsight.com\/it\/?page_id=3747"},"modified":"2025-03-19T05:43:04","modified_gmt":"2025-03-19T05:43:04","slug":"blogger","status":"publish","type":"page","link":"https:\/\/elfsight.com\/it\/background-music-widget\/blogger\/","title":{"rendered":"Background Music &#8211; Blogger"},"content":{"rendered":"\n<div class=\"application-platform-content-item-description application-platform-content-item\" id=\"description\" data-nav-section=\"description\"> <h2>Descrizione<\/h2> <p>Elfsight Background Music \u00e8 un widget semplice per i siti Web Blogger che ti offre l&#8217;opportunit\u00e0 di riprodurre in streaming tracce audio direttamente sul pagine del tuo sito. Il plugin \u00e8 totalmente personalizzabile: sei libero di alterarne il posizionamento, inserendolo in qualsiasi punto della pagina, modificarne le dimensioni, ricolorare lo sfondo e tutti gli altri elementi per combinarlo con il design del tuo sito, utilizzare combinazioni di colori scuri, dimostrare immagini e mostrare o nascondi altri 4 dettagli del giocatore, ad esempio la barra di avanzamento, l&#8217;intestazione e molto altro. Includi tutte le tracce di cui hai bisogno per coinvolgere i tuoi utenti, attiva l&#8217;opzione di riproduzione automatica e stai sicuro: i tuoi utenti non lasceranno la tua pagina web in fretta! <\/p> <p><b>Con Elfsight Background Music, osserva lo sviluppo attivo del business e aumenta le vendite <\/b><\/p> <\/div> <div class=\"application-platform-content-item-features application-platform-content-item\" id=\"features\" data-nav-section=\"features\"> <h2>Le funzionalit\u00e0 widget pi\u00f9 preziose includono<\/h2> <ul><li>Varie varianti di colore<\/li><li>Combinazione di colori scuri\/chiari<\/li><li>Design flessibile<\/li><li>2 layout disponibili<\/li><li>Un&#8217;opzione per aggiungere un&#8217;immagine di sfondo<\/li><\/ul><p><a href=\"#demo\">Puoi sentire le offerte del widget con l&#8217;aiuto della demo<\/a><\/p> <\/div> <div class=\"application-platform-content-item-installation application-platform-content-item\" id=\"installation\" data-nav-section=\"installation\"> <h2>Come aggiungere musica di sottofondo al sito web di Blogger?<\/h2> <div class=\"video-container\"><iframe width=\"720\" Height=\"405\" src=\"https:\/\/www.youtube.com\/embed\/46K2-X1_770\"><\/iframe><\/div><p>Basta seguire un paio di passaggi presentati di seguito per integrare il widget. <\/p> <ol><li><b>Utilizza la nostra demo gratuita e inizia a creare il tuo plugin. <\/b><br> Scegli l&#8217;interfaccia e le caratteristiche adatte dello strumento e salva le modifiche. <\/li> <li><b>Ricevi il codice individuale mostrato nel box sulle App Elfsight<\/b><br> Una volta terminata la configurazione del tuo widget, copia il codice individuale nel box emerso e salvalo per ulteriore utilizzo. <\/li> <li><b>Inizia ad applicare lo strumento sulla tua pagina web Blogger<\/b><br> Incolla il codice salvato di recente nella tua pagina web e salva le modifiche. <\/li> <li><b>Il gioco \u00e8 fatto! La configurazione \u00e8 completamente terminata<\/b><br> Vai al tuo sito web per verificare come funziona lo strumento. <\/li><\/ol> <p>Se incontri domande o incontri ostacoli, non aver paura di contattare il nostro personale del servizio clienti. I nostri consulenti non vedono l&#8217;ora di risolvere tutte le domande che potresti avere sullo strumento. <\/p> <\/div>\n\n\n\n<p><\/p>\n","protected":false},"excerpt":{"rendered":"","protected":false},"author":9,"featured_media":0,"parent":2345,"menu_order":0,"comment_status":"closed","ping_status":"closed","template":"templates\/template-application-platform.php","meta":{"publish_to_discourse":"","publish_post_category":"","wpdc_auto_publish_overridden":"","wpdc_topic_tags":"","wpdc_pin_topic":"","wpdc_pin_until":"","discourse_post_id":"","discourse_permalink":"","wpdc_publishing_response":"","wpdc_publishing_error":"","footnotes":""},"class_list":["post-3747","page","type-page","status-publish","hentry"],"yoast_head":"<!-- This site is optimized with the Yoast SEO plugin v25.3.1 - https:\/\/yoast.com\/wordpress\/plugins\/seo\/ -->\n<title>Lettore musicale di sottofondo per il sito Web di Blogger (gratuito e senza codifica)<\/title>\n<meta name=\"description\" content=\"Integra un lettore audio di sottofondo adattivo sulla tua pagina. Aggiungi musica di sottofondo a riproduzione automatica su Blogger. Costruisci il tuo widget unico in appena un paio di minuti!\" \/>\n<meta name=\"robots\" content=\"index, follow, max-snippet:-1, max-image-preview:large, max-video-preview:-1\" \/>\n<link rel=\"canonical\" href=\"https:\/\/elfsight.com\/it\/background-music-widget\/blogger\/\" \/>\n<meta property=\"og:locale\" content=\"it_IT\" \/>\n<meta property=\"og:type\" content=\"article\" \/>\n<meta property=\"og:title\" content=\"Lettore musicale di sottofondo per il sito Web di Blogger (gratuito e senza codifica)\" \/>\n<meta property=\"og:description\" content=\"Integra un lettore audio di sottofondo adattivo sulla tua pagina. Aggiungi musica di sottofondo a riproduzione automatica su Blogger. Costruisci il tuo widget unico in appena un paio di minuti!\" \/>\n<meta property=\"og:url\" content=\"https:\/\/elfsight.com\/it\/background-music-widget\/blogger\/\" \/>\n<meta property=\"og:site_name\" content=\"Elfsight IT\" \/>\n<meta property=\"article:modified_time\" content=\"2025-03-19T05:43:04+00:00\" \/>\n<meta name=\"twitter:card\" content=\"summary_large_image\" \/>\n<meta name=\"twitter:label1\" content=\"Tempo di lettura stimato\" \/>\n\t<meta name=\"twitter:data1\" content=\"2 minuti\" \/>\n<!-- \/ Yoast SEO plugin. -->","yoast_head_json":{"title":"Lettore musicale di sottofondo per il sito Web di Blogger (gratuito e senza codifica)","description":"Integra un lettore audio di sottofondo adattivo sulla tua pagina. Aggiungi musica di sottofondo a riproduzione automatica su Blogger. Costruisci il tuo widget unico in appena un paio di minuti!","robots":{"index":"index","follow":"follow","max-snippet":"max-snippet:-1","max-image-preview":"max-image-preview:large","max-video-preview":"max-video-preview:-1"},"canonical":"https:\/\/elfsight.com\/it\/background-music-widget\/blogger\/","og_locale":"it_IT","og_type":"article","og_title":"Lettore musicale di sottofondo per il sito Web di Blogger (gratuito e senza codifica)","og_description":"Integra un lettore audio di sottofondo adattivo sulla tua pagina. Aggiungi musica di sottofondo a riproduzione automatica su Blogger. Costruisci il tuo widget unico in appena un paio di minuti!","og_url":"https:\/\/elfsight.com\/it\/background-music-widget\/blogger\/","og_site_name":"Elfsight IT","article_modified_time":"2025-03-19T05:43:04+00:00","twitter_card":"summary_large_image","twitter_misc":{"Tempo di lettura stimato":"2 minuti"},"schema":{"@context":"https:\/\/schema.org","@graph":[{"@type":"WebPage","@id":"https:\/\/elfsight.com\/it\/background-music-widget\/blogger\/","url":"https:\/\/elfsight.com\/it\/background-music-widget\/blogger\/","name":"Lettore musicale di sottofondo per il sito Web di Blogger (gratuito e senza codifica)","isPartOf":{"@id":"https:\/\/elfsight.com\/it\/#website"},"datePublished":"2024-05-03T06:29:36+00:00","dateModified":"2025-03-19T05:43:04+00:00","description":"Integra un lettore audio di sottofondo adattivo sulla tua pagina. Aggiungi musica di sottofondo a riproduzione automatica su Blogger. Costruisci il tuo widget unico in appena un paio di minuti!","breadcrumb":{"@id":"https:\/\/elfsight.com\/it\/background-music-widget\/blogger\/#breadcrumb"},"inLanguage":"it-IT","potentialAction":[{"@type":"ReadAction","target":["https:\/\/elfsight.com\/it\/background-music-widget\/blogger\/"]}]},{"@type":"BreadcrumbList","@id":"https:\/\/elfsight.com\/it\/background-music-widget\/blogger\/#breadcrumb","itemListElement":[{"@type":"ListItem","position":1,"name":"Home","item":"https:\/\/elfsight.com\/it\/"},{"@type":"ListItem","position":2,"name":"Background Music","item":"https:\/\/elfsight.com\/it\/background-music-widget\/"},{"@type":"ListItem","position":3,"name":"Background Music &#8211; Blogger"}]},{"@type":"WebSite","@id":"https:\/\/elfsight.com\/it\/#website","url":"https:\/\/elfsight.com\/it\/","name":"Elfsight IT","description":"Just another Elfsight Sites site","potentialAction":[{"@type":"SearchAction","target":{"@type":"EntryPoint","urlTemplate":"https:\/\/elfsight.com\/it\/?s={search_term_string}"},"query-input":{"@type":"PropertyValueSpecification","valueRequired":true,"valueName":"search_term_string"}}],"inLanguage":"it-IT"}]}},"meta_box":{"industry":"","seo_heading":"","heading":"","description":"","cta_heading":"","cta_description":"","application":"2344","h1":"Widget Musica di sottofondo per Blogger","h1_caption":"Aggiungi musica di sottofondo al tuo sito web, creando un'esperienza coinvolgente per i tuoi visitatori nel tuo sito web BigCommerce senza sforzo.","application_category":[],"applications_title":"","applications_request_title":"","applications_request_button_text":"","hero_text":"","hero_video":"","hero_video_schema_markup":"","selling_points_title":"","selling_points_caption":"","selling_points":[],"selling_points_cta_text":"","features_title":"","features":"","ed_cta_examples_text":"","ed_cta_examples_hidden":"","ed_cta_demo_text":"","ed_cta_demo_hidden":"","why_caption":"","why_editor_title":"","why_editor_text":"","why_team_title":"","why_team_text":"","why_service_title":"","why_service_text":"","template_catalog_visible":"0","template_catalog_title":"","template_catalog_text":"","template_catalog_categories_visible":"","demo_title":"Crea il tuo widget Musica di sottofondo","demo_caption":"Configura la tua musica di sottofondo e aggiungila gratuitamente al tuo sito Blogger!","default_faq_hidden":"","app_template_category":[],"platform":"33","template_public_id":"","codecanyon_url":"","codecanyon_item_id":"","codecanyon_price":"","pricing_caption":"","pricing_elfsight_apps_hide_column":"","pricing_elfsight_apps_url":"","pricing_codecanyon_price_caption":"","integration_category":[],"integration_request_title":"","integration_request_cta":"","integration_platform":"","integrations":[],"platform_category":[],"video_schema_markup":"","price":"da $ 0 al mese","trial":"","benefits":[{"text":"Assistenza gratuita per l'installazione"},{"text":"Supporto eccezionale"},{"text":"Garanzia di rimborso di 14 giorni"},{"text":"Miglioramenti gratuiti a vita"}],"button_url":"#demo","button_target_blank":"0","button_nofollow":"0","attributes":[{"name":"Installazioni"},{"name":"Reattivo","content":"S\u00cc"},{"name":"Browser compatibili","content":"Opera, Safari, Firefox, Chrome, Edge"}],"tags":[],"tags_disable_links":"0","hide_more_platforms":"0","video_object":"","demo_hide_cta":"0","demo_hide_cloud_options":"0","pricing_title":"","pricing":[{"pricing_icon":"platform","pricing_title":"Elfsight Apps","pricing_title_caption":"Versione multipiattaforma adatta a qualsiasi sito","pricing_price":"da $ 0 \/ mese","pricing_price_caption":"inizia con un piano gratuito","pricing_benefits":[{"text":"Siti web illimitati"},{"text":"Supporto puntuale 24 ore su 24, 7 giorni su 7 e ben documentato"},{"text":"Supporto gratuito per l'installazione"},{"text":"Progettazione flessibile"}],"pricing_button_text":"Aggiungi al sito web","pricing_button_url":"#demo"}],"related_apps_title":"","related_apps_hidden":"0","author":"","image":[],"title":"","job":"","social_networks":[]},"_links":{"self":[{"href":"https:\/\/elfsight.com\/it\/wp-json\/wp\/v2\/pages\/3747","targetHints":{"allow":["GET"]}}],"collection":[{"href":"https:\/\/elfsight.com\/it\/wp-json\/wp\/v2\/pages"}],"about":[{"href":"https:\/\/elfsight.com\/it\/wp-json\/wp\/v2\/types\/page"}],"author":[{"embeddable":true,"href":"https:\/\/elfsight.com\/it\/wp-json\/wp\/v2\/users\/9"}],"replies":[{"embeddable":true,"href":"https:\/\/elfsight.com\/it\/wp-json\/wp\/v2\/comments?post=3747"}],"version-history":[{"count":3,"href":"https:\/\/elfsight.com\/it\/wp-json\/wp\/v2\/pages\/3747\/revisions"}],"predecessor-version":[{"id":9159,"href":"https:\/\/elfsight.com\/it\/wp-json\/wp\/v2\/pages\/3747\/revisions\/9159"}],"up":[{"embeddable":true,"href":"https:\/\/elfsight.com\/it\/wp-json\/wp\/v2\/pages\/2345"}],"wp:attachment":[{"href":"https:\/\/elfsight.com\/it\/wp-json\/wp\/v2\/media?parent=3747"}],"curies":[{"name":"wp","href":"https:\/\/api.w.org\/{rel}","templated":true}]}}