{"id":3741,"date":"2024-05-03T06:29:34","date_gmt":"2024-05-03T06:29:34","guid":{"rendered":"https:\/\/elfsight.com\/it\/?page_id=3741"},"modified":"2024-11-12T08:25:37","modified_gmt":"2024-11-12T08:25:37","slug":"facebook","status":"publish","type":"page","link":"https:\/\/elfsight.com\/it\/background-music-widget\/facebook\/","title":{"rendered":"Background Music &#8211; Facebook"},"content":{"rendered":"<div class=\"application-platform-content-item-description application-platform-content-item\" id=\"description\" data-nav-section=\"description\"> <h2>Descrizione<\/h2> <p>Elfsight Background Music \u00e8 un semplice plugin per Facebook che ti d\u00e0 l&#8217;opportunit\u00e0 di riprodurre in streaming tracce audio direttamente sulla tua home page . Lo strumento \u00e8 altamente modificabile: sei libero di cambiarne la posizione, posizionarlo in qualsiasi punto della pagina, ridimensionarne le dimensioni, ridipingere lo sfondo e tutti gli altri elementi per combinarlo con il design del tuo sito, utilizzare il tema scuro, visualizzare immagini e visualizzare oppure nascondi quattro parti aggiuntive del giocatore, ad esempio la barra di avanzamento, l&#8217;intestazione e molto altro. Carica tutte le tracce che desideri per intrattenere i tuoi visitatori, attiva la riproduzione automatica e non avere dubbi: i tuoi utenti non abbandoneranno immediatamente la tua pagina web!<\/p> <p><b>Con Elfsight Background Music, avvia un solido business sviluppo e incremento delle vendite <\/b><\/p> <\/div> <div class=\"application-platform-content-item-features application-platform-content-item\" id=\"features\" data-nav-section=\"features\"> <h2>Studia l&#8217;elenco delle funzionalit\u00e0 pi\u00f9 utili: <\/h2> <ul><li>Numerose alterazioni di colore<\/li><li>Tema colore scuro\/chiaro<\/li><li>Design responsivo<\/li><li>Due layout disponibili<\/li><li>Un&#8217;opportunit\u00e0 per aggiungere un&#8217;immagine di sfondo<\/li><\/ul><p><a href=\"#demo\">Prova semplicemente questa demo per vedere quanto vale il widget<\/a><\/p> <\/div> <div class=\"application-platform-content-item-installation application-platform-content-item\" id=\"installation\" data-nav-section=\"installation\"> <h2>Come puoi aggiungere la musica di sottofondo Elfsight al mio sito Facebook? <\/h2> <p>Basta applicare le istruzioni seguenti per incorporare il plugin. <\/p> <ol><li><b>Utilizza il nostro editor gratuito e inizia a creare il tuo plugin personalizzato. <\/b><br> Determina l&#8217;aspetto e gli aspetti preferibili del plugin e applica le correzioni. <\/li> <li><b>Ricevi il tuo codice univoco spuntando nel box su Elfsight Apps<\/b><br> Non appena terminata la personalizzazione del tuo strumento personale, copia il codice esclusivo dalla finestra emersa e conservarlo per un utilizzo futuro. <\/li> <li><b>Inizia a utilizzare il widget sulla tua pagina web Facebook<\/b><br> Implementa il codice copiato di recente nella tua pagina e applica le modifiche. <\/li> <li><b>Fatto! L&#8217;integrazione \u00e8 completamente completata<\/b><br> Vai al tuo sito per vedere in azione il funzionamento del widget. <\/li><\/ol> <p>Se hai domande o incontri qualche difficolt\u00e0, rivolgiti al nostro personale di supporto. I nostri consulenti sono ansiosi di risolvere tutti i problemi che potresti avere sullo strumento. <\/p> <\/div>","protected":false},"excerpt":{"rendered":"","protected":false},"author":9,"featured_media":0,"parent":2345,"menu_order":0,"comment_status":"closed","ping_status":"closed","template":"templates\/template-application-platform.php","meta":{"publish_to_discourse":"","publish_post_category":"","wpdc_auto_publish_overridden":"","wpdc_topic_tags":"","wpdc_pin_topic":"","wpdc_pin_until":"","discourse_post_id":"","discourse_permalink":"","wpdc_publishing_response":"","wpdc_publishing_error":"","footnotes":""},"class_list":["post-3741","page","type-page","status-publish","hentry"],"yoast_head":"<!-- This site is optimized with the Yoast SEO plugin v25.3.1 - https:\/\/yoast.com\/wordpress\/plugins\/seo\/ -->\n<title>Lettore musicale di sottofondo per la pagina Facebook (gratuito e senza codifica)<\/title>\n<meta name=\"description\" content=\"Integra un widget audio di sottofondo impressionabile sulla tua pagina Facebook. Applica la demo gestibile di Elfsight e modella il tuo strumento in soli 2 minuti.\" \/>\n<meta name=\"robots\" content=\"index, follow, max-snippet:-1, max-image-preview:large, max-video-preview:-1\" \/>\n<link rel=\"canonical\" href=\"https:\/\/elfsight.com\/it\/background-music-widget\/facebook\/\" \/>\n<meta property=\"og:locale\" content=\"it_IT\" \/>\n<meta property=\"og:type\" content=\"article\" \/>\n<meta property=\"og:title\" content=\"Lettore musicale di sottofondo per la pagina Facebook (gratuito e senza codifica)\" \/>\n<meta property=\"og:description\" content=\"Integra un widget audio di sottofondo impressionabile sulla tua pagina Facebook. Applica la demo gestibile di Elfsight e modella il tuo strumento in soli 2 minuti.\" \/>\n<meta property=\"og:url\" content=\"https:\/\/elfsight.com\/it\/background-music-widget\/facebook\/\" \/>\n<meta property=\"og:site_name\" content=\"Elfsight IT\" \/>\n<meta property=\"article:modified_time\" content=\"2024-11-12T08:25:37+00:00\" \/>\n<meta name=\"twitter:card\" content=\"summary_large_image\" \/>\n<meta name=\"twitter:label1\" content=\"Tempo di lettura stimato\" \/>\n\t<meta name=\"twitter:data1\" content=\"2 minuti\" \/>\n<!-- \/ Yoast SEO plugin. -->","yoast_head_json":{"title":"Lettore musicale di sottofondo per la pagina Facebook (gratuito e senza codifica)","description":"Integra un widget audio di sottofondo impressionabile sulla tua pagina Facebook. Applica la demo gestibile di Elfsight e modella il tuo strumento in soli 2 minuti.","robots":{"index":"index","follow":"follow","max-snippet":"max-snippet:-1","max-image-preview":"max-image-preview:large","max-video-preview":"max-video-preview:-1"},"canonical":"https:\/\/elfsight.com\/it\/background-music-widget\/facebook\/","og_locale":"it_IT","og_type":"article","og_title":"Lettore musicale di sottofondo per la pagina Facebook (gratuito e senza codifica)","og_description":"Integra un widget audio di sottofondo impressionabile sulla tua pagina Facebook. Applica la demo gestibile di Elfsight e modella il tuo strumento in soli 2 minuti.","og_url":"https:\/\/elfsight.com\/it\/background-music-widget\/facebook\/","og_site_name":"Elfsight IT","article_modified_time":"2024-11-12T08:25:37+00:00","twitter_card":"summary_large_image","twitter_misc":{"Tempo di lettura stimato":"2 minuti"},"schema":{"@context":"https:\/\/schema.org","@graph":[{"@type":"WebPage","@id":"https:\/\/elfsight.com\/it\/background-music-widget\/facebook\/","url":"https:\/\/elfsight.com\/it\/background-music-widget\/facebook\/","name":"Lettore musicale di sottofondo per la pagina Facebook (gratuito e senza codifica)","isPartOf":{"@id":"https:\/\/elfsight.com\/it\/#website"},"datePublished":"2024-05-03T06:29:34+00:00","dateModified":"2024-11-12T08:25:37+00:00","description":"Integra un widget audio di sottofondo impressionabile sulla tua pagina Facebook. Applica la demo gestibile di Elfsight e modella il tuo strumento in soli 2 minuti.","breadcrumb":{"@id":"https:\/\/elfsight.com\/it\/background-music-widget\/facebook\/#breadcrumb"},"inLanguage":"it-IT","potentialAction":[{"@type":"ReadAction","target":["https:\/\/elfsight.com\/it\/background-music-widget\/facebook\/"]}]},{"@type":"BreadcrumbList","@id":"https:\/\/elfsight.com\/it\/background-music-widget\/facebook\/#breadcrumb","itemListElement":[{"@type":"ListItem","position":1,"name":"Home","item":"https:\/\/elfsight.com\/it\/"},{"@type":"ListItem","position":2,"name":"Background Music","item":"https:\/\/elfsight.com\/it\/background-music-widget\/"},{"@type":"ListItem","position":3,"name":"Background Music &#8211; Facebook"}]},{"@type":"WebSite","@id":"https:\/\/elfsight.com\/it\/#website","url":"https:\/\/elfsight.com\/it\/","name":"Elfsight IT","description":"Just another Elfsight Sites site","potentialAction":[{"@type":"SearchAction","target":{"@type":"EntryPoint","urlTemplate":"https:\/\/elfsight.com\/it\/?s={search_term_string}"},"query-input":{"@type":"PropertyValueSpecification","valueRequired":true,"valueName":"search_term_string"}}],"inLanguage":"it-IT"}]}},"meta_box":{"industry":"","seo_heading":"","heading":"","description":"","cta_heading":"","cta_description":"","application":"2344","h1":"Widget Musica di sottofondo di Facebook","h1_caption":"Inserisci un'opzione allettante nella tua pagina web e attira rapidamente clienti pi\u00f9 grati","application_category":[],"applications_title":"","applications_request_title":"","applications_request_button_text":"","hero_text":"","hero_video":"","hero_video_schema_markup":"","selling_points_title":"","selling_points_caption":"","selling_points":[],"selling_points_cta_text":"","features_title":"","features":"","ed_cta_examples_text":"","ed_cta_examples_hidden":"","ed_cta_demo_text":"","ed_cta_demo_hidden":"","why_caption":"","why_editor_title":"","why_editor_text":"","why_team_title":"","why_team_text":"","why_service_title":"","why_service_text":"","template_catalog_visible":"","template_catalog_title":"","template_catalog_text":"","template_catalog_categories_visible":"","demo_title":"Personalizza lo strumento e aggiungilo al tuo sito web utilizzando la demo attiva","demo_caption":"Sbrigati a creare una musica di sottofondo personalizzata per Facebook Elfsight che sar\u00e0 straordinariamente in congruenza con la tua pagina!","default_faq_hidden":"","app_template_category":[],"platform":"77","template_public_id":"","codecanyon_url":"","codecanyon_item_id":"","codecanyon_price":"","pricing_caption":"","pricing_elfsight_apps_hide_column":"","pricing_elfsight_apps_url":"","pricing_codecanyon_price_caption":"","integration_category":[],"integration_request_title":"","integration_request_cta":"","integration_platform":"","integrations":[],"platform_category":[],"video_schema_markup":"","price":"da $ 0 al mese","trial":"","benefits":[{"text":"Servizio di installazione gratuito"},{"text":"Assistenza clienti con esperienza"},{"text":"Garanzia di rimborso di 14 giorni"},{"text":"Aggiornamenti continui"}],"button_url":"#demo","button_target_blank":"","button_nofollow":"","attributes":[{"name":"Installazioni"},{"name":"Reattivo","content":"S\u00cc"},{"name":"Browser compatibili","content":"Firefox, Safari, Opera, Chrome, Edge"}],"tags":[],"tags_disable_links":"","hide_more_platforms":"","video_object":"","demo_hide_cta":"","demo_hide_cloud_options":"","pricing_title":"","pricing":[{"pricing_icon":"platform","pricing_title":"Elfsight Apps","pricing_title_caption":"Software indipendente dalla piattaforma che funziona su qualsiasi sito web","pricing_price":"da $ 0 \/ mese","pricing_price_caption":"inizia con il piano gratuito","pricing_benefits":[{"text":"Siti web illimitati"},{"text":"Supporto professionale e puntuale"},{"text":"Aiuto per l'installazione gratuito"},{"text":"Completamente personalizzabile"}],"pricing_button_text":"Aggiungi al sito web","pricing_button_url":"#demo"}],"related_apps_title":"","related_apps_hidden":"","author":"","image":[],"title":"","job":"","social_networks":[]},"_links":{"self":[{"href":"https:\/\/elfsight.com\/it\/wp-json\/wp\/v2\/pages\/3741","targetHints":{"allow":["GET"]}}],"collection":[{"href":"https:\/\/elfsight.com\/it\/wp-json\/wp\/v2\/pages"}],"about":[{"href":"https:\/\/elfsight.com\/it\/wp-json\/wp\/v2\/types\/page"}],"author":[{"embeddable":true,"href":"https:\/\/elfsight.com\/it\/wp-json\/wp\/v2\/users\/9"}],"replies":[{"embeddable":true,"href":"https:\/\/elfsight.com\/it\/wp-json\/wp\/v2\/comments?post=3741"}],"version-history":[{"count":1,"href":"https:\/\/elfsight.com\/it\/wp-json\/wp\/v2\/pages\/3741\/revisions"}],"predecessor-version":[{"id":3745,"href":"https:\/\/elfsight.com\/it\/wp-json\/wp\/v2\/pages\/3741\/revisions\/3745"}],"up":[{"embeddable":true,"href":"https:\/\/elfsight.com\/it\/wp-json\/wp\/v2\/pages\/2345"}],"wp:attachment":[{"href":"https:\/\/elfsight.com\/it\/wp-json\/wp\/v2\/media?parent=3741"}],"curies":[{"name":"wp","href":"https:\/\/api.w.org\/{rel}","templated":true}]}}