{"id":3738,"date":"2024-05-03T06:29:31","date_gmt":"2024-05-03T06:29:31","guid":{"rendered":"https:\/\/elfsight.com\/it\/?page_id=3738"},"modified":"2024-11-12T08:25:29","modified_gmt":"2024-11-12T08:25:29","slug":"jquery","status":"publish","type":"page","link":"https:\/\/elfsight.com\/it\/background-music-widget\/jquery\/","title":{"rendered":"Background Music &#8211; jQuery"},"content":{"rendered":"<div class=\"application-platform-content-item-description application-platform-content-item\" id=\"description\" data-nav-section=\"description\"> <h2>Descrizione<\/h2> <p>Elfsight Background Audio \u00e8 un widget semplice per jQuery che ti d\u00e0 l&#8217;opportunit\u00e0 di riprodurre brani musicali direttamente sulle pagine del tuo sito. Lo strumento \u00e8 estremamente personalizzabile: puoi cambiarne la posizione, posizionandolo in qualsiasi punto della pagina, ridimensionarne le dimensioni, ricolorare lo sfondo e tutte le altre parti per combinarlo con il layout del tuo sito, applicare un tema scuro, visualizzare copertine e mostrare o nascondere altri 4 componenti del lettore, ad esempio barra di avanzamento, intestazione e altri. Includi tutte le tracce che desideri per deliziare il tuo pubblico, attiva la riproduzione automatica e non esitare: i tuoi visitatori non abbandoneranno immediatamente il tuo sito!<\/p> <p><b>Con il lettore Elfsight Background Music, un&#8217;esperienza solida sviluppo del business e pi\u00f9 vendite!<\/b><\/p> <\/div> <div class=\"application-platform-content-item-features application-platform-content-item\" id=\"features\" data-nav-section=\"features\"> <h2>Queste sono solo alcune delle numerose funzionalit\u00e0 del widget:<\/h2> <ul><li> Modifiche di colore illimitate<\/li><li>Combinazione di colori scuri\/chiari<\/li><li>Design flessibile<\/li><li>2 layout pronti per l&#8217;uso<\/li><li>Un&#8217;opportunit\u00e0 di utilizzare l&#8217;immagine di sfondo<\/li><\/ul><p><a href=\"#demo\">Puoi vedere quando il widget offre utilizzando la demo<\/a><\/p> <\/div> <div class=\"application-platform-content-item-installation application-platform-content-item\" id=\"installation\" data-nav-section=\"installation\"> <h2>Come aggiungere musica di sottofondo al mio sito web jQuery? <\/h2> <p>Basta seguire le linee guida riportate di seguito per aggiungere lo strumento. <\/p> <ol><li><b>Apri il nostro editor gratuito e inizia a dare forma al tuo widget unico. <\/b><br> Scegli il design e le caratteristiche preferite del widget e salva le modifiche.<\/li> <li><b>Ricevi il codice univoco che appare nell&#8217;apposito modulo su Elfsight Apps<\/b><br> Una volta completata la personalizzazione del tuo plugin personale, copia il codice individuale nella casella emersa e conservalo per ulteriori occasioni.<\/li> <li><b>Continua a utilizzare l&#8217;audio di sottofondo sulla tua pagina web jQuery<\/b><br> Implementa il codice copiato in precedenza nel tuo sito web e applica le modifiche.<\/li> <li><b>Fatto! L&#8217;integrazione \u00e8 completamente completata<\/b><br> Visita il tuo sito web per esaminare il funzionamento del widget.<\/li><\/ol> <p>Se incontri domande o incontri difficolt\u00e0, non esitare a contattare il nostro team di supporto. Il nostro personale non vede l&#8217;ora di aiutarti con tutte le domande che potresti avere sul plugin.<\/p> <\/div>","protected":false},"excerpt":{"rendered":"","protected":false},"author":9,"featured_media":0,"parent":2345,"menu_order":0,"comment_status":"closed","ping_status":"closed","template":"templates\/template-application-platform.php","meta":{"publish_to_discourse":"","publish_post_category":"","wpdc_auto_publish_overridden":"","wpdc_topic_tags":"","wpdc_pin_topic":"","wpdc_pin_until":"","discourse_post_id":"","discourse_permalink":"","wpdc_publishing_response":"","wpdc_publishing_error":"","footnotes":""},"class_list":["post-3738","page","type-page","status-publish","hentry"],"yoast_head":"<!-- This site is optimized with the Yoast SEO plugin v25.3.1 - https:\/\/yoast.com\/wordpress\/plugins\/seo\/ -->\n<title>Plug-in per lettore musicale di sottofondo per il sito Web jQuery (facile e gratuito)<\/title>\n<meta name=\"description\" content=\"Aggiungi un plug-in flessibile per la musica di sottofondo al tuo sito Web jQuery. Utilizza la demo gestibile e crea il tuo lettore audio in appena un paio di minuti.\" \/>\n<meta name=\"robots\" content=\"index, follow, max-snippet:-1, max-image-preview:large, max-video-preview:-1\" \/>\n<link rel=\"canonical\" href=\"https:\/\/elfsight.com\/it\/background-music-widget\/jquery\/\" \/>\n<meta property=\"og:locale\" content=\"it_IT\" \/>\n<meta property=\"og:type\" content=\"article\" \/>\n<meta property=\"og:title\" content=\"Plug-in per lettore musicale di sottofondo per il sito Web jQuery (facile e gratuito)\" \/>\n<meta property=\"og:description\" content=\"Aggiungi un plug-in flessibile per la musica di sottofondo al tuo sito Web jQuery. Utilizza la demo gestibile e crea il tuo lettore audio in appena un paio di minuti.\" \/>\n<meta property=\"og:url\" content=\"https:\/\/elfsight.com\/it\/background-music-widget\/jquery\/\" \/>\n<meta property=\"og:site_name\" content=\"Elfsight IT\" \/>\n<meta property=\"article:modified_time\" content=\"2024-11-12T08:25:29+00:00\" \/>\n<meta name=\"twitter:card\" content=\"summary_large_image\" \/>\n<meta name=\"twitter:label1\" content=\"Tempo di lettura stimato\" \/>\n\t<meta name=\"twitter:data1\" content=\"2 minuti\" \/>\n<!-- \/ Yoast SEO plugin. -->","yoast_head_json":{"title":"Plug-in per lettore musicale di sottofondo per il sito Web jQuery (facile e gratuito)","description":"Aggiungi un plug-in flessibile per la musica di sottofondo al tuo sito Web jQuery. Utilizza la demo gestibile e crea il tuo lettore audio in appena un paio di minuti.","robots":{"index":"index","follow":"follow","max-snippet":"max-snippet:-1","max-image-preview":"max-image-preview:large","max-video-preview":"max-video-preview:-1"},"canonical":"https:\/\/elfsight.com\/it\/background-music-widget\/jquery\/","og_locale":"it_IT","og_type":"article","og_title":"Plug-in per lettore musicale di sottofondo per il sito Web jQuery (facile e gratuito)","og_description":"Aggiungi un plug-in flessibile per la musica di sottofondo al tuo sito Web jQuery. Utilizza la demo gestibile e crea il tuo lettore audio in appena un paio di minuti.","og_url":"https:\/\/elfsight.com\/it\/background-music-widget\/jquery\/","og_site_name":"Elfsight IT","article_modified_time":"2024-11-12T08:25:29+00:00","twitter_card":"summary_large_image","twitter_misc":{"Tempo di lettura stimato":"2 minuti"},"schema":{"@context":"https:\/\/schema.org","@graph":[{"@type":"WebPage","@id":"https:\/\/elfsight.com\/it\/background-music-widget\/jquery\/","url":"https:\/\/elfsight.com\/it\/background-music-widget\/jquery\/","name":"Plug-in per lettore musicale di sottofondo per il sito Web jQuery (facile e gratuito)","isPartOf":{"@id":"https:\/\/elfsight.com\/it\/#website"},"datePublished":"2024-05-03T06:29:31+00:00","dateModified":"2024-11-12T08:25:29+00:00","description":"Aggiungi un plug-in flessibile per la musica di sottofondo al tuo sito Web jQuery. Utilizza la demo gestibile e crea il tuo lettore audio in appena un paio di minuti.","breadcrumb":{"@id":"https:\/\/elfsight.com\/it\/background-music-widget\/jquery\/#breadcrumb"},"inLanguage":"it-IT","potentialAction":[{"@type":"ReadAction","target":["https:\/\/elfsight.com\/it\/background-music-widget\/jquery\/"]}]},{"@type":"BreadcrumbList","@id":"https:\/\/elfsight.com\/it\/background-music-widget\/jquery\/#breadcrumb","itemListElement":[{"@type":"ListItem","position":1,"name":"Home","item":"https:\/\/elfsight.com\/it\/"},{"@type":"ListItem","position":2,"name":"Background Music","item":"https:\/\/elfsight.com\/it\/background-music-widget\/"},{"@type":"ListItem","position":3,"name":"Background Music &#8211; jQuery"}]},{"@type":"WebSite","@id":"https:\/\/elfsight.com\/it\/#website","url":"https:\/\/elfsight.com\/it\/","name":"Elfsight IT","description":"Just another Elfsight Sites site","potentialAction":[{"@type":"SearchAction","target":{"@type":"EntryPoint","urlTemplate":"https:\/\/elfsight.com\/it\/?s={search_term_string}"},"query-input":{"@type":"PropertyValueSpecification","valueRequired":true,"valueName":"search_term_string"}}],"inLanguage":"it-IT"}]}},"meta_box":{"industry":"","seo_heading":"","heading":"","description":"","cta_heading":"","cta_description":"","application":"2344","h1":"Plug-in per la musica di sottofondo jQuery","h1_caption":"Aggiungi musica di sottofondo al tuo sito web, creando un'esperienza coinvolgente per i tuoi visitatori nel tuo sito web Joomla senza sforzo.","application_category":[],"applications_title":"","applications_request_title":"","applications_request_button_text":"","hero_text":"","hero_video":"","hero_video_schema_markup":"","selling_points_title":"","selling_points_caption":"","selling_points":[],"selling_points_cta_text":"","features_title":"","features":"","ed_cta_examples_text":"","ed_cta_examples_hidden":"","ed_cta_demo_text":"","ed_cta_demo_hidden":"","why_caption":"","why_editor_title":"","why_editor_text":"","why_team_title":"","why_team_text":"","why_service_title":"","why_service_text":"","template_catalog_visible":"","template_catalog_title":"","template_catalog_text":"","template_catalog_categories_visible":"","demo_title":"Crea il tuo plugin per la musica di sottofondo","demo_caption":"Configura la tua musica di sottofondo e aggiungila gratuitamente al tuo sito jQuery!","default_faq_hidden":"","app_template_category":[],"platform":"37","template_public_id":"","codecanyon_url":"","codecanyon_item_id":"","codecanyon_price":"","pricing_caption":"","pricing_elfsight_apps_hide_column":"","pricing_elfsight_apps_url":"","pricing_codecanyon_price_caption":"","integration_category":[],"integration_request_title":"","integration_request_cta":"","integration_platform":"","integrations":[],"platform_category":[],"video_schema_markup":"","price":"da $ 0 al mese","trial":"","benefits":[{"text":"Aiuto per l'installazione gratuito"},{"text":"Assistenza clienti con esperienza"},{"text":"Garanzia di rimborso di 14 giorni"},{"text":"Aggiornamenti gratuiti regolari"}],"button_url":"#demo","button_target_blank":"","button_nofollow":"","attributes":[{"name":"Installazioni"},{"name":"Reattivo","content":"S\u00cc"},{"name":"Browser compatibili","content":"Firefox, Safari, Opera, Chrome, Edge"}],"tags":[],"tags_disable_links":"","hide_more_platforms":"","video_object":"","demo_hide_cta":"","demo_hide_cloud_options":"","pricing_title":"","pricing":[{"pricing_icon":"platform","pricing_title":"Elfsight Apps","pricing_title_caption":"Soluzione multipiattaforma adatta a qualsiasi sito","pricing_price":"da $ 0 \/ mese","pricing_price_caption":"inizia con un piano gratuito","pricing_benefits":[{"text":"Siti web illimitati"},{"text":"Supporto premium e ben documentato"},{"text":"Assistenza per l'installazione gratuita"},{"text":"Progettazione flessibile"}],"pricing_button_text":"Aggiungi al sito web","pricing_button_url":"#demo"}],"related_apps_title":"","related_apps_hidden":"","author":"","image":[],"title":"","job":"","social_networks":[]},"_links":{"self":[{"href":"https:\/\/elfsight.com\/it\/wp-json\/wp\/v2\/pages\/3738","targetHints":{"allow":["GET"]}}],"collection":[{"href":"https:\/\/elfsight.com\/it\/wp-json\/wp\/v2\/pages"}],"about":[{"href":"https:\/\/elfsight.com\/it\/wp-json\/wp\/v2\/types\/page"}],"author":[{"embeddable":true,"href":"https:\/\/elfsight.com\/it\/wp-json\/wp\/v2\/users\/9"}],"replies":[{"embeddable":true,"href":"https:\/\/elfsight.com\/it\/wp-json\/wp\/v2\/comments?post=3738"}],"version-history":[{"count":1,"href":"https:\/\/elfsight.com\/it\/wp-json\/wp\/v2\/pages\/3738\/revisions"}],"predecessor-version":[{"id":3742,"href":"https:\/\/elfsight.com\/it\/wp-json\/wp\/v2\/pages\/3738\/revisions\/3742"}],"up":[{"embeddable":true,"href":"https:\/\/elfsight.com\/it\/wp-json\/wp\/v2\/pages\/2345"}],"wp:attachment":[{"href":"https:\/\/elfsight.com\/it\/wp-json\/wp\/v2\/media?parent=3738"}],"curies":[{"name":"wp","href":"https:\/\/api.w.org\/{rel}","templated":true}]}}