{"id":3723,"date":"2024-05-03T06:29:24","date_gmt":"2024-05-03T06:29:24","guid":{"rendered":"https:\/\/elfsight.com\/it\/?page_id=3723"},"modified":"2025-03-19T05:57:44","modified_gmt":"2025-03-19T05:57:44","slug":"squarespace","status":"publish","type":"page","link":"https:\/\/elfsight.com\/it\/background-music-widget\/squarespace\/","title":{"rendered":"Background Music &#8211; Squarespace"},"content":{"rendered":"\n<div class=\"application-platform-content-item-description application-platform-content-item\" id=\"description\" data-nav-section=\"description\"> <h2>Incorpora musica di sottofondo su Squarespace con il widget Elfsight<\/h2> <p>Elfsight Background Audio \u00e8 un semplice plugin per Squarespace che ti consente di riprodurre brani musicali direttamente sulle pagine del tuo sito web. Il widget \u00e8 altamente modificabile: sei libero di cambiare la sua posizione, impostandolo in qualsiasi punto della pagina, cambiarne le dimensioni, ridipingere lo sfondo e altre parti per fonderlo con lo stile del tuo sito web, utilizzare una combinazione di colori scuri, mostrare immagini e mostrare o nascondere altre 4 parti del giocatore, ad esempio la barra di avanzamento, l&#8217;intestazione e altro. Aggiungi tutte le tracce di cui hai bisogno per coinvolgere i tuoi utenti, attiva la riproduzione automatica e non avere dubbi: i tuoi utenti non abbandoneranno il tuo sito in fretta!<\/p><p><b>Rendi il tuo sito web pi\u00f9 efficace per gli e-commerce -obiettivi commerciali con l&#8217;aiuto del lettore musicale di sottofondo.<\/b><\/p> <\/div> <div class=\"application-platform-content-item-features application-platform-content-item\" id=\"features\" data-nav-section=\"features\"> <h2>Offriamo funzionalit\u00e0 utili e facili, guardane alcune: <\/h2> <ul><li>Variazioni di colore illimitate<\/li><li>Schema colori scuro\/chiaro<\/li><li>Design flessibile<\/li><li>Due layout pronti per l&#8217;uso<\/li><li>Un&#8217;opportunit\u00e0 per utilizzare l&#8217;immagine di sfondo<\/li><\/ul><p><a href=\"#demo\">Puoi verificare tutte le funzionalit\u00e0 del widget nella demo in questa pagina<\/a><\/p> <\/div> <div class=\"application-platform-content-item-installation application-platform-content-item\" id=\"installation\" data-nav-section=\"installation\"> <h2>Come aggiungere musica di sottofondo al sito web Squarespace?<\/h2> <div class=\"video-container\"><iframe width=\"560\" height=\"315\" src=\"https:\/\/www.youtube.com\/embed\/wYNlxOwqDkM?si=8V-7HtKb7TxTgC8O\" frameborder=\"0\" allow=\"accelerometer; autoplay; clipboard-write; encrypted-media; gyroscope; picture-in-picture; web-share\" allowfullscreen><\/iframe><\/div><p>Basta seguire i passaggi presentati di seguito per attivare il plug-in. <\/p> <ol><li><b>Applica il nostro configuratore gratuito e inizia a costruire il tuo widget personalizzato. <\/b><br> Scegli l&#8217;aspetto personalizzato e le specifiche dello strumento e applica le correzioni.<\/li> <li><b>Fai apparire il tuo codice individuale nella vedova delle app Elfsight<\/b><br> Come non appena la configurazione del tuo widget personale \u00e8 terminata, copia il codice personale nella finestra visualizzata e salvalo per un utilizzo successivo.<\/li> <li><b>Inizia a utilizzare l&#8217;audio di sottofondo sul tuo sito web Squarespace<\/b> <br> Inserisci il codice salvato in precedenza nella tua pagina e salva le modifiche.<\/li> <li><b>Il gioco \u00e8 fatto! L&#8217;integrazione \u00e8 stata eseguita con successo<\/b><br> Vai alla tua pagina web per osservare come funziona il widget.<\/li><\/ol> <p>Se incontri domande o incontri qualche difficolt\u00e0, non esitare a presentare ricorso al nostro personale di supporto. I nostri consulenti saranno lieti di risolvere tutte le domande che potresti avere sul prodotto. <\/p> <div class=\"faq\" data-component=\"FAQ\"><div class=\"faq-item\">\r\n\t\t\t\t\t<div class=\"faq-item-question\">\r\n\t\t\t\t\t\t<h3 class=\"faq-item-question-text\">Come incorporare musica di sottofondo nel mio sito web Squarespace senza competenze di programmazione?<\/h3>\r\n\r\n\t\t\t\t\t\t<div class=\"faq-item-question-icon\"><\/div>\r\n\t\t\t\t\t<\/div>\r\n\r\n\t\t\t\t\t<div class=\"faq-item-answer\">\r\n\t\t\t\t\t\t<div class=\"faq-item-answer-text\"><p>Elfsight fornisce una soluzione SaaS che ti consente di creare tu stesso una funzionalit\u00e0 di musica di sottofondo; testimonia quanto sia semplice il processo: opera direttamente nell&#8217;editor online per creare l&#8217;elemento musicale di sottofondo che desideri per il tuo sito web Squarespace. Scegli uno dei modelli predefiniti e ottimizza le impostazioni della musica, integra i tuoi contenuti, regola il layout e i colori, il tutto senza richiedere competenze di codifica. Salva la funzionalit\u00e0 musicale e copia il codice di installazione, cos\u00ec potrai inserirla facilmente nel tuo sito web Squarespace senza la necessit\u00e0 di acquistare un piano premium. Con il nostro editor intuitivo, qualsiasi utente di Internet pu\u00f2 creare un elemento musicale di sottofondo online e incorporarlo comodamente nel proprio sito web Squarespace. Non \u00e8 necessario effettuare un pagamento o fornire i dati della tua carta per accedere al servizio. Se riscontri problemi in qualsiasi fase, non esitare a contattare il nostro team di supporto tecnico.<\/p><\/div>\r\n\t\t\t\t\t<\/div>\r\n\t\t\t\t<\/div><\/div><\/div>\n","protected":false},"excerpt":{"rendered":"","protected":false},"author":9,"featured_media":0,"parent":2345,"menu_order":0,"comment_status":"closed","ping_status":"closed","template":"templates\/template-application-platform.php","meta":{"publish_to_discourse":"","publish_post_category":"","wpdc_auto_publish_overridden":"","wpdc_topic_tags":"","wpdc_pin_topic":"","wpdc_pin_until":"","discourse_post_id":"","discourse_permalink":"","wpdc_publishing_response":"","wpdc_publishing_error":"","footnotes":""},"class_list":["post-3723","page","type-page","status-publish","hentry"],"yoast_head":"<!-- This site is optimized with the Yoast SEO plugin v25.3.1 - https:\/\/yoast.com\/wordpress\/plugins\/seo\/ -->\n<title>Audio di sottofondo: aggiungi musica di sottofondo al sito web Squarespace<\/title>\n<meta name=\"description\" content=\"Aggiungi una musica di sottofondo al sito web Squarespace. Esegui l&#039;utile demo di Elfsight e crea il tuo plug-in audio personalizzato in appena un paio di minuti.\" \/>\n<meta name=\"robots\" content=\"index, follow, max-snippet:-1, max-image-preview:large, max-video-preview:-1\" \/>\n<link rel=\"canonical\" href=\"https:\/\/elfsight.com\/it\/background-music-widget\/squarespace\/\" \/>\n<meta property=\"og:locale\" content=\"it_IT\" \/>\n<meta property=\"og:type\" content=\"article\" \/>\n<meta property=\"og:title\" content=\"Audio di sottofondo: aggiungi musica di sottofondo al sito web Squarespace\" \/>\n<meta property=\"og:description\" content=\"Aggiungi una musica di sottofondo al sito web Squarespace. Esegui l&#039;utile demo di Elfsight e crea il tuo plug-in audio personalizzato in appena un paio di minuti.\" \/>\n<meta property=\"og:url\" content=\"https:\/\/elfsight.com\/it\/background-music-widget\/squarespace\/\" \/>\n<meta property=\"og:site_name\" content=\"Elfsight IT\" \/>\n<meta property=\"article:modified_time\" content=\"2025-03-19T05:57:44+00:00\" \/>\n<meta name=\"twitter:card\" content=\"summary_large_image\" \/>\n<meta name=\"twitter:label1\" content=\"Tempo di lettura stimato\" \/>\n\t<meta name=\"twitter:data1\" content=\"3 minuti\" \/>\n<!-- \/ Yoast SEO plugin. -->","yoast_head_json":{"title":"Audio di sottofondo: aggiungi musica di sottofondo al sito web Squarespace","description":"Aggiungi una musica di sottofondo al sito web Squarespace. Esegui l'utile demo di Elfsight e crea il tuo plug-in audio personalizzato in appena un paio di minuti.","robots":{"index":"index","follow":"follow","max-snippet":"max-snippet:-1","max-image-preview":"max-image-preview:large","max-video-preview":"max-video-preview:-1"},"canonical":"https:\/\/elfsight.com\/it\/background-music-widget\/squarespace\/","og_locale":"it_IT","og_type":"article","og_title":"Audio di sottofondo: aggiungi musica di sottofondo al sito web Squarespace","og_description":"Aggiungi una musica di sottofondo al sito web Squarespace. Esegui l'utile demo di Elfsight e crea il tuo plug-in audio personalizzato in appena un paio di minuti.","og_url":"https:\/\/elfsight.com\/it\/background-music-widget\/squarespace\/","og_site_name":"Elfsight IT","article_modified_time":"2025-03-19T05:57:44+00:00","twitter_card":"summary_large_image","twitter_misc":{"Tempo di lettura stimato":"3 minuti"},"schema":{"@context":"https:\/\/schema.org","@graph":[{"@type":"WebPage","@id":"https:\/\/elfsight.com\/it\/background-music-widget\/squarespace\/","url":"https:\/\/elfsight.com\/it\/background-music-widget\/squarespace\/","name":"Audio di sottofondo: aggiungi musica di sottofondo al sito web Squarespace","isPartOf":{"@id":"https:\/\/elfsight.com\/it\/#website"},"datePublished":"2024-05-03T06:29:24+00:00","dateModified":"2025-03-19T05:57:44+00:00","description":"Aggiungi una musica di sottofondo al sito web Squarespace. Esegui l'utile demo di Elfsight e crea il tuo plug-in audio personalizzato in appena un paio di minuti.","breadcrumb":{"@id":"https:\/\/elfsight.com\/it\/background-music-widget\/squarespace\/#breadcrumb"},"inLanguage":"it-IT","potentialAction":[{"@type":"ReadAction","target":["https:\/\/elfsight.com\/it\/background-music-widget\/squarespace\/"]}]},{"@type":"BreadcrumbList","@id":"https:\/\/elfsight.com\/it\/background-music-widget\/squarespace\/#breadcrumb","itemListElement":[{"@type":"ListItem","position":1,"name":"Home","item":"https:\/\/elfsight.com\/it\/"},{"@type":"ListItem","position":2,"name":"Background Music","item":"https:\/\/elfsight.com\/it\/background-music-widget\/"},{"@type":"ListItem","position":3,"name":"Background Music &#8211; Squarespace"}]},{"@type":"WebSite","@id":"https:\/\/elfsight.com\/it\/#website","url":"https:\/\/elfsight.com\/it\/","name":"Elfsight IT","description":"Just another Elfsight Sites site","potentialAction":[{"@type":"SearchAction","target":{"@type":"EntryPoint","urlTemplate":"https:\/\/elfsight.com\/it\/?s={search_term_string}"},"query-input":{"@type":"PropertyValueSpecification","valueRequired":true,"valueName":"search_term_string"}}],"inLanguage":"it-IT"}]}},"meta_box":{"industry":"","seo_heading":"","heading":"","description":"","cta_heading":"","cta_description":"","application":"2344","h1":"Plug-in Musica di sottofondo di Squarespace","h1_caption":"Aggiungi musica di sottofondo al tuo sito web, creando un'esperienza coinvolgente per i tuoi visitatori nel tuo sito web Shopify senza sforzo.","application_category":[],"applications_title":"","applications_request_title":"","applications_request_button_text":"","hero_text":"","hero_video":"","hero_video_schema_markup":"","selling_points_title":"","selling_points_caption":"","selling_points":[],"selling_points_cta_text":"","features_title":"","features":"","ed_cta_examples_text":"","ed_cta_examples_hidden":"","ed_cta_demo_text":"","ed_cta_demo_hidden":"","why_caption":"","why_editor_title":"","why_editor_text":"","why_team_title":"","why_team_text":"","why_service_title":"","why_service_text":"","template_catalog_visible":"0","template_catalog_title":"","template_catalog_text":"","template_catalog_categories_visible":"","demo_title":"Crea il tuo plugin per la musica di sottofondo","demo_caption":"Configura la tua musica di sottofondo e aggiungila gratuitamente al tuo sito web Squarespace!","default_faq_hidden":"","app_template_category":[],"platform":"43","template_public_id":"","codecanyon_url":"","codecanyon_item_id":"","codecanyon_price":"","pricing_caption":"","pricing_elfsight_apps_hide_column":"","pricing_elfsight_apps_url":"","pricing_codecanyon_price_caption":"","integration_category":[],"integration_request_title":"","integration_request_cta":"","integration_platform":"","integrations":[],"platform_category":[],"video_schema_markup":"","price":"da $ 0 al mese","trial":"","benefits":[{"text":"Assistenza gratuita per l'installazione"},{"text":"Servizio clienti competente"},{"text":"Garanzia di rimborso di 14 giorni"},{"text":"Aggiornamento costante"}],"button_url":"#demo","button_target_blank":"0","button_nofollow":"0","attributes":[{"name":"Installazioni"},{"name":"Reattivo","content":"S\u00cc"},{"name":"Browser compatibili","content":"IE11, Firefox, Safari, Opera, Chrome, Edge"}],"tags":[],"tags_disable_links":"0","hide_more_platforms":"0","video_object":"","demo_hide_cta":"0","demo_hide_cloud_options":"0","pricing_title":"","pricing":[{"pricing_icon":"platform","pricing_title":"Elfsight Apps","pricing_title_caption":"Soluzione digitale indipendente dalla piattaforma","pricing_price":"da $ 0 \/ mese","pricing_price_caption":"inizia con un piano gratuito","pricing_benefits":[{"text":"Siti web illimitati"},{"text":"Assistenza clienti 24 ore su 24, 7 giorni su 7 e ben documentata"},{"text":"Supporto per l'installazione senza costi"},{"text":"Completamente personalizzabile"}],"pricing_button_text":"Aggiungi al sito web","pricing_button_url":"#demo"}],"related_apps_title":"","related_apps_hidden":"0","author":"","image":[],"title":"","job":"","social_networks":[]},"_links":{"self":[{"href":"https:\/\/elfsight.com\/it\/wp-json\/wp\/v2\/pages\/3723","targetHints":{"allow":["GET"]}}],"collection":[{"href":"https:\/\/elfsight.com\/it\/wp-json\/wp\/v2\/pages"}],"about":[{"href":"https:\/\/elfsight.com\/it\/wp-json\/wp\/v2\/types\/page"}],"author":[{"embeddable":true,"href":"https:\/\/elfsight.com\/it\/wp-json\/wp\/v2\/users\/9"}],"replies":[{"embeddable":true,"href":"https:\/\/elfsight.com\/it\/wp-json\/wp\/v2\/comments?post=3723"}],"version-history":[{"count":3,"href":"https:\/\/elfsight.com\/it\/wp-json\/wp\/v2\/pages\/3723\/revisions"}],"predecessor-version":[{"id":9169,"href":"https:\/\/elfsight.com\/it\/wp-json\/wp\/v2\/pages\/3723\/revisions\/9169"}],"up":[{"embeddable":true,"href":"https:\/\/elfsight.com\/it\/wp-json\/wp\/v2\/pages\/2345"}],"wp:attachment":[{"href":"https:\/\/elfsight.com\/it\/wp-json\/wp\/v2\/media?parent=3723"}],"curies":[{"name":"wp","href":"https:\/\/api.w.org\/{rel}","templated":true}]}}