{"id":3722,"date":"2024-05-03T06:29:23","date_gmt":"2024-05-03T06:29:23","guid":{"rendered":"https:\/\/elfsight.com\/it\/?page_id=3722"},"modified":"2025-03-19T06:00:02","modified_gmt":"2025-03-19T06:00:02","slug":"webflow","status":"publish","type":"page","link":"https:\/\/elfsight.com\/it\/background-music-widget\/webflow\/","title":{"rendered":"Background Music &#8211; Webflow"},"content":{"rendered":"\n<div class=\"application-platform-content-item-description application-platform-content-item\" id=\"description\" data-nav-section=\"description\"> <h2>Incorpora musica di sottofondo su Webflow con il widget Elfsight<\/h2> <p>Elfsight Background Audio \u00e8 un semplice plugin per Webflow che ti consente di riprodurre brani musicali direttamente sul tuo sito web. Il widget \u00e8 notevolmente modificabile: puoi cambiare il suo posizionamento, impostandolo in qualsiasi punto della pagina, cambiarne le dimensioni, modificare lo sfondo e tutte le altre parti per combinarlo con il design del tuo sito, applicare un tema scuro, rivelare copertine e visualizzare o nascondi quattro componenti aggiuntivi del giocatore come la barra di avanzamento, l&#8217;intestazione e altri. Aggiungi tutte le tracce che desideri per intrattenere il tuo pubblico, attiva l&#8217;opzione di riproduzione automatica e stai sicuro: i tuoi utenti non abbandoneranno immediatamente il tuo sito web!<\/p> <p><b>Rendi il tuo sito web pi\u00f9 efficace per l&#8217;e-commerce punta con il lettore musicale di sottofondo.<\/b><\/p> <\/div> <div class=\"application-platform-content-item-features application-platform-content-item\" id=\"features\" data-nav-section=\"features\"> <h2>Conosci l&#8217;elenco delle funzionalit\u00e0 pi\u00f9 potenti: <\/h2> <ul><li>Illimitato alterazioni di colore<\/li><li>Combinazione colori scuro\/chiaro<\/li><li>Design responsivo<\/li><li>Due layout disponibili<\/li><li>Possibilit\u00e0 di aggiungere un&#8217;immagine di sfondo<\/li><\/ul><p><a href=\"#demo\">Puoi esplorare tutte le funzionalit\u00e0 del widget nella demo <\/a><\/p> <\/div> <div class=\"application-platform-content-item-installation application-platform-content-item\" id=\"installation\" data-nav-section=\"installation\"> <h2> Come aggiungere musica di sottofondo sul mio sito Webflow? <\/h2> <div class=\"video-container\"><iframe width=\"560\" height=\"315\" src=\"https:\/\/www.youtube.com\/embed\/xl1BG7DrQe4?si=8FPA10lpvK0zLLzV\" frameborder=\"0\" allow=\"accelerometer; autoplay; clipboard-write; encrypted-media; gyroscope; picture-in-picture; web-share\" allowfullscreen><\/iframe><\/div><p>Segui semplicemente le istruzioni seguenti per integrare il plugin. <\/p> <ol><li><b>Utilizzando la nostra demo gratuita inizia a creare il tuo widget personalizzato. <\/b><br> Determina l&#8217;interfaccia personalizzata e le caratteristiche del plugin e salva le modifiche. <\/li> <li><b>Copia il codice univoco che appare nell&#8217;apposito modulo sulle App Elfsight<\/b><br> Una volta terminata la configurazione del tuo widget, copia il codice individuale dal riquadro emerso e conservalo per un ulteriore utilizzo. <\/li> <li><b>Avvia l&#8217;utilizzo dell&#8217;audio di sottofondo su Webflow<\/b><br> Incorpora il codice che hai copiato di recente nella tua home page e applica le modifiche. <\/li> <li><b>Il gioco \u00e8 fatto! La configurazione \u00e8 completamente terminata<\/b><br> Vai al tuo sito per vedere in azione come funziona il plug-in. <\/li><\/ol> <p>Supponendo che tu debba affrontare domande o incontrare alcuni ostacoli, rivolgiti al nostro team di assistenza clienti. I nostri specialisti saranno lieti di aiutarti con tutte le difficolt\u00e0 che potresti incontrare sul plugin. <\/p> <div class=\"faq\" data-component=\"FAQ\"><div class=\"faq-item\">\r\n\t\t\t\t\t<div class=\"faq-item-question\">\r\n\t\t\t\t\t\t<h3 class=\"faq-item-question-text\">Come posso incorporare musica di sottofondo nel mio sito Webflow senza competenze di codifica?<\/h3>\r\n\r\n\t\t\t\t\t\t<div class=\"faq-item-question-icon\"><\/div>\r\n\t\t\t\t\t<\/div>\r\n\r\n\t\t\t\t\t<div class=\"faq-item-answer\">\r\n\t\t\t\t\t\t<div class=\"faq-item-answer-text\"><p>Elfsight fornisce una soluzione basata su cloud che consente agli utenti di creare da soli una funzionalit\u00e0 di musica di sottofondo, vedere quanto \u00e8 semplice il processo:<\/p><ul><li>Accedi all&#8217;editor online per generare una funzione musicale di sottofondo che desideri integrare nel tuo sito Webflow.<\/li><li>Seleziona uno dei nostri pre- modelli progettati e personalizza le impostazioni della funzione musica di sottofondo, regola il layout e la combinazione di colori, incorpora i tuoi contenuti senza bisogno di codifica.<\/li><li>Salva le impostazioni che hai configurato per la funzione musica di sottofondo e ottieni il codice per incorporando la funzionalit\u00e0, che pu\u00f2 essere facilmente aggiunta al tuo sito Webflow senza alcun costo.<\/li><\/ul><p>Operando all&#8217;interno dell&#8217;editor intuitivo, qualsiasi utente di Internet pu\u00f2 creare una funzionalit\u00e0 di musica di sottofondo e incorporarla in il loro sito web Webflow. Non \u00e8 richiesto il pagamento o la divulgazione dei dati della tua carta per accedere all&#8217;editor Elfsight. Se riscontri difficolt\u00e0 in qualsiasi momento, non esitare a contattare la nostra assistenza clienti.<\/p><\/div>\r\n\t\t\t\t\t<\/div>\r\n\t\t\t\t<\/div><\/div><\/div>\n","protected":false},"excerpt":{"rendered":"","protected":false},"author":9,"featured_media":0,"parent":2345,"menu_order":0,"comment_status":"closed","ping_status":"closed","template":"templates\/template-application-platform.php","meta":{"publish_to_discourse":"","publish_post_category":"","wpdc_auto_publish_overridden":"","wpdc_topic_tags":"","wpdc_pin_topic":"","wpdc_pin_until":"","discourse_post_id":"","discourse_permalink":"","wpdc_publishing_response":"","wpdc_publishing_error":"","footnotes":""},"class_list":["post-3722","page","type-page","status-publish","hentry"],"yoast_head":"<!-- This site is optimized with the Yoast SEO plugin v25.3.1 - https:\/\/yoast.com\/wordpress\/plugins\/seo\/ -->\n<title>Audio di sottofondo: aggiungi musica di sottofondo al sito Web Webflow [2025]<\/title>\n<meta name=\"description\" content=\"Aggiungi un lettore musicale di sottofondo flessibile alle tue pagine web Webflow. Applica l&#039;utile demo e crea il tuo widget personalizzato in soli 2 minuti.\" \/>\n<meta name=\"robots\" content=\"index, follow, max-snippet:-1, max-image-preview:large, max-video-preview:-1\" \/>\n<link rel=\"canonical\" href=\"https:\/\/elfsight.com\/it\/background-music-widget\/webflow\/\" \/>\n<meta property=\"og:locale\" content=\"it_IT\" \/>\n<meta property=\"og:type\" content=\"article\" \/>\n<meta property=\"og:title\" content=\"Audio di sottofondo: aggiungi musica di sottofondo al sito Web Webflow [2025]\" \/>\n<meta property=\"og:description\" content=\"Aggiungi un lettore musicale di sottofondo flessibile alle tue pagine web Webflow. Applica l&#039;utile demo e crea il tuo widget personalizzato in soli 2 minuti.\" \/>\n<meta property=\"og:url\" content=\"https:\/\/elfsight.com\/it\/background-music-widget\/webflow\/\" \/>\n<meta property=\"og:site_name\" content=\"Elfsight IT\" \/>\n<meta property=\"article:modified_time\" content=\"2025-03-19T06:00:02+00:00\" \/>\n<meta name=\"twitter:card\" content=\"summary_large_image\" \/>\n<meta name=\"twitter:label1\" content=\"Tempo di lettura stimato\" \/>\n\t<meta name=\"twitter:data1\" content=\"3 minuti\" \/>\n<!-- \/ Yoast SEO plugin. -->","yoast_head_json":{"title":"Audio di sottofondo: aggiungi musica di sottofondo al sito Web Webflow [2025]","description":"Aggiungi un lettore musicale di sottofondo flessibile alle tue pagine web Webflow. Applica l'utile demo e crea il tuo widget personalizzato in soli 2 minuti.","robots":{"index":"index","follow":"follow","max-snippet":"max-snippet:-1","max-image-preview":"max-image-preview:large","max-video-preview":"max-video-preview:-1"},"canonical":"https:\/\/elfsight.com\/it\/background-music-widget\/webflow\/","og_locale":"it_IT","og_type":"article","og_title":"Audio di sottofondo: aggiungi musica di sottofondo al sito Web Webflow [2025]","og_description":"Aggiungi un lettore musicale di sottofondo flessibile alle tue pagine web Webflow. Applica l'utile demo e crea il tuo widget personalizzato in soli 2 minuti.","og_url":"https:\/\/elfsight.com\/it\/background-music-widget\/webflow\/","og_site_name":"Elfsight IT","article_modified_time":"2025-03-19T06:00:02+00:00","twitter_card":"summary_large_image","twitter_misc":{"Tempo di lettura stimato":"3 minuti"},"schema":{"@context":"https:\/\/schema.org","@graph":[{"@type":"WebPage","@id":"https:\/\/elfsight.com\/it\/background-music-widget\/webflow\/","url":"https:\/\/elfsight.com\/it\/background-music-widget\/webflow\/","name":"Audio di sottofondo: aggiungi musica di sottofondo al sito Web Webflow [2025]","isPartOf":{"@id":"https:\/\/elfsight.com\/it\/#website"},"datePublished":"2024-05-03T06:29:23+00:00","dateModified":"2025-03-19T06:00:02+00:00","description":"Aggiungi un lettore musicale di sottofondo flessibile alle tue pagine web Webflow. Applica l'utile demo e crea il tuo widget personalizzato in soli 2 minuti.","breadcrumb":{"@id":"https:\/\/elfsight.com\/it\/background-music-widget\/webflow\/#breadcrumb"},"inLanguage":"it-IT","potentialAction":[{"@type":"ReadAction","target":["https:\/\/elfsight.com\/it\/background-music-widget\/webflow\/"]}]},{"@type":"BreadcrumbList","@id":"https:\/\/elfsight.com\/it\/background-music-widget\/webflow\/#breadcrumb","itemListElement":[{"@type":"ListItem","position":1,"name":"Home","item":"https:\/\/elfsight.com\/it\/"},{"@type":"ListItem","position":2,"name":"Background Music","item":"https:\/\/elfsight.com\/it\/background-music-widget\/"},{"@type":"ListItem","position":3,"name":"Background Music &#8211; Webflow"}]},{"@type":"WebSite","@id":"https:\/\/elfsight.com\/it\/#website","url":"https:\/\/elfsight.com\/it\/","name":"Elfsight IT","description":"Just another Elfsight Sites site","potentialAction":[{"@type":"SearchAction","target":{"@type":"EntryPoint","urlTemplate":"https:\/\/elfsight.com\/it\/?s={search_term_string}"},"query-input":{"@type":"PropertyValueSpecification","valueRequired":true,"valueName":"search_term_string"}}],"inLanguage":"it-IT"}]}},"meta_box":{"industry":"","seo_heading":"","heading":"","description":"","cta_heading":"","cta_description":"","application":"2344","h1":"Musica di sottofondo del flusso web","h1_caption":"Aggiungi musica di sottofondo al tuo sito web, creando un'esperienza coinvolgente per i tuoi visitatori nel tuo sito web Squarespace senza sforzo.","application_category":[],"applications_title":"","applications_request_title":"","applications_request_button_text":"","hero_text":"","hero_video":"","hero_video_schema_markup":"","selling_points_title":"","selling_points_caption":"","selling_points":[],"selling_points_cta_text":"","features_title":"","features":"","ed_cta_examples_text":"","ed_cta_examples_hidden":"","ed_cta_demo_text":"","ed_cta_demo_hidden":"","why_caption":"","why_editor_title":"","why_editor_text":"","why_team_title":"","why_team_text":"","why_service_title":"","why_service_text":"","template_catalog_visible":"0","template_catalog_title":"","template_catalog_text":"","template_catalog_categories_visible":"","demo_title":"Crea il tuo widget Musica di sottofondo","demo_caption":"Configura la tua musica di sottofondo e aggiungila gratuitamente al tuo sito Webflow!","default_faq_hidden":"","app_template_category":[],"platform":"44","template_public_id":"","codecanyon_url":"","codecanyon_item_id":"","codecanyon_price":"","pricing_caption":"","pricing_elfsight_apps_hide_column":"","pricing_elfsight_apps_url":"","pricing_codecanyon_price_caption":"","integration_category":[],"integration_request_title":"","integration_request_cta":"","integration_platform":"","integrations":[],"platform_category":[],"video_schema_markup":"","price":"da $ 0 al mese","trial":"","benefits":[{"text":"Aiuto per l'installazione gratuito"},{"text":"Servizio clienti competente"},{"text":"Garanzia di rimborso di 14 giorni"},{"text":"Aggiornamenti regolari"}],"button_url":"#demo","button_target_blank":"0","button_nofollow":"0","attributes":[{"name":"Installazioni"},{"name":"Reattivo","content":"S\u00cc"},{"name":"Browser compatibili","content":"Firefox, Edge, Safari, Chrome, Opera"}],"tags":[],"tags_disable_links":"0","hide_more_platforms":"0","video_object":"","demo_hide_cta":"0","demo_hide_cloud_options":"0","pricing_title":"","pricing":[{"pricing_icon":"platform","pricing_title":"Elfsight Apps","pricing_title_caption":"Soluzione indipendente dalla piattaforma che funziona su qualsiasi sito web","pricing_price":"da $ 0 \/ mese","pricing_price_caption":"inizia con il piano gratuito","pricing_benefits":[{"text":"Numero illimitato di domini"},{"text":"Assistenza clienti gratuita"},{"text":"Aiuto per l'installazione gratuito"},{"text":"Offerta speciale per pi\u00f9 app"}],"pricing_button_text":"Aggiungi al sito web","pricing_button_url":"#demo"}],"related_apps_title":"","related_apps_hidden":"0","author":"","image":[],"title":"","job":"","social_networks":[]},"_links":{"self":[{"href":"https:\/\/elfsight.com\/it\/wp-json\/wp\/v2\/pages\/3722","targetHints":{"allow":["GET"]}}],"collection":[{"href":"https:\/\/elfsight.com\/it\/wp-json\/wp\/v2\/pages"}],"about":[{"href":"https:\/\/elfsight.com\/it\/wp-json\/wp\/v2\/types\/page"}],"author":[{"embeddable":true,"href":"https:\/\/elfsight.com\/it\/wp-json\/wp\/v2\/users\/9"}],"replies":[{"embeddable":true,"href":"https:\/\/elfsight.com\/it\/wp-json\/wp\/v2\/comments?post=3722"}],"version-history":[{"count":3,"href":"https:\/\/elfsight.com\/it\/wp-json\/wp\/v2\/pages\/3722\/revisions"}],"predecessor-version":[{"id":9171,"href":"https:\/\/elfsight.com\/it\/wp-json\/wp\/v2\/pages\/3722\/revisions\/9171"}],"up":[{"embeddable":true,"href":"https:\/\/elfsight.com\/it\/wp-json\/wp\/v2\/pages\/2345"}],"wp:attachment":[{"href":"https:\/\/elfsight.com\/it\/wp-json\/wp\/v2\/media?parent=3722"}],"curies":[{"name":"wp","href":"https:\/\/api.w.org\/{rel}","templated":true}]}}