{"id":3714,"date":"2024-05-03T06:29:19","date_gmt":"2024-05-03T06:29:19","guid":{"rendered":"https:\/\/elfsight.com\/it\/?page_id=3714"},"modified":"2025-03-19T06:04:29","modified_gmt":"2025-03-19T06:04:29","slug":"wordpress","status":"publish","type":"page","link":"https:\/\/elfsight.com\/it\/background-music-widget\/wordpress\/","title":{"rendered":"Background Music &#8211; WordPress"},"content":{"rendered":"\n<div class=\"application-platform-content-item-description application-platform-content-item\" id=\"description\" data-nav-section=\"description\"> <h2>Incorpora musica di sottofondo su WordPress con il widget Elfsight<\/h2> <p>Il lettore Elfsight Background Audio \u00e8 un semplice plugin per WordPress che ti offre un possibilit\u00e0 di riprodurre brani musicali direttamente sulle pagine del tuo sito web. Lo strumento \u00e8 estremamente regolabile: puoi cambiarne la posizione, incorporarlo in qualsiasi punto della pagina, modificarne le dimensioni, ricolorare lo sfondo e tutti gli altri elementi per combinarlo con lo stile del tuo sito web, utilizzare combinazioni di colori scuri, mostrare copertine e mostrare o nascondere 4 elementi aggiuntivi del giocatore come la barra di avanzamento, l&#8217;intestazione e molto altro. Carica tutte le tracce di cui hai bisogno per coinvolgere i tuoi visitatori, attiva la riproduzione automatica e non avere dubbi: i tuoi visitatori non abbandoneranno la tua pagina web in fretta!<\/p> <p><b>Con il lettore di musica di sottofondo Elfsight, avviare uno sviluppo attivo del business e aumentare le vendite.<\/b><\/p> <\/div> <div class=\"application-platform-content-item-features application-platform-content-item\" id=\"features\" data-nav-section=\"features\"> <h2>Offriamo funzionalit\u00e0 potenti e semplici, visualizzane alcune: <\/h2> <ul><li>Varie varianti di colore<\/li><li>Tema colore scuro\/chiaro<\/li><li>Design reattivo<\/li><li>2 layout pronti per l&#8217;uso<\/li><li>Un&#8217;opportunit\u00e0 per aggiungere sfondo image<\/li><\/ul><p><a href=\"#demo\">Prova tutte le impostazioni nella demo completa<\/a><\/p> <\/div> <div class=\"application-platform-content-item-installation application-platform-content-item\" id=\"installation\" data-nav-section=\"installation\"> <h2>Come incorporo il lettore di musica di sottofondo nel mio WordPress?<\/h2> <div class=\"video-container\"><iframe width=\"560\" height=\"315\" src=\"https:\/\/www.youtube.com\/embed\/BULXWklwzNc?si=XttRAimm7d1VrBTw\" frameborder=\"0\" allow=\"accelerometer; autoplay; clipboard-write; encrypted-media; gyroscope; picture-in-picture; web-share\" allowfullscreen><\/iframe><\/div><p>Segui semplicemente i seguenti passaggi descritti di seguito per inserire il plug-in. <\/p> <ol><li><b>Utilizza la nostra demo gratuita e inizia a dare forma al tuo plugin personalizzato. <\/b><br> Scegli l&#8217;aspetto e gli aspetti preferiti del plugin e applica tutte le modifiche. <\/li> <li><b>Ottieni il tuo codice univoco mostrato nella finestra delle app Elfsight. <\/b><br> Subito dopo aver terminato la personalizzazione del tuo plugin, copia il codice dal popup visualizzato e conservalo per un ulteriore utilizzo. <\/li> <li><b>Inizia a utilizzare il plug-in sul tuo sito WordPress. <\/b><br> Inserisci il codice che hai copiato di recente nella tua pagina e salva le correzioni. <\/li> <li><b>L&#8217;installazione \u00e8 stata completata con successo. <\/b><br> Visita la tua pagina web per verificare come funziona il plug-in. <\/li><\/ol><p>Se incontri richieste o incontri difficolt\u00e0, non esitare a rivolgerti al nostro team di assistenza clienti. I nostri consulenti saranno felici di aiutarti con tutti i problemi che potresti avere sul prodotto. <\/p> <\/div><div class=\"faq\" data-component=\"FAQ\"><div class=\"faq-item\">\r\n\t\t\t\t\t<div class=\"faq-item-question\">\r\n\t\t\t\t\t\t<h3 class=\"faq-item-question-text\">Come posso aggiungere una musica di sottofondo al mio sito WordPress?<\/h3>\r\n\r\n\t\t\t\t\t\t<div class=\"faq-item-question-icon\"><\/div>\r\n\t\t\t\t\t<\/div>\r\n\r\n\t\t\t\t\t<div class=\"faq-item-answer\">\r\n\t\t\t\t\t\t<div class=\"faq-item-answer-text\"><p>La creazione dello strumento avviene all&#8217;interno il sito Elfsight e non \u00e8 necessario scrivere codice. Utilizza la nostra demo attiva per formare il tuo strumento, ottenere il codice e inserirlo nel tuo sito. <\/p><\/div>\r\n\t\t\t\t\t<\/div>\r\n\t\t\t\t<\/div><div class=\"faq-item\">\r\n\t\t\t\t\t<div class=\"faq-item-question\">\r\n\t\t\t\t\t\t<h3 class=\"faq-item-question-text\">I modi migliori per utilizzare l'integrazione della musica di sottofondo<\/h3>\r\n\r\n\t\t\t\t\t\t<div class=\"faq-item-question-icon\"><\/div>\r\n\t\t\t\t\t<\/div>\r\n\r\n\t\t\t\t\t<div class=\"faq-item-answer\">\r\n\t\t\t\t\t\t<div class=\"faq-item-answer-text\"><p>Offriamo tantissime opportunit\u00e0 di personalizzazione: widget su vasta scala da implementare nell&#8217;area dei contenuti, mobili widget con funzionalit\u00e0 di scorrimento, miniature per il pi\u00e8 di pagina, sezione principale e tutti i tipi di opportunit\u00e0 verticali per le barre laterali e i menu del sito web. <\/p><\/div>\r\n\t\t\t\t\t<\/div>\r\n\t\t\t\t<\/div><div class=\"faq-item\">\r\n\t\t\t\t\t<div class=\"faq-item-question\">\r\n\t\t\t\t\t\t<h3 class=\"faq-item-question-text\">Posso costruire un lettore musicale per Halloween o SPA tramite l'agenzia del tuo editor?<\/h3>\r\n\r\n\t\t\t\t\t\t<div class=\"faq-item-question-icon\"><\/div>\r\n\t\t\t\t\t<\/div>\r\n\r\n\t\t\t\t\t<div class=\"faq-item-answer\">\r\n\t\t\t\t\t\t<div class=\"faq-item-answer-text\"><p>Puoi modellare qualsiasi variazione del widget. Ci sono molti layout disponibili nell&#8217;editor e tutti possono essere regolati rapidamente proprio come ti manca. <\/p><\/div>\r\n\t\t\t\t\t<\/div>\r\n\t\t\t\t<\/div><\/div>\n","protected":false},"excerpt":{"rendered":"","protected":false},"author":9,"featured_media":0,"parent":2345,"menu_order":0,"comment_status":"closed","ping_status":"closed","template":"templates\/template-application-platform.php","meta":{"publish_to_discourse":"","publish_post_category":"","wpdc_auto_publish_overridden":"","wpdc_topic_tags":"","wpdc_pin_topic":"","wpdc_pin_until":"","discourse_post_id":"","discourse_permalink":"","wpdc_publishing_response":"","wpdc_publishing_error":"","footnotes":""},"class_list":["post-3714","page","type-page","status-publish","hentry"],"yoast_head":"<!-- This site is optimized with the Yoast SEO plugin v25.3.1 - https:\/\/yoast.com\/wordpress\/plugins\/seo\/ -->\n<title>Plug-in Musica di sottofondo per il sito Web WordPress (gratuito e veloce)<\/title>\n<meta name=\"description\" content=\"Incorpora un plug-in per il lettore di musica di sottofondo nel tuo sito Web WordPress. Applica la demo e crea il tuo lettore audio di sottofondo personalizzato in 2 minuti.\" \/>\n<meta name=\"robots\" content=\"index, follow, max-snippet:-1, max-image-preview:large, max-video-preview:-1\" \/>\n<link rel=\"canonical\" href=\"https:\/\/elfsight.com\/it\/background-music-widget\/wordpress\/\" \/>\n<meta property=\"og:locale\" content=\"it_IT\" \/>\n<meta property=\"og:type\" content=\"article\" \/>\n<meta property=\"og:title\" content=\"Plug-in Musica di sottofondo per il sito Web WordPress (gratuito e veloce)\" \/>\n<meta property=\"og:description\" content=\"Incorpora un plug-in per il lettore di musica di sottofondo nel tuo sito Web WordPress. Applica la demo e crea il tuo lettore audio di sottofondo personalizzato in 2 minuti.\" \/>\n<meta property=\"og:url\" content=\"https:\/\/elfsight.com\/it\/background-music-widget\/wordpress\/\" \/>\n<meta property=\"og:site_name\" content=\"Elfsight IT\" \/>\n<meta property=\"article:modified_time\" content=\"2025-03-19T06:04:29+00:00\" \/>\n<meta name=\"twitter:card\" content=\"summary_large_image\" \/>\n<meta name=\"twitter:label1\" content=\"Tempo di lettura stimato\" \/>\n\t<meta name=\"twitter:data1\" content=\"3 minuti\" \/>\n<!-- \/ Yoast SEO plugin. -->","yoast_head_json":{"title":"Plug-in Musica di sottofondo per il sito Web WordPress (gratuito e veloce)","description":"Incorpora un plug-in per il lettore di musica di sottofondo nel tuo sito Web WordPress. Applica la demo e crea il tuo lettore audio di sottofondo personalizzato in 2 minuti.","robots":{"index":"index","follow":"follow","max-snippet":"max-snippet:-1","max-image-preview":"max-image-preview:large","max-video-preview":"max-video-preview:-1"},"canonical":"https:\/\/elfsight.com\/it\/background-music-widget\/wordpress\/","og_locale":"it_IT","og_type":"article","og_title":"Plug-in Musica di sottofondo per il sito Web WordPress (gratuito e veloce)","og_description":"Incorpora un plug-in per il lettore di musica di sottofondo nel tuo sito Web WordPress. Applica la demo e crea il tuo lettore audio di sottofondo personalizzato in 2 minuti.","og_url":"https:\/\/elfsight.com\/it\/background-music-widget\/wordpress\/","og_site_name":"Elfsight IT","article_modified_time":"2025-03-19T06:04:29+00:00","twitter_card":"summary_large_image","twitter_misc":{"Tempo di lettura stimato":"3 minuti"},"schema":{"@context":"https:\/\/schema.org","@graph":[{"@type":"WebPage","@id":"https:\/\/elfsight.com\/it\/background-music-widget\/wordpress\/","url":"https:\/\/elfsight.com\/it\/background-music-widget\/wordpress\/","name":"Plug-in Musica di sottofondo per il sito Web WordPress (gratuito e veloce)","isPartOf":{"@id":"https:\/\/elfsight.com\/it\/#website"},"datePublished":"2024-05-03T06:29:19+00:00","dateModified":"2025-03-19T06:04:29+00:00","description":"Incorpora un plug-in per il lettore di musica di sottofondo nel tuo sito Web WordPress. Applica la demo e crea il tuo lettore audio di sottofondo personalizzato in 2 minuti.","breadcrumb":{"@id":"https:\/\/elfsight.com\/it\/background-music-widget\/wordpress\/#breadcrumb"},"inLanguage":"it-IT","potentialAction":[{"@type":"ReadAction","target":["https:\/\/elfsight.com\/it\/background-music-widget\/wordpress\/"]}]},{"@type":"BreadcrumbList","@id":"https:\/\/elfsight.com\/it\/background-music-widget\/wordpress\/#breadcrumb","itemListElement":[{"@type":"ListItem","position":1,"name":"Home","item":"https:\/\/elfsight.com\/it\/"},{"@type":"ListItem","position":2,"name":"Background Music","item":"https:\/\/elfsight.com\/it\/background-music-widget\/"},{"@type":"ListItem","position":3,"name":"Background Music &#8211; WordPress"}]},{"@type":"WebSite","@id":"https:\/\/elfsight.com\/it\/#website","url":"https:\/\/elfsight.com\/it\/","name":"Elfsight IT","description":"Just another Elfsight Sites site","potentialAction":[{"@type":"SearchAction","target":{"@type":"EntryPoint","urlTemplate":"https:\/\/elfsight.com\/it\/?s={search_term_string}"},"query-input":{"@type":"PropertyValueSpecification","valueRequired":true,"valueName":"search_term_string"}}],"inLanguage":"it-IT"}]}},"meta_box":{"industry":"","seo_heading":"","heading":"","description":"","cta_heading":"","cta_description":"","application":"2344","h1":"Plug-in per musica di sottofondo WordPress","h1_caption":"Aggiungi musica di sottofondo al tuo sito web, creando un'esperienza coinvolgente per i tuoi visitatori nel tuo sito web WooCommerce senza sforzo.","application_category":[],"applications_title":"","applications_request_title":"","applications_request_button_text":"","hero_text":"","hero_video":"","hero_video_schema_markup":"","selling_points_title":"","selling_points_caption":"","selling_points":[],"selling_points_cta_text":"","features_title":"","features":"","ed_cta_examples_text":"","ed_cta_examples_hidden":"","ed_cta_demo_text":"","ed_cta_demo_hidden":"","why_caption":"","why_editor_title":"","why_editor_text":"","why_team_title":"","why_team_text":"","why_service_title":"","why_service_text":"","template_catalog_visible":"0","template_catalog_title":"","template_catalog_text":"","template_catalog_categories_visible":"","demo_title":"Crea il tuo plugin per la musica di sottofondo","demo_caption":"Configura la tua musica di sottofondo e aggiungila gratuitamente al tuo sito WordPress!","default_faq_hidden":"","app_template_category":[],"platform":"28","template_public_id":"","codecanyon_url":"","codecanyon_item_id":"","codecanyon_price":"","pricing_caption":"","pricing_elfsight_apps_hide_column":"","pricing_elfsight_apps_url":"","pricing_codecanyon_price_caption":"","integration_category":[],"integration_request_title":"","integration_request_cta":"","integration_platform":"","integrations":[],"platform_category":[],"video_schema_markup":"","price":"da $ 0 al mese","trial":"","benefits":[{"text":"Assistenza per l'installazione gratuita"},{"text":"Servizio clienti efficace"},{"text":"Garanzia di rimborso di 14 giorni"},{"text":"Aggiornamenti a vita"}],"button_url":"#demo","button_target_blank":"0","button_nofollow":"0","attributes":[{"name":"Installazioni"},{"name":"Reattivo","content":"S\u00cc"},{"name":"Browser compatibili","content":"Safari, Edge, Chrome, Firefox, Opera"}],"tags":[],"tags_disable_links":"0","hide_more_platforms":"0","video_object":"","demo_hide_cta":"0","demo_hide_cloud_options":"0","pricing_title":"","pricing":[{"pricing_icon":"platform","pricing_title":"Elfsight Apps","pricing_title_caption":"Soluzione digitale multipiattaforma adatta a qualsiasi sito","pricing_price":"da $ 0 \/ mese","pricing_price_caption":"inizia con il piano gratuito","pricing_benefits":[{"text":"Domini illimitati"},{"text":"Supporto veloce"},{"text":"Assistenza gratuita per l'installazione"},{"text":"Prezzo speciale per pi\u00f9 app"}],"pricing_button_text":"Aggiungi al sito web","pricing_button_url":"#demo"}],"related_apps_title":"","related_apps_hidden":"0","author":"","image":[],"title":"","job":"","social_networks":[]},"_links":{"self":[{"href":"https:\/\/elfsight.com\/it\/wp-json\/wp\/v2\/pages\/3714","targetHints":{"allow":["GET"]}}],"collection":[{"href":"https:\/\/elfsight.com\/it\/wp-json\/wp\/v2\/pages"}],"about":[{"href":"https:\/\/elfsight.com\/it\/wp-json\/wp\/v2\/types\/page"}],"author":[{"embeddable":true,"href":"https:\/\/elfsight.com\/it\/wp-json\/wp\/v2\/users\/9"}],"replies":[{"embeddable":true,"href":"https:\/\/elfsight.com\/it\/wp-json\/wp\/v2\/comments?post=3714"}],"version-history":[{"count":3,"href":"https:\/\/elfsight.com\/it\/wp-json\/wp\/v2\/pages\/3714\/revisions"}],"predecessor-version":[{"id":9174,"href":"https:\/\/elfsight.com\/it\/wp-json\/wp\/v2\/pages\/3714\/revisions\/9174"}],"up":[{"embeddable":true,"href":"https:\/\/elfsight.com\/it\/wp-json\/wp\/v2\/pages\/2345"}],"wp:attachment":[{"href":"https:\/\/elfsight.com\/it\/wp-json\/wp\/v2\/media?parent=3714"}],"curies":[{"name":"wp","href":"https:\/\/api.w.org\/{rel}","templated":true}]}}