{"id":3660,"date":"2024-05-03T06:28:53","date_gmt":"2024-05-03T06:28:53","guid":{"rendered":"https:\/\/elfsight.com\/it\/?page_id=3660"},"modified":"2024-11-12T08:08:08","modified_gmt":"2024-11-12T08:08:08","slug":"wix","status":"publish","type":"page","link":"https:\/\/elfsight.com\/it\/back-to-top-widget\/wix\/","title":{"rendered":"Back to Top &#8211; Wix"},"content":{"rendered":"<div class=\"application-platform-content-item-description application-platform-content-item\" id=\"description\" data-nav-section=\"description\"> <h2>Descrizione<\/h2> <p>Elfsight Back to Top \u00e8 un&#8217;app semplice per Wix che consente ai visitatori del sito di tornare immediatamente e senza problemi alla nella parte superiore del tuo sito web dopo aver scorso pagine lunghe. Il pubblico del tuo sito web non avr\u00e0 pi\u00f9 bisogno di cercare il tasto Home e trascinare la barra di scorrimento attraverso la pagina. Lo strumento Torna all&#8217;inizio pu\u00f2 essere personalizzato nel modo che preferisci: rendilo quadrato o rotondo, cambiane colore, dimensione e posizionalo ovunque sul tuo sito web per migliorare la UX. Il pulsante pu\u00f2 essere visualizzato su qualsiasi tipo di dispositivo, dallo smartphone al desktop. <\/p> <p><b>Utilizza un altro widget accessibile scorri fino alla parte superiore per mantenere un&#8217;esperienza utente fluida<\/b><\/p> <\/div> <div class=\"application-platform-content-item-features application-platform-content-item\" id=\"features\" data-nav-section=\"features\"> <h2>Offriamo funzionalit\u00e0 utili e facili, eccone alcune: <\/h2> <ul><li>Cambia il colore del pulsante<\/li><li>Posiziona il plugin su: ogni pagina, peculiare o preclusa<\/li> <li>Indica l&#8217;agilit\u00e0 di scorrimento<\/li><li>8 posizioni dei pulsanti disponibili<\/li><li>2 gruppi di pulsanti: mobili o incorporati<\/li><\/ul><p><a href=\"#demo \">Puoi verificare come funziona l&#8217;app con l&#8217;aiuto della demo<\/a><\/p> <\/div> <div class=\"application-platform-content-item-installation application-platform-content-item\" id=\"installation\" data-nav-section=\"installation\"> <h2>Come aggiungere Torna all&#8217;inizio alla mia pagina web Wix? <\/h2> <p>Segui semplicemente le istruzioni seguenti per inserire l&#8217;app. <\/p> <ol><li><b>Utilizza la nostra demo gratuita e inizia a creare il tuo strumento personalizzato. <\/b><br> Determina il layout e le funzionalit\u00e0 preferite del widget e salva le modifiche. <\/li> <li><b>Ricevi il tuo codice individuale apparendo nell&#8217;apposito modulo su Elfsight Apps. <\/b><br> Una volta completata la configurazione del tuo widget, copia il codice esclusivo nella casella visualizzata e conservalo per un utilizzo futuro. <\/li> <li><b>Inizia a utilizzare il plugin sulla tua pagina web Wix. <\/b><br> Inserisci il codice che hai copiato in precedenza nel tuo sito web e applica le modifiche. <\/li> <li><b>L&#8217;installazione \u00e8 stata completata con successo. <\/b><br> Visita il tuo sito per osservare come funziona il widget. <\/li><\/ol> <p>A condizione di affrontare domande o affrontare alcuni problemi, non aver paura di rivolgerti al nostro team di assistenza clienti. I nostri consulenti saranno entusiasti di aiutarti con tutti i problemi che potresti avere con il prodotto. <\/p> <div class=\"faq\" data-component=\"FAQ\"><div class=\"faq-item\">\r\n\t\t\t\t\t<div class=\"faq-item-question\">\r\n\t\t\t\t\t\t<h3 class=\"faq-item-question-text\">Come aggiungere Torna all'inizio al mio sito Web Wix senza competenze di programmazione?<\/h3>\r\n\r\n\t\t\t\t\t\t<div class=\"faq-item-question-icon\"><\/div>\r\n\t\t\t\t\t<\/div>\r\n\r\n\t\t\t\t\t<div class=\"faq-item-answer\">\r\n\t\t\t\t\t\t<div class=\"faq-item-answer-text\"> <p>Elfsight fornisce una soluzione SaaS che ti consente di creare tu stesso un widget Torna all&#8217;inizio, guarda come \u00e8 facile il processo \u00e8: lavora direttamente nell&#8217;editor online per creare un widget Torna all&#8217;inizio che vorresti vedere sul tuo sito web Wix. Scegli uno dei modelli predefiniti e regola le impostazioni Torna all&#8217;inizio, aggiungi i tuoi contenuti, modifica il layout e i colori senza alcuna competenza di codifica. Salva il Torna all&#8217;inizio e copia il codice di installazione, che potrai incorporare facilmente nel tuo sito Wix senza dover acquistare un piano a pagamento. Con il nostro editor intuitivo qualsiasi utente di Internet pu\u00f2 creare widget Torna all&#8217;inizio online e incorporarlo facilmente nel proprio sito Web Wix. Non \u00e8 necessario pagare n\u00e9 inserire le credenziali della carta per accedere al servizio. In caso di problemi in qualsiasi momento, non esitare a contattare il nostro team di supporto tecnico.<\/p> <\/div>\r\n\t\t\t\t\t<\/div>\r\n\t\t\t\t<\/div> <\/div><\/div>","protected":false},"excerpt":{"rendered":"","protected":false},"author":9,"featured_media":0,"parent":2441,"menu_order":0,"comment_status":"closed","ping_status":"closed","template":"templates\/template-application-platform.php","meta":{"publish_to_discourse":"","publish_post_category":"","wpdc_auto_publish_overridden":"","wpdc_topic_tags":"","wpdc_pin_topic":"","wpdc_pin_until":"","discourse_post_id":"","discourse_permalink":"","wpdc_publishing_response":"","wpdc_publishing_error":"","footnotes":""},"class_list":["post-3660","page","type-page","status-publish","hentry"],"yoast_head":"<!-- This site is optimized with the Yoast SEO plugin v25.3.1 - https:\/\/yoast.com\/wordpress\/plugins\/seo\/ -->\n<title>Torna in alto: aggiungi il pulsante Scorri in alto a Wix (gratuito e veloce)<\/title>\n<meta name=\"description\" content=\"Incorpora un widget Torna all&#039;inizio reattivo sul tuo sito Wix senza troppi sforzi. Utilizza la nostra pratica demo per creare la tua app unica in 1-2-3.\" \/>\n<meta name=\"robots\" content=\"index, follow, max-snippet:-1, max-image-preview:large, max-video-preview:-1\" \/>\n<link rel=\"canonical\" href=\"https:\/\/elfsight.com\/it\/back-to-top-widget\/wix\/\" \/>\n<meta property=\"og:locale\" content=\"it_IT\" \/>\n<meta property=\"og:type\" content=\"article\" \/>\n<meta property=\"og:title\" content=\"Torna in alto: aggiungi il pulsante Scorri in alto a Wix (gratuito e veloce)\" \/>\n<meta property=\"og:description\" content=\"Incorpora un widget Torna all&#039;inizio reattivo sul tuo sito Wix senza troppi sforzi. Utilizza la nostra pratica demo per creare la tua app unica in 1-2-3.\" \/>\n<meta property=\"og:url\" content=\"https:\/\/elfsight.com\/it\/back-to-top-widget\/wix\/\" \/>\n<meta property=\"og:site_name\" content=\"Elfsight IT\" \/>\n<meta property=\"article:modified_time\" content=\"2024-11-12T08:08:08+00:00\" \/>\n<meta name=\"twitter:card\" content=\"summary_large_image\" \/>\n<meta name=\"twitter:label1\" content=\"Tempo di lettura stimato\" \/>\n\t<meta name=\"twitter:data1\" content=\"3 minuti\" \/>\n<!-- \/ Yoast SEO plugin. -->","yoast_head_json":{"title":"Torna in alto: aggiungi il pulsante Scorri in alto a Wix (gratuito e veloce)","description":"Incorpora un widget Torna all'inizio reattivo sul tuo sito Wix senza troppi sforzi. Utilizza la nostra pratica demo per creare la tua app unica in 1-2-3.","robots":{"index":"index","follow":"follow","max-snippet":"max-snippet:-1","max-image-preview":"max-image-preview:large","max-video-preview":"max-video-preview:-1"},"canonical":"https:\/\/elfsight.com\/it\/back-to-top-widget\/wix\/","og_locale":"it_IT","og_type":"article","og_title":"Torna in alto: aggiungi il pulsante Scorri in alto a Wix (gratuito e veloce)","og_description":"Incorpora un widget Torna all'inizio reattivo sul tuo sito Wix senza troppi sforzi. Utilizza la nostra pratica demo per creare la tua app unica in 1-2-3.","og_url":"https:\/\/elfsight.com\/it\/back-to-top-widget\/wix\/","og_site_name":"Elfsight IT","article_modified_time":"2024-11-12T08:08:08+00:00","twitter_card":"summary_large_image","twitter_misc":{"Tempo di lettura stimato":"3 minuti"},"schema":{"@context":"https:\/\/schema.org","@graph":[{"@type":"WebPage","@id":"https:\/\/elfsight.com\/it\/back-to-top-widget\/wix\/","url":"https:\/\/elfsight.com\/it\/back-to-top-widget\/wix\/","name":"Torna in alto: aggiungi il pulsante Scorri in alto a Wix (gratuito e veloce)","isPartOf":{"@id":"https:\/\/elfsight.com\/it\/#website"},"datePublished":"2024-05-03T06:28:53+00:00","dateModified":"2024-11-12T08:08:08+00:00","description":"Incorpora un widget Torna all'inizio reattivo sul tuo sito Wix senza troppi sforzi. Utilizza la nostra pratica demo per creare la tua app unica in 1-2-3.","breadcrumb":{"@id":"https:\/\/elfsight.com\/it\/back-to-top-widget\/wix\/#breadcrumb"},"inLanguage":"it-IT","potentialAction":[{"@type":"ReadAction","target":["https:\/\/elfsight.com\/it\/back-to-top-widget\/wix\/"]}]},{"@type":"BreadcrumbList","@id":"https:\/\/elfsight.com\/it\/back-to-top-widget\/wix\/#breadcrumb","itemListElement":[{"@type":"ListItem","position":1,"name":"Home","item":"https:\/\/elfsight.com\/it\/"},{"@type":"ListItem","position":2,"name":"Back to Top","item":"https:\/\/elfsight.com\/it\/back-to-top-widget\/"},{"@type":"ListItem","position":3,"name":"Back to Top &#8211; Wix"}]},{"@type":"WebSite","@id":"https:\/\/elfsight.com\/it\/#website","url":"https:\/\/elfsight.com\/it\/","name":"Elfsight IT","description":"Just another Elfsight Sites site","potentialAction":[{"@type":"SearchAction","target":{"@type":"EntryPoint","urlTemplate":"https:\/\/elfsight.com\/it\/?s={search_term_string}"},"query-input":{"@type":"PropertyValueSpecification","valueRequired":true,"valueName":"search_term_string"}}],"inLanguage":"it-IT"}]}},"meta_box":{"industry":"","seo_heading":"","heading":"","description":"","cta_heading":"","cta_description":"","application":"2440","h1":"App Wix Torna all'inizio","h1_caption":"Aggiungi un semplice pulsante torna all'inizio, migliorando l'esperienza dell'utente consentendo di tornare facilmente all'inizio della pagina nel tuo sito web Weebly.","application_category":[],"applications_title":"","applications_request_title":"","applications_request_button_text":"","hero_text":"","hero_video":"","hero_video_schema_markup":"","selling_points_title":"","selling_points_caption":"","selling_points":[],"selling_points_cta_text":"","features_title":"","features":"","ed_cta_examples_text":"","ed_cta_examples_hidden":"","ed_cta_demo_text":"","ed_cta_demo_hidden":"","why_caption":"","why_editor_title":"","why_editor_text":"","why_team_title":"","why_team_text":"","why_service_title":"","why_service_text":"","template_catalog_visible":"","template_catalog_title":"","template_catalog_text":"","template_catalog_categories_visible":"","demo_title":"Crea la tua app Torna all'inizio","demo_caption":"Configura il tuo Torna all'inizio e aggiungilo gratuitamente al tuo sito Wix!","default_faq_hidden":"","app_template_category":[],"platform":"29","template_public_id":"","codecanyon_url":"","codecanyon_item_id":"","codecanyon_price":"","pricing_caption":"","pricing_elfsight_apps_hide_column":"","pricing_elfsight_apps_url":"","pricing_codecanyon_price_caption":"","integration_category":[],"integration_request_title":"","integration_request_cta":"","integration_platform":"","integrations":[],"platform_category":[],"video_schema_markup":"","price":"da $ 0 al mese","trial":"","benefits":[{"text":"Aiuto per l'installazione gratuito"},{"text":"Servizio clienti efficace"},{"text":"Garanzia di rimborso di 14 giorni"},{"text":"Sviluppo continuo"}],"button_url":"#demo","button_target_blank":"","button_nofollow":"","attributes":[{"name":"Installazioni"},{"name":"Reattivo","content":"S\u00cc"},{"name":"Browser compatibili","content":"Firefox, Safari, Opera, Chrome, Edge"}],"tags":[],"tags_disable_links":"","hide_more_platforms":"","video_object":"","demo_hide_cta":"","demo_hide_cloud_options":"","pricing_title":"","pricing":[{"pricing_icon":"platform","pricing_title":"Elfsight Apps","pricing_title_caption":"Versione multipiattaforma","pricing_price":"da $ 0 \/ mese","pricing_price_caption":"inizia con il piano gratuito","pricing_benefits":[{"text":"Numero illimitato di siti web"},{"text":"Assistenza clienti dedicata"},{"text":"Servizio di installazione gratuito"},{"text":"Prezzo speciale per pi\u00f9 app"}],"pricing_button_text":"Aggiungi al sito web","pricing_button_url":"#demo"}],"related_apps_title":"","related_apps_hidden":"","author":"","image":[],"title":"","job":"","social_networks":[]},"_links":{"self":[{"href":"https:\/\/elfsight.com\/it\/wp-json\/wp\/v2\/pages\/3660","targetHints":{"allow":["GET"]}}],"collection":[{"href":"https:\/\/elfsight.com\/it\/wp-json\/wp\/v2\/pages"}],"about":[{"href":"https:\/\/elfsight.com\/it\/wp-json\/wp\/v2\/types\/page"}],"author":[{"embeddable":true,"href":"https:\/\/elfsight.com\/it\/wp-json\/wp\/v2\/users\/9"}],"replies":[{"embeddable":true,"href":"https:\/\/elfsight.com\/it\/wp-json\/wp\/v2\/comments?post=3660"}],"version-history":[{"count":1,"href":"https:\/\/elfsight.com\/it\/wp-json\/wp\/v2\/pages\/3660\/revisions"}],"predecessor-version":[{"id":3664,"href":"https:\/\/elfsight.com\/it\/wp-json\/wp\/v2\/pages\/3660\/revisions\/3664"}],"up":[{"embeddable":true,"href":"https:\/\/elfsight.com\/it\/wp-json\/wp\/v2\/pages\/2441"}],"wp:attachment":[{"href":"https:\/\/elfsight.com\/it\/wp-json\/wp\/v2\/media?parent=3660"}],"curies":[{"name":"wp","href":"https:\/\/api.w.org\/{rel}","templated":true}]}}