{"id":3659,"date":"2024-05-03T06:28:52","date_gmt":"2024-05-03T06:28:52","guid":{"rendered":"https:\/\/elfsight.com\/it\/?page_id=3659"},"modified":"2024-11-12T08:08:08","modified_gmt":"2024-11-12T08:08:08","slug":"wordpress","status":"publish","type":"page","link":"https:\/\/elfsight.com\/it\/back-to-top-widget\/wordpress\/","title":{"rendered":"Back to Top &#8211; WordPress"},"content":{"rendered":"<div class=\"application-platform-content-item-description application-platform-content-item\" id=\"description\" data-nav-section=\"description\"> <h2>Incorpora Back to Top su WordPress con il widget Elfsight<\/h2> <p>Elfsight Back to Top \u00e8 un semplice plugin per WordPress che consente ai siti i visitatori tornano immediatamente e senza problemi nella parte superiore del tuo sito web dopo aver scorso pagine lunghe. Il pubblico del tuo sito non avr\u00e0 pi\u00f9 bisogno di cercare il tasto Home e trascinare la barra di scorrimento lungo l&#8217;intera pagina. Il plug-in Torna all&#8217;inizio pu\u00f2 essere facilmente personalizzato nel modo che preferisci: rendilo quadrato o arrotondato, modificane il colore, le dimensioni e posizionalo in qualsiasi punto della pagina per migliorare la UX. Il pulsante pu\u00f2 essere visualizzato su qualsiasi tipo di dispositivo, dal cellulare al desktop. <\/p> <p><b>Utilizza un altro comodo plugin torna all&#8217;inizio per fornire un&#8217;esperienza utente eccezionale<\/b><\/p> <\/div> <div class=\"application-platform-content-item-features application-platform-content-item\" id=\"features\" data-nav-section=\"features\"> <h2>Il plugin pi\u00f9 richiesto funzionalit\u00e0 offerte<\/h2> <ul><li>Ridisegna il pulsante<\/li><li>Posiziona il widget su: tutte le pagine, particolari o escluse<\/li><li>Specifica la velocit\u00e0 di scorrimento<\/li><li>Otto posizioni dei pulsanti disponibili<\/li><li>2 tipi di pulsanti: mobili o incorporati<\/li><\/ul><p><a href=\"#demo\">Esplora tutte le funzionalit\u00e0 di personalizzazione nella demo completa <\/a><\/p> <\/div> <div class=\"application-platform-content-item-installazione application-platform-content-item\" id=\"installazione\" data-nav-section=\"installazione\"> <h2>Come aggiungo Torna all&#8217;inizio al mio sito WordPress? <\/h2> <p>Segui semplicemente i passaggi indicati di seguito per integrare il widget. <\/p> <ol><li><b>Esegui il nostro configuratore gratuito e inizia a dare forma al tuo plugin personalizzato. <\/b><br> Specifica la forma e gli aspetti preferiti del plugin e applica tutte le modifiche. <\/li> <li><b>Acquisisci il tuo codice univoco che appare nella finestra delle app Elfsight. <\/b><br> Una volta terminata la personalizzazione del tuo plugin personale, copia il tuo codice nella finestra emersa e conservalo per necessit\u00e0 future. <\/li> <li><b>Inizia a utilizzare il plug-in sul tuo sito WordPress. <\/b><br> Incorpora il codice salvato in precedenza nella tua pagina e salva i miglioramenti. <\/li> <li><b>Fatto! L&#8217;integrazione \u00e8 terminata con successo. <\/b><br> Apri la tua pagina web per vedere come funziona il plugin. <\/li><\/ol><p>A condizione che tu abbia a che fare con richieste o incontri alcuni ostacoli, non esitare a contattare il nostro personale del servizio clienti. Il nostro personale sar\u00e0 lieto di aiutarti con tutte le difficolt\u00e0 che potresti avere con lo strumento. <\/p> <\/div><div class=\"faq\" data-component=\"FAQ\"><div class=\"faq-item\">\r\n\t\t\t\t\t<div class=\"faq-item-question\">\r\n\t\t\t\t\t\t<h3 class=\"faq-item-question-text\">Come posso incorporare un pulsante Torna all'inizio nel sito Web WordPress?<\/h3>\r\n\r\n\t\t\t\t\t\t<div class=\"faq-item-question-icon\"><\/div>\r\n\t\t\t\t\t<\/div>\r\n\r\n\t\t\t\t\t<div class=\"faq-item-answer\">\r\n\t\t\t\t\t\t<div class=\"faq-item-answer-text\"><p>Le basi del widget avviene all&#8217;interno del servizio Elfsight e non \u00e8 necessaria la codifica. Applica la demo live per progettare la tua app personale, ottieni il codice e integrala nel tuo sito web. <\/p><\/div>\r\n\t\t\t\t\t<\/div>\r\n\t\t\t\t<\/div><div class=\"faq-item\">\r\n\t\t\t\t\t<div class=\"faq-item-question\">\r\n\t\t\t\t\t\t<h3 class=\"faq-item-question-text\">I modi migliori per utilizzare l'integrazione del pulsante di scorrimento in alto<\/h3>\r\n\r\n\t\t\t\t\t\t<div class=\"faq-item-question-icon\"><\/div>\r\n\t\t\t\t\t<\/div>\r\n\r\n\t\t\t\t\t<div class=\"faq-item-answer\">\r\n\t\t\t\t\t\t<div class=\"faq-item-answer-text\"><p>Abbiamo un&#8217;ampia gamma di possibilit\u00e0 di regolazione: widget a grandezza naturale da inserire nel contenuto zone, widget mobili per opportunit\u00e0 di scorrimento, layout per pi\u00e8 di pagina, intestazione e tutte le varianti delle possibilit\u00e0 verticali per barre laterali e menu del sito web. <\/p><\/div>\r\n\t\t\t\t\t<\/div>\r\n\t\t\t\t<\/div><div class=\"faq-item\">\r\n\t\t\t\t\t<div class=\"faq-item-question\">\r\n\t\t\t\t\t\t<h3 class=\"faq-item-question-text\">Come posso creare uno scorrimento mobile o fluido verso l'alto tramite il tuo editor?<\/h3>\r\n\r\n\t\t\t\t\t\t<div class=\"faq-item-question-icon\"><\/div>\r\n\t\t\t\t\t<\/div>\r\n\r\n\t\t\t\t\t<div class=\"faq-item-answer\">\r\n\t\t\t\t\t\t<div class=\"faq-item-answer-text\"><p>Sei libero di apportare qualsiasi modifica al widget. Ci sono molti layout applicabili nell&#8217;editor e tutti possono essere rapidamente personalizzati in base alle tue esigenze. <\/p><\/div>\r\n\t\t\t\t\t<\/div>\r\n\t\t\t\t<\/div><\/div>","protected":false},"excerpt":{"rendered":"","protected":false},"author":9,"featured_media":0,"parent":2441,"menu_order":0,"comment_status":"closed","ping_status":"closed","template":"templates\/template-application-platform.php","meta":{"publish_to_discourse":"","publish_post_category":"","wpdc_auto_publish_overridden":"","wpdc_topic_tags":"","wpdc_pin_topic":"","wpdc_pin_until":"","discourse_post_id":"","discourse_permalink":"","wpdc_publishing_response":"","wpdc_publishing_error":"","footnotes":""},"class_list":["post-3659","page","type-page","status-publish","hentry"],"yoast_head":"<!-- This site is optimized with the Yoast SEO plugin v25.3.1 - https:\/\/yoast.com\/wordpress\/plugins\/seo\/ -->\n<title>Torna in alto: aggiungi il pulsante Scorri in alto a WordPress (gratuito e veloce)<\/title>\n<meta name=\"description\" content=\"Aggiungi un widget Torna all&#039;inizio accessibile sul tuo sito WordPress senza troppi sforzi. Utilizza la nostra demo dal vivo per modellare la tua caratteristica unica in 1-2-3.\" \/>\n<meta name=\"robots\" content=\"index, follow, max-snippet:-1, max-image-preview:large, max-video-preview:-1\" \/>\n<link rel=\"canonical\" href=\"https:\/\/elfsight.com\/it\/back-to-top-widget\/wordpress\/\" \/>\n<meta property=\"og:locale\" content=\"it_IT\" \/>\n<meta property=\"og:type\" content=\"article\" \/>\n<meta property=\"og:title\" content=\"Torna in alto: aggiungi il pulsante Scorri in alto a WordPress (gratuito e veloce)\" \/>\n<meta property=\"og:description\" content=\"Aggiungi un widget Torna all&#039;inizio accessibile sul tuo sito WordPress senza troppi sforzi. Utilizza la nostra demo dal vivo per modellare la tua caratteristica unica in 1-2-3.\" \/>\n<meta property=\"og:url\" content=\"https:\/\/elfsight.com\/it\/back-to-top-widget\/wordpress\/\" \/>\n<meta property=\"og:site_name\" content=\"Elfsight IT\" \/>\n<meta property=\"article:modified_time\" content=\"2024-11-12T08:08:08+00:00\" \/>\n<meta name=\"twitter:card\" content=\"summary_large_image\" \/>\n<meta name=\"twitter:label1\" content=\"Tempo di lettura stimato\" \/>\n\t<meta name=\"twitter:data1\" content=\"3 minuti\" \/>\n<!-- \/ Yoast SEO plugin. -->","yoast_head_json":{"title":"Torna in alto: aggiungi il pulsante Scorri in alto a WordPress (gratuito e veloce)","description":"Aggiungi un widget Torna all'inizio accessibile sul tuo sito WordPress senza troppi sforzi. Utilizza la nostra demo dal vivo per modellare la tua caratteristica unica in 1-2-3.","robots":{"index":"index","follow":"follow","max-snippet":"max-snippet:-1","max-image-preview":"max-image-preview:large","max-video-preview":"max-video-preview:-1"},"canonical":"https:\/\/elfsight.com\/it\/back-to-top-widget\/wordpress\/","og_locale":"it_IT","og_type":"article","og_title":"Torna in alto: aggiungi il pulsante Scorri in alto a WordPress (gratuito e veloce)","og_description":"Aggiungi un widget Torna all'inizio accessibile sul tuo sito WordPress senza troppi sforzi. Utilizza la nostra demo dal vivo per modellare la tua caratteristica unica in 1-2-3.","og_url":"https:\/\/elfsight.com\/it\/back-to-top-widget\/wordpress\/","og_site_name":"Elfsight IT","article_modified_time":"2024-11-12T08:08:08+00:00","twitter_card":"summary_large_image","twitter_misc":{"Tempo di lettura stimato":"3 minuti"},"schema":{"@context":"https:\/\/schema.org","@graph":[{"@type":"WebPage","@id":"https:\/\/elfsight.com\/it\/back-to-top-widget\/wordpress\/","url":"https:\/\/elfsight.com\/it\/back-to-top-widget\/wordpress\/","name":"Torna in alto: aggiungi il pulsante Scorri in alto a WordPress (gratuito e veloce)","isPartOf":{"@id":"https:\/\/elfsight.com\/it\/#website"},"datePublished":"2024-05-03T06:28:52+00:00","dateModified":"2024-11-12T08:08:08+00:00","description":"Aggiungi un widget Torna all'inizio accessibile sul tuo sito WordPress senza troppi sforzi. Utilizza la nostra demo dal vivo per modellare la tua caratteristica unica in 1-2-3.","breadcrumb":{"@id":"https:\/\/elfsight.com\/it\/back-to-top-widget\/wordpress\/#breadcrumb"},"inLanguage":"it-IT","potentialAction":[{"@type":"ReadAction","target":["https:\/\/elfsight.com\/it\/back-to-top-widget\/wordpress\/"]}]},{"@type":"BreadcrumbList","@id":"https:\/\/elfsight.com\/it\/back-to-top-widget\/wordpress\/#breadcrumb","itemListElement":[{"@type":"ListItem","position":1,"name":"Home","item":"https:\/\/elfsight.com\/it\/"},{"@type":"ListItem","position":2,"name":"Back to Top","item":"https:\/\/elfsight.com\/it\/back-to-top-widget\/"},{"@type":"ListItem","position":3,"name":"Back to Top &#8211; WordPress"}]},{"@type":"WebSite","@id":"https:\/\/elfsight.com\/it\/#website","url":"https:\/\/elfsight.com\/it\/","name":"Elfsight IT","description":"Just another Elfsight Sites site","potentialAction":[{"@type":"SearchAction","target":{"@type":"EntryPoint","urlTemplate":"https:\/\/elfsight.com\/it\/?s={search_term_string}"},"query-input":{"@type":"PropertyValueSpecification","valueRequired":true,"valueName":"search_term_string"}}],"inLanguage":"it-IT"}]}},"meta_box":{"industry":"","seo_heading":"","heading":"","description":"","cta_heading":"","cta_description":"","application":"2440","h1":"Plug-in Torna all'inizio di WordPress","h1_caption":"Aggiungi un semplice pulsante torna all'inizio, migliorando l'esperienza dell'utente consentendo di tornare facilmente all'inizio della pagina nel tuo sito web WooCommerce senza sforzo.","application_category":[],"applications_title":"","applications_request_title":"","applications_request_button_text":"","hero_text":"","hero_video":"","hero_video_schema_markup":"","selling_points_title":"","selling_points_caption":"","selling_points":[],"selling_points_cta_text":"","features_title":"","features":"","ed_cta_examples_text":"","ed_cta_examples_hidden":"","ed_cta_demo_text":"","ed_cta_demo_hidden":"","why_caption":"","why_editor_title":"","why_editor_text":"","why_team_title":"","why_team_text":"","why_service_title":"","why_service_text":"","template_catalog_visible":"","template_catalog_title":"","template_catalog_text":"","template_catalog_categories_visible":"","demo_title":"Crea il tuo plugin Torna all'inizio","demo_caption":"Configura il tuo Torna all'inizio e aggiungilo gratuitamente al tuo sito WordPress!","default_faq_hidden":"","app_template_category":[],"platform":"28","template_public_id":"","codecanyon_url":"","codecanyon_item_id":"","codecanyon_price":"","pricing_caption":"","pricing_elfsight_apps_hide_column":"","pricing_elfsight_apps_url":"","pricing_codecanyon_price_caption":"","integration_category":[],"integration_request_title":"","integration_request_cta":"","integration_platform":"","integrations":[],"platform_category":[],"video_schema_markup":"","price":"da $ 0 al mese","trial":"","benefits":[{"text":"Assistenza gratuita per l'installazione"},{"text":"Assistenza clienti con esperienza"},{"text":"Garanzia di rimborso di 14 giorni"},{"text":"Aggiornamenti gratuiti continui"}],"button_url":"#demo","button_target_blank":"","button_nofollow":"","attributes":[{"name":"Installazioni"},{"name":"Reattivo","content":"S\u00cc"},{"name":"Browser compatibili","content":"IE11, Firefox, Safari, Opera, Chrome, Edge"}],"tags":[],"tags_disable_links":"","hide_more_platforms":"","video_object":"","demo_hide_cta":"","demo_hide_cloud_options":"","pricing_title":"","pricing":[{"pricing_icon":"platform","pricing_title":"Elfsight Apps","pricing_title_caption":"Versione indipendente dalla piattaforma","pricing_price":"da $ 0 \/ mese","pricing_price_caption":"inizia con il piano gratuito","pricing_benefits":[{"text":"Domini illimitati"},{"text":"Supporto aziendale 24 ore su 24, 7 giorni su 7"},{"text":"Aiuto per l'installazione gratuito"},{"text":"Prezzo da prendere per pi\u00f9 app"}],"pricing_button_text":"Aggiungi al sito web","pricing_button_url":"#demo"}],"related_apps_title":"","related_apps_hidden":"","author":"","image":[],"title":"","job":"","social_networks":[]},"_links":{"self":[{"href":"https:\/\/elfsight.com\/it\/wp-json\/wp\/v2\/pages\/3659","targetHints":{"allow":["GET"]}}],"collection":[{"href":"https:\/\/elfsight.com\/it\/wp-json\/wp\/v2\/pages"}],"about":[{"href":"https:\/\/elfsight.com\/it\/wp-json\/wp\/v2\/types\/page"}],"author":[{"embeddable":true,"href":"https:\/\/elfsight.com\/it\/wp-json\/wp\/v2\/users\/9"}],"replies":[{"embeddable":true,"href":"https:\/\/elfsight.com\/it\/wp-json\/wp\/v2\/comments?post=3659"}],"version-history":[{"count":1,"href":"https:\/\/elfsight.com\/it\/wp-json\/wp\/v2\/pages\/3659\/revisions"}],"predecessor-version":[{"id":3663,"href":"https:\/\/elfsight.com\/it\/wp-json\/wp\/v2\/pages\/3659\/revisions\/3663"}],"up":[{"embeddable":true,"href":"https:\/\/elfsight.com\/it\/wp-json\/wp\/v2\/pages\/2441"}],"wp:attachment":[{"href":"https:\/\/elfsight.com\/it\/wp-json\/wp\/v2\/media?parent=3659"}],"curies":[{"name":"wp","href":"https:\/\/api.w.org\/{rel}","templated":true}]}}