{"id":3652,"date":"2024-05-03T06:28:49","date_gmt":"2024-05-03T06:28:49","guid":{"rendered":"https:\/\/elfsight.com\/it\/?page_id=3652"},"modified":"2024-11-11T11:24:53","modified_gmt":"2024-11-11T11:24:53","slug":"godaddy","status":"publish","type":"page","link":"https:\/\/elfsight.com\/it\/back-to-top-widget\/godaddy\/","title":{"rendered":"Back to top &#8211; GoDaddy"},"content":{"rendered":"<div class=\"application-platform-content-item-description application-platform-content-item\" id=\"description\" data-nav-section=\"description\"> <h2>Incorpora Torna in alto su GoDaddy con il widget Elfsight<\/h2> <p> Torna in alto \u00e8 un semplice plugin per GoDaddy che consente agli utenti di e torna facilmente all&#8217;inizio della tua pagina web dopo aver scorso pagine lunghe. I visitatori della tua pagina web non dovranno pi\u00f9 cercare il tasto Home e spostare la barra di scorrimento attraverso la pagina. Il nostro pulsante Torna all&#8217;inizio pu\u00f2 essere personalizzato nel modo che preferisci: rendilo quadrato o rotondo, cambiane colore, dimensione e posizionalo in qualsiasi punto del tuo sito web per migliorare l&#8217;esperienza dell&#8217;utente. Il pulsante pu\u00f2 essere visualizzato su qualsiasi tipo di dispositivo, dal cellulare al desktop. <\/p> <p><b>Utilizza un altro comodo plugin torna all&#8217;inizio per fornire una UX ammirevole<\/b><\/p> <\/div> <div class=\"application-platform-content-item-features application-platform-content-item\" id=\"features\" data-nav-section=\"features\"> <h2>Offriamo potenti e funzionalit\u00e0 semplici, controllane alcune: <\/h2> <ul><li>Ricolora il pulsante<\/li><li>Implementa il pulsante su: ogni pagina, specifica o preclusa<\/li><li>Specifica le agilit\u00e0 di scorrimento<\/li><li>8 posizioni dei pulsanti tra cui scegliere<\/li><li>2 tipi di pulsanti: mobili o incorporati<\/li><\/ul><p><a href=\"#demo\"> Esamina tutte le opzioni di personalizzazione nella demo completamente funzionante<\/a><\/p> <\/div> <div class=\"application-platform-content-item-installation application-platform-content-item\" id=\"installation\" data-nav-section=\"installation\"> <h2>Come aggiungere Torna all&#8217;inizio nel mio sito web GoDaddy? <\/h2> <p>Basta applicare le istruzioni seguenti per aggiungere il plugin. <\/p> <ol><li><b>Lancia il nostro editor gratuito e inizia a creare il tuo plugin personalizzato. <\/b><br> Determina il design e i parametri preferibili del plugin e applica le modifiche. <\/li> <li><b>Ricevi il tuo codice personale rivelato nell&#8217;apposito modulo su Elfsight Apps. <\/b><br> Una volta completata la configurazione del tuo plugin personale, copia il codice personale nella finestra visualizzata e conservalo per occasioni future. <\/li> <li><b>Inizia a utilizzare lo strumento sulla home page di GoDaddy. <\/b><br> Inserisci il codice copiato di recente nella tua home page e applica i miglioramenti. <\/li> <li><b>Fatto! L&#8217;integrazione \u00e8 stata eseguita con successo. <\/b><br> Vai al tuo sito web per verificare come funziona il plugin. <\/li><\/ol> <p>Se dovessi affrontare alcune difficolt\u00e0, non esitare a chiedere assistenza al nostro team di assistenza clienti. I nostri consulenti saranno felici di aiutarti con tutte le domande che potresti avere con il plugin. <\/p> <div class=\"faq\" data-component=\"FAQ\"><div class=\"faq-item\">\r\n\t\t\t\t\t<div class=\"faq-item-question\">\r\n\t\t\t\t\t\t<h3 class=\"faq-item-question-text\">Come aggiungere Torna all'inizio al mio sito Web GoDaddy senza competenze di programmazione?<\/h3>\r\n\r\n\t\t\t\t\t\t<div class=\"faq-item-question-icon\"><\/div>\r\n\t\t\t\t\t<\/div>\r\n\r\n\t\t\t\t\t<div class=\"faq-item-answer\">\r\n\t\t\t\t\t\t<div class=\"faq-item-answer-text\"> <p>Elfsight fornisce una soluzione SaaS che ti consente di creare tu stesso un widget Torna all&#8217;inizio, scopri quanto \u00e8 facile il processo \u00e8: lavora direttamente nell&#8217;editor online per creare un widget Torna all&#8217;inizio che vorresti vedere sul tuo sito web GoDaddy. Scegli uno dei modelli predefiniti e regola le impostazioni Torna all&#8217;inizio, aggiungi i tuoi contenuti, modifica il layout e i colori senza alcuna competenza di codifica. Salva il Torna all&#8217;inizio e copia il codice di installazione, che potrai facilmente incorporare nel tuo sito web GoDaddy senza acquistare un piano a pagamento. Con il nostro editor intuitivo qualsiasi utente di Internet pu\u00f2 creare un widget Torna all&#8217;inizio online e incorporarlo facilmente nel proprio sito Web GoDaddy. Non \u00e8 necessario pagare n\u00e9 inserire le credenziali della carta per accedere al servizio. In caso di problemi in qualsiasi momento, non esitare a contattare il nostro team di supporto tecnico.<\/p> <\/div>\r\n\t\t\t\t\t<\/div>\r\n\t\t\t\t<\/div> <\/div><\/div>","protected":false},"excerpt":{"rendered":"","protected":false},"author":9,"featured_media":0,"parent":2441,"menu_order":0,"comment_status":"closed","ping_status":"closed","template":"templates\/template-application-platform.php","meta":{"publish_to_discourse":"","publish_post_category":"","wpdc_auto_publish_overridden":"","wpdc_topic_tags":"","wpdc_pin_topic":"","wpdc_pin_until":"","discourse_post_id":"","discourse_permalink":"","wpdc_publishing_response":"","wpdc_publishing_error":"","footnotes":""},"class_list":["post-3652","page","type-page","status-publish","hentry"],"yoast_head":"<!-- This site is optimized with the Yoast SEO plugin v25.3.1 - https:\/\/yoast.com\/wordpress\/plugins\/seo\/ -->\n<title>Torna all&#039;inizio: aggiungi il plug-in Torna all&#039;inizio al sito Web di GoDaddy!<\/title>\n<meta name=\"description\" content=\"Implementa rapidamente un plug-in Torna all&#039;inizio reattivo sulla tua pagina web GoDaddy. Utilizza la nostra utile demo per costruire il tuo plugin unico!\" \/>\n<meta name=\"robots\" content=\"index, follow, max-snippet:-1, max-image-preview:large, max-video-preview:-1\" \/>\n<link rel=\"canonical\" href=\"https:\/\/elfsight.com\/it\/back-to-top-widget\/godaddy\/\" \/>\n<meta property=\"og:locale\" content=\"it_IT\" \/>\n<meta property=\"og:type\" content=\"article\" \/>\n<meta property=\"og:title\" content=\"Torna all&#039;inizio: aggiungi il plug-in Torna all&#039;inizio al sito Web di GoDaddy!\" \/>\n<meta property=\"og:description\" content=\"Implementa rapidamente un plug-in Torna all&#039;inizio reattivo sulla tua pagina web GoDaddy. Utilizza la nostra utile demo per costruire il tuo plugin unico!\" \/>\n<meta property=\"og:url\" content=\"https:\/\/elfsight.com\/it\/back-to-top-widget\/godaddy\/\" \/>\n<meta property=\"og:site_name\" content=\"Elfsight IT\" \/>\n<meta property=\"article:modified_time\" content=\"2024-11-11T11:24:53+00:00\" \/>\n<meta name=\"twitter:card\" content=\"summary_large_image\" \/>\n<meta name=\"twitter:label1\" content=\"Tempo di lettura stimato\" \/>\n\t<meta name=\"twitter:data1\" content=\"3 minuti\" \/>\n<!-- \/ Yoast SEO plugin. -->","yoast_head_json":{"title":"Torna all'inizio: aggiungi il plug-in Torna all'inizio al sito Web di GoDaddy!","description":"Implementa rapidamente un plug-in Torna all'inizio reattivo sulla tua pagina web GoDaddy. Utilizza la nostra utile demo per costruire il tuo plugin unico!","robots":{"index":"index","follow":"follow","max-snippet":"max-snippet:-1","max-image-preview":"max-image-preview:large","max-video-preview":"max-video-preview:-1"},"canonical":"https:\/\/elfsight.com\/it\/back-to-top-widget\/godaddy\/","og_locale":"it_IT","og_type":"article","og_title":"Torna all'inizio: aggiungi il plug-in Torna all'inizio al sito Web di GoDaddy!","og_description":"Implementa rapidamente un plug-in Torna all'inizio reattivo sulla tua pagina web GoDaddy. Utilizza la nostra utile demo per costruire il tuo plugin unico!","og_url":"https:\/\/elfsight.com\/it\/back-to-top-widget\/godaddy\/","og_site_name":"Elfsight IT","article_modified_time":"2024-11-11T11:24:53+00:00","twitter_card":"summary_large_image","twitter_misc":{"Tempo di lettura stimato":"3 minuti"},"schema":{"@context":"https:\/\/schema.org","@graph":[{"@type":"WebPage","@id":"https:\/\/elfsight.com\/it\/back-to-top-widget\/godaddy\/","url":"https:\/\/elfsight.com\/it\/back-to-top-widget\/godaddy\/","name":"Torna all'inizio: aggiungi il plug-in Torna all'inizio al sito Web di GoDaddy!","isPartOf":{"@id":"https:\/\/elfsight.com\/it\/#website"},"datePublished":"2024-05-03T06:28:49+00:00","dateModified":"2024-11-11T11:24:53+00:00","description":"Implementa rapidamente un plug-in Torna all'inizio reattivo sulla tua pagina web GoDaddy. Utilizza la nostra utile demo per costruire il tuo plugin unico!","breadcrumb":{"@id":"https:\/\/elfsight.com\/it\/back-to-top-widget\/godaddy\/#breadcrumb"},"inLanguage":"it-IT","potentialAction":[{"@type":"ReadAction","target":["https:\/\/elfsight.com\/it\/back-to-top-widget\/godaddy\/"]}]},{"@type":"BreadcrumbList","@id":"https:\/\/elfsight.com\/it\/back-to-top-widget\/godaddy\/#breadcrumb","itemListElement":[{"@type":"ListItem","position":1,"name":"Home","item":"https:\/\/elfsight.com\/it\/"},{"@type":"ListItem","position":2,"name":"Back to Top","item":"https:\/\/elfsight.com\/it\/back-to-top-widget\/"},{"@type":"ListItem","position":3,"name":"Back to top &#8211; GoDaddy"}]},{"@type":"WebSite","@id":"https:\/\/elfsight.com\/it\/#website","url":"https:\/\/elfsight.com\/it\/","name":"Elfsight IT","description":"Just another Elfsight Sites site","potentialAction":[{"@type":"SearchAction","target":{"@type":"EntryPoint","urlTemplate":"https:\/\/elfsight.com\/it\/?s={search_term_string}"},"query-input":{"@type":"PropertyValueSpecification","valueRequired":true,"valueName":"search_term_string"}}],"inLanguage":"it-IT"}]}},"meta_box":{"industry":"","seo_heading":"","heading":"","description":"","cta_heading":"","cta_description":"","application":"2440","h1":"GoDaddy Torna all'inizio plugin","h1_caption":"Aggiungi un semplice pulsante Torna all'inizio, migliorando l'esperienza dell'utente consentendo di tornare facilmente all'inizio della pagina nel sito Web della tua pagina Facebook.","application_category":[],"applications_title":"","applications_request_title":"","applications_request_button_text":"","hero_text":"","hero_video":"","hero_video_schema_markup":"","selling_points_title":"","selling_points_caption":"","selling_points":[],"selling_points_cta_text":"","features_title":"","features":"","ed_cta_examples_text":"","ed_cta_examples_hidden":"","ed_cta_demo_text":"","ed_cta_demo_hidden":"","why_caption":"","why_editor_title":"","why_editor_text":"","why_team_title":"","why_team_text":"","why_service_title":"","why_service_text":"","template_catalog_visible":"","template_catalog_title":"","template_catalog_text":"","template_catalog_categories_visible":"","demo_title":"Crea il tuo plugin Torna all'inizio","demo_caption":"Configura il tuo Torna all'inizio e aggiungilo gratuitamente al tuo sito web GoDaddy!","default_faq_hidden":"","app_template_category":[],"platform":"53","template_public_id":"","codecanyon_url":"","codecanyon_item_id":"","codecanyon_price":"","pricing_caption":"","pricing_elfsight_apps_hide_column":"","pricing_elfsight_apps_url":"","pricing_codecanyon_price_caption":"","integration_category":[],"integration_request_title":"","integration_request_cta":"","integration_platform":"","integrations":[],"platform_category":[],"video_schema_markup":"","price":"da $ 0 al mese","trial":"","benefits":[{"text":"Assistenza per l'installazione gratuita"},{"text":"Servizio clienti efficace"},{"text":"Garanzia di rimborso di 14 giorni"},{"text":"Sviluppo continuo"}],"button_url":"#demo","button_target_blank":"","button_nofollow":"","attributes":[{"name":"Installazioni"},{"name":"Reattivo","content":"S\u00cc"},{"name":"Browser compatibili","content":"Firefox, Safari, Opera, Chrome, Edge"}],"tags":[],"tags_disable_links":"","hide_more_platforms":"","video_object":"","demo_hide_cta":"","demo_hide_cloud_options":"","pricing_title":"","pricing":[{"pricing_icon":"platform","pricing_title":"Elfsight Apps","pricing_title_caption":"Soluzione digitale indipendente dalla piattaforma adatta a qualsiasi sito","pricing_price":"da $ 0 \/ mese","pricing_price_caption":"inizia con il piano gratuito","pricing_benefits":[{"text":"Siti web illimitati"},{"text":"Supporto premium, puntuale e ben documentato"},{"text":"Aiuto gratuito per l'installazione"},{"text":"Progettazione flessibile"}],"pricing_button_text":"Aggiungi al sito web","pricing_button_url":"#demo"}],"related_apps_title":"","related_apps_hidden":"","author":"","image":[],"title":"","job":"","social_networks":[]},"_links":{"self":[{"href":"https:\/\/elfsight.com\/it\/wp-json\/wp\/v2\/pages\/3652","targetHints":{"allow":["GET"]}}],"collection":[{"href":"https:\/\/elfsight.com\/it\/wp-json\/wp\/v2\/pages"}],"about":[{"href":"https:\/\/elfsight.com\/it\/wp-json\/wp\/v2\/types\/page"}],"author":[{"embeddable":true,"href":"https:\/\/elfsight.com\/it\/wp-json\/wp\/v2\/users\/9"}],"replies":[{"embeddable":true,"href":"https:\/\/elfsight.com\/it\/wp-json\/wp\/v2\/comments?post=3652"}],"version-history":[{"count":1,"href":"https:\/\/elfsight.com\/it\/wp-json\/wp\/v2\/pages\/3652\/revisions"}],"predecessor-version":[{"id":3656,"href":"https:\/\/elfsight.com\/it\/wp-json\/wp\/v2\/pages\/3652\/revisions\/3656"}],"up":[{"embeddable":true,"href":"https:\/\/elfsight.com\/it\/wp-json\/wp\/v2\/pages\/2441"}],"wp:attachment":[{"href":"https:\/\/elfsight.com\/it\/wp-json\/wp\/v2\/media?parent=3652"}],"curies":[{"name":"wp","href":"https:\/\/api.w.org\/{rel}","templated":true}]}}