{"id":3650,"date":"2024-05-03T06:28:47","date_gmt":"2024-05-03T06:28:47","guid":{"rendered":"https:\/\/elfsight.com\/it\/?page_id=3650"},"modified":"2024-11-11T11:22:07","modified_gmt":"2024-11-11T11:22:07","slug":"jimdo","status":"publish","type":"page","link":"https:\/\/elfsight.com\/it\/back-to-top-widget\/jimdo\/","title":{"rendered":"Back to Top &#8211; Jimdo"},"content":{"rendered":"<div class=\"application-platform-content-item-description application-platform-content-item\" id=\"description\" data-nav-section=\"description\"> <h2>Descrizione<\/h2> <p> Back to Top \u00e8 un semplice plugin che consente agli utenti di tornare rapidamente e senza problemi alla parte superiore del tuo web pagina dopo aver scorso pagine lunghe. I visitatori del tuo sito web non dovranno pi\u00f9 cercare il tasto Home e spostare la barra di scorrimento sull&#8217;intera pagina. Il nostro widget Torna all&#8217;inizio pu\u00f2 essere facilmente personalizzato nel modo che preferisci: rendilo quadrato o arrotondato, modificane il colore, le dimensioni e posizionalo in qualsiasi punto della pagina per migliorare l&#8217;esperienza dell&#8217;utente. Il pulsante pu\u00f2 essere mostrato su qualsiasi dispositivo, dallo smartphone al desktop. <\/p><p><b>Rendi il tuo sito web pi\u00f9 efficace per le attivit\u00e0 di e-commerce con l&#8217;aiuto di Torna all&#8217;inizio.<\/b><\/p> <\/div> <div class=\"application-platform-content-item-features application-platform-content-item\" id=\"features\" data-nav-section=\"features\"> <h2>Esplora l&#8217;elenco delle funzionalit\u00e0 pi\u00f9 preziose: <\/h2> <ul><li>Aggiungi il pulsante su: tutte le pagine, specifiche o escluse<\/li><li>Imposta la velocit\u00e0 di scorrimento<\/li><li> 8 posizioni dei pulsanti disponibili<\/li><li>2 tipi di pulsanti: mobile o incorporato<\/li><li>Imposta l&#8217;offset in pixel<\/li><li>Tre dimensioni disponibili: medio, piccolo o grande<\/li><li>Ricolora il testo e il pulsante<\/li><li>Scegli una delle tre forme del pulsante<\/li><li>2 layout: orizzontale e verticale<\/li><\/ul><p><a href=\" #demo\">Puoi verificare tutte le funzionalit\u00e0 del widget nella demo qui sotto<\/a><\/p> <\/div> <div class=\"application-platform-content-item-installation application-platform-content-item\" id=\"installation\" data-nav-section=\"installation\"> <h2>Come faccio ad aggiungere Torna all&#8217;inizio al mio Sito Jimdo? <\/h2> <p>Segui semplicemente le istruzioni seguenti per inserire lo strumento. <\/p> <ol><li><b>Utilizza la nostra demo gratuita e inizia a creare il tuo widget. <\/b><br> Determina l&#8217;aspetto e le caratteristiche preferite dello strumento e salva le modifiche. <\/li> <li><b>Ricevi il codice individuale che appare nella finestra delle App Elfsight. <\/b><br> Subito dopo aver completato la configurazione del tuo strumento, copia il codice esclusivo nella casella visualizzata e salvalo per un utilizzo futuro. <\/li> <li><b>Inizia a utilizzare il widget sulla home page di Jimdo. <\/b><br> Implementa il codice copiato di recente nella tua pagina web e salva le modifiche. <\/li> <li><b>L&#8217;installazione \u00e8 completamente terminata. <\/b><br> Vai al tuo sito per dare un&#8217;occhiata a come funziona lo strumento. <\/li><\/ol> <p>Nella condizione di affrontare domande o superare alcune difficolt\u00e0, non aver paura di contattare il nostro team di supporto. Il nostro personale sar\u00e0 lieto di aiutarti con tutte le difficolt\u00e0 che potresti incontrare con lo strumento. <\/p> <div class=\"faq\" data-component=\"FAQ\"><div class=\"faq-item\">\r\n\t\t\t\t\t<div class=\"faq-item-question\">\r\n\t\t\t\t\t\t<h3 class=\"faq-item-question-text\">Come posso aggiungere Torna all'inizio al mio sito web Jimdo senza competenze di programmazione?<\/h3>\r\n\r\n\t\t\t\t\t\t<div class=\"faq-item-question-icon\"><\/div>\r\n\t\t\t\t\t<\/div>\r\n\r\n\t\t\t\t\t<div class=\"faq-item-answer\">\r\n\t\t\t\t\t\t<div class=\"faq-item-answer-text\"> <p>Elfsight fornisce una soluzione SaaS che ti consente di creare tu stesso un widget Torna all&#8217;inizio, guarda come Il processo \u00e8 semplice: lavora direttamente nell&#8217;editor online per creare un widget Torna all&#8217;inizio che vorresti vedere sul tuo sito Jimdo. Scegli uno dei modelli predefiniti e regola le impostazioni Torna all&#8217;inizio, aggiungi i tuoi contenuti, modifica il layout e i colori senza alcuna competenza di codifica. Salva il Torna all&#8217;inizio e copia il suo codice di installazione, che potrai includere facilmente nel tuo sito Jimdo senza acquistare un piano a pagamento. Con il nostro editor intuitivo qualsiasi utente di Internet pu\u00f2 creare il widget Torna all&#8217;inizio online e incorporarlo facilmente nel proprio sito Jimdo. Non \u00e8 necessario pagare n\u00e9 inserire le credenziali della carta per accedere al servizio. In caso di problemi in qualsiasi momento, non esitare a contattare il nostro team di supporto tecnico.<\/p> <\/div>\r\n\t\t\t\t\t<\/div>\r\n\t\t\t\t<\/div> <\/div><\/div>","protected":false},"excerpt":{"rendered":"","protected":false},"author":9,"featured_media":0,"parent":2441,"menu_order":0,"comment_status":"closed","ping_status":"closed","template":"templates\/template-application-platform.php","meta":{"publish_to_discourse":"","publish_post_category":"","wpdc_auto_publish_overridden":"","wpdc_topic_tags":"","wpdc_pin_topic":"","wpdc_pin_until":"","discourse_post_id":"","discourse_permalink":"","wpdc_publishing_response":"","wpdc_publishing_error":"","footnotes":""},"class_list":["post-3650","page","type-page","status-publish","hentry"],"yoast_head":"<!-- This site is optimized with the Yoast SEO plugin v25.3.1 - https:\/\/yoast.com\/wordpress\/plugins\/seo\/ -->\n<title>Torna in alto: aggiungi il pulsante Scorri in alto a Jimdo (gratuito e veloce)<\/title>\n<meta name=\"description\" content=\"Implementa senza problemi un widget Torna all&#039;inizio reattivo sul tuo sito Jimdo. Utilizza la nostra demo attiva per modellare il tuo strumento unico in pochi clic.\" \/>\n<meta name=\"robots\" content=\"index, follow, max-snippet:-1, max-image-preview:large, max-video-preview:-1\" \/>\n<link rel=\"canonical\" href=\"https:\/\/elfsight.com\/it\/back-to-top-widget\/jimdo\/\" \/>\n<meta property=\"og:locale\" content=\"it_IT\" \/>\n<meta property=\"og:type\" content=\"article\" \/>\n<meta property=\"og:title\" content=\"Torna in alto: aggiungi il pulsante Scorri in alto a Jimdo (gratuito e veloce)\" \/>\n<meta property=\"og:description\" content=\"Implementa senza problemi un widget Torna all&#039;inizio reattivo sul tuo sito Jimdo. Utilizza la nostra demo attiva per modellare il tuo strumento unico in pochi clic.\" \/>\n<meta property=\"og:url\" content=\"https:\/\/elfsight.com\/it\/back-to-top-widget\/jimdo\/\" \/>\n<meta property=\"og:site_name\" content=\"Elfsight IT\" \/>\n<meta property=\"article:modified_time\" content=\"2024-11-11T11:22:07+00:00\" \/>\n<meta name=\"twitter:card\" content=\"summary_large_image\" \/>\n<meta name=\"twitter:label1\" content=\"Tempo di lettura stimato\" \/>\n\t<meta name=\"twitter:data1\" content=\"3 minuti\" \/>\n<!-- \/ Yoast SEO plugin. -->","yoast_head_json":{"title":"Torna in alto: aggiungi il pulsante Scorri in alto a Jimdo (gratuito e veloce)","description":"Implementa senza problemi un widget Torna all'inizio reattivo sul tuo sito Jimdo. Utilizza la nostra demo attiva per modellare il tuo strumento unico in pochi clic.","robots":{"index":"index","follow":"follow","max-snippet":"max-snippet:-1","max-image-preview":"max-image-preview:large","max-video-preview":"max-video-preview:-1"},"canonical":"https:\/\/elfsight.com\/it\/back-to-top-widget\/jimdo\/","og_locale":"it_IT","og_type":"article","og_title":"Torna in alto: aggiungi il pulsante Scorri in alto a Jimdo (gratuito e veloce)","og_description":"Implementa senza problemi un widget Torna all'inizio reattivo sul tuo sito Jimdo. Utilizza la nostra demo attiva per modellare il tuo strumento unico in pochi clic.","og_url":"https:\/\/elfsight.com\/it\/back-to-top-widget\/jimdo\/","og_site_name":"Elfsight IT","article_modified_time":"2024-11-11T11:22:07+00:00","twitter_card":"summary_large_image","twitter_misc":{"Tempo di lettura stimato":"3 minuti"},"schema":{"@context":"https:\/\/schema.org","@graph":[{"@type":"WebPage","@id":"https:\/\/elfsight.com\/it\/back-to-top-widget\/jimdo\/","url":"https:\/\/elfsight.com\/it\/back-to-top-widget\/jimdo\/","name":"Torna in alto: aggiungi il pulsante Scorri in alto a Jimdo (gratuito e veloce)","isPartOf":{"@id":"https:\/\/elfsight.com\/it\/#website"},"datePublished":"2024-05-03T06:28:47+00:00","dateModified":"2024-11-11T11:22:07+00:00","description":"Implementa senza problemi un widget Torna all'inizio reattivo sul tuo sito Jimdo. Utilizza la nostra demo attiva per modellare il tuo strumento unico in pochi clic.","breadcrumb":{"@id":"https:\/\/elfsight.com\/it\/back-to-top-widget\/jimdo\/#breadcrumb"},"inLanguage":"it-IT","potentialAction":[{"@type":"ReadAction","target":["https:\/\/elfsight.com\/it\/back-to-top-widget\/jimdo\/"]}]},{"@type":"BreadcrumbList","@id":"https:\/\/elfsight.com\/it\/back-to-top-widget\/jimdo\/#breadcrumb","itemListElement":[{"@type":"ListItem","position":1,"name":"Home","item":"https:\/\/elfsight.com\/it\/"},{"@type":"ListItem","position":2,"name":"Back to Top","item":"https:\/\/elfsight.com\/it\/back-to-top-widget\/"},{"@type":"ListItem","position":3,"name":"Back to Top &#8211; Jimdo"}]},{"@type":"WebSite","@id":"https:\/\/elfsight.com\/it\/#website","url":"https:\/\/elfsight.com\/it\/","name":"Elfsight IT","description":"Just another Elfsight Sites site","potentialAction":[{"@type":"SearchAction","target":{"@type":"EntryPoint","urlTemplate":"https:\/\/elfsight.com\/it\/?s={search_term_string}"},"query-input":{"@type":"PropertyValueSpecification","valueRequired":true,"valueName":"search_term_string"}}],"inLanguage":"it-IT"}]}},"meta_box":{"industry":"","seo_heading":"","heading":"","description":"","cta_heading":"","cta_description":"","application":"2440","h1":"Widget Torna all'inizio di Jimdo","h1_caption":"Aggiungi un semplice pulsante Torna all'inizio, migliorando l'esperienza dell'utente consentendo di tornare facilmente all'inizio della pagina nel tuo sito Web iFrame.","application_category":[],"applications_title":"","applications_request_title":"","applications_request_button_text":"","hero_text":"","hero_video":"","hero_video_schema_markup":"","selling_points_title":"","selling_points_caption":"","selling_points":[],"selling_points_cta_text":"","features_title":"","features":"","ed_cta_examples_text":"","ed_cta_examples_hidden":"","ed_cta_demo_text":"","ed_cta_demo_hidden":"","why_caption":"","why_editor_title":"","why_editor_text":"","why_team_title":"","why_team_text":"","why_service_title":"","why_service_text":"","template_catalog_visible":"","template_catalog_title":"","template_catalog_text":"","template_catalog_categories_visible":"","demo_title":"Crea il tuo widget Torna all'inizio","demo_caption":"Configura il tuo Back to Top e aggiungilo gratuitamente al tuo sito Jimdo!","default_faq_hidden":"","app_template_category":[],"platform":"55","template_public_id":"","codecanyon_url":"","codecanyon_item_id":"","codecanyon_price":"","pricing_caption":"","pricing_elfsight_apps_hide_column":"","pricing_elfsight_apps_url":"","pricing_codecanyon_price_caption":"","integration_category":[],"integration_request_title":"","integration_request_cta":"","integration_platform":"","integrations":[],"platform_category":[],"video_schema_markup":"","price":"da $ 0 al mese","trial":"","benefits":[{"text":"Servizio di installazione gratuito"},{"text":"Assistenza clienti con esperienza"},{"text":"Garanzia di rimborso di 14 giorni"},{"text":"Sviluppo continuo"}],"button_url":"#demo","button_target_blank":"","button_nofollow":"","attributes":[{"name":"Installazioni"},{"name":"Reattivo","content":"S\u00cc"},{"name":"Browser compatibili","content":"Firefox, Safari, Opera, Chrome, Edge"}],"tags":[],"tags_disable_links":"","hide_more_platforms":"","video_object":"","demo_hide_cta":"","demo_hide_cloud_options":"","pricing_title":"","pricing":[{"pricing_icon":"platform","pricing_title":"Elfsight Apps","pricing_title_caption":"Versione multipiattaforma","pricing_price":"da $ 0 \/ mese","pricing_price_caption":"inizia con un piano gratuito","pricing_benefits":[{"text":"Siti web illimitati"},{"text":"Assistenza clienti 24 ore su 24, 7 giorni su 7"},{"text":"Aiuto per l'installazione gratuito"},{"text":"100% personalizzabile"}],"pricing_button_text":"Aggiungi al sito web","pricing_button_url":"#demo"}],"related_apps_title":"","related_apps_hidden":"","author":"","image":[],"title":"","job":"","social_networks":[]},"_links":{"self":[{"href":"https:\/\/elfsight.com\/it\/wp-json\/wp\/v2\/pages\/3650","targetHints":{"allow":["GET"]}}],"collection":[{"href":"https:\/\/elfsight.com\/it\/wp-json\/wp\/v2\/pages"}],"about":[{"href":"https:\/\/elfsight.com\/it\/wp-json\/wp\/v2\/types\/page"}],"author":[{"embeddable":true,"href":"https:\/\/elfsight.com\/it\/wp-json\/wp\/v2\/users\/9"}],"replies":[{"embeddable":true,"href":"https:\/\/elfsight.com\/it\/wp-json\/wp\/v2\/comments?post=3650"}],"version-history":[{"count":1,"href":"https:\/\/elfsight.com\/it\/wp-json\/wp\/v2\/pages\/3650\/revisions"}],"predecessor-version":[{"id":3654,"href":"https:\/\/elfsight.com\/it\/wp-json\/wp\/v2\/pages\/3650\/revisions\/3654"}],"up":[{"embeddable":true,"href":"https:\/\/elfsight.com\/it\/wp-json\/wp\/v2\/pages\/2441"}],"wp:attachment":[{"href":"https:\/\/elfsight.com\/it\/wp-json\/wp\/v2\/media?parent=3650"}],"curies":[{"name":"wp","href":"https:\/\/api.w.org\/{rel}","templated":true}]}}