{"id":3645,"date":"2024-05-03T06:28:46","date_gmt":"2024-05-03T06:28:46","guid":{"rendered":"https:\/\/elfsight.com\/it\/?page_id=3645"},"modified":"2025-03-14T11:21:09","modified_gmt":"2025-03-14T11:21:09","slug":"blogger","status":"publish","type":"page","link":"https:\/\/elfsight.com\/it\/audio-player-widget\/blogger\/","title":{"rendered":"Audio Player &#8211; Blogger"},"content":{"rendered":"\n<div class=\"application-platform-content-item-description application-platform-content-item\" id=\"description\" data-nav-section=\"description\"> <h2>Descrizione<\/h2> <p>Elfsight Audio Player \u00e8 un semplice widget per i siti Blogger che ti d\u00e0 l&#8217;opportunit\u00e0 di eseguire lo streaming di tracce audio direttamente sul tuo luogo. Lo strumento \u00e8 estremamente personalizzabile: puoi modificarne la posizione, posizionandolo in qualsiasi punto della pagina, ridimensionarne le dimensioni, modificare lo sfondo e tutte le altre parti per combinarlo con il design del tuo sito, utilizzare il tema scuro, visualizzare immagini e visualizzare o nascondi altri 4 dettagli del giocatore come la barra di avanzamento, l&#8217;intestazione e altri. Includi tutte le tracce che desideri per deliziare i tuoi utenti, attiva l&#8217;opzione di riproduzione automatica e non esitare: i tuoi visitatori non lasceranno la tua pagina web in fretta!<\/p><p><b>Ottieni il meglio da Widget Elfsight Music per raggiungere i tuoi obiettivi di e-commerce in modo pi\u00f9 efficiente!<\/b><\/p> <\/div> <div class=\"application-platform-content-item-features application-platform-content-item\" id=\"features\" data-nav-section=\"features\"> <h2>Queste sono solo alcune delle preziose funzionalit\u00e0 del widget:<\/h2> <ul><li>Numerose varianti di colore<\/li> <li>Tema colore scuro\/chiaro<\/li> <li>Design reattivo<\/li> <li>Due layout pronti per l&#8217;uso<\/li> <li>Possibilit\u00e0 per aggiungere un&#8217;immagine di sfondo<\/li> <\/ul><p><a href=\"#demo\">Puoi verificare tutte le funzionalit\u00e0 del widget nella demo in questa pagina<\/a><\/p> <\/div> <div class=\"application-platform-content-item-installation application-platform-content-item\" id=\"installation\" data-nav-section=\"installation\"> <h2>Come posso aggiungere Elfsight Music Player al mio sito web Blogger?<\/h2> <div class=\"video-container\"><iframe width=\"560\" height=\"315\" src=\"https:\/\/www.youtube.com\/embed\/ZZxJiM2rCf4?si=8dIeROSXaYdoVhzv\" frameborder=\"0\" allow=\"accelerometer; autoplay; clipboard-write; encrypted-media; gyroscope; picture-in-picture; web-share\" allowfullscreen><\/iframe><\/div><p>Segui semplicemente i passaggi descritti di seguito per incorporare il widget. <\/p> <ol><li><b>Utilizza la nostra demo gratuita e inizia a creare il tuo widget personalizzato.<\/b><br> Specifica l&#8217;aspetto e gli aspetti desiderati dello strumento e salva le correzioni.<\/li> <li><b>Acquisisci il codice personale che appare nell&#8217;apposito modulo sulle App Elfsight<\/b><br> Una volta terminata la generazione del tuo strumento personale, copia il codice esclusivo dalla finestra visualizzata e conservalo per un utilizzo successivo. <\/li> <li><b>Inizia a utilizzare il widget Audio sulla home page di Blogger<\/b><br> Inserisci il codice salvato in precedenza nella tua pagina e applica le modifiche.<\/li> <li><b> L&#8217;installazione \u00e8 terminata con successo<\/b><br> Vai al tuo sito web per verificare il funzionamento del widget.<\/li> <\/ol> <p>Se hai domande o incontri qualche difficolt\u00e0, non esitare a contattare il nostro team di supporto. Il nostro personale sar\u00e0 felice di risolvere tutti i problemi che potresti avere sullo strumento. <\/p> <\/div>\n","protected":false},"excerpt":{"rendered":"","protected":false},"author":9,"featured_media":0,"parent":1809,"menu_order":0,"comment_status":"closed","ping_status":"closed","template":"templates\/template-application-platform.php","meta":{"publish_to_discourse":"","publish_post_category":"","wpdc_auto_publish_overridden":"","wpdc_topic_tags":"","wpdc_pin_topic":"","wpdc_pin_until":"","discourse_post_id":"","discourse_permalink":"","wpdc_publishing_response":"","wpdc_publishing_error":"","footnotes":""},"class_list":["post-3645","page","type-page","status-publish","hentry"],"yoast_head":"<!-- This site is optimized with the Yoast SEO plugin v25.3.1 - https:\/\/yoast.com\/wordpress\/plugins\/seo\/ -->\n<title>Lettore musicale: aggiungi widget audio al sito Web di Blogger (veloce e gratuito)<\/title>\n<meta name=\"description\" content=\"Implementa un lettore audio reattivo nel tuo sito Blogger. Utilizza l&#039;utile demo e crea il tuo widget musicale personalizzato in soli 2 minuti.\" \/>\n<meta name=\"robots\" content=\"index, follow, max-snippet:-1, max-image-preview:large, max-video-preview:-1\" \/>\n<link rel=\"canonical\" href=\"https:\/\/elfsight.com\/it\/audio-player-widget\/blogger\/\" \/>\n<meta property=\"og:locale\" content=\"it_IT\" \/>\n<meta property=\"og:type\" content=\"article\" \/>\n<meta property=\"og:title\" content=\"Lettore musicale: aggiungi widget audio al sito Web di Blogger (veloce e gratuito)\" \/>\n<meta property=\"og:description\" content=\"Implementa un lettore audio reattivo nel tuo sito Blogger. Utilizza l&#039;utile demo e crea il tuo widget musicale personalizzato in soli 2 minuti.\" \/>\n<meta property=\"og:url\" content=\"https:\/\/elfsight.com\/it\/audio-player-widget\/blogger\/\" \/>\n<meta property=\"og:site_name\" content=\"Elfsight IT\" \/>\n<meta property=\"article:modified_time\" content=\"2025-03-14T11:21:09+00:00\" \/>\n<meta name=\"twitter:card\" content=\"summary_large_image\" \/>\n<meta name=\"twitter:label1\" content=\"Tempo di lettura stimato\" \/>\n\t<meta name=\"twitter:data1\" content=\"2 minuti\" \/>\n<!-- \/ Yoast SEO plugin. -->","yoast_head_json":{"title":"Lettore musicale: aggiungi widget audio al sito Web di Blogger (veloce e gratuito)","description":"Implementa un lettore audio reattivo nel tuo sito Blogger. Utilizza l'utile demo e crea il tuo widget musicale personalizzato in soli 2 minuti.","robots":{"index":"index","follow":"follow","max-snippet":"max-snippet:-1","max-image-preview":"max-image-preview:large","max-video-preview":"max-video-preview:-1"},"canonical":"https:\/\/elfsight.com\/it\/audio-player-widget\/blogger\/","og_locale":"it_IT","og_type":"article","og_title":"Lettore musicale: aggiungi widget audio al sito Web di Blogger (veloce e gratuito)","og_description":"Implementa un lettore audio reattivo nel tuo sito Blogger. Utilizza l'utile demo e crea il tuo widget musicale personalizzato in soli 2 minuti.","og_url":"https:\/\/elfsight.com\/it\/audio-player-widget\/blogger\/","og_site_name":"Elfsight IT","article_modified_time":"2025-03-14T11:21:09+00:00","twitter_card":"summary_large_image","twitter_misc":{"Tempo di lettura stimato":"2 minuti"},"schema":{"@context":"https:\/\/schema.org","@graph":[{"@type":"WebPage","@id":"https:\/\/elfsight.com\/it\/audio-player-widget\/blogger\/","url":"https:\/\/elfsight.com\/it\/audio-player-widget\/blogger\/","name":"Lettore musicale: aggiungi widget audio al sito Web di Blogger (veloce e gratuito)","isPartOf":{"@id":"https:\/\/elfsight.com\/it\/#website"},"datePublished":"2024-05-03T06:28:46+00:00","dateModified":"2025-03-14T11:21:09+00:00","description":"Implementa un lettore audio reattivo nel tuo sito Blogger. Utilizza l'utile demo e crea il tuo widget musicale personalizzato in soli 2 minuti.","breadcrumb":{"@id":"https:\/\/elfsight.com\/it\/audio-player-widget\/blogger\/#breadcrumb"},"inLanguage":"it-IT","potentialAction":[{"@type":"ReadAction","target":["https:\/\/elfsight.com\/it\/audio-player-widget\/blogger\/"]}]},{"@type":"BreadcrumbList","@id":"https:\/\/elfsight.com\/it\/audio-player-widget\/blogger\/#breadcrumb","itemListElement":[{"@type":"ListItem","position":1,"name":"Home","item":"https:\/\/elfsight.com\/it\/"},{"@type":"ListItem","position":2,"name":"Audio Player","item":"https:\/\/elfsight.com\/it\/audio-player-widget\/"},{"@type":"ListItem","position":3,"name":"Audio Player &#8211; Blogger"}]},{"@type":"WebSite","@id":"https:\/\/elfsight.com\/it\/#website","url":"https:\/\/elfsight.com\/it\/","name":"Elfsight IT","description":"Just another Elfsight Sites site","potentialAction":[{"@type":"SearchAction","target":{"@type":"EntryPoint","urlTemplate":"https:\/\/elfsight.com\/it\/?s={search_term_string}"},"query-input":{"@type":"PropertyValueSpecification","valueRequired":true,"valueName":"search_term_string"}}],"inLanguage":"it-IT"}]}},"meta_box":{"industry":"","seo_heading":"","heading":"","description":"","cta_heading":"","cta_description":"","application":"1808","h1":"Widget del lettore audio di Blogger","h1_caption":"Aggiungi e mostra le tracce audio direttamente sul tuo sito web con un lettore elegante e personalizzabile nel tuo sito web BigCommerce senza sforzo.","application_category":[],"applications_title":"","applications_request_title":"","applications_request_button_text":"","hero_text":"","hero_video":"","hero_video_schema_markup":"","selling_points_title":"","selling_points_caption":"","selling_points":[],"selling_points_cta_text":"","features_title":"","features":"","ed_cta_examples_text":"","ed_cta_examples_hidden":"","ed_cta_demo_text":"","ed_cta_demo_hidden":"","why_caption":"","why_editor_title":"","why_editor_text":"","why_team_title":"","why_team_text":"","why_service_title":"","why_service_text":"","template_catalog_visible":"0","template_catalog_title":"","template_catalog_text":"","template_catalog_categories_visible":"","demo_title":"Crea il tuo widget Lettore audio","demo_caption":"Configura il tuo lettore audio e aggiungilo gratuitamente al tuo sito Blogger!","default_faq_hidden":"","app_template_category":[],"platform":"33","template_public_id":"","codecanyon_url":"","codecanyon_item_id":"","codecanyon_price":"","pricing_caption":"","pricing_elfsight_apps_hide_column":"","pricing_elfsight_apps_url":"","pricing_codecanyon_price_caption":"","integration_category":[],"integration_request_title":"","integration_request_cta":"","integration_platform":"","integrations":[],"platform_category":[],"video_schema_markup":"","price":"da $ 0 al mese","trial":"","benefits":[{"text":"Assistenza gratuita per l'installazione"},{"text":"Servizio clienti competente"},{"text":"Garanzia di rimborso di 14 giorni"},{"text":"Aggiornamenti continui"}],"button_url":"#demo","button_target_blank":"0","button_nofollow":"0","attributes":[{"name":"Installazioni"},{"name":"Reattivo","content":"S\u00cc"},{"name":"Browser compatibili","content":"Firefox, Safari, Opera, Chrome, Edge"}],"tags":[],"tags_disable_links":"0","hide_more_platforms":"0","video_object":"","demo_hide_cta":"0","demo_hide_cloud_options":"0","pricing_title":"","pricing":[{"pricing_icon":"platform","pricing_title":"Elfsight Apps","pricing_title_caption":"Software multipiattaforma che funziona su qualsiasi sito web","pricing_price":"da $ 0 \/ mese","pricing_price_caption":"inizia con un piano gratuito","pricing_benefits":[{"text":"Domini illimitati"},{"text":"Supporto professionale e puntuale e ben documentato"},{"text":"Supporto per l'installazione senza costi"},{"text":"Completamente personalizzabile"}],"pricing_button_text":"Aggiungi al sito web","pricing_button_url":"#demo"}],"related_apps_title":"","related_apps_hidden":"0","author":"","image":[],"title":"","job":"","social_networks":[]},"_links":{"self":[{"href":"https:\/\/elfsight.com\/it\/wp-json\/wp\/v2\/pages\/3645","targetHints":{"allow":["GET"]}}],"collection":[{"href":"https:\/\/elfsight.com\/it\/wp-json\/wp\/v2\/pages"}],"about":[{"href":"https:\/\/elfsight.com\/it\/wp-json\/wp\/v2\/types\/page"}],"author":[{"embeddable":true,"href":"https:\/\/elfsight.com\/it\/wp-json\/wp\/v2\/users\/9"}],"replies":[{"embeddable":true,"href":"https:\/\/elfsight.com\/it\/wp-json\/wp\/v2\/comments?post=3645"}],"version-history":[{"count":3,"href":"https:\/\/elfsight.com\/it\/wp-json\/wp\/v2\/pages\/3645\/revisions"}],"predecessor-version":[{"id":8757,"href":"https:\/\/elfsight.com\/it\/wp-json\/wp\/v2\/pages\/3645\/revisions\/8757"}],"up":[{"embeddable":true,"href":"https:\/\/elfsight.com\/it\/wp-json\/wp\/v2\/pages\/1809"}],"wp:attachment":[{"href":"https:\/\/elfsight.com\/it\/wp-json\/wp\/v2\/media?parent=3645"}],"curies":[{"name":"wp","href":"https:\/\/api.w.org\/{rel}","templated":true}]}}