{"id":3629,"date":"2024-05-03T06:28:38","date_gmt":"2024-05-03T06:28:38","guid":{"rendered":"https:\/\/elfsight.com\/it\/?page_id=3629"},"modified":"2025-03-14T11:31:26","modified_gmt":"2025-03-14T11:31:26","slug":"html","status":"publish","type":"page","link":"https:\/\/elfsight.com\/it\/audio-player-widget\/html\/","title":{"rendered":"Audio Player &#8211; HTML"},"content":{"rendered":"\n<div class=\"application-platform-content-item-description application-platform-content-item\" id=\"description\" data-nav-section=\"description\"> <h2>Descrizione<\/h2> <p>Elfsight Music Player con playlist \u00e8 uno strumento semplice per siti Web HTML che ti offre l&#8217;opportunit\u00e0 di riprodurre direttamente le tracce audio sulle pagine. Il widget \u00e8 notevolmente modificabile: puoi cambiarne la posizione, impostandolo in qualsiasi punto della pagina, alterarne le dimensioni, ridipingere lo sfondo e altri elementi per integrarlo con il layout del tuo sito, utilizzare il tema scuro, rivelare copertine e mostrare o nascondere quattro lettori aggiuntivi componenti come barra di avanzamento, titolo e molti altri. Carica tutte le tracce che desideri per coinvolgere il tuo pubblico, attiva la riproduzione automatica e non esitare: il tuo pubblico non abbandoner\u00e0 immediatamente il tuo sito!<\/p><p><b>Rendi il tuo sito pi\u00f9 efficace per i tuoi obiettivi di business con l&#8217;aiuto del lettore audio Elfsight personalizzato<\/b><\/p> <\/div> <div class=\"application-platform-content-item-features application-platform-content-item\" id=\"features\" data-nav-section=\"features\"> <h2>Le funzionalit\u00e0 essenziali del widget musicale contengono<\/h2> <ul><li>Varie varianti di colore <\/li> <li>Combinazione colori scuri\/chiari<\/li> <li>Design reattivo<\/li> <li>2 layout applicabili<\/li> <li>Un&#8217;opportunit\u00e0 per aggiungere un&#8217;immagine di sfondo<\/li> <\/ul><p><a href=\"#demo\">Puoi provare tutte le funzionalit\u00e0 del widget nella demo proprio qui<\/a><\/p> <\/div> <div class=\"application-platform-content-item-installation application-platform-content-item\" id=\"installation\" data-nav-section=\"installation\"> <h2>Come incorporare il codice del lettore audio nel mio sito Web HTML?<\/h2><div class=\"video-container\"><iframe width=\"560\" height=\"315\" src=\"https:\/\/www.youtube.com\/embed\/QMvtw1fdz04?si=s2wU8TTSqUb4m3_Z\" frameborder=\"0\" allow=\"accelerometer; autoplay; clipboard-write; encrypted-media; gyroscope; picture-in-picture; web-share\" allowfullscreen><\/iframe><\/div><p>Basta seguire un paio di passaggi descritti di seguito per aggiungere il widget musicale, lettore audio HTML con playlist.<\/p> <ol><li><b>Gestisci la nostra demo gratuita e inizia a dare forma al tuo modello personalizzato.<\/b><br> Scegli il modulo personalizzato e le caratteristiche del widget e salva le modifiche. <\/li> <li><b>Acquisisci il codice personale esposto nell&#8217;apposito form sulle App Elfsight.<\/b><br> Una volta completata la creazione del tuo template musicale, copia il codice individuale nel popup che appare e conserva per un utilizzo futuro.<\/li> <li><b>Inizia a utilizzare il widget sul tuo sito HTML.<\/b><br> Incorpora il codice del lettore musicale salvato di recente nella tua pagina e applica i miglioramenti. <\/li> <li><b>L&#8217;installazione \u00e8 stata completata con successo.<\/b><br> Vai al tuo sito per dare un&#8217;occhiata alle prestazioni del widget. <\/li> <\/ol> <p>Se incontri domande o affronti problemi, non esitare a metterti in contatto con il nostro team di supporto. Il nostro personale sar\u00e0 entusiasta di risolvere tutti i problemi che potresti avere sul plugin. <\/p> <\/div><div class=\"faq\" data-component=\"FAQ\"><div class=\"faq-item\">\r\n\t\t\t\t\t<div class=\"faq-item-question\">\r\n\t\t\t\t\t\t<h3 class=\"faq-item-question-text\">Come posso aggiungere un lettore audio al sito HTML?<\/h3>\r\n\r\n\t\t\t\t\t\t<div class=\"faq-item-question-icon\"><\/div>\r\n\t\t\t\t\t<\/div>\r\n\r\n\t\t\t\t\t<div class=\"faq-item-answer\">\r\n\t\t\t\t\t\t<div class=\"faq-item-answer-text\"><p>La costruzione del widget avviene su le pagine Elfsight e non \u00e8 necessario scrivere codice. Apri la demo attiva per personalizzare il tuo widget personale, ottieni il codice e inseriscilo nel tuo sito. <\/p><\/div>\r\n\t\t\t\t\t<\/div>\r\n\t\t\t\t<\/div><div class=\"faq-item\">\r\n\t\t\t\t\t<div class=\"faq-item-question\">\r\n\t\t\t\t\t\t<h3 class=\"faq-item-question-text\">I modi migliori per utilizzare l'integrazione del Player<\/h3>\r\n\r\n\t\t\t\t\t\t<div class=\"faq-item-question-icon\"><\/div>\r\n\t\t\t\t\t<\/div>\r\n\r\n\t\t\t\t\t<div class=\"faq-item-answer\">\r\n\t\t\t\t\t\t<div class=\"faq-item-answer-text\"><p>Ti forniremo una miriade di opzioni di personalizzazione: widget a lunghezza intera da inserire nel sezione contenuti, plugin mobili con opportunit\u00e0 di scorrimento, layout per pi\u00e8 di pagina, sezione testa e tutte le varianti delle possibilit\u00e0 verticali per barre laterali e menu. <\/p><\/div>\r\n\t\t\t\t\t<\/div>\r\n\t\t\t\t<\/div><div class=\"faq-item\">\r\n\t\t\t\t\t<div class=\"faq-item-question\">\r\n\t\t\t\t\t\t<h3 class=\"faq-item-question-text\">Esiste un'opzione per creare una traccia singola o un lettore di meditazione con l'aiuto dell'editor?<\/h3>\r\n\r\n\t\t\t\t\t\t<div class=\"faq-item-question-icon\"><\/div>\r\n\t\t\t\t\t<\/div>\r\n\r\n\t\t\t\t\t<div class=\"faq-item-answer\">\r\n\t\t\t\t\t\t<div class=\"faq-item-answer-text\"><p>Sei libero di apportare qualsiasi modifica al widget. Ci sono molti layout disponibili nell&#8217;editor e tutti possono essere rapidamente personalizzati nel modo desiderato. <\/p><\/div>\r\n\t\t\t\t\t<\/div>\r\n\t\t\t\t<\/div><\/div>\n","protected":false},"excerpt":{"rendered":"","protected":false},"author":9,"featured_media":0,"parent":1809,"menu_order":0,"comment_status":"closed","ping_status":"closed","template":"templates\/template-application-platform.php","meta":{"publish_to_discourse":"","publish_post_category":"","wpdc_auto_publish_overridden":"","wpdc_topic_tags":"","wpdc_pin_topic":"","wpdc_pin_until":"","discourse_post_id":"","discourse_permalink":"","wpdc_publishing_response":"","wpdc_publishing_error":"","footnotes":""},"class_list":["post-3629","page","type-page","status-publish","hentry"],"yoast_head":"<!-- This site is optimized with the Yoast SEO plugin v25.3.1 - https:\/\/yoast.com\/wordpress\/plugins\/seo\/ -->\n<title>Lettore audio: codice del lettore musicale per sito Web HTML (veloce e gratuito)<\/title>\n<meta name=\"description\" content=\"Aggiungi un codice flessibile del lettore audio alla tua pagina web HTML. Utilizza la demo gestibile e crea il tuo widget musicale unico in appena un paio di minuti.\" \/>\n<meta name=\"robots\" content=\"index, follow, max-snippet:-1, max-image-preview:large, max-video-preview:-1\" \/>\n<link rel=\"canonical\" href=\"https:\/\/elfsight.com\/it\/audio-player-widget\/html\/\" \/>\n<meta property=\"og:locale\" content=\"it_IT\" \/>\n<meta property=\"og:type\" content=\"article\" \/>\n<meta property=\"og:title\" content=\"Lettore audio: codice del lettore musicale per sito Web HTML (veloce e gratuito)\" \/>\n<meta property=\"og:description\" content=\"Aggiungi un codice flessibile del lettore audio alla tua pagina web HTML. Utilizza la demo gestibile e crea il tuo widget musicale unico in appena un paio di minuti.\" \/>\n<meta property=\"og:url\" content=\"https:\/\/elfsight.com\/it\/audio-player-widget\/html\/\" \/>\n<meta property=\"og:site_name\" content=\"Elfsight IT\" \/>\n<meta property=\"article:modified_time\" content=\"2025-03-14T11:31:26+00:00\" \/>\n<meta name=\"twitter:card\" content=\"summary_large_image\" \/>\n<meta name=\"twitter:label1\" content=\"Tempo di lettura stimato\" \/>\n\t<meta name=\"twitter:data1\" content=\"3 minuti\" \/>\n<!-- \/ Yoast SEO plugin. -->","yoast_head_json":{"title":"Lettore audio: codice del lettore musicale per sito Web HTML (veloce e gratuito)","description":"Aggiungi un codice flessibile del lettore audio alla tua pagina web HTML. Utilizza la demo gestibile e crea il tuo widget musicale unico in appena un paio di minuti.","robots":{"index":"index","follow":"follow","max-snippet":"max-snippet:-1","max-image-preview":"max-image-preview:large","max-video-preview":"max-video-preview:-1"},"canonical":"https:\/\/elfsight.com\/it\/audio-player-widget\/html\/","og_locale":"it_IT","og_type":"article","og_title":"Lettore audio: codice del lettore musicale per sito Web HTML (veloce e gratuito)","og_description":"Aggiungi un codice flessibile del lettore audio alla tua pagina web HTML. Utilizza la demo gestibile e crea il tuo widget musicale unico in appena un paio di minuti.","og_url":"https:\/\/elfsight.com\/it\/audio-player-widget\/html\/","og_site_name":"Elfsight IT","article_modified_time":"2025-03-14T11:31:26+00:00","twitter_card":"summary_large_image","twitter_misc":{"Tempo di lettura stimato":"3 minuti"},"schema":{"@context":"https:\/\/schema.org","@graph":[{"@type":"WebPage","@id":"https:\/\/elfsight.com\/it\/audio-player-widget\/html\/","url":"https:\/\/elfsight.com\/it\/audio-player-widget\/html\/","name":"Lettore audio: codice del lettore musicale per sito Web HTML (veloce e gratuito)","isPartOf":{"@id":"https:\/\/elfsight.com\/it\/#website"},"datePublished":"2024-05-03T06:28:38+00:00","dateModified":"2025-03-14T11:31:26+00:00","description":"Aggiungi un codice flessibile del lettore audio alla tua pagina web HTML. Utilizza la demo gestibile e crea il tuo widget musicale unico in appena un paio di minuti.","breadcrumb":{"@id":"https:\/\/elfsight.com\/it\/audio-player-widget\/html\/#breadcrumb"},"inLanguage":"it-IT","potentialAction":[{"@type":"ReadAction","target":["https:\/\/elfsight.com\/it\/audio-player-widget\/html\/"]}]},{"@type":"BreadcrumbList","@id":"https:\/\/elfsight.com\/it\/audio-player-widget\/html\/#breadcrumb","itemListElement":[{"@type":"ListItem","position":1,"name":"Home","item":"https:\/\/elfsight.com\/it\/"},{"@type":"ListItem","position":2,"name":"Audio Player","item":"https:\/\/elfsight.com\/it\/audio-player-widget\/"},{"@type":"ListItem","position":3,"name":"Audio Player &#8211; HTML"}]},{"@type":"WebSite","@id":"https:\/\/elfsight.com\/it\/#website","url":"https:\/\/elfsight.com\/it\/","name":"Elfsight IT","description":"Just another Elfsight Sites site","potentialAction":[{"@type":"SearchAction","target":{"@type":"EntryPoint","urlTemplate":"https:\/\/elfsight.com\/it\/?s={search_term_string}"},"query-input":{"@type":"PropertyValueSpecification","valueRequired":true,"valueName":"search_term_string"}}],"inLanguage":"it-IT"}]}},"meta_box":{"industry":"","seo_heading":"","heading":"","description":"","cta_heading":"","cta_description":"","application":"1808","h1":"Widget del lettore audio HTML","h1_caption":"Aggiungi e mostra le tracce audio direttamente sul tuo sito web con un player elegante e personalizzabile nei tuoi siti Google senza sforzo.","application_category":[],"applications_title":"","applications_request_title":"","applications_request_button_text":"","hero_text":"","hero_video":"","hero_video_schema_markup":"","selling_points_title":"","selling_points_caption":"","selling_points":[],"selling_points_cta_text":"","features_title":"","features":"","ed_cta_examples_text":"","ed_cta_examples_hidden":"","ed_cta_demo_text":"","ed_cta_demo_hidden":"","why_caption":"","why_editor_title":"","why_editor_text":"","why_team_title":"","why_team_text":"","why_service_title":"","why_service_text":"","template_catalog_visible":"0","template_catalog_title":"","template_catalog_text":"","template_catalog_categories_visible":"","demo_title":"Crea il tuo widget Lettore audio","demo_caption":"Configura il tuo lettore audio e aggiungilo gratuitamente al tuo sito Web HTML!","default_faq_hidden":"","app_template_category":[],"platform":"35","template_public_id":"","codecanyon_url":"","codecanyon_item_id":"","codecanyon_price":"","pricing_caption":"","pricing_elfsight_apps_hide_column":"","pricing_elfsight_apps_url":"","pricing_codecanyon_price_caption":"","integration_category":[],"integration_request_title":"","integration_request_cta":"","integration_platform":"","integrations":[],"platform_category":[],"video_schema_markup":"","price":"da $ 0 al mese","trial":"","benefits":[{"text":"Aiuto per l'installazione gratuito"},{"text":"Servizio clienti competente"},{"text":"Garanzia di rimborso di 14 giorni"},{"text":"Miglioramenti a vita"}],"button_url":"#demo","button_target_blank":"0","button_nofollow":"0","attributes":[{"name":"Installazioni"},{"name":"Reattivo","content":"S\u00cc"},{"name":"Browser compatibili","content":"Firefox, Safari, Opera, Chrome, Edge"}],"tags":[],"tags_disable_links":"0","hide_more_platforms":"0","video_object":"","demo_hide_cta":"0","demo_hide_cloud_options":"0","pricing_title":"","pricing":[{"pricing_icon":"platform","pricing_title":"Elfsight Apps","pricing_title_caption":"Software multipiattaforma","pricing_price":"da $ 0 \/ mese","pricing_price_caption":"inizia con il piano gratuito","pricing_benefits":[{"text":"Siti web illimitati"},{"text":"Assistenza clienti 24 ore su 24, 7 giorni su 7"},{"text":"Servizio di installazione gratuito"},{"text":"Offerta a tempo limitato per pi\u00f9 app"}],"pricing_button_text":"Aggiungi al sito web","pricing_button_url":"#demo"}],"related_apps_title":"","related_apps_hidden":"0","author":"","image":[],"title":"","job":"","social_networks":[]},"_links":{"self":[{"href":"https:\/\/elfsight.com\/it\/wp-json\/wp\/v2\/pages\/3629","targetHints":{"allow":["GET"]}}],"collection":[{"href":"https:\/\/elfsight.com\/it\/wp-json\/wp\/v2\/pages"}],"about":[{"href":"https:\/\/elfsight.com\/it\/wp-json\/wp\/v2\/types\/page"}],"author":[{"embeddable":true,"href":"https:\/\/elfsight.com\/it\/wp-json\/wp\/v2\/users\/9"}],"replies":[{"embeddable":true,"href":"https:\/\/elfsight.com\/it\/wp-json\/wp\/v2\/comments?post=3629"}],"version-history":[{"count":3,"href":"https:\/\/elfsight.com\/it\/wp-json\/wp\/v2\/pages\/3629\/revisions"}],"predecessor-version":[{"id":8764,"href":"https:\/\/elfsight.com\/it\/wp-json\/wp\/v2\/pages\/3629\/revisions\/8764"}],"up":[{"embeddable":true,"href":"https:\/\/elfsight.com\/it\/wp-json\/wp\/v2\/pages\/1809"}],"wp:attachment":[{"href":"https:\/\/elfsight.com\/it\/wp-json\/wp\/v2\/media?parent=3629"}],"curies":[{"name":"wp","href":"https:\/\/api.w.org\/{rel}","templated":true}]}}