{"id":3621,"date":"2024-05-03T06:28:34","date_gmt":"2024-05-03T06:28:34","guid":{"rendered":"https:\/\/elfsight.com\/it\/?page_id=3621"},"modified":"2025-03-14T11:37:37","modified_gmt":"2025-03-14T11:37:37","slug":"squarespace","status":"publish","type":"page","link":"https:\/\/elfsight.com\/it\/audio-player-widget\/squarespace\/","title":{"rendered":"Audio Player &#8211; Squarespace"},"content":{"rendered":"\n<div class=\"application-platform-content-item-description application-platform-content-item\" id=\"description\" data-nav-section=\"description\"> <h2>Incorpora Audio Player su Squarespace con il widget Elfsight<\/h2> <p>Elfsight Audio Player \u00e8 un plugin personalizzato per i siti web Squarespace che ti consente di riprodurre tracce audio sul tuo sito web. Lo strumento \u00e8 totalmente regolabile: puoi modificare la sua posizione, impostandolo in qualsiasi punto della pagina, modificarne le dimensioni, modificare lo sfondo e tutti gli altri elementi per mescolarlo con lo stile del tuo sito, applicare un tema scuro, mostrare copertine e mostrare o nascondere 4 parti aggiuntive del giocatore, ad esempio barra di avanzamento, titolo e altro. Puoi caricare tutte le tracce che desideri per deliziare i tuoi utenti, attiva l&#8217;opzione di riproduzione automatica e stai sicuro: i tuoi visitatori non lasceranno la tua home page in fretta!<\/p> <p><b>Rendi il tuo sito web pi\u00f9 efficace per attivit\u00e0 aziendali con l&#8217;aiuto del plugin Elfsight Music<\/b><\/p> <div class=\"faq\" data-component=\"FAQ\"> <div class=\"faq-item\">\r\n\t\t\t\t\t<div class=\"faq-item-question\">\r\n\t\t\t\t\t\t<h3 class=\"faq-item-question-text\">Quali altri widget per Squarespace hai? <\/h3>\r\n\r\n\t\t\t\t\t\t<div class=\"faq-item-question-icon\"><\/div>\r\n\t\t\t\t\t<\/div>\r\n\r\n\t\t\t\t\t<div class=\"faq-item-answer\">\r\n\t\t\t\t\t\t<div class=\"faq-item-answer-text\"> <p>Sei libero di utilizzare tantissime app per qualsiasi scopo sul tuo sito indipendentemente dalla tua attivit\u00e0. Ad esempio, i proprietari di siti web di e-commerce sono invitati a utilizzare le nostre <a href=\"https:\/\/elfsight.com\/google-reviews-widget\/squarespace\/\">Google Recensioni<\/a>, <a href=\"https:\/\/elfsight.com\/countdown-timer-widget\/squarespace\/\">Conto alla rovescia<\/a> e <a href=\"https:\/\/elfsight.com\/qr-code-widget\/squarespace\/\">Codice QR<\/a> per molteplici compiti. E ci sono anche <a href=\"https:\/\/elfsight.com\/whatsapp-chat-widget\/squarespace\/\">Chat di WhatsApp<\/a> e <a href=\"https:\/\/elfsight.com\/event-calendar-widget\/squarespace\/\">Calendario eventi<\/a>.<\/p> <\/div>\r\n\t\t\t\t\t<\/div>\r\n\t\t\t\t<\/div> <div class=\"faq-item\">\r\n\t\t\t\t\t<div class=\"faq-item-question\">\r\n\t\t\t\t\t\t<h3 class=\"faq-item-question-text\">In che modo incorporo il plug-in Music Player nel mio sito web Squarespace<\/h3>\r\n\r\n\t\t\t\t\t\t<div class=\"faq-item-question-icon\"><\/div>\r\n\t\t\t\t\t<\/div>\r\n\r\n\t\t\t\t\t<div class=\"faq-item-answer\">\r\n\t\t\t\t\t\t<div class=\"faq-item-answer-text\"> <p>Puoi aggiungere il Plugin del lettore musicale sul tuo sito web Squarespace semplicemente accedendo al pannello di amministrazione ed eseguendo le seguenti azioni: <\/p><ol><li>Seleziona le impostazioni del tema. <\/li><li>Seleziona l&#8217;elemento su cui desideri integrare il plugin Squarespace. <\/li><li>Incolla il tuo codice da Elfsight Apps e salva le modifiche. <\/li><li>Semplice. <\/li><\/ol><p>E non dimenticare di consultare la nostra guida dettagliata all&#8217;installazione <a href=\"https:\/\/elfsight.com\/tutorials\/how-to-embed-audio-player-on-any-website\/#how-to-add-music-player-to-squarespace\">qui<\/a>.<\/p><\/div>\r\n\t\t\t\t\t<\/div>\r\n\t\t\t\t<\/div> <div class=\"faq-item\">\r\n\t\t\t\t\t<div class=\"faq-item-question\">\r\n\t\t\t\t\t\t<h3 class=\"faq-item-question-text\">Posso vedere il tuo plug-in Squarespace Music Player in mano?<\/h3>\r\n\r\n\t\t\t\t\t\t<div class=\"faq-item-question-icon\"><\/div>\r\n\t\t\t\t\t<\/div>\r\n\r\n\t\t\t\t\t<div class=\"faq-item-answer\">\r\n\t\t\t\t\t\t<div class=\"faq-item-answer-text\"> <p>S\u00ec, ed \u00e8 davvero facile da fare poich\u00e9 c&#8217;\u00e8 una <a href=\"https:\/\/elfsight.com\/audio-player-widget\/#demo\">demo<\/a> dal vivo a tua disposizione! Tieni presente che puoi usarlo anche per aggiungere il lettore musicale al tuo sito web Squarespace!<\/p><\/div>\r\n\t\t\t\t\t<\/div>\r\n\t\t\t\t<\/div> <\/div><\/div> <div class=\"application-platform-content-item-features application-platform-content-item\" id=\"features\" data-nav-section=\"features\"> <h2>Il widget include pratiche e funzionalit\u00e0 veloci, guardane alcune:<\/h2> <ul><li>Numerose varianti di colore<\/li> <li>Combinazione di colori scuri\/chiari<\/li> <li>Design reattivo<\/li> <li> Due layout pronti per l&#8217;uso<\/li> <li>Un&#8217;opportunit\u00e0 per aggiungere un&#8217;immagine di sfondo<\/li> <\/ul><p><a href=\"#demo\">Esplora tutte le funzionalit\u00e0 di personalizzazione nella demo funzionale al 100%<\/a><\/p> <\/div> <div class=\"application-platform-content-item-installation application-platform-content-item\" id=\"installation\" data-nav-section=\"installation\"> <h2>Come faccio a incorporare un lettore musicale personalizzato nel mio sito web Squarespace?<\/h2><div class=\"video-container\"><iframe width=\"560\" height=\"315\" src=\"https:\/\/www.youtube.com\/embed\/jGJ5GCRqc9U?si=oc44ViYtXTCGIawY\" frameborder=\"0\" allow=\"accelerometer; autoplay; clipboard-write; encrypted-media; gyroscope; picture-in-picture; web-share\" allowfullscreen><\/iframe><\/div><p>Segui semplicemente la istruzioni di seguito per aggiungere il plug-in audio.<\/p> <ol><li><b>Applica la nostra demo gratuita e inizia a creare il tuo plug-in unico.<\/b><br> Determina il design preferibile e i tratti funzionali del widget e applica le correzioni.<\/li> <li><b>Ricevi il tuo codice univoco che appare nell&#8217;apposito modulo su Elfsight Apps.<\/b><br> Non appena terminata la personalizzazione del tuo strumento personale, copia il codice esclusivo dal popup visualizzato e conservalo per occasioni future.<\/li> <li><b>Inizia a utilizzare il lettore audio su Squarespace.<\/b><br> Aggiungi il codice salvato di recente nella tua pagina web e applica il aggiustamenti.<\/li> <li><b>Fatto! L&#8217;incorporamento \u00e8 stato completato.<\/b><br> Visita il tuo sito per esaminare come funziona il widget.<\/li> <\/ol> <p>Se hai domande o hai riscontrato problemi, contatta il nostro personale del servizio clienti. I nostri consulenti saranno lieti di risolvere tutte le domande che potresti avere sul plugin.<\/p> <\/div>\n","protected":false},"excerpt":{"rendered":"","protected":false},"author":9,"featured_media":0,"parent":1809,"menu_order":0,"comment_status":"closed","ping_status":"closed","template":"templates\/template-application-platform.php","meta":{"publish_to_discourse":"","publish_post_category":"","wpdc_auto_publish_overridden":"","wpdc_topic_tags":"","wpdc_pin_topic":"","wpdc_pin_until":"","discourse_post_id":"","discourse_permalink":"","wpdc_publishing_response":"","wpdc_publishing_error":"","footnotes":""},"class_list":["post-3621","page","type-page","status-publish","hentry"],"yoast_head":"<!-- This site is optimized with the Yoast SEO plugin v25.3.1 - https:\/\/yoast.com\/wordpress\/plugins\/seo\/ -->\n<title>Lettore audio: aggiungi lettore musicale al sito web Squarespace (veloce e gratuito)<\/title>\n<meta name=\"description\" content=\"Aggiungi un&#039;app Lettore audio reattivo al sito Squarespace. Applica la comoda demo e crea il tuo widget musicale in appena un paio di minuti.\" \/>\n<meta name=\"robots\" content=\"index, follow, max-snippet:-1, max-image-preview:large, max-video-preview:-1\" \/>\n<link rel=\"canonical\" href=\"https:\/\/elfsight.com\/it\/audio-player-widget\/squarespace\/\" \/>\n<meta property=\"og:locale\" content=\"it_IT\" \/>\n<meta property=\"og:type\" content=\"article\" \/>\n<meta property=\"og:title\" content=\"Lettore audio: aggiungi lettore musicale al sito web Squarespace (veloce e gratuito)\" \/>\n<meta property=\"og:description\" content=\"Aggiungi un&#039;app Lettore audio reattivo al sito Squarespace. Applica la comoda demo e crea il tuo widget musicale in appena un paio di minuti.\" \/>\n<meta property=\"og:url\" content=\"https:\/\/elfsight.com\/it\/audio-player-widget\/squarespace\/\" \/>\n<meta property=\"og:site_name\" content=\"Elfsight IT\" \/>\n<meta property=\"article:modified_time\" content=\"2025-03-14T11:37:37+00:00\" \/>\n<meta name=\"twitter:card\" content=\"summary_large_image\" \/>\n<meta name=\"twitter:label1\" content=\"Tempo di lettura stimato\" \/>\n\t<meta name=\"twitter:data1\" content=\"3 minuti\" \/>\n<!-- \/ Yoast SEO plugin. -->","yoast_head_json":{"title":"Lettore audio: aggiungi lettore musicale al sito web Squarespace (veloce e gratuito)","description":"Aggiungi un'app Lettore audio reattivo al sito Squarespace. Applica la comoda demo e crea il tuo widget musicale in appena un paio di minuti.","robots":{"index":"index","follow":"follow","max-snippet":"max-snippet:-1","max-image-preview":"max-image-preview:large","max-video-preview":"max-video-preview:-1"},"canonical":"https:\/\/elfsight.com\/it\/audio-player-widget\/squarespace\/","og_locale":"it_IT","og_type":"article","og_title":"Lettore audio: aggiungi lettore musicale al sito web Squarespace (veloce e gratuito)","og_description":"Aggiungi un'app Lettore audio reattivo al sito Squarespace. Applica la comoda demo e crea il tuo widget musicale in appena un paio di minuti.","og_url":"https:\/\/elfsight.com\/it\/audio-player-widget\/squarespace\/","og_site_name":"Elfsight IT","article_modified_time":"2025-03-14T11:37:37+00:00","twitter_card":"summary_large_image","twitter_misc":{"Tempo di lettura stimato":"3 minuti"},"schema":{"@context":"https:\/\/schema.org","@graph":[{"@type":"WebPage","@id":"https:\/\/elfsight.com\/it\/audio-player-widget\/squarespace\/","url":"https:\/\/elfsight.com\/it\/audio-player-widget\/squarespace\/","name":"Lettore audio: aggiungi lettore musicale al sito web Squarespace (veloce e gratuito)","isPartOf":{"@id":"https:\/\/elfsight.com\/it\/#website"},"datePublished":"2024-05-03T06:28:34+00:00","dateModified":"2025-03-14T11:37:37+00:00","description":"Aggiungi un'app Lettore audio reattivo al sito Squarespace. Applica la comoda demo e crea il tuo widget musicale in appena un paio di minuti.","breadcrumb":{"@id":"https:\/\/elfsight.com\/it\/audio-player-widget\/squarespace\/#breadcrumb"},"inLanguage":"it-IT","potentialAction":[{"@type":"ReadAction","target":["https:\/\/elfsight.com\/it\/audio-player-widget\/squarespace\/"]}]},{"@type":"BreadcrumbList","@id":"https:\/\/elfsight.com\/it\/audio-player-widget\/squarespace\/#breadcrumb","itemListElement":[{"@type":"ListItem","position":1,"name":"Home","item":"https:\/\/elfsight.com\/it\/"},{"@type":"ListItem","position":2,"name":"Audio Player","item":"https:\/\/elfsight.com\/it\/audio-player-widget\/"},{"@type":"ListItem","position":3,"name":"Audio Player &#8211; Squarespace"}]},{"@type":"WebSite","@id":"https:\/\/elfsight.com\/it\/#website","url":"https:\/\/elfsight.com\/it\/","name":"Elfsight IT","description":"Just another Elfsight Sites site","potentialAction":[{"@type":"SearchAction","target":{"@type":"EntryPoint","urlTemplate":"https:\/\/elfsight.com\/it\/?s={search_term_string}"},"query-input":{"@type":"PropertyValueSpecification","valueRequired":true,"valueName":"search_term_string"}}],"inLanguage":"it-IT"}]}},"meta_box":{"industry":"","seo_heading":"","heading":"","description":"","cta_heading":"","cta_description":"","application":"1808","h1":"Plug-in Lettore musicale Squarespace","h1_caption":"Aggiungi e mostra le tracce audio direttamente sul tuo sito web con un lettore elegante e personalizzabile nel tuo sito web Shopify senza sforzo.","application_category":[],"applications_title":"","applications_request_title":"","applications_request_button_text":"","hero_text":"","hero_video":"","hero_video_schema_markup":"","selling_points_title":"","selling_points_caption":"","selling_points":[],"selling_points_cta_text":"","features_title":"","features":"","ed_cta_examples_text":"","ed_cta_examples_hidden":"","ed_cta_demo_text":"","ed_cta_demo_hidden":"","why_caption":"","why_editor_title":"","why_editor_text":"","why_team_title":"","why_team_text":"","why_service_title":"","why_service_text":"","template_catalog_visible":"0","template_catalog_title":"","template_catalog_text":"","template_catalog_categories_visible":"","demo_title":"Crea il tuo plug-in del lettore audio","demo_caption":"Configura il tuo lettore audio e aggiungilo gratuitamente al tuo sito web Squarespace!","default_faq_hidden":"","app_template_category":[],"platform":"43","template_public_id":"","codecanyon_url":"","codecanyon_item_id":"","codecanyon_price":"","pricing_caption":"","pricing_elfsight_apps_hide_column":"","pricing_elfsight_apps_url":"","pricing_codecanyon_price_caption":"","integration_category":[],"integration_request_title":"","integration_request_cta":"","integration_platform":"","integrations":[],"platform_category":[],"video_schema_markup":"","price":"da $ 0 al mese","trial":"","benefits":[{"text":"Servizio di installazione gratuito"},{"text":"Assistenza clienti con esperienza"},{"text":"Garanzia di rimborso di 14 giorni"},{"text":"Aggiornamenti gratuiti continui"}],"button_url":"#demo","button_target_blank":"0","button_nofollow":"0","attributes":[{"name":"Installazioni"},{"name":"Reattivo","content":"S\u00cc"},{"name":"Browser compatibili","content":"Firefox, Safari, Opera, Chrome, Edge"}],"tags":[],"tags_disable_links":"0","hide_more_platforms":"0","video_object":"","demo_hide_cta":"0","demo_hide_cloud_options":"0","pricing_title":"","pricing":[{"pricing_icon":"platform","pricing_title":"Elfsight Apps","pricing_title_caption":"Soluzione indipendente dalla piattaforma adatta a qualsiasi sito web","pricing_price":"da $ 0 \/ mese","pricing_price_caption":"inizia con un piano gratuito","pricing_benefits":[{"text":"Domini illimitati"},{"text":"Supporto rapido e puntuale"},{"text":"Assistenza per l'installazione gratuita"},{"text":"Progettazione flessibile"}],"pricing_button_text":"Aggiungi al sito web","pricing_button_url":"#demo"}],"related_apps_title":"","related_apps_hidden":"0","author":"","image":[],"title":"","job":"","social_networks":[]},"_links":{"self":[{"href":"https:\/\/elfsight.com\/it\/wp-json\/wp\/v2\/pages\/3621","targetHints":{"allow":["GET"]}}],"collection":[{"href":"https:\/\/elfsight.com\/it\/wp-json\/wp\/v2\/pages"}],"about":[{"href":"https:\/\/elfsight.com\/it\/wp-json\/wp\/v2\/types\/page"}],"author":[{"embeddable":true,"href":"https:\/\/elfsight.com\/it\/wp-json\/wp\/v2\/users\/9"}],"replies":[{"embeddable":true,"href":"https:\/\/elfsight.com\/it\/wp-json\/wp\/v2\/comments?post=3621"}],"version-history":[{"count":4,"href":"https:\/\/elfsight.com\/it\/wp-json\/wp\/v2\/pages\/3621\/revisions"}],"predecessor-version":[{"id":8768,"href":"https:\/\/elfsight.com\/it\/wp-json\/wp\/v2\/pages\/3621\/revisions\/8768"}],"up":[{"embeddable":true,"href":"https:\/\/elfsight.com\/it\/wp-json\/wp\/v2\/pages\/1809"}],"wp:attachment":[{"href":"https:\/\/elfsight.com\/it\/wp-json\/wp\/v2\/media?parent=3621"}],"curies":[{"name":"wp","href":"https:\/\/api.w.org\/{rel}","templated":true}]}}