{"id":3620,"date":"2024-05-03T06:28:33","date_gmt":"2024-05-03T06:28:33","guid":{"rendered":"https:\/\/elfsight.com\/it\/?page_id=3620"},"modified":"2025-12-02T14:13:10","modified_gmt":"2025-12-02T14:13:10","slug":"webflow","status":"publish","type":"page","link":"https:\/\/elfsight.com\/it\/audio-player-widget\/webflow\/","title":{"rendered":"Audio Player &#8211; Webflow"},"content":{"rendered":"\n<div class=\"application-platform-content-item-description application-platform-content-item\" id=\"description\" data-nav-section=\"description\"> <h2>Incorpora lettore audio su Webflow con il widget Elfsight<\/h2> <p>Elfsight Music Player \u00e8 un semplice widget per il sito web Webflow che ti offre un possibilit\u00e0 di trasmettere in streaming le tracce audio direttamente sulle pagine del tuo sito web. Lo strumento \u00e8 estremamente personalizzabile: puoi modificarne la posizione, incorporarlo ovunque nella pagina, ridimensionarne le dimensioni, sovrapporre lo sfondo e tutti gli altri elementi per mescolarlo con il design del tuo sito web, utilizzare una combinazione di colori scuri, mostrare immagini e mostrare o nascondere 4 dettagli aggiuntivi sul giocatore come barra di avanzamento, titolo e molto altro. Carica tutte le tracce di cui hai bisogno per deliziare i tuoi utenti, attiva l&#8217;opzione di riproduzione automatica e stai sicuro: i tuoi utenti non abbandoneranno la tua pagina web in fretta!<\/p> <p><b>Rendi il tuo sito pi\u00f9 efficiente per obiettivi aziendali con l&#8217;aiuto del widget Elfsight Audio<\/b><\/p> <div class=\"faq\" data-component=\"FAQ\"> <div class=\"faq-item\">\r\n\t\t\t\t\t<div class=\"faq-item-question\">\r\n\t\t\t\t\t\t<h3 class=\"faq-item-question-text\">Quali altri widget per Webflow puoi offrire?<\/h3>\r\n\r\n\t\t\t\t\t\t<div class=\"faq-item-question-icon\"><\/div>\r\n\t\t\t\t\t<\/div>\r\n\r\n\t\t\t\t\t<div class=\"faq-item-answer\">\r\n\t\t\t\t\t\t<div class=\"faq-item-answer-text\"> <p>C&#8217;\u00e8 un&#8217;enorme variet\u00e0 di widget per soddisfare qualsiasi tipo di attivit\u00e0 sul tuo sito web. Ad esempio, puoi utilizzare il nostro <a href=\"https:\/\/elfsight.com\/online-form-builder\/webflow\/\">Form Builder<\/a> o <a href=\"https:\/\/elfsight.com\/popup-widget\/webflow\/\">Popup<\/a> se hai un sito web di e-commerce. Ovviamente qualsiasi sito web trarr\u00e0 vantaggio solo dal nostro <a href=\"https:\/\/elfsight.com\/instagram-feed-instashow\/webflow\/\">feed di Instagram<\/a> altamente funzionale e attraente e dal <a href=\"https:\/\/elfsight.com\/slider-widget\/webflow\/\">Slider<\/a>. E non dimenticare il nostro fantastico <a href=\"https:\/\/elfsight.com\/cookie-consent-widget\/webflow\/\">Consenso sui cookie<\/a>.<\/p> <\/div>\r\n\t\t\t\t\t<\/div>\r\n\t\t\t\t<\/div> <div class=\"faq-item\">\r\n\t\t\t\t\t<div class=\"faq-item-question\">\r\n\t\t\t\t\t\t<h3 class=\"faq-item-question-text\">Come posso incorporare il widget del lettore musicale nel mio sito web Webflow?<\/h3>\r\n\r\n\t\t\t\t\t\t<div class=\"faq-item-question-icon\"><\/div>\r\n\t\t\t\t\t<\/div>\r\n\r\n\t\t\t\t\t<div class=\"faq-item-answer\">\r\n\t\t\t\t\t\t<div class=\"faq-item-answer-text\"> <p><\/p><p>Puoi aggiungere il widget del lettore musicale al tuo sito web Webflow semplicemente aprendo il pannello di amministrazione ed effettuando le seguenti azioni:<\/p><ol><li>Vai alle impostazioni del tuo sito web. <\/li><li>Seleziona l&#8217;elemento su cui vuoi integrare il lettore musicale. <\/li><li>Incolla il tuo codice da Elfsight Apps e salva le modifiche. <\/li><li>Tutto \u00e8 fatto.<\/li><\/ol><p>Qui su <a href=\"https:\/\/elfsight.com\/tutorials\/how-to-embed-audio-player-on-any-website\/#how-to-add-live-chat-to-webflow\">questa pagina<\/a> troverai una guida dettagliata sull&#8217;installazione del widget Webflow. E facci sapere se ci sono ancora domande.<\/p> <\/div>\r\n\t\t\t\t\t<\/div>\r\n\t\t\t\t<\/div> <div class=\"faq-item\">\r\n\t\t\t\t\t<div class=\"faq-item-question\">\r\n\t\t\t\t\t\t<h3 class=\"faq-item-question-text\">Posso vedere il tuo widget Webflow Music Player in azione?<\/h3>\r\n\r\n\t\t\t\t\t\t<div class=\"faq-item-question-icon\"><\/div>\r\n\t\t\t\t\t<\/div>\r\n\r\n\t\t\t\t\t<div class=\"faq-item-answer\">\r\n\t\t\t\t\t\t<div class=\"faq-item-answer-text\"> <p>Certo! Puoi farlo facilmente visitando <a href=\"https:\/\/elfsight.com\/audio-player-widget\/#demo\">questa pagina<\/a> e utilizzando la nostra demo live che ti consente di vedere come apparir\u00e0 il widget e scegli i suoi tratti funzionali insieme al modello pi\u00f9 adatto. A proposito, puoi aggiungere il widget al tuo sito web Webflow direttamente dalla demo!<\/p> <\/div>\r\n\t\t\t\t\t<\/div>\r\n\t\t\t\t<\/div> <\/div> <\/div> <div class=\"application-platform-content-item-features application-platform-content-item\" id=\"features\" data-nav-section=\"features\"> <h2>Controlla l&#8217;elenco dei le funzionalit\u00e0 pi\u00f9 potenti:<\/h2> <ul><li>Varie varianti di colore<\/li> <li>Tema colore scuro\/chiaro<\/li> <li>Design reattivo<\/li> <li>2 layout pronti per usa<\/li> <li>Un&#8217;opportunit\u00e0 per aggiungere un&#8217;immagine di sfondo<\/li> <\/ul><p><a href=\"#demo\">Puoi verificare se il widget fa per te utilizzando la demo<\/a> <\/p> <\/div> <div class=\"application-platform-content-item-installation application-platform-content-item\" id=\"installation\" data-nav-section=\"installation\"> <h2>Come incorporare Audio Player nel mio sito web Webflow?<\/h2> <div class=\"video-container\"><iframe allowfullscreen=\"\" frameborder=\"0\" height=\"405\" src=\"https:\/\/www.youtube.com\/embed\/g95M4DoygJk?si=uQsE4BjWKy-jkvzB\" width=\"720\"><\/iframe><\/div><p>Segui semplicemente le linee guida seguenti per attivare il widget musicale.<\/p> <ol><li><b>Utilizza il nostro configuratore gratuito e inizia a creare il tuo widget personalizzato.<\/b><br> Scegli il design selezionato e le caratteristiche funzionali dello strumento e applica le correzioni.<\/li> <li><b>Fai apparire il tuo codice individuale nella vedova delle App Elfsight.<\/b><br> Una volta completata la creazione del tuo widget, copia il codice personale nella casella visualizzata e conservalo per un ulteriore utilizzo.<\/li> <li><b>Inizia a utilizzare il lettore musicale sulla pagina web Webflow.<\/b><br> Implementa il codice che hai copiato di recente nella tua pagina e applica il miglioramenti.<\/li> <li><b>Il gioco \u00e8 fatto! L&#8217;integrazione \u00e8 completamente terminata.<\/b><br> Vai alla tua pagina web per verificare come sta funzionando il widget.<\/li> <\/ol> <p>Se devi affrontare domande o affrontare alcune complicazioni, non aver paura per contattare il nostro personale del servizio clienti. I nostri specialisti sono ansiosi di risolvere tutte le domande che potresti avere sul plug-in.<\/p> <\/div>\n","protected":false},"excerpt":{"rendered":"","protected":false},"author":9,"featured_media":0,"parent":1809,"menu_order":0,"comment_status":"closed","ping_status":"closed","template":"templates\/template-application-platform.php","meta":{"publish_to_discourse":"","publish_post_category":"","wpdc_auto_publish_overridden":"","wpdc_topic_tags":"","wpdc_pin_topic":"","wpdc_pin_until":"","discourse_post_id":"","discourse_permalink":"","wpdc_publishing_response":"","wpdc_publishing_error":"","footnotes":""},"class_list":["post-3620","page","type-page","status-publish","hentry"],"yoast_head":"<!-- This site is optimized with the Yoast SEO plugin v25.3.1 - https:\/\/yoast.com\/wordpress\/plugins\/seo\/ -->\n<title>Lettore audio | Aggiungi lettore musicale al sito Web Webflow (veloce e gratuito)<\/title>\n<meta name=\"description\" content=\"Implementa un widget Impressionabile del lettore audio nella tua pagina Webflow. Utilizza la nostra pratica demo e crea il tuo widget unico in soli 2 minuti.\" \/>\n<meta name=\"robots\" content=\"index, follow, max-snippet:-1, max-image-preview:large, max-video-preview:-1\" \/>\n<link rel=\"canonical\" href=\"https:\/\/elfsight.com\/it\/audio-player-widget\/webflow\/\" \/>\n<meta property=\"og:locale\" content=\"it_IT\" \/>\n<meta property=\"og:type\" content=\"article\" \/>\n<meta property=\"og:title\" content=\"Lettore audio | Aggiungi lettore musicale al sito Web Webflow (veloce e gratuito)\" \/>\n<meta property=\"og:description\" content=\"Implementa un widget Impressionabile del lettore audio nella tua pagina Webflow. Utilizza la nostra pratica demo e crea il tuo widget unico in soli 2 minuti.\" \/>\n<meta property=\"og:url\" content=\"https:\/\/elfsight.com\/it\/audio-player-widget\/webflow\/\" \/>\n<meta property=\"og:site_name\" content=\"Elfsight IT\" \/>\n<meta property=\"article:modified_time\" content=\"2025-12-02T14:13:10+00:00\" \/>\n<meta name=\"twitter:card\" content=\"summary_large_image\" \/>\n<meta name=\"twitter:label1\" content=\"Tempo di lettura stimato\" \/>\n\t<meta name=\"twitter:data1\" content=\"4 minuti\" \/>\n<!-- \/ Yoast SEO plugin. -->","yoast_head_json":{"title":"Lettore audio | Aggiungi lettore musicale al sito Web Webflow (veloce e gratuito)","description":"Implementa un widget Impressionabile del lettore audio nella tua pagina Webflow. Utilizza la nostra pratica demo e crea il tuo widget unico in soli 2 minuti.","robots":{"index":"index","follow":"follow","max-snippet":"max-snippet:-1","max-image-preview":"max-image-preview:large","max-video-preview":"max-video-preview:-1"},"canonical":"https:\/\/elfsight.com\/it\/audio-player-widget\/webflow\/","og_locale":"it_IT","og_type":"article","og_title":"Lettore audio | Aggiungi lettore musicale al sito Web Webflow (veloce e gratuito)","og_description":"Implementa un widget Impressionabile del lettore audio nella tua pagina Webflow. Utilizza la nostra pratica demo e crea il tuo widget unico in soli 2 minuti.","og_url":"https:\/\/elfsight.com\/it\/audio-player-widget\/webflow\/","og_site_name":"Elfsight IT","article_modified_time":"2025-12-02T14:13:10+00:00","twitter_card":"summary_large_image","twitter_misc":{"Tempo di lettura stimato":"4 minuti"},"schema":{"@context":"https:\/\/schema.org","@graph":[{"@type":"WebPage","@id":"https:\/\/elfsight.com\/it\/audio-player-widget\/webflow\/","url":"https:\/\/elfsight.com\/it\/audio-player-widget\/webflow\/","name":"Lettore audio | Aggiungi lettore musicale al sito Web Webflow (veloce e gratuito)","isPartOf":{"@id":"https:\/\/elfsight.com\/it\/#website"},"datePublished":"2024-05-03T06:28:33+00:00","dateModified":"2025-12-02T14:13:10+00:00","description":"Implementa un widget Impressionabile del lettore audio nella tua pagina Webflow. Utilizza la nostra pratica demo e crea il tuo widget unico in soli 2 minuti.","breadcrumb":{"@id":"https:\/\/elfsight.com\/it\/audio-player-widget\/webflow\/#breadcrumb"},"inLanguage":"it-IT","potentialAction":[{"@type":"ReadAction","target":["https:\/\/elfsight.com\/it\/audio-player-widget\/webflow\/"]}]},{"@type":"BreadcrumbList","@id":"https:\/\/elfsight.com\/it\/audio-player-widget\/webflow\/#breadcrumb","itemListElement":[{"@type":"ListItem","position":1,"name":"Home","item":"https:\/\/elfsight.com\/it\/"},{"@type":"ListItem","position":2,"name":"Audio Player","item":"https:\/\/elfsight.com\/it\/audio-player-widget\/"},{"@type":"ListItem","position":3,"name":"Audio Player &#8211; Webflow"}]},{"@type":"WebSite","@id":"https:\/\/elfsight.com\/it\/#website","url":"https:\/\/elfsight.com\/it\/","name":"Elfsight IT","description":"Just another Elfsight Sites site","potentialAction":[{"@type":"SearchAction","target":{"@type":"EntryPoint","urlTemplate":"https:\/\/elfsight.com\/it\/?s={search_term_string}"},"query-input":{"@type":"PropertyValueSpecification","valueRequired":true,"valueName":"search_term_string"}}],"inLanguage":"it-IT"}]}},"meta_box":{"industry":"","seo_heading":"","heading":"","description":"","cta_heading":"","cta_description":"","application":"1808","h1":"Widget del lettore audio Webflow","h1_caption":"Aggiungi e mostra le tracce audio direttamente sul tuo sito web con un lettore elegante e personalizzabile nel tuo sito web Squarespace senza sforzo.","application_category":[],"applications_title":"","applications_request_title":"","applications_request_button_text":"","hero_text":"","hero_video":"","hero_video_schema_markup":"","selling_points_title":"","selling_points_caption":"","selling_points":[],"selling_points_cta_text":"","features_title":"","features":"","ed_cta_examples_text":"","ed_cta_examples_hidden":"","ed_cta_demo_text":"","ed_cta_demo_hidden":"","why_caption":"","why_editor_title":"","why_editor_text":"","why_team_title":"","why_team_text":"","why_service_title":"","why_service_text":"","template_catalog_visible":"0","template_catalog_title":"","template_catalog_text":"","template_catalog_categories_visible":"","demo_title":"Crea il tuo widget Lettore audio","demo_caption":"Configura il tuo lettore audio e aggiungilo gratuitamente al tuo sito Webflow!","default_faq_hidden":"","app_template_category":[],"platform":"44","template_public_id":"","codecanyon_url":"","codecanyon_item_id":"","codecanyon_price":"","pricing_caption":"","pricing_elfsight_apps_hide_column":"","pricing_elfsight_apps_url":"","pricing_codecanyon_price_caption":"","integration_category":[],"integration_request_title":"","integration_request_cta":"","integration_platform":"","integrations":[],"platform_category":[],"video_schema_markup":"","price":"da $ 0 al mese","trial":"","benefits":[{"text":"Aiuto gratuito per l'installazione"},{"text":"Servizio clienti efficace"},{"text":"Garanzia di rimborso di 14 giorni"},{"text":"Miglioramenti gratuiti regolari"}],"button_url":"#demo","button_target_blank":"0","button_nofollow":"0","attributes":[{"name":"Installazioni"},{"name":"Reattivo","content":"S\u00cc"},{"name":"Browser compatibili","content":"Firefox, Safari, Opera, Chrome, Edge"}],"tags":[],"tags_disable_links":"0","hide_more_platforms":"0","video_object":"","demo_hide_cta":"0","demo_hide_cloud_options":"0","pricing_title":"","pricing":[{"pricing_icon":"platform","pricing_title":"Elfsight Apps","pricing_title_caption":"Soluzione multipiattaforma che funziona su qualsiasi sito","pricing_price":"da $ 0 \/ mese","pricing_price_caption":"inizia con il piano gratuito","pricing_benefits":[{"text":"Domini illimitati"},{"text":"Supporto professionale"},{"text":"Supporto per l'installazione senza costi"},{"text":"Offerta speciale per pi\u00f9 app"}],"pricing_button_text":"Aggiungi al sito web","pricing_button_url":"#demo"}],"related_apps_title":"","related_apps_hidden":"0","author":"","image":[],"title":"","job":"","social_networks":[]},"_links":{"self":[{"href":"https:\/\/elfsight.com\/it\/wp-json\/wp\/v2\/pages\/3620","targetHints":{"allow":["GET"]}}],"collection":[{"href":"https:\/\/elfsight.com\/it\/wp-json\/wp\/v2\/pages"}],"about":[{"href":"https:\/\/elfsight.com\/it\/wp-json\/wp\/v2\/types\/page"}],"author":[{"embeddable":true,"href":"https:\/\/elfsight.com\/it\/wp-json\/wp\/v2\/users\/9"}],"replies":[{"embeddable":true,"href":"https:\/\/elfsight.com\/it\/wp-json\/wp\/v2\/comments?post=3620"}],"version-history":[{"count":5,"href":"https:\/\/elfsight.com\/it\/wp-json\/wp\/v2\/pages\/3620\/revisions"}],"predecessor-version":[{"id":10559,"href":"https:\/\/elfsight.com\/it\/wp-json\/wp\/v2\/pages\/3620\/revisions\/10559"}],"up":[{"embeddable":true,"href":"https:\/\/elfsight.com\/it\/wp-json\/wp\/v2\/pages\/1809"}],"wp:attachment":[{"href":"https:\/\/elfsight.com\/it\/wp-json\/wp\/v2\/media?parent=3620"}],"curies":[{"name":"wp","href":"https:\/\/api.w.org\/{rel}","templated":true}]}}