{"id":3618,"date":"2024-05-03T06:28:31","date_gmt":"2024-05-03T06:28:31","guid":{"rendered":"https:\/\/elfsight.com\/it\/?page_id=3618"},"modified":"2025-03-14T11:43:38","modified_gmt":"2025-03-14T11:43:38","slug":"weebly","status":"publish","type":"page","link":"https:\/\/elfsight.com\/it\/audio-player-widget\/weebly\/","title":{"rendered":"Audio Player &#8211; Weebly"},"content":{"rendered":"\n<div class=\"application-platform-content-item-description application-platform-content-item\" id=\"description\" data-nav-section=\"description\"> <h2>Descrizione<\/h2> <p>Elfsight Music Player \u00e8 un plugin semplice per i siti Web Weebly che ti consente di riprodurre in streaming tracce audio direttamente sulle pagine di il tuo sito web. Lo strumento \u00e8 estremamente regolabile: puoi cambiarne la posizione, incorporarlo ovunque nella pagina, modificarne le dimensioni, ricolorare lo sfondo e tutte le altre parti per mescolarlo con il layout del tuo sito web, applicare combinazioni di colori scuri, rivelare copertine e mostrare o nascondere 4 componenti aggiuntivi del lettore, ad esempio barra di avanzamento, titolo e altri. Includi tutte le tracce che desideri per coinvolgere i tuoi utenti, attiva la riproduzione automatica e non avere dubbi: i tuoi visitatori non abbandoneranno immediatamente il tuo sito!<\/p> <p><b>Con il widget Elfsight Audio, sperimenta uno sviluppo aziendale sostenibile e vendite pi\u00f9 elevate<\/b><\/p> <\/div> <div class=\"application-platform-content-item-features application-platform-content-item\" id=\"features\" data-nav-section=\"features\"> <h2>Di seguito sono riportate le caratteristiche fondamentali del widget:<\/h2> <ul><li>Numerose alterazioni di colore<\/li> <li>Combinazione di colori scuri\/chiari<\/li> <li>Design reattivo<\/li> <li>2 layout applicabili<\/li> <li>Un&#8217;opzione per utilizzare l&#8217;immagine di sfondo<\/li> <\/ul><p><a href=\"#demo\">Prova questa demo per vedere come funziona<\/a><\/p> <\/div> <div class=\"application-platform-content-item-installation application-platform-content-item\" id=\"installation\" data-nav-section=\"installation\"> <h2>Come aggiungere Music Player a il mio sito web Weebly?<\/h2> <div class=\"video-container\"><iframe width=\"560\" height=\"315\" src=\"https:\/\/www.youtube.com\/embed\/A0HaztCho8Q?si=SvW8m5-Zgp0XBjU_\" frameborder=\"0\" allow=\"accelerometer; autoplay; clipboard-write; encrypted-media; gyroscope; picture-in-picture; web-share\" allowfullscreen><\/iframe><\/div><p>Basta seguire un paio di passaggi indicati di seguito per iniziare a lavorare con il widget musicale.<\/p> <ol><li><b>Gestisci il nostro widget gratuito editor e inizia a creare la tua app personalizzata. <\/b><br> Scegli il design preferibile e le caratteristiche funzionali dell&#8217;app e salva tutte le modifiche. <\/li> <li><b>Acquisisci il codice individuale che appare nell&#8217;apposito modulo su Elfsight Apps. <\/b><br> Subito dopo aver terminato la personalizzazione della tua app, copia il codice individuale nella finestra emersa e salvalo per ulteriori occasioni. <\/li> <li><b>Avvia l&#8217;utilizzo dell&#8217;app sul tuo sito Weebly. <\/b><br> Incorpora il codice salvato in precedenza nella tua pagina web e salva le modifiche. <\/li> <li><b>Il gioco \u00e8 fatto! La configurazione \u00e8 completamente eseguita. <\/b><br> Apri il tuo sito per controllare il funzionamento dell&#8217;app. <\/li><\/ol><p>Se dovessi gestire richieste o incontrare difficolt\u00e0, non aver paura di rivolgerti al nostro personale di supporto. Il nostro personale sar\u00e0 entusiasta di risolvere tutte le difficolt\u00e0 che potresti avere sul plugin.<\/p> <\/div>\n","protected":false},"excerpt":{"rendered":"","protected":false},"author":9,"featured_media":0,"parent":1809,"menu_order":0,"comment_status":"closed","ping_status":"closed","template":"templates\/template-application-platform.php","meta":{"publish_to_discourse":"","publish_post_category":"","wpdc_auto_publish_overridden":"","wpdc_topic_tags":"","wpdc_pin_topic":"","wpdc_pin_until":"","discourse_post_id":"","discourse_permalink":"","wpdc_publishing_response":"","wpdc_publishing_error":"","footnotes":""},"class_list":["post-3618","page","type-page","status-publish","hentry"],"yoast_head":"<!-- This site is optimized with the Yoast SEO plugin v25.3.1 - https:\/\/yoast.com\/wordpress\/plugins\/seo\/ -->\n<title>Lettore audio: aggiungi lettore musicale al sito Web Weebly (veloce e gratuito)<\/title>\n<meta name=\"description\" content=\"Integra un widget Lettore audio adattivo sul tuo sito web Weebly. Utilizza la nostra comoda demo e crea il tuo widget personalizzato in appena un paio di minuti.\" \/>\n<meta name=\"robots\" content=\"index, follow, max-snippet:-1, max-image-preview:large, max-video-preview:-1\" \/>\n<link rel=\"canonical\" href=\"https:\/\/elfsight.com\/it\/audio-player-widget\/weebly\/\" \/>\n<meta property=\"og:locale\" content=\"it_IT\" \/>\n<meta property=\"og:type\" content=\"article\" \/>\n<meta property=\"og:title\" content=\"Lettore audio: aggiungi lettore musicale al sito Web Weebly (veloce e gratuito)\" \/>\n<meta property=\"og:description\" content=\"Integra un widget Lettore audio adattivo sul tuo sito web Weebly. Utilizza la nostra comoda demo e crea il tuo widget personalizzato in appena un paio di minuti.\" \/>\n<meta property=\"og:url\" content=\"https:\/\/elfsight.com\/it\/audio-player-widget\/weebly\/\" \/>\n<meta property=\"og:site_name\" content=\"Elfsight IT\" \/>\n<meta property=\"article:modified_time\" content=\"2025-03-14T11:43:38+00:00\" \/>\n<meta name=\"twitter:card\" content=\"summary_large_image\" \/>\n<meta name=\"twitter:label1\" content=\"Tempo di lettura stimato\" \/>\n\t<meta name=\"twitter:data1\" content=\"2 minuti\" \/>\n<!-- \/ Yoast SEO plugin. -->","yoast_head_json":{"title":"Lettore audio: aggiungi lettore musicale al sito Web Weebly (veloce e gratuito)","description":"Integra un widget Lettore audio adattivo sul tuo sito web Weebly. Utilizza la nostra comoda demo e crea il tuo widget personalizzato in appena un paio di minuti.","robots":{"index":"index","follow":"follow","max-snippet":"max-snippet:-1","max-image-preview":"max-image-preview:large","max-video-preview":"max-video-preview:-1"},"canonical":"https:\/\/elfsight.com\/it\/audio-player-widget\/weebly\/","og_locale":"it_IT","og_type":"article","og_title":"Lettore audio: aggiungi lettore musicale al sito Web Weebly (veloce e gratuito)","og_description":"Integra un widget Lettore audio adattivo sul tuo sito web Weebly. Utilizza la nostra comoda demo e crea il tuo widget personalizzato in appena un paio di minuti.","og_url":"https:\/\/elfsight.com\/it\/audio-player-widget\/weebly\/","og_site_name":"Elfsight IT","article_modified_time":"2025-03-14T11:43:38+00:00","twitter_card":"summary_large_image","twitter_misc":{"Tempo di lettura stimato":"2 minuti"},"schema":{"@context":"https:\/\/schema.org","@graph":[{"@type":"WebPage","@id":"https:\/\/elfsight.com\/it\/audio-player-widget\/weebly\/","url":"https:\/\/elfsight.com\/it\/audio-player-widget\/weebly\/","name":"Lettore audio: aggiungi lettore musicale al sito Web Weebly (veloce e gratuito)","isPartOf":{"@id":"https:\/\/elfsight.com\/it\/#website"},"datePublished":"2024-05-03T06:28:31+00:00","dateModified":"2025-03-14T11:43:38+00:00","description":"Integra un widget Lettore audio adattivo sul tuo sito web Weebly. Utilizza la nostra comoda demo e crea il tuo widget personalizzato in appena un paio di minuti.","breadcrumb":{"@id":"https:\/\/elfsight.com\/it\/audio-player-widget\/weebly\/#breadcrumb"},"inLanguage":"it-IT","potentialAction":[{"@type":"ReadAction","target":["https:\/\/elfsight.com\/it\/audio-player-widget\/weebly\/"]}]},{"@type":"BreadcrumbList","@id":"https:\/\/elfsight.com\/it\/audio-player-widget\/weebly\/#breadcrumb","itemListElement":[{"@type":"ListItem","position":1,"name":"Home","item":"https:\/\/elfsight.com\/it\/"},{"@type":"ListItem","position":2,"name":"Audio Player","item":"https:\/\/elfsight.com\/it\/audio-player-widget\/"},{"@type":"ListItem","position":3,"name":"Audio Player &#8211; Weebly"}]},{"@type":"WebSite","@id":"https:\/\/elfsight.com\/it\/#website","url":"https:\/\/elfsight.com\/it\/","name":"Elfsight IT","description":"Just another Elfsight Sites site","potentialAction":[{"@type":"SearchAction","target":{"@type":"EntryPoint","urlTemplate":"https:\/\/elfsight.com\/it\/?s={search_term_string}"},"query-input":{"@type":"PropertyValueSpecification","valueRequired":true,"valueName":"search_term_string"}}],"inLanguage":"it-IT"}]}},"meta_box":{"industry":"","seo_heading":"","heading":"","description":"","cta_heading":"","cta_description":"","application":"1808","h1":"Applicazione Weebly Audio Player","h1_caption":"Aggiungi e mostra le tracce audio direttamente sul tuo sito web con un lettore elegante e personalizzabile nel tuo sito Webnode senza sforzo.","application_category":[],"applications_title":"","applications_request_title":"","applications_request_button_text":"","hero_text":"","hero_video":"","hero_video_schema_markup":"","selling_points_title":"","selling_points_caption":"","selling_points":[],"selling_points_cta_text":"","features_title":"","features":"","ed_cta_examples_text":"","ed_cta_examples_hidden":"","ed_cta_demo_text":"","ed_cta_demo_hidden":"","why_caption":"","why_editor_title":"","why_editor_text":"","why_team_title":"","why_team_text":"","why_service_title":"","why_service_text":"","template_catalog_visible":"0","template_catalog_title":"","template_catalog_text":"","template_catalog_categories_visible":"","demo_title":"Crea la tua app Lettore audio","demo_caption":"Configura il tuo lettore audio e aggiungilo gratuitamente al tuo sito Web Weebly!","default_faq_hidden":"","app_template_category":[],"platform":"45","template_public_id":"","codecanyon_url":"","codecanyon_item_id":"","codecanyon_price":"","pricing_caption":"","pricing_elfsight_apps_hide_column":"","pricing_elfsight_apps_url":"","pricing_codecanyon_price_caption":"","integration_category":[],"integration_request_title":"","integration_request_cta":"","integration_platform":"","integrations":[],"platform_category":[],"video_schema_markup":"","price":"da $ 0 al mese","trial":"","benefits":[{"text":"Assistenza gratuita per l'installazione"},{"text":"Assistenza clienti con esperienza"},{"text":"Garanzia di rimborso di 14 giorni"},{"text":"Aggiornamento costante"}],"button_url":"#demo","button_target_blank":"0","button_nofollow":"0","attributes":[{"name":"Installazioni"},{"name":"Reattivo","content":"S\u00cc"},{"name":"Browser compatibili","content":"Firefox, Safari, Opera, Chrome, Edge"}],"tags":[],"tags_disable_links":"0","hide_more_platforms":"0","video_object":"","demo_hide_cta":"0","demo_hide_cloud_options":"0","pricing_title":"","pricing":[{"pricing_icon":"platform","pricing_title":"Elfsight Apps","pricing_title_caption":"Versione indipendente dalla piattaforma","pricing_price":"da $ 0 \/ mese","pricing_price_caption":"inizia con un piano gratuito","pricing_benefits":[{"text":"Siti web illimitati"},{"text":"Supporto dedicato e puntuale"},{"text":"Assistenza gratuita per l'installazione"},{"text":"Progettazione flessibile"}],"pricing_button_text":"Aggiungi al sito web","pricing_button_url":"#demo"}],"related_apps_title":"","related_apps_hidden":"0","author":"","image":[],"title":"","job":"","social_networks":[]},"_links":{"self":[{"href":"https:\/\/elfsight.com\/it\/wp-json\/wp\/v2\/pages\/3618","targetHints":{"allow":["GET"]}}],"collection":[{"href":"https:\/\/elfsight.com\/it\/wp-json\/wp\/v2\/pages"}],"about":[{"href":"https:\/\/elfsight.com\/it\/wp-json\/wp\/v2\/types\/page"}],"author":[{"embeddable":true,"href":"https:\/\/elfsight.com\/it\/wp-json\/wp\/v2\/users\/9"}],"replies":[{"embeddable":true,"href":"https:\/\/elfsight.com\/it\/wp-json\/wp\/v2\/comments?post=3618"}],"version-history":[{"count":3,"href":"https:\/\/elfsight.com\/it\/wp-json\/wp\/v2\/pages\/3618\/revisions"}],"predecessor-version":[{"id":8771,"href":"https:\/\/elfsight.com\/it\/wp-json\/wp\/v2\/pages\/3618\/revisions\/8771"}],"up":[{"embeddable":true,"href":"https:\/\/elfsight.com\/it\/wp-json\/wp\/v2\/pages\/1809"}],"wp:attachment":[{"href":"https:\/\/elfsight.com\/it\/wp-json\/wp\/v2\/media?parent=3618"}],"curies":[{"name":"wp","href":"https:\/\/api.w.org\/{rel}","templated":true}]}}