{"id":3613,"date":"2024-05-03T06:28:30","date_gmt":"2024-05-03T06:28:30","guid":{"rendered":"https:\/\/elfsight.com\/it\/?page_id=3613"},"modified":"2025-03-14T11:47:27","modified_gmt":"2025-03-14T11:47:27","slug":"wix","status":"publish","type":"page","link":"https:\/\/elfsight.com\/it\/audio-player-widget\/wix\/","title":{"rendered":"Audio Player &#8211; Wix"},"content":{"rendered":"\n<div class=\"application-platform-content-item-description application-platform-content-item\" id=\"description\" data-nav-section=\"description\"> <h2>Descrizione<\/h2> <p>Elfsight Audio Player \u00e8 un semplice strumento per Wix che ti consente di riprodurre tracce audio direttamente sulla tua pagina web. Il widget \u00e8 notevolmente regolabile: puoi cambiarne la posizione, posizionandolo in qualsiasi punto della pagina, modificarne le dimensioni, ricolorare lo sfondo e altre parti per fonderlo con il design del tuo sito web, utilizzare il tema scuro, mostrare copertine e mostrare o nascondere quattro giocatori aggiuntivi dettagli come barra di avanzamento, titolo e molto altro. Puoi caricare tutte le tracce che desideri per coinvolgere il tuo pubblico, attiva l&#8217;opzione di riproduzione automatica e non esitare: il tuo pubblico non lascer\u00e0 il tuo sito in fretta!<\/p> <p><b>Con Elfsight Music app, ottenere una crescita attiva del business e migliorare le vendite<\/b><\/p> <div class=\"faq\" data-component=\"FAQ\"> <div class=\"faq-item\">\r\n\t\t\t\t\t<div class=\"faq-item-question\">\r\n\t\t\t\t\t\t<h3 class=\"faq-item-question-text\">Quali altri plugin per Wix hai esattamente?<\/h3>\r\n\r\n\t\t\t\t\t\t<div class=\"faq-item-question-icon\"><\/div>\r\n\t\t\t\t\t<\/div>\r\n\r\n\t\t\t\t\t<div class=\"faq-item-answer\">\r\n\t\t\t\t\t\t<div class=\"faq-item-answer-text\"> <p>Possiamo concederti una serie di widget raggiungere qualsiasi tipo di obiettivo sul tuo sito web. Questi sono: <a href=\"https:\/\/elfsight.com\/pdf-embed-widget\/wix\/\">PDF incorporato<\/a>, <a href=\"https:\/\/elfsight.com\/instagram-feed-instashow\/wix\/\">Feed di Instagram<\/a>, <a href=\"https:\/\/elfsight.com\/google-reviews-widget\/wix\/\">Recensioni di Google<\/a>, <a href=\"https:\/\/elfsight.com\/whatsapp-chat-widget\/wix\/\">Chat di WhatsApp<\/a>, <a href=\"https:\/\/elfsight.com\/popup-widget\/wix\/\">Popup<\/a>. Tutti possono aiutarti a creare un sito web davvero attraente e altamente funzionale!<\/p> <\/div>\r\n\t\t\t\t\t<\/div>\r\n\t\t\t\t<\/div> <div class=\"faq-item\">\r\n\t\t\t\t\t<div class=\"faq-item-question\">\r\n\t\t\t\t\t\t<h3 class=\"faq-item-question-text\">Come posso aggiungere il widget Wix Music Player al mio sito web?<\/h3>\r\n\r\n\t\t\t\t\t\t<div class=\"faq-item-question-icon\"><\/div>\r\n\t\t\t\t\t<\/div>\r\n\r\n\t\t\t\t\t<div class=\"faq-item-answer\">\r\n\t\t\t\t\t\t<div class=\"faq-item-answer-text\"> <p>Puoi incorporarlo il lettore musicale sul tuo sito web Wix semplicemente andando al pannello di amministrazione ed eseguendo le seguenti azioni: <\/p><ol><li>Fai clic su Impostazioni tema. <\/li><li>Trova l&#8217;elemento in cui desideri inserire il lettore musicale. <\/li><li>Incolla il codice dalle app Elfsight e utilizza le modifiche. <\/li><li>Tutto \u00e8 fatto. <\/li><\/ol><p>Non dimenticare di consultare la nostra guida dettagliata sull&#8217;installazione del widget <a href=\"https:\/\/elfsight.com\/tutorials\/how-to-embed-audio-player-on-any-website\/#how-to-add-music-player-to-wix\">qui<\/a>.<\/p><\/div>\r\n\t\t\t\t\t<\/div>\r\n\t\t\t\t<\/div> <div class=\"faq-item\">\r\n\t\t\t\t\t<div class=\"faq-item-question\">\r\n\t\t\t\t\t\t<h3 class=\"faq-item-question-text\">Come posso testare il tuo widget Wix Music Player in azione? <\/h3>\r\n\r\n\t\t\t\t\t\t<div class=\"faq-item-question-icon\"><\/div>\r\n\t\t\t\t\t<\/div>\r\n\r\n\t\t\t\t\t<div class=\"faq-item-answer\">\r\n\t\t\t\t\t\t<div class=\"faq-item-answer-text\"> <p>Non solo puoi testare ma anche aggiungere il widget del lettore musicale al tuo sito web in pochi semplici passaggi! Questo pu\u00f2 essere fatto utilizzando la nostra <a href=\"https:\/\/elfsight.com\/audio-player-widget\/#demo\">demo dal vivo<\/a>!<\/p><\/div>\r\n\t\t\t\t\t<\/div>\r\n\t\t\t\t<\/div> <\/div><\/div> <div class=\"application-platform-content-item-features application-platform-content-item\" id=\"features\" data-nav-section=\"features\"> <h2>Di seguito sono elencate le caratteristiche principali del widget: <\/h2> <ul><li>Varie modifiche di colore<\/li> <li>Tema colore scuro\/chiaro<\/li> <li>Design responsive<\/li> <li>Due layout pronti all&#8217;uso<\/li> <li>Possibilit\u00e0 di utilizzare immagine di sfondo<\/li> <\/ul><p><a href=\"#demo \">Prova tutte le funzionalit\u00e0 di personalizzazione nella demo completa<\/a><\/p> <\/div> <div class=\"application-platform-content-item-installation application-platform-content-item\" id=\"installation\" data-nav-section=\"installation\"> <h2>Come aggiungere Music Player sul mio sito web Wix?<\/h2> <div class=\"video-container\"><iframe width=\"720\" Height=\"405\" src=\"https:\/\/www.youtube.com\/embed\/ereM6gi3XyI\"><\/iframe><\/div><p>Segui semplicemente questi passaggi presentati di seguito per incorporare lo strumento.<\/p> <ol><li><b>Utilizza il nostro editor gratuito e inizia a creare la tua app unica.<\/b><br> Trova il modulo e i parametri preferiti dell&#8217;app e applica le modifiche.<\/li> <li><b>Fai apparire il tuo codice univoco nel modulo speciale su Elfsight Apps.<\/b><br> Subito dopo la configurazione di la tua app personale \u00e8 terminata, copia il codice personale nella finestra emersa e conservalo per un&#8217;occasione successiva.<\/li> <li><b>Inizia a utilizzare il lettore audio sul sito Web Wix.<\/b><br> Posiziona il codice copiato di recente nella tua pagina web e applica le modifiche. <\/li> <li><b>L&#8217;installazione \u00e8 stata completata con successo.<\/b><br> Vai al tuo sito web per verificare le prestazioni dell&#8217;app.<\/li> <\/ol> <p>Nel caso tu abbia a che fare con domande o affrontare eventuali ostacoli, non esitare a rivolgerti al nostro personale di supporto. I nostri specialisti sono ansiosi di risolvere tutte le difficolt\u00e0 che potresti riscontrare con il prodotto. <\/p> <\/div><div class=\"faq\" data-component=\"FAQ\"><div class=\"faq-item\">\r\n\t\t\t\t\t<div class=\"faq-item-question\">\r\n\t\t\t\t\t\t<h3 class=\"faq-item-question-text\">I migliori esempi di utilizzo dell'integrazione del Player<\/h3>\r\n\r\n\t\t\t\t\t\t<div class=\"faq-item-question-icon\"><\/div>\r\n\t\t\t\t\t<\/div>\r\n\r\n\t\t\t\t\t<div class=\"faq-item-answer\">\r\n\t\t\t\t\t\t<div class=\"faq-item-answer-text\"><p>Offriamo tantissime possibilit\u00e0 di regolazione: widget su vasta scala per incorporamento nella zona dei contenuti, plugin mobili con opportunit\u00e0 di scorrimento, miniature per il pi\u00e8 di pagina del tuo sito web, intestazione e tutti i tipi di opportunit\u00e0 verticali per le barre laterali e i menu del sito web. <\/p><\/div>\r\n\t\t\t\t\t<\/div>\r\n\t\t\t\t<\/div><div class=\"faq-item\">\r\n\t\t\t\t\t<div class=\"faq-item-question\">\r\n\t\t\t\t\t\t<h3 class=\"faq-item-question-text\">Posso creare pi\u00f9 tracce o un lettore di audiolibri con l'aiuto del tuo editor?<\/h3>\r\n\r\n\t\t\t\t\t\t<div class=\"faq-item-question-icon\"><\/div>\r\n\t\t\t\t\t<\/div>\r\n\r\n\t\t\t\t\t<div class=\"faq-item-answer\">\r\n\t\t\t\t\t\t<div class=\"faq-item-answer-text\"><p>Sei libero di modellare qualsiasi variazione del widget. Esistono numerosi layout applicabili nell&#8217;editor e tutti possono essere rapidamente adattati nel modo desiderato. <\/p><\/div>\r\n\t\t\t\t\t<\/div>\r\n\t\t\t\t<\/div><\/div>\n","protected":false},"excerpt":{"rendered":"","protected":false},"author":9,"featured_media":0,"parent":1809,"menu_order":0,"comment_status":"closed","ping_status":"closed","template":"templates\/template-application-platform.php","meta":{"publish_to_discourse":"","publish_post_category":"","wpdc_auto_publish_overridden":"","wpdc_topic_tags":"","wpdc_pin_topic":"","wpdc_pin_until":"","discourse_post_id":"","discourse_permalink":"","wpdc_publishing_response":"","wpdc_publishing_error":"","footnotes":""},"class_list":["post-3613","page","type-page","status-publish","hentry"],"yoast_head":"<!-- This site is optimized with the Yoast SEO plugin v25.3.1 - https:\/\/yoast.com\/wordpress\/plugins\/seo\/ -->\n<title>Lettore audio: aggiungi l&#039;app Musica al sito Web Wix (veloce e gratuito)<\/title>\n<meta name=\"description\" content=\"Implementa un plug-in adattivo del lettore musicale sul tuo sito Wix. Utilizza la nostra pratica demo e crea il tuo strumento in soli 2 minuti.\" \/>\n<meta name=\"robots\" content=\"index, follow, max-snippet:-1, max-image-preview:large, max-video-preview:-1\" \/>\n<link rel=\"canonical\" href=\"https:\/\/elfsight.com\/it\/audio-player-widget\/wix\/\" \/>\n<meta property=\"og:locale\" content=\"it_IT\" \/>\n<meta property=\"og:type\" content=\"article\" \/>\n<meta property=\"og:title\" content=\"Lettore audio: aggiungi l&#039;app Musica al sito Web Wix (veloce e gratuito)\" \/>\n<meta property=\"og:description\" content=\"Implementa un plug-in adattivo del lettore musicale sul tuo sito Wix. Utilizza la nostra pratica demo e crea il tuo strumento in soli 2 minuti.\" \/>\n<meta property=\"og:url\" content=\"https:\/\/elfsight.com\/it\/audio-player-widget\/wix\/\" \/>\n<meta property=\"og:site_name\" content=\"Elfsight IT\" \/>\n<meta property=\"article:modified_time\" content=\"2025-03-14T11:47:27+00:00\" \/>\n<meta name=\"twitter:card\" content=\"summary_large_image\" \/>\n<meta name=\"twitter:label1\" content=\"Tempo di lettura stimato\" \/>\n\t<meta name=\"twitter:data1\" content=\"4 minuti\" \/>\n<!-- \/ Yoast SEO plugin. -->","yoast_head_json":{"title":"Lettore audio: aggiungi l'app Musica al sito Web Wix (veloce e gratuito)","description":"Implementa un plug-in adattivo del lettore musicale sul tuo sito Wix. Utilizza la nostra pratica demo e crea il tuo strumento in soli 2 minuti.","robots":{"index":"index","follow":"follow","max-snippet":"max-snippet:-1","max-image-preview":"max-image-preview:large","max-video-preview":"max-video-preview:-1"},"canonical":"https:\/\/elfsight.com\/it\/audio-player-widget\/wix\/","og_locale":"it_IT","og_type":"article","og_title":"Lettore audio: aggiungi l'app Musica al sito Web Wix (veloce e gratuito)","og_description":"Implementa un plug-in adattivo del lettore musicale sul tuo sito Wix. Utilizza la nostra pratica demo e crea il tuo strumento in soli 2 minuti.","og_url":"https:\/\/elfsight.com\/it\/audio-player-widget\/wix\/","og_site_name":"Elfsight IT","article_modified_time":"2025-03-14T11:47:27+00:00","twitter_card":"summary_large_image","twitter_misc":{"Tempo di lettura stimato":"4 minuti"},"schema":{"@context":"https:\/\/schema.org","@graph":[{"@type":"WebPage","@id":"https:\/\/elfsight.com\/it\/audio-player-widget\/wix\/","url":"https:\/\/elfsight.com\/it\/audio-player-widget\/wix\/","name":"Lettore audio: aggiungi l'app Musica al sito Web Wix (veloce e gratuito)","isPartOf":{"@id":"https:\/\/elfsight.com\/it\/#website"},"datePublished":"2024-05-03T06:28:30+00:00","dateModified":"2025-03-14T11:47:27+00:00","description":"Implementa un plug-in adattivo del lettore musicale sul tuo sito Wix. Utilizza la nostra pratica demo e crea il tuo strumento in soli 2 minuti.","breadcrumb":{"@id":"https:\/\/elfsight.com\/it\/audio-player-widget\/wix\/#breadcrumb"},"inLanguage":"it-IT","potentialAction":[{"@type":"ReadAction","target":["https:\/\/elfsight.com\/it\/audio-player-widget\/wix\/"]}]},{"@type":"BreadcrumbList","@id":"https:\/\/elfsight.com\/it\/audio-player-widget\/wix\/#breadcrumb","itemListElement":[{"@type":"ListItem","position":1,"name":"Home","item":"https:\/\/elfsight.com\/it\/"},{"@type":"ListItem","position":2,"name":"Audio Player","item":"https:\/\/elfsight.com\/it\/audio-player-widget\/"},{"@type":"ListItem","position":3,"name":"Audio Player &#8211; Wix"}]},{"@type":"WebSite","@id":"https:\/\/elfsight.com\/it\/#website","url":"https:\/\/elfsight.com\/it\/","name":"Elfsight IT","description":"Just another Elfsight Sites site","potentialAction":[{"@type":"SearchAction","target":{"@type":"EntryPoint","urlTemplate":"https:\/\/elfsight.com\/it\/?s={search_term_string}"},"query-input":{"@type":"PropertyValueSpecification","valueRequired":true,"valueName":"search_term_string"}}],"inLanguage":"it-IT"}]}},"meta_box":{"industry":"","seo_heading":"","heading":"","description":"","cta_heading":"","cta_description":"","application":"1808","h1":"Applicazione Wix Lettore Audio","h1_caption":"Aggiungi e mostra le tracce audio direttamente sul tuo sito web con un lettore elegante e personalizzabile nel tuo sito web Weebly senza sforzo.","application_category":[],"applications_title":"","applications_request_title":"","applications_request_button_text":"","hero_text":"","hero_video":"","hero_video_schema_markup":"","selling_points_title":"","selling_points_caption":"","selling_points":[],"selling_points_cta_text":"","features_title":"","features":"","ed_cta_examples_text":"","ed_cta_examples_hidden":"","ed_cta_demo_text":"","ed_cta_demo_hidden":"","why_caption":"","why_editor_title":"","why_editor_text":"","why_team_title":"","why_team_text":"","why_service_title":"","why_service_text":"","template_catalog_visible":"0","template_catalog_title":"","template_catalog_text":"","template_catalog_categories_visible":"","demo_title":"Crea la tua app Lettore audio","demo_caption":"Configura il tuo lettore audio e aggiungilo gratuitamente al tuo sito Wix!","default_faq_hidden":"","app_template_category":[],"platform":"29","template_public_id":"","codecanyon_url":"","codecanyon_item_id":"","codecanyon_price":"","pricing_caption":"","pricing_elfsight_apps_hide_column":"","pricing_elfsight_apps_url":"","pricing_codecanyon_price_caption":"","integration_category":[],"integration_request_title":"","integration_request_cta":"","integration_platform":"","integrations":[],"platform_category":[],"video_schema_markup":"","price":"da $ 0 al mese","trial":"","benefits":[{"text":"Aiuto gratuito per l'installazione"},{"text":"Servizio clienti professionale"},{"text":"Garanzia di rimborso di 14 giorni"},{"text":"Aggiornamento costante"}],"button_url":"#demo","button_target_blank":"0","button_nofollow":"0","attributes":[{"name":"Installazioni"},{"name":"Reattivo","content":"S\u00cc"},{"name":"Browser compatibili","content":"Firefox, Safari, Opera, Chrome, Edge"}],"tags":[],"tags_disable_links":"0","hide_more_platforms":"0","video_object":"","demo_hide_cta":"0","demo_hide_cloud_options":"0","pricing_title":"","pricing":[{"pricing_icon":"platform","pricing_title":"Elfsight Apps","pricing_title_caption":"Soluzione digitale multipiattaforma che funziona su qualsiasi sito web","pricing_price":"da $ 0 \/ mese","pricing_price_caption":"inizia con il piano gratuito","pricing_benefits":[{"text":"Numero illimitato di domini"},{"text":"Supporto premium e puntuale"},{"text":"Assistenza gratuita per l'installazione"},{"text":"100% personalizzabile"}],"pricing_button_text":"Aggiungi al sito web","pricing_button_url":"#demo"}],"related_apps_title":"","related_apps_hidden":"0","author":"","image":[],"title":"","job":"","social_networks":[]},"_links":{"self":[{"href":"https:\/\/elfsight.com\/it\/wp-json\/wp\/v2\/pages\/3613","targetHints":{"allow":["GET"]}}],"collection":[{"href":"https:\/\/elfsight.com\/it\/wp-json\/wp\/v2\/pages"}],"about":[{"href":"https:\/\/elfsight.com\/it\/wp-json\/wp\/v2\/types\/page"}],"author":[{"embeddable":true,"href":"https:\/\/elfsight.com\/it\/wp-json\/wp\/v2\/users\/9"}],"replies":[{"embeddable":true,"href":"https:\/\/elfsight.com\/it\/wp-json\/wp\/v2\/comments?post=3613"}],"version-history":[{"count":5,"href":"https:\/\/elfsight.com\/it\/wp-json\/wp\/v2\/pages\/3613\/revisions"}],"predecessor-version":[{"id":8774,"href":"https:\/\/elfsight.com\/it\/wp-json\/wp\/v2\/pages\/3613\/revisions\/8774"}],"up":[{"embeddable":true,"href":"https:\/\/elfsight.com\/it\/wp-json\/wp\/v2\/pages\/1809"}],"wp:attachment":[{"href":"https:\/\/elfsight.com\/it\/wp-json\/wp\/v2\/media?parent=3613"}],"curies":[{"name":"wp","href":"https:\/\/api.w.org\/{rel}","templated":true}]}}