{"id":3610,"date":"2024-05-03T06:28:27","date_gmt":"2024-05-03T06:28:27","guid":{"rendered":"https:\/\/elfsight.com\/it\/?page_id=3610"},"modified":"2025-03-14T11:51:08","modified_gmt":"2025-03-14T11:51:08","slug":"wordpress","status":"publish","type":"page","link":"https:\/\/elfsight.com\/it\/audio-player-widget\/wordpress\/","title":{"rendered":"Audio Player &#8211; WordPress"},"content":{"rendered":"\n<div class=\"application-platform-content-item-description application-platform-content-item\" id=\"description\" data-nav-section=\"description\"> <h2>Incorpora lettore audio su WordPress con il widget Elfsight<\/h2> <p>Elfsight Music Player \u00e8 il miglior plugin per WordPress che ti consente di riprodurre tracce audio direttamente sulle pagine del tuo sito web. Lo strumento \u00e8 totalmente regolabile: sei libero di alterarne il posizionamento, impostandolo in qualsiasi punto della pagina, ridimensionarne le dimensioni, ricolorare lo sfondo e tutti gli altri elementi per fonderlo con lo stile del tuo sito web, utilizzare combinazioni di colori scuri, rivelare immagini e mostra o nascondi 4 parti aggiuntive del giocatore come la barra di avanzamento, l&#8217;intestazione e altre. Aggiungi tutte le tracce che desideri per deliziare il tuo pubblico, attiva la riproduzione automatica e stai sicuro: i tuoi visitatori non abbandoneranno immediatamente la tua home page!<\/p><p><b>Con il plug-in Elfsight Audio, inizia una crescita pi\u00f9 rapida del tuo business e aumentare le vendite<\/b><\/p> <div class=\"faq\" data-component=\"FAQ\"> <div class=\"faq-item\">\r\n\t\t\t\t\t<div class=\"faq-item-question\">\r\n\t\t\t\t\t\t<h3 class=\"faq-item-question-text\">Ci sono altri strumenti per WordPress che posso inserire nel mio sito web? <\/h3>\r\n\r\n\t\t\t\t\t\t<div class=\"faq-item-question-icon\"><\/div>\r\n\t\t\t\t\t<\/div>\r\n\r\n\t\t\t\t\t<div class=\"faq-item-answer\">\r\n\t\t\t\t\t\t<div class=\"faq-item-answer-text\"> <p>Dobbiamo offrirti un&#8217;enorme variet\u00e0 di strumenti diversi per te per soddisfare qualsiasi tipo di obiettivo sul tuo sito web. Verifica tu stesso: <a href=\"https:\/\/elfsight.com\/whatsapp-chat-widget\/wordpress\/\">Chat di WhatsApp<\/a>, <a href=\"https:\/\/elfsight.com\/facebook-chat-widget\/wordpress\/\">Chat di Facebook<\/a>, <a href=\"https:\/\/elfsight.com\/google-reviews-widget\/wordpress\/\">Recensioni di Google<\/a>, <a href=\"https:\/\/elfsight.com\/testimonials-slider-widget\/wordpress\/\">Slider testimonianze<\/a>, <a href=\"https:\/\/elfsight.com\/youtube-channel-plugin-yottie\/wordpress\/\">YouTube Nutri<\/a>. Scegli il tuo strumento o aggiungili tutti al tuo sito web: la scelta \u00e8 tua! <\/p> <\/div>\r\n\t\t\t\t\t<\/div>\r\n\t\t\t\t<\/div> <div class=\"faq-item\">\r\n\t\t\t\t\t<div class=\"faq-item-question\">\r\n\t\t\t\t\t\t<h3 class=\"faq-item-question-text\">In che modo incorporo il plug-in Music Player nel mio sito Web WordPress? <\/h3>\r\n\r\n\t\t\t\t\t\t<div class=\"faq-item-question-icon\"><\/div>\r\n\t\t\t\t\t<\/div>\r\n\r\n\t\t\t\t\t<div class=\"faq-item-answer\">\r\n\t\t\t\t\t\t<div class=\"faq-item-answer-text\"> <p>Puoi aggiungere facilmente il plug-in Music Player al tuo sito Web WordPress. Basta andare al pannello di amministrazione e seguire questi passaggi: <\/p><ol><li>Seleziona le impostazioni del tema. <\/li><li>Scegli la parte in cui desideri aggiungere il plugin WordPress. <\/li><li>Incolla il tuo codice dal servizio Elfsight Apps e applica le tue modifiche. <\/li><li>Semplice. <\/li><\/ol><p>Inoltre, puoi controllare <a href=\"https:\/\/elfsight.com\/tutorials\/how-to-embed-audio-player-on-any-website\/#how-to-add-musicplayer-to-wordpress\">questa guida<\/a> se ci sono altre domande rimanenti sul funzionamento del nostro widget WordPress.<\/p><\/div>\r\n\t\t\t\t\t<\/div>\r\n\t\t\t\t<\/div> <div class=\"faq-item\">\r\n\t\t\t\t\t<div class=\"faq-item-question\">\r\n\t\t\t\t\t\t<h3 class=\"faq-item-question-text\">Posso testare l'app WordPress Music Player quando \u00e8 in uso? <\/h3>\r\n\r\n\t\t\t\t\t\t<div class=\"faq-item-question-icon\"><\/div>\r\n\t\t\t\t\t<\/div>\r\n\r\n\t\t\t\t\t<div class=\"faq-item-answer\">\r\n\t\t\t\t\t\t<div class=\"faq-item-answer-text\"> <p>Puoi non solo utilizzare, ma anche aggiungere il lettore musicale al tuo sito WordPress, e tutto tramite la nostra demo live! Controlla <a href=\"https:\/\/elfsight.com\/audio-player-widget\/#demo\">qui<\/a>.<\/p><\/div>\r\n\t\t\t\t\t<\/div>\r\n\t\t\t\t<\/div> <\/div><\/div> <div class=\"application-platform-content-item-features application-platform-content-item\" id=\"features\" data-nav-section=\"features\"> <h2>Il plugin include funzionalit\u00e0 pratiche e facili, eccone alcune:<\/h2> <ul><li>Numerose alterazioni del colore<\/li> <li>Tema colore scuro\/chiaro<\/li> <li>Design responsive<\/li> <li>Due layout applicabili<\/li> <li>Possibilit\u00e0 di utilizzare l&#8217;immagine di sfondo<\/li> <\/ul><p><a href=\"#demo\">Basta provare questa demo per avere un&#8217;idea completa<\/a><\/p> <\/div> <div class=\"application-platform-content-item-installation application-platform-content-item\" id=\"installation\" data-nav-section=\"installation\"> <h2>Come faccio ad aggiungere Audio Player al mio sito Web WordPress?<\/h2> <div class=\"video-container\"><iframe width=\"560\" height=\"315\" src=\"https:\/\/www.youtube.com\/embed\/_BP9Fh7-wOg?si=3SMvWv0_B4bWLO8E\" frameborder=\"0\" allow=\"accelerometer; autoplay; clipboard-write; encrypted-media; gyroscope; picture-in-picture; web-share\" allowfullscreen><\/iframe><\/div><p> Basta eseguire diversi passaggi descritti di seguito per iniziare a lavorare con il plug-in del lettore musicale.<\/p> <ol><li><b>Lancia il nostro editor gratuito e inizia a creare il tuo plug-in unico. <\/b><br> Trova il layout e gli aspetti preferiti del plugin e salva tutte le modifiche. <\/li> <li><b>Acquisisci il tuo codice personale dimostrato nell&#8217;apposito modulo su Elfsight Apps. <\/b><br> Una volta terminata la configurazione del plug-in, copia il codice individuale dal popup visualizzato e conservalo per un&#8217;occasione successiva. <\/li> <li><b>Inizia a utilizzare il plug-in sul sito WordPress. <\/b><br> Aggiungi il codice che hai copiato in precedenza nel tuo sito web e salva le correzioni. <\/li> <li><b>Il gioco \u00e8 fatto! L&#8217;incorporamento \u00e8 completamente completato. <\/b><br> Visita il tuo sito web per vedere in azione il funzionamento del plugin. <\/li><\/ol><p>Se hai domande o incontri ostacoli, non aver paura di metterti in contatto con il nostro personale di supporto. I nostri specialisti saranno lieti di risolvere tutte le difficolt\u00e0 che potresti avere sul prodotto. <\/p> <\/div><div class=\"faq\" data-component=\"FAQ\"><div class=\"faq-item\">\r\n\t\t\t\t\t<div class=\"faq-item-question\">\r\n\t\t\t\t\t\t<h3 class=\"faq-item-question-text\">I modi migliori per utilizzare l'integrazione del lettore audio<\/h3>\r\n\r\n\t\t\t\t\t\t<div class=\"faq-item-question-icon\"><\/div>\r\n\t\t\t\t\t<\/div>\r\n\r\n\t\t\t\t\t<div class=\"faq-item-answer\">\r\n\t\t\t\t\t\t<div class=\"faq-item-answer-text\"><p>Ti garantiamo molte opzioni di personalizzazione: widget a lunghezza intera per aggiunta nella sezione dei contenuti, plugin mobili per opportunit\u00e0 di scorrimento, miniature per il pi\u00e8 di pagina del tuo sito web, intestazione e tutti i tipi di possibilit\u00e0 verticali per barre laterali e menu. <\/p><\/div>\r\n\t\t\t\t\t<\/div>\r\n\t\t\t\t<\/div><div class=\"faq-item\">\r\n\t\t\t\t\t<div class=\"faq-item-question\">\r\n\t\t\t\t\t\t<h3 class=\"faq-item-question-text\">Posso creare un nuovo album o un riproduttore di tracce singole tramite l'editor?<\/h3>\r\n\r\n\t\t\t\t\t\t<div class=\"faq-item-question-icon\"><\/div>\r\n\t\t\t\t\t<\/div>\r\n\r\n\t\t\t\t\t<div class=\"faq-item-answer\">\r\n\t\t\t\t\t\t<div class=\"faq-item-answer-text\"><p>Puoi creare qualsiasi modifica del widget. Nell&#8217;editor \u00e8 disponibile un&#8217;ampia gamma di layout e tutti possono essere facilmente personalizzati nel modo che preferisci. <\/p><\/div>\r\n\t\t\t\t\t<\/div>\r\n\t\t\t\t<\/div><\/div>\n","protected":false},"excerpt":{"rendered":"","protected":false},"author":9,"featured_media":0,"parent":1809,"menu_order":0,"comment_status":"closed","ping_status":"closed","template":"templates\/template-application-platform.php","meta":{"publish_to_discourse":"","publish_post_category":"","wpdc_auto_publish_overridden":"","wpdc_topic_tags":"","wpdc_pin_topic":"","wpdc_pin_until":"","discourse_post_id":"","discourse_permalink":"","wpdc_publishing_response":"","wpdc_publishing_error":"","footnotes":""},"class_list":["post-3610","page","type-page","status-publish","hentry"],"yoast_head":"<!-- This site is optimized with the Yoast SEO plugin v25.3.1 - https:\/\/yoast.com\/wordpress\/plugins\/seo\/ -->\n<title>Lettore audio: aggiungi l&#039;app Musica al sito Web WordPress (veloce e gratuito)<\/title>\n<meta name=\"description\" content=\"Aggiungi un widget lettore musicale flessibile al tuo sito Web WordPress. Applica la nostra comoda demo e forma il tuo plugin personalizzato in soli 2 minuti.\" \/>\n<meta name=\"robots\" content=\"index, follow, max-snippet:-1, max-image-preview:large, max-video-preview:-1\" \/>\n<link rel=\"canonical\" href=\"https:\/\/elfsight.com\/it\/audio-player-widget\/wordpress\/\" \/>\n<meta property=\"og:locale\" content=\"it_IT\" \/>\n<meta property=\"og:type\" content=\"article\" \/>\n<meta property=\"og:title\" content=\"Lettore audio: aggiungi l&#039;app Musica al sito Web WordPress (veloce e gratuito)\" \/>\n<meta property=\"og:description\" content=\"Aggiungi un widget lettore musicale flessibile al tuo sito Web WordPress. Applica la nostra comoda demo e forma il tuo plugin personalizzato in soli 2 minuti.\" \/>\n<meta property=\"og:url\" content=\"https:\/\/elfsight.com\/it\/audio-player-widget\/wordpress\/\" \/>\n<meta property=\"og:site_name\" content=\"Elfsight IT\" \/>\n<meta property=\"article:modified_time\" content=\"2025-03-14T11:51:08+00:00\" \/>\n<meta name=\"twitter:card\" content=\"summary_large_image\" \/>\n<meta name=\"twitter:label1\" content=\"Tempo di lettura stimato\" \/>\n\t<meta name=\"twitter:data1\" content=\"4 minuti\" \/>\n<!-- \/ Yoast SEO plugin. -->","yoast_head_json":{"title":"Lettore audio: aggiungi l'app Musica al sito Web WordPress (veloce e gratuito)","description":"Aggiungi un widget lettore musicale flessibile al tuo sito Web WordPress. Applica la nostra comoda demo e forma il tuo plugin personalizzato in soli 2 minuti.","robots":{"index":"index","follow":"follow","max-snippet":"max-snippet:-1","max-image-preview":"max-image-preview:large","max-video-preview":"max-video-preview:-1"},"canonical":"https:\/\/elfsight.com\/it\/audio-player-widget\/wordpress\/","og_locale":"it_IT","og_type":"article","og_title":"Lettore audio: aggiungi l'app Musica al sito Web WordPress (veloce e gratuito)","og_description":"Aggiungi un widget lettore musicale flessibile al tuo sito Web WordPress. Applica la nostra comoda demo e forma il tuo plugin personalizzato in soli 2 minuti.","og_url":"https:\/\/elfsight.com\/it\/audio-player-widget\/wordpress\/","og_site_name":"Elfsight IT","article_modified_time":"2025-03-14T11:51:08+00:00","twitter_card":"summary_large_image","twitter_misc":{"Tempo di lettura stimato":"4 minuti"},"schema":{"@context":"https:\/\/schema.org","@graph":[{"@type":"WebPage","@id":"https:\/\/elfsight.com\/it\/audio-player-widget\/wordpress\/","url":"https:\/\/elfsight.com\/it\/audio-player-widget\/wordpress\/","name":"Lettore audio: aggiungi l'app Musica al sito Web WordPress (veloce e gratuito)","isPartOf":{"@id":"https:\/\/elfsight.com\/it\/#website"},"datePublished":"2024-05-03T06:28:27+00:00","dateModified":"2025-03-14T11:51:08+00:00","description":"Aggiungi un widget lettore musicale flessibile al tuo sito Web WordPress. Applica la nostra comoda demo e forma il tuo plugin personalizzato in soli 2 minuti.","breadcrumb":{"@id":"https:\/\/elfsight.com\/it\/audio-player-widget\/wordpress\/#breadcrumb"},"inLanguage":"it-IT","potentialAction":[{"@type":"ReadAction","target":["https:\/\/elfsight.com\/it\/audio-player-widget\/wordpress\/"]}]},{"@type":"BreadcrumbList","@id":"https:\/\/elfsight.com\/it\/audio-player-widget\/wordpress\/#breadcrumb","itemListElement":[{"@type":"ListItem","position":1,"name":"Home","item":"https:\/\/elfsight.com\/it\/"},{"@type":"ListItem","position":2,"name":"Audio Player","item":"https:\/\/elfsight.com\/it\/audio-player-widget\/"},{"@type":"ListItem","position":3,"name":"Audio Player &#8211; WordPress"}]},{"@type":"WebSite","@id":"https:\/\/elfsight.com\/it\/#website","url":"https:\/\/elfsight.com\/it\/","name":"Elfsight IT","description":"Just another Elfsight Sites site","potentialAction":[{"@type":"SearchAction","target":{"@type":"EntryPoint","urlTemplate":"https:\/\/elfsight.com\/it\/?s={search_term_string}"},"query-input":{"@type":"PropertyValueSpecification","valueRequired":true,"valueName":"search_term_string"}}],"inLanguage":"it-IT"}]}},"meta_box":{"industry":"","seo_heading":"","heading":"","description":"","cta_heading":"","cta_description":"","application":"1808","h1":"Plug-in del lettore audio WordPress","h1_caption":"Aggiungi e mostra le tracce audio direttamente sul tuo sito web con un lettore elegante e personalizzabile nel tuo sito web WooCommerce senza sforzo.","application_category":[],"applications_title":"","applications_request_title":"","applications_request_button_text":"","hero_text":"","hero_video":"","hero_video_schema_markup":"","selling_points_title":"","selling_points_caption":"","selling_points":[],"selling_points_cta_text":"","features_title":"","features":"","ed_cta_examples_text":"","ed_cta_examples_hidden":"","ed_cta_demo_text":"","ed_cta_demo_hidden":"","why_caption":"","why_editor_title":"","why_editor_text":"","why_team_title":"","why_team_text":"","why_service_title":"","why_service_text":"","template_catalog_visible":"0","template_catalog_title":"","template_catalog_text":"","template_catalog_categories_visible":"","demo_title":"Crea il tuo plug-in del lettore audio","demo_caption":"Configura il tuo lettore audio e aggiungilo gratuitamente al tuo sito WordPress!","default_faq_hidden":"","app_template_category":[],"platform":"28","template_public_id":"","codecanyon_url":"","codecanyon_item_id":"","codecanyon_price":"","pricing_caption":"","pricing_elfsight_apps_hide_column":"","pricing_elfsight_apps_url":"","pricing_codecanyon_price_caption":"","integration_category":[],"integration_request_title":"","integration_request_cta":"","integration_platform":"","integrations":[],"platform_category":[],"video_schema_markup":"","price":"da $ 0 al mese","trial":"","benefits":[{"text":"Servizio di installazione gratuito"},{"text":"Supporto eccezionale"},{"text":"Garanzia di rimborso di 14 giorni"},{"text":"Sviluppo continuo"}],"button_url":"#demo","button_target_blank":"0","button_nofollow":"0","attributes":[{"name":"Installazioni"},{"name":"Reattivo","content":"S\u00cc"},{"name":"Browser compatibili","content":"Firefox, Safari, Opera, Chrome, Edge"}],"tags":[],"tags_disable_links":"0","hide_more_platforms":"0","video_object":"","demo_hide_cta":"0","demo_hide_cloud_options":"0","pricing_title":"","pricing":[{"pricing_icon":"platform","pricing_title":"Elfsight Apps","pricing_title_caption":"Software multipiattaforma","pricing_price":"da $ 0 \/ mese","pricing_price_caption":"inizia con il piano gratuito","pricing_benefits":[{"text":"Domini illimitati"},{"text":"Assistenza puntuale e 24 ore su 24, 7 giorni su 7"},{"text":"Offerta a tempo limitato per pi\u00f9 app"},{"text":"Offerta speciale per pi\u00f9 app"}],"pricing_button_text":"Aggiungi al sito web","pricing_button_url":"#demo"}],"related_apps_title":"","related_apps_hidden":"0","author":"","image":[],"title":"","job":"","social_networks":[]},"_links":{"self":[{"href":"https:\/\/elfsight.com\/it\/wp-json\/wp\/v2\/pages\/3610","targetHints":{"allow":["GET"]}}],"collection":[{"href":"https:\/\/elfsight.com\/it\/wp-json\/wp\/v2\/pages"}],"about":[{"href":"https:\/\/elfsight.com\/it\/wp-json\/wp\/v2\/types\/page"}],"author":[{"embeddable":true,"href":"https:\/\/elfsight.com\/it\/wp-json\/wp\/v2\/users\/9"}],"replies":[{"embeddable":true,"href":"https:\/\/elfsight.com\/it\/wp-json\/wp\/v2\/comments?post=3610"}],"version-history":[{"count":3,"href":"https:\/\/elfsight.com\/it\/wp-json\/wp\/v2\/pages\/3610\/revisions"}],"predecessor-version":[{"id":8776,"href":"https:\/\/elfsight.com\/it\/wp-json\/wp\/v2\/pages\/3610\/revisions\/8776"}],"up":[{"embeddable":true,"href":"https:\/\/elfsight.com\/it\/wp-json\/wp\/v2\/pages\/1809"}],"wp:attachment":[{"href":"https:\/\/elfsight.com\/it\/wp-json\/wp\/v2\/media?parent=3610"}],"curies":[{"name":"wp","href":"https:\/\/api.w.org\/{rel}","templated":true}]}}