{"id":3602,"date":"2024-05-03T06:28:23","date_gmt":"2024-05-03T06:28:23","guid":{"rendered":"https:\/\/elfsight.com\/it\/?page_id=3602"},"modified":"2024-11-11T11:24:53","modified_gmt":"2024-11-11T11:24:53","slug":"godaddy","status":"publish","type":"page","link":"https:\/\/elfsight.com\/it\/audio-player-widget\/godaddy\/","title":{"rendered":"Audio Player &#8211; GoDaddy"},"content":{"rendered":"<div class=\"application-platform-content-item-description application-platform-content-item\" id=\"description\" data-nav-section=\"description\"> <h2>Incorpora lettore audio su GoDaddy con il widget Elfsight<\/h2> <p>Elfsight Audio Player \u00e8 un semplice strumento per GoDaddy che ti offre l&#8217;opportunit\u00e0 per riprodurre tracce audio sul tuo sito web. Lo strumento \u00e8 totalmente modificabile: sei libero di cambiare la sua posizione, sistemarlo in qualsiasi punto della pagina, cambiarne le dimensioni, rifinire lo sfondo e tutte le altre parti per mescolarlo con lo stile del tuo sito, applicare una combinazione di colori scuri, mostrare immagini e dimostrare o nascondere quattro componenti aggiuntivi del giocatore come la barra di avanzamento, l&#8217;intestazione e molti altri. Aggiungi tutte le tracce di cui hai bisogno per coinvolgere il tuo pubblico, attiva la riproduzione automatica e stai sicuro: i tuoi visitatori non lasceranno la tua pagina web in fretta! <\/p>. <p><b>Integra Elfsight Audio Player per raggiungere i picchi di business pi\u00f9 rapidamente! <\/b><\/p> <\/div> <div class=\"application-platform-content-item-features application-platform-content-item\" id=\"features\" data-nav-section=\"features\"> <h2>Queste sono solo alcune delle ampie funzionalit\u00e0 del plugin: <\/h2> <ul><li>Varie alterazioni di colore<\/li> <li>Tema colore scuro\/chiaro<\/li><li>Design responsivo<\/li><li>2 layout applicabili<\/li><li>Un&#8217;opportunit\u00e0 per aggiungere un&#8217;immagine di sfondo<\/li><\/ul><p><a href=\"#demo\">Prova semplicemente questa demo per comprendere la funzionalit\u00e0 del plugin<\/a><\/p> <\/div> <div class=\"application-platform-content-item-installation application-platform-content-item\" id=\"installation\" data-nav-section=\"installation\"> <h2>Come aggiungere Elfsight Audio Player nel mio GoDaddy? <\/h2> <p>Segui semplicemente i passaggi indicati di seguito per aggiungere lo strumento. <\/p> <ol><li><b>Applica il nostro configuratore gratuito e inizia a creare il tuo strumento su misura. <\/b><br> Specifica la forma selezionata e le caratteristiche funzionali dello strumento e salva le modifiche. <\/li> <li><b>Ricevi il codice individuale che appare nel box sulle App Elfsight<\/b><br> Una volta terminata la configurazione del tuo strumento, copia il codice personale nel box che appare e salvalo per ulteriore utilizzo. <\/li> <li><b>Avvia l&#8217;applicazione del plug-in sul sito GoDaddy<\/b><br> Implementa il codice copiato di recente nella tua home page e applica le modifiche. <\/li> <li><b>La configurazione \u00e8 completamente completata<\/b><br> Vai al tuo sito web per visualizzare il funzionamento del plugin. <\/li><\/ol> <p>Se incontri domande o incontri qualche complicazione, non esitare a contattare il nostro personale del servizio clienti. I nostri specialisti saranno entusiasti di risolvere tutte le domande che potresti avere sul plugin. <\/p> <div class=\"faq\" data-component=\"FAQ\"><div class=\"faq-item\">\r\n\t\t\t\t\t<div class=\"faq-item-question\">\r\n\t\t\t\t\t\t<h3 class=\"faq-item-question-text\">Come posso incorporare il plug-in GoDaddy Audio Player nel mio sito Web senza competenze di codifica?<\/h3>\r\n\r\n\t\t\t\t\t\t<div class=\"faq-item-question-icon\"><\/div>\r\n\t\t\t\t\t<\/div>\r\n\r\n\t\t\t\t\t<div class=\"faq-item-answer\">\r\n\t\t\t\t\t\t<div class=\"faq-item-answer-text\"><p>Elfsight fornisce una soluzione basata su cloud che consente agli utenti di creare un plug-in GoDaddy Audio Player da soli. Prova quanto sia semplice il processo:<\/p><ul><li>Accedi all&#8217;editor online per generare una sezione del plugin GoDaddy Audio Player che desideri integrare nel tuo sito web.<\/li><li>Seleziona uno dei nostri modelli predefiniti e personalizza le impostazioni del plug-in GoDaddy Audio Player, modifica il layout e la combinazione di colori, includi i tuoi contenuti senza alcun requisito di codifica.<\/li><li>Conserva le impostazioni che hai configurato per il plug-in GoDaddy Audio Player e ottieni il codice per l&#8217;incorporamento, che pu\u00f2 essere inserito facilmente e gratuitamente nel tuo sito web.<\/li><\/ul><p>Lavorando nell&#8217;editor intuitivo, qualsiasi utente di Internet pu\u00f2 creare una sezione plug-in di GoDaddy Audio Player e incorporarlo nel loro sito web. Non \u00e8 richiesto il pagamento o la divulgazione dei dati della tua carta per accedere all&#8217;editor Elfsight. Se riscontri difficolt\u00e0 in qualsiasi momento, non esitare a contattare la nostra assistenza clienti.<\/p><\/div>\r\n\t\t\t\t\t<\/div>\r\n\t\t\t\t<\/div><\/div><\/div>","protected":false},"excerpt":{"rendered":"","protected":false},"author":9,"featured_media":0,"parent":1809,"menu_order":0,"comment_status":"closed","ping_status":"closed","template":"templates\/template-application-platform.php","meta":{"publish_to_discourse":"","publish_post_category":"","wpdc_auto_publish_overridden":"","wpdc_topic_tags":"","wpdc_pin_topic":"","wpdc_pin_until":"","discourse_post_id":"","discourse_permalink":"","wpdc_publishing_response":"","wpdc_publishing_error":"","footnotes":""},"class_list":["post-3602","page","type-page","status-publish","hentry"],"yoast_head":"<!-- This site is optimized with the Yoast SEO plugin v25.3.1 - https:\/\/yoast.com\/wordpress\/plugins\/seo\/ -->\n<title>Lettore audio: aggiungi il plug-in Lettore audio al sito Web di GoDaddy!<\/title>\n<meta name=\"description\" content=\"Aggiungi un plug-in Lettore audio impressionabile sul tuo sito Web GoDaddy. Esegui la nostra comoda demo e crea il tuo strumento in soli 2 minuti.\" \/>\n<meta name=\"robots\" content=\"index, follow, max-snippet:-1, max-image-preview:large, max-video-preview:-1\" \/>\n<link rel=\"canonical\" href=\"https:\/\/elfsight.com\/it\/audio-player-widget\/godaddy\/\" \/>\n<meta property=\"og:locale\" content=\"it_IT\" \/>\n<meta property=\"og:type\" content=\"article\" \/>\n<meta property=\"og:title\" content=\"Lettore audio: aggiungi il plug-in Lettore audio al sito Web di GoDaddy!\" \/>\n<meta property=\"og:description\" content=\"Aggiungi un plug-in Lettore audio impressionabile sul tuo sito Web GoDaddy. Esegui la nostra comoda demo e crea il tuo strumento in soli 2 minuti.\" \/>\n<meta property=\"og:url\" content=\"https:\/\/elfsight.com\/it\/audio-player-widget\/godaddy\/\" \/>\n<meta property=\"og:site_name\" content=\"Elfsight IT\" \/>\n<meta property=\"article:modified_time\" content=\"2024-11-11T11:24:53+00:00\" \/>\n<meta name=\"twitter:card\" content=\"summary_large_image\" \/>\n<meta name=\"twitter:label1\" content=\"Tempo di lettura stimato\" \/>\n\t<meta name=\"twitter:data1\" content=\"3 minuti\" \/>\n<!-- \/ Yoast SEO plugin. -->","yoast_head_json":{"title":"Lettore audio: aggiungi il plug-in Lettore audio al sito Web di GoDaddy!","description":"Aggiungi un plug-in Lettore audio impressionabile sul tuo sito Web GoDaddy. Esegui la nostra comoda demo e crea il tuo strumento in soli 2 minuti.","robots":{"index":"index","follow":"follow","max-snippet":"max-snippet:-1","max-image-preview":"max-image-preview:large","max-video-preview":"max-video-preview:-1"},"canonical":"https:\/\/elfsight.com\/it\/audio-player-widget\/godaddy\/","og_locale":"it_IT","og_type":"article","og_title":"Lettore audio: aggiungi il plug-in Lettore audio al sito Web di GoDaddy!","og_description":"Aggiungi un plug-in Lettore audio impressionabile sul tuo sito Web GoDaddy. Esegui la nostra comoda demo e crea il tuo strumento in soli 2 minuti.","og_url":"https:\/\/elfsight.com\/it\/audio-player-widget\/godaddy\/","og_site_name":"Elfsight IT","article_modified_time":"2024-11-11T11:24:53+00:00","twitter_card":"summary_large_image","twitter_misc":{"Tempo di lettura stimato":"3 minuti"},"schema":{"@context":"https:\/\/schema.org","@graph":[{"@type":"WebPage","@id":"https:\/\/elfsight.com\/it\/audio-player-widget\/godaddy\/","url":"https:\/\/elfsight.com\/it\/audio-player-widget\/godaddy\/","name":"Lettore audio: aggiungi il plug-in Lettore audio al sito Web di GoDaddy!","isPartOf":{"@id":"https:\/\/elfsight.com\/it\/#website"},"datePublished":"2024-05-03T06:28:23+00:00","dateModified":"2024-11-11T11:24:53+00:00","description":"Aggiungi un plug-in Lettore audio impressionabile sul tuo sito Web GoDaddy. Esegui la nostra comoda demo e crea il tuo strumento in soli 2 minuti.","breadcrumb":{"@id":"https:\/\/elfsight.com\/it\/audio-player-widget\/godaddy\/#breadcrumb"},"inLanguage":"it-IT","potentialAction":[{"@type":"ReadAction","target":["https:\/\/elfsight.com\/it\/audio-player-widget\/godaddy\/"]}]},{"@type":"BreadcrumbList","@id":"https:\/\/elfsight.com\/it\/audio-player-widget\/godaddy\/#breadcrumb","itemListElement":[{"@type":"ListItem","position":1,"name":"Home","item":"https:\/\/elfsight.com\/it\/"},{"@type":"ListItem","position":2,"name":"Audio Player","item":"https:\/\/elfsight.com\/it\/audio-player-widget\/"},{"@type":"ListItem","position":3,"name":"Audio Player &#8211; GoDaddy"}]},{"@type":"WebSite","@id":"https:\/\/elfsight.com\/it\/#website","url":"https:\/\/elfsight.com\/it\/","name":"Elfsight IT","description":"Just another Elfsight Sites site","potentialAction":[{"@type":"SearchAction","target":{"@type":"EntryPoint","urlTemplate":"https:\/\/elfsight.com\/it\/?s={search_term_string}"},"query-input":{"@type":"PropertyValueSpecification","valueRequired":true,"valueName":"search_term_string"}}],"inLanguage":"it-IT"}]}},"meta_box":{"industry":"","seo_heading":"","heading":"","description":"","cta_heading":"","cta_description":"","application":"1808","h1":"Plug-in del lettore audio di GoDaddy","h1_caption":"Aggiungi e mostra le tracce audio direttamente sul tuo sito web con un lettore elegante e personalizzabile nel sito web della tua pagina Facebook senza sforzo.","application_category":[],"applications_title":"","applications_request_title":"","applications_request_button_text":"","hero_text":"","hero_video":"","hero_video_schema_markup":"","selling_points_title":"","selling_points_caption":"","selling_points":[],"selling_points_cta_text":"","features_title":"","features":"","ed_cta_examples_text":"","ed_cta_examples_hidden":"","ed_cta_demo_text":"","ed_cta_demo_hidden":"","why_caption":"","why_editor_title":"","why_editor_text":"","why_team_title":"","why_team_text":"","why_service_title":"","why_service_text":"","template_catalog_visible":"","template_catalog_title":"","template_catalog_text":"","template_catalog_categories_visible":"","demo_title":"Crea il tuo plug-in del lettore audio","demo_caption":"Configura il tuo lettore audio e aggiungilo gratuitamente al tuo sito web GoDaddy!","default_faq_hidden":"","app_template_category":[],"platform":"53","template_public_id":"","codecanyon_url":"","codecanyon_item_id":"","codecanyon_price":"","pricing_caption":"","pricing_elfsight_apps_hide_column":"","pricing_elfsight_apps_url":"","pricing_codecanyon_price_caption":"","integration_category":[],"integration_request_title":"","integration_request_cta":"","integration_platform":"","integrations":[],"platform_category":[],"video_schema_markup":"","price":"da $ 0 al mese","trial":"","benefits":[{"text":"Servizio di installazione gratuito"},{"text":"Assistenza clienti con esperienza"},{"text":"Garanzia di rimborso di 14 giorni"},{"text":"Sviluppo continuo"}],"button_url":"#demo","button_target_blank":"","button_nofollow":"","attributes":[{"name":"Installazioni"},{"name":"Reattivo","content":"S\u00cc"},{"name":"Browser compatibili","content":"Firefox, Safari, Opera, Chrome, Edge"}],"tags":[],"tags_disable_links":"","hide_more_platforms":"","video_object":"","demo_hide_cta":"","demo_hide_cloud_options":"","pricing_title":"","pricing":[{"pricing_icon":"platform","pricing_title":"Elfsight Apps","pricing_title_caption":"Software multipiattaforma","pricing_price":"da $ 0 \/ mese","pricing_price_caption":"inizia con il piano gratuito","pricing_benefits":[{"text":"Siti web illimitati"},{"text":"Assistenza clienti veloce"},{"text":"Servizio di installazione gratuito"},{"text":"Progettazione flessibile"}],"pricing_button_text":"Aggiungi al sito web","pricing_button_url":"#demo"}],"related_apps_title":"","related_apps_hidden":"","author":"","image":[],"title":"","job":"","social_networks":[]},"_links":{"self":[{"href":"https:\/\/elfsight.com\/it\/wp-json\/wp\/v2\/pages\/3602","targetHints":{"allow":["GET"]}}],"collection":[{"href":"https:\/\/elfsight.com\/it\/wp-json\/wp\/v2\/pages"}],"about":[{"href":"https:\/\/elfsight.com\/it\/wp-json\/wp\/v2\/types\/page"}],"author":[{"embeddable":true,"href":"https:\/\/elfsight.com\/it\/wp-json\/wp\/v2\/users\/9"}],"replies":[{"embeddable":true,"href":"https:\/\/elfsight.com\/it\/wp-json\/wp\/v2\/comments?post=3602"}],"version-history":[{"count":1,"href":"https:\/\/elfsight.com\/it\/wp-json\/wp\/v2\/pages\/3602\/revisions"}],"predecessor-version":[{"id":3606,"href":"https:\/\/elfsight.com\/it\/wp-json\/wp\/v2\/pages\/3602\/revisions\/3606"}],"up":[{"embeddable":true,"href":"https:\/\/elfsight.com\/it\/wp-json\/wp\/v2\/pages\/1809"}],"wp:attachment":[{"href":"https:\/\/elfsight.com\/it\/wp-json\/wp\/v2\/media?parent=3602"}],"curies":[{"name":"wp","href":"https:\/\/api.w.org\/{rel}","templated":true}]}}