{"id":3595,"date":"2024-05-03T06:28:20","date_gmt":"2024-05-03T06:28:20","guid":{"rendered":"https:\/\/elfsight.com\/it\/?page_id=3595"},"modified":"2024-11-12T08:29:37","modified_gmt":"2024-11-12T08:29:37","slug":"blogger","status":"publish","type":"page","link":"https:\/\/elfsight.com\/it\/apple-app-store-reviews-widget\/blogger\/","title":{"rendered":"Apple App Store Reviews &#8211; Blogger"},"content":{"rendered":"<div class=\"application-platform-content-item-description application-platform-content-item\" id=\"description\" data-nav-section=\"description\"><h2>Descrizione<\/h2> <p>Elfsight Apple Store Reviews \u00e8 un widget utile che ti consente di mostrare le recensioni sulla tua attivit\u00e0 direttamente sul tuo sito web . Utilizzando questo strumento, sarai in grado di applicare filtri per nascondere i commenti indesiderati, mostrare la tua valutazione in stelle e numeri, dimostrare i dati sugli autori dei commenti e aggiungere un pulsante CTA che pu\u00f2 motivare gli utenti a pubblicare i loro commenti. Elfsight Apple Reviews ti aiuter\u00e0 a vantare la tua elevata prova sociale sul tuo sito e ad iniziare ad avere pi\u00f9 nuovi acquisti. <\/p><p><b>Vendite di alto livello che vantano una valutazione notevole e il riconoscimento dei clienti<\/b><\/p><\/div> <div class=\"application-platform-content-item-features application-platform-content-item\" id=\"features\" data-nav-section=\"features\"><h2>Caratteristiche<\/h2> <p> Qui puoi vedere tutte le caratteristiche del prodotto. Puoi gestirli direttamente nell&#8217;editor e ti aiuteranno a configurare il widget pi\u00f9 adatto alle tue esigenze. <\/p> <ul> <li>Un&#8217;opzione per impostare la velocit\u00e0 della diapositiva e la velocit\u00e0 di riproduzione automatica; <\/li> <li>Scegliere il tipo di impaginazione nel layout Slider; <\/li> <li>Larghezza e altezza regolabili; <\/li> <li>Intestazione commutabile dello strumento; <\/li> <\/ul> <p><a href=\"#demo\">Prova tutte le altre funzioni nella demo<\/a><\/p> <\/div> <div class=\"application-platform-content-item-installation application-platform-content-item\" id=\"installation\" data-nav-section=\"installation\"><h2> Come integrare le recensioni dell&#8217;Apple Store con Blogger? <\/h2> <p>Per inserire il widget basta applicare le istruzioni riportate di seguito. <\/p> <ul> <li><b>Costruisci il tuo plugin Apple<\/b><br> Utilizzando il nostro configuratore gratuito, crea un plugin con l&#8217;interfaccia e le caratteristiche funzionali che preferisci. <\/li> <li><b>Ricevi il codice personale per aggiungere il plugin<\/b><br> Dopo aver creato il tuo widget, riceverai il tuo codice personale dalla notifica che appare sulle App Elfsight. Copia questo codice. <\/li> <li><b>Pubblica il plugin sul tuo sito Blogger<\/b><br> Scegli l&#8217;area in cui desideri incorporare il plugin e inserisci l\u00ec il codice copiato. Pubblica i risultati. <\/li> <li><b>Hai finito! <\/b><br> Vai al tuo sito per vedere il tuo plugin. <\/li> <\/ul> <p>Sentiti libero di contattare il supporto dei nostri clienti se hai bisogno di aiuto o hai domande. Daremo una mano con ogni richiesta. <\/p> <\/div>","protected":false},"excerpt":{"rendered":"","protected":false},"author":9,"featured_media":0,"parent":2564,"menu_order":0,"comment_status":"closed","ping_status":"closed","template":"templates\/template-application-platform.php","meta":{"publish_to_discourse":"","publish_post_category":"","wpdc_auto_publish_overridden":"","wpdc_topic_tags":"","wpdc_pin_topic":"","wpdc_pin_until":"","discourse_post_id":"","discourse_permalink":"","wpdc_publishing_response":"","wpdc_publishing_error":"","footnotes":""},"class_list":["post-3595","page","type-page","status-publish","hentry"],"yoast_head":"<!-- This site is optimized with the Yoast SEO plugin v25.3.1 - https:\/\/yoast.com\/wordpress\/plugins\/seo\/ -->\n<title>Incorpora le recensioni di Apple sul tuo sito Blogger (facile e veloce)<\/title>\n<meta name=\"description\" content=\"Creare il tuo widget Recensioni Apple e pubblicarlo sul tuo sito web Blogger \u00e8 un processo semplicissimo. Il servizio clienti Elfsight \u00e8 gratuito.\" \/>\n<meta name=\"robots\" content=\"index, follow, max-snippet:-1, max-image-preview:large, max-video-preview:-1\" \/>\n<link rel=\"canonical\" href=\"https:\/\/elfsight.com\/it\/apple-app-store-reviews-widget\/blogger\/\" \/>\n<meta property=\"og:locale\" content=\"it_IT\" \/>\n<meta property=\"og:type\" content=\"article\" \/>\n<meta property=\"og:title\" content=\"Incorpora le recensioni di Apple sul tuo sito Blogger (facile e veloce)\" \/>\n<meta property=\"og:description\" content=\"Creare il tuo widget Recensioni Apple e pubblicarlo sul tuo sito web Blogger \u00e8 un processo semplicissimo. Il servizio clienti Elfsight \u00e8 gratuito.\" \/>\n<meta property=\"og:url\" content=\"https:\/\/elfsight.com\/it\/apple-app-store-reviews-widget\/blogger\/\" \/>\n<meta property=\"og:site_name\" content=\"Elfsight IT\" \/>\n<meta property=\"article:modified_time\" content=\"2024-11-12T08:29:37+00:00\" \/>\n<meta name=\"twitter:card\" content=\"summary_large_image\" \/>\n<meta name=\"twitter:label1\" content=\"Tempo di lettura stimato\" \/>\n\t<meta name=\"twitter:data1\" content=\"2 minuti\" \/>\n<!-- \/ Yoast SEO plugin. -->","yoast_head_json":{"title":"Incorpora le recensioni di Apple sul tuo sito Blogger (facile e veloce)","description":"Creare il tuo widget Recensioni Apple e pubblicarlo sul tuo sito web Blogger \u00e8 un processo semplicissimo. Il servizio clienti Elfsight \u00e8 gratuito.","robots":{"index":"index","follow":"follow","max-snippet":"max-snippet:-1","max-image-preview":"max-image-preview:large","max-video-preview":"max-video-preview:-1"},"canonical":"https:\/\/elfsight.com\/it\/apple-app-store-reviews-widget\/blogger\/","og_locale":"it_IT","og_type":"article","og_title":"Incorpora le recensioni di Apple sul tuo sito Blogger (facile e veloce)","og_description":"Creare il tuo widget Recensioni Apple e pubblicarlo sul tuo sito web Blogger \u00e8 un processo semplicissimo. Il servizio clienti Elfsight \u00e8 gratuito.","og_url":"https:\/\/elfsight.com\/it\/apple-app-store-reviews-widget\/blogger\/","og_site_name":"Elfsight IT","article_modified_time":"2024-11-12T08:29:37+00:00","twitter_card":"summary_large_image","twitter_misc":{"Tempo di lettura stimato":"2 minuti"},"schema":{"@context":"https:\/\/schema.org","@graph":[{"@type":"WebPage","@id":"https:\/\/elfsight.com\/it\/apple-app-store-reviews-widget\/blogger\/","url":"https:\/\/elfsight.com\/it\/apple-app-store-reviews-widget\/blogger\/","name":"Incorpora le recensioni di Apple sul tuo sito Blogger (facile e veloce)","isPartOf":{"@id":"https:\/\/elfsight.com\/it\/#website"},"datePublished":"2024-05-03T06:28:20+00:00","dateModified":"2024-11-12T08:29:37+00:00","description":"Creare il tuo widget Recensioni Apple e pubblicarlo sul tuo sito web Blogger \u00e8 un processo semplicissimo. Il servizio clienti Elfsight \u00e8 gratuito.","breadcrumb":{"@id":"https:\/\/elfsight.com\/it\/apple-app-store-reviews-widget\/blogger\/#breadcrumb"},"inLanguage":"it-IT","potentialAction":[{"@type":"ReadAction","target":["https:\/\/elfsight.com\/it\/apple-app-store-reviews-widget\/blogger\/"]}]},{"@type":"BreadcrumbList","@id":"https:\/\/elfsight.com\/it\/apple-app-store-reviews-widget\/blogger\/#breadcrumb","itemListElement":[{"@type":"ListItem","position":1,"name":"Home","item":"https:\/\/elfsight.com\/it\/"},{"@type":"ListItem","position":2,"name":"Apple App Store Reviews","item":"https:\/\/elfsight.com\/it\/apple-app-store-reviews-widget\/"},{"@type":"ListItem","position":3,"name":"Apple App Store Reviews &#8211; Blogger"}]},{"@type":"WebSite","@id":"https:\/\/elfsight.com\/it\/#website","url":"https:\/\/elfsight.com\/it\/","name":"Elfsight IT","description":"Just another Elfsight Sites site","potentialAction":[{"@type":"SearchAction","target":{"@type":"EntryPoint","urlTemplate":"https:\/\/elfsight.com\/it\/?s={search_term_string}"},"query-input":{"@type":"PropertyValueSpecification","valueRequired":true,"valueName":"search_term_string"}}],"inLanguage":"it-IT"}]}},"meta_box":{"industry":"","seo_heading":"","heading":"","description":"","cta_heading":"","cta_description":"","application":"2563","h1":"Widget recensioni dell'App Store di Blogger","h1_caption":"Incorpora recensioni dal widget del tuo widget store Apple per creare credibilit\u00e0 e incoraggiare pi\u00f9 download nel tuo sito Web Blogger senza sforzo.","application_category":[],"applications_title":"","applications_request_title":"","applications_request_button_text":"","hero_text":"","hero_video":"","hero_video_schema_markup":"","selling_points_title":"","selling_points_caption":"","selling_points":[],"selling_points_cta_text":"","features_title":"","features":"","ed_cta_examples_text":"","ed_cta_examples_hidden":"","ed_cta_demo_text":"","ed_cta_demo_hidden":"","why_caption":"","why_editor_title":"","why_editor_text":"","why_team_title":"","why_team_text":"","why_service_title":"","why_service_text":"","template_catalog_visible":"","template_catalog_title":"","template_catalog_text":"","template_catalog_categories_visible":"","demo_title":"Crea il tuo widget Recensioni sull'Apple App Store","demo_caption":"Configura le tue recensioni sull'Apple App Store e aggiungile gratuitamente al tuo sito Blogger!","default_faq_hidden":"","app_template_category":[],"platform":"33","template_public_id":"","codecanyon_url":"","codecanyon_item_id":"","codecanyon_price":"","pricing_caption":"","pricing_elfsight_apps_hide_column":"","pricing_elfsight_apps_url":"","pricing_codecanyon_price_caption":"","integration_category":[],"integration_request_title":"","integration_request_cta":"","integration_platform":"","integrations":[],"platform_category":[],"video_schema_markup":"","price":"da $ 0 al mese","trial":"","benefits":[{"text":"Aiuto per l'installazione gratuito"},{"text":"Supporto eccezionale"},{"text":"Garanzia di rimborso di 14 giorni"},{"text":"Aggiornamenti futuri"}],"button_url":"#demo","button_target_blank":"","button_nofollow":"","attributes":[{"name":"Installazioni"},{"name":"Reattivo","content":"S\u00cc"},{"name":"Browser compatibili","content":"Firefox, Safari, Opera, Chrome, Edge"}],"tags":[],"tags_disable_links":"","hide_more_platforms":"","video_object":"","demo_hide_cta":"","demo_hide_cloud_options":"","pricing_title":"","pricing":[{"pricing_icon":"platform","pricing_title":"Elfsight Apps","pricing_title_caption":"Soluzione multipiattaforma adatta a qualsiasi sito","pricing_price":"da $ 0 \/ mese","pricing_price_caption":"inizia con un piano gratuito","pricing_benefits":[{"text":"Siti web illimitati"},{"text":"Assistenza clienti dedicata"},{"text":"Aiuto per l'installazione gratuito"},{"text":"Progettazione flessibile"}],"pricing_button_text":"Aggiungi al sito web","pricing_button_url":"#demo"}],"related_apps_title":"","related_apps_hidden":"","author":"","image":[],"title":"","job":"","social_networks":[]},"_links":{"self":[{"href":"https:\/\/elfsight.com\/it\/wp-json\/wp\/v2\/pages\/3595","targetHints":{"allow":["GET"]}}],"collection":[{"href":"https:\/\/elfsight.com\/it\/wp-json\/wp\/v2\/pages"}],"about":[{"href":"https:\/\/elfsight.com\/it\/wp-json\/wp\/v2\/types\/page"}],"author":[{"embeddable":true,"href":"https:\/\/elfsight.com\/it\/wp-json\/wp\/v2\/users\/9"}],"replies":[{"embeddable":true,"href":"https:\/\/elfsight.com\/it\/wp-json\/wp\/v2\/comments?post=3595"}],"version-history":[{"count":1,"href":"https:\/\/elfsight.com\/it\/wp-json\/wp\/v2\/pages\/3595\/revisions"}],"predecessor-version":[{"id":3599,"href":"https:\/\/elfsight.com\/it\/wp-json\/wp\/v2\/pages\/3595\/revisions\/3599"}],"up":[{"embeddable":true,"href":"https:\/\/elfsight.com\/it\/wp-json\/wp\/v2\/pages\/2564"}],"wp:attachment":[{"href":"https:\/\/elfsight.com\/it\/wp-json\/wp\/v2\/media?parent=3595"}],"curies":[{"name":"wp","href":"https:\/\/api.w.org\/{rel}","templated":true}]}}