{"id":3587,"date":"2024-05-03T06:28:16","date_gmt":"2024-05-03T06:28:16","guid":{"rendered":"https:\/\/elfsight.com\/it\/?page_id=3587"},"modified":"2024-09-16T12:33:03","modified_gmt":"2024-09-16T12:33:03","slug":"facebook","status":"publish","type":"page","link":"https:\/\/elfsight.com\/it\/apple-app-store-reviews-widget\/facebook\/","title":{"rendered":"Apple App Store Reviews &#8211; Facebook"},"content":{"rendered":"<div class=\"application-platform-content-item-description application-platform-content-item\" id=\"description\" data-nav-section=\"description\"><h2>Descrizione<\/h2> <p>Elfsight Apple Store Reviews \u00e8 un pratico widget che ti d\u00e0 la possibilit\u00e0 di visualizzare direttamente le recensioni sulle tue offerte il tuo sito. Con il nostro widget potrai utilizzare filtri per nascondere le recensioni negative, rivelare la tua valutazione in stelle e numeri, rivelare informazioni dettagliate sugli autori delle recensioni e aggiungere un pulsante di invito all&#8217;azione che ispirer\u00e0 gli utenti a pubblicare il loro commento. Il widget Elfsight Apple Reviews ti aiuter\u00e0 a vantare la tua elevata prova sociale sul tuo sito e ad iniziare ad avere pi\u00f9 nuovi acquisti. <\/p><p><b>Vendite anticipate con ottima valutazione e riconoscimento da parte dei clienti<\/b><\/p><\/div> <div class=\"application-platform-content-item-features application-platform-content-item\" id=\"features\" data-nav-section=\"features\"><h2>Caratteristiche<\/h2> <p>Verifica un elenco di tutte le caratteristiche funzionali del prodotto. Sono disponibili direttamente nell&#8217;editor e ti aiuteranno a creare il widget esattamente per le tue esigenze. <\/p> <ul> <li>Un&#8217;opzione per impostare la velocit\u00e0 della diapositiva e la velocit\u00e0 di riproduzione automatica; <\/li> <li>Scegliere il tipo di impaginazione nel layout Slider; <\/li> <li>Larghezza e altezza regolabili del widget; <\/li> <li>Intestazione commutabile dello strumento; <\/li> <\/ul> <p><a href=\"#demo\">Scopri come funzionano tutte le funzionalit\u00e0, nella nostra demo<\/a><\/p> <\/div> <div class=\"application-platform-content-item-installation application-platform-content-item\" id=\"installation\" data-nav-section=\"installation\"> <h2>Come posso aggiungere le recensioni dell&#8217;Apple Store su Facebook? <\/h2> <p>Per integrare il widget, seguire le linee guida di seguito. <\/p> <ul> <li><b>Crea il tuo plug-in Apple unico<\/b><br> Utilizzando il nostro editor gratuito, ottieni un plug-in con layout e caratteristiche funzionali selezionati. <\/li> <li><b>Copia il codice individuale per installare il plugin<\/b><br> Subito dopo aver impostato il widget, riceverai il codice di installazione dalla finestra popup sulle app Elfsight. Copia il codice. <\/li> <li><b>Incorpora il plug-in nel tuo sito Web Facebook<\/b><br> Scegli il punto in cui desideri visualizzare il plug-in e incolla l\u00ec il codice salvato. Salva i risultati. <\/li> <li><b>Hai eseguito con successo l&#8217;installazione<\/b><br> Vai al sito per vedere il tuo plugin. <\/li> <\/ul> <p>Non esitate a contattare il nostro servizio di supporto nel caso abbiate bisogno di consigli o domande. I nostri specialisti saranno felici di aiutarvi con ogni richiesta. <\/p> <\/div>","protected":false},"excerpt":{"rendered":"","protected":false},"author":9,"featured_media":0,"parent":2564,"menu_order":0,"comment_status":"closed","ping_status":"closed","template":"templates\/template-application-platform.php","meta":{"publish_to_discourse":"","publish_post_category":"","wpdc_auto_publish_overridden":"","wpdc_topic_tags":"","wpdc_pin_topic":"","wpdc_pin_until":"","discourse_post_id":"","discourse_permalink":"","wpdc_publishing_response":"","wpdc_publishing_error":"","footnotes":""},"class_list":["post-3587","page","type-page","status-publish","hentry"],"yoast_head":"<!-- This site is optimized with the Yoast SEO plugin v25.3.1 - https:\/\/yoast.com\/wordpress\/plugins\/seo\/ -->\n<title>Incorpora le recensioni Apple sulla tua pagina Facebook (facile e veloce)<\/title>\n<meta name=\"description\" content=\"\u00c8 un processo semplicissimo creare il tuo widget Apple Revies e pubblicarlo sulla tua pagina Facebook. Il servizio clienti Elfsight \u00e8 gratuito.\" \/>\n<meta name=\"robots\" content=\"index, follow, max-snippet:-1, max-image-preview:large, max-video-preview:-1\" \/>\n<link rel=\"canonical\" href=\"https:\/\/elfsight.com\/it\/apple-app-store-reviews-widget\/facebook\/\" \/>\n<meta property=\"og:locale\" content=\"it_IT\" \/>\n<meta property=\"og:type\" content=\"article\" \/>\n<meta property=\"og:title\" content=\"Incorpora le recensioni Apple sulla tua pagina Facebook (facile e veloce)\" \/>\n<meta property=\"og:description\" content=\"\u00c8 un processo semplicissimo creare il tuo widget Apple Revies e pubblicarlo sulla tua pagina Facebook. Il servizio clienti Elfsight \u00e8 gratuito.\" \/>\n<meta property=\"og:url\" content=\"https:\/\/elfsight.com\/it\/apple-app-store-reviews-widget\/facebook\/\" \/>\n<meta property=\"og:site_name\" content=\"Elfsight IT\" \/>\n<meta property=\"article:modified_time\" content=\"2024-09-16T12:33:03+00:00\" \/>\n<meta name=\"twitter:card\" content=\"summary_large_image\" \/>\n<meta name=\"twitter:label1\" content=\"Tempo di lettura stimato\" \/>\n\t<meta name=\"twitter:data1\" content=\"2 minuti\" \/>\n<!-- \/ Yoast SEO plugin. -->","yoast_head_json":{"title":"Incorpora le recensioni Apple sulla tua pagina Facebook (facile e veloce)","description":"\u00c8 un processo semplicissimo creare il tuo widget Apple Revies e pubblicarlo sulla tua pagina Facebook. Il servizio clienti Elfsight \u00e8 gratuito.","robots":{"index":"index","follow":"follow","max-snippet":"max-snippet:-1","max-image-preview":"max-image-preview:large","max-video-preview":"max-video-preview:-1"},"canonical":"https:\/\/elfsight.com\/it\/apple-app-store-reviews-widget\/facebook\/","og_locale":"it_IT","og_type":"article","og_title":"Incorpora le recensioni Apple sulla tua pagina Facebook (facile e veloce)","og_description":"\u00c8 un processo semplicissimo creare il tuo widget Apple Revies e pubblicarlo sulla tua pagina Facebook. Il servizio clienti Elfsight \u00e8 gratuito.","og_url":"https:\/\/elfsight.com\/it\/apple-app-store-reviews-widget\/facebook\/","og_site_name":"Elfsight IT","article_modified_time":"2024-09-16T12:33:03+00:00","twitter_card":"summary_large_image","twitter_misc":{"Tempo di lettura stimato":"2 minuti"},"schema":{"@context":"https:\/\/schema.org","@graph":[{"@type":"WebPage","@id":"https:\/\/elfsight.com\/it\/apple-app-store-reviews-widget\/facebook\/","url":"https:\/\/elfsight.com\/it\/apple-app-store-reviews-widget\/facebook\/","name":"Incorpora le recensioni Apple sulla tua pagina Facebook (facile e veloce)","isPartOf":{"@id":"https:\/\/elfsight.com\/it\/#website"},"datePublished":"2024-05-03T06:28:16+00:00","dateModified":"2024-09-16T12:33:03+00:00","description":"\u00c8 un processo semplicissimo creare il tuo widget Apple Revies e pubblicarlo sulla tua pagina Facebook. Il servizio clienti Elfsight \u00e8 gratuito.","breadcrumb":{"@id":"https:\/\/elfsight.com\/it\/apple-app-store-reviews-widget\/facebook\/#breadcrumb"},"inLanguage":"it-IT","potentialAction":[{"@type":"ReadAction","target":["https:\/\/elfsight.com\/it\/apple-app-store-reviews-widget\/facebook\/"]}]},{"@type":"BreadcrumbList","@id":"https:\/\/elfsight.com\/it\/apple-app-store-reviews-widget\/facebook\/#breadcrumb","itemListElement":[{"@type":"ListItem","position":1,"name":"Home","item":"https:\/\/elfsight.com\/it\/"},{"@type":"ListItem","position":2,"name":"Apple App Store Reviews","item":"https:\/\/elfsight.com\/it\/apple-app-store-reviews-widget\/"},{"@type":"ListItem","position":3,"name":"Apple App Store Reviews &#8211; Facebook"}]},{"@type":"WebSite","@id":"https:\/\/elfsight.com\/it\/#website","url":"https:\/\/elfsight.com\/it\/","name":"Elfsight IT","description":"Just another Elfsight Sites site","potentialAction":[{"@type":"SearchAction","target":{"@type":"EntryPoint","urlTemplate":"https:\/\/elfsight.com\/it\/?s={search_term_string}"},"query-input":{"@type":"PropertyValueSpecification","valueRequired":true,"valueName":"search_term_string"}}],"inLanguage":"it-IT"}]}},"meta_box":{"industry":"","seo_heading":"","heading":"","description":"","cta_heading":"","cta_description":"","application":"2563","h1":"Widget per le recensioni dell'Apple App Store di Facebook","h1_caption":"Aumenta la fiducia mostrando le recensioni degli utenti autentici con le informazioni sull'autore","application_category":[],"applications_title":"","applications_request_title":"","applications_request_button_text":"","hero_text":"","hero_video":"","hero_video_schema_markup":"","selling_points_title":"","selling_points_caption":"","selling_points":[],"selling_points_cta_text":"","features_title":"","features":"","ed_cta_examples_text":"","ed_cta_examples_hidden":"","ed_cta_demo_text":"","ed_cta_demo_hidden":"","why_caption":"","why_editor_title":"","why_editor_text":"","why_team_title":"","why_team_text":"","why_service_title":"","why_service_text":"","template_catalog_visible":"","template_catalog_title":"","template_catalog_text":"","template_catalog_categories_visible":"","demo_title":"Ottieni un prodotto personalizzato in pochi minuti!","demo_caption":"Sfrutta la possibilit\u00e0 di personalizzare il widget in un paio di clic e introdurlo nel tuo sito subito dopo la demo.","default_faq_hidden":"","app_template_category":[],"platform":"77","template_public_id":"","codecanyon_url":"","codecanyon_item_id":"","codecanyon_price":"","pricing_caption":"","pricing_elfsight_apps_hide_column":"","pricing_elfsight_apps_url":"","pricing_codecanyon_price_caption":"","integration_category":[],"integration_request_title":"","integration_request_cta":"","integration_platform":"","integrations":[],"platform_category":[],"video_schema_markup":"","price":"da $ 0 al mese","trial":"","benefits":[{"text":"Assistenza gratuita per l'installazione"},{"text":"Servizio clienti efficace"},{"text":"Garanzia di rimborso di 14 giorni"},{"text":"Aggiornamenti gratuiti continui"}],"button_url":"#demo","button_target_blank":"","button_nofollow":"","attributes":[{"name":"Installazioni"},{"name":"Reattivo","content":"S\u00cc"},{"name":"Browser compatibili","content":"Firefox, Safari, Opera, Chrome, Edge"}],"tags":[],"tags_disable_links":"","hide_more_platforms":"","video_object":"","demo_hide_cta":"","demo_hide_cloud_options":"","pricing_title":"","pricing":[{"pricing_icon":"platform","pricing_title":"Elfsight Apps","pricing_title_caption":"Soluzione multipiattaforma adatta a qualsiasi sito web","pricing_price":"da $ 0 \/ mese","pricing_price_caption":"inizia con il piano gratuito","pricing_benefits":[{"text":"Domini illimitati"},{"text":"Supporto aziendale professionale"},{"text":"Servizio di installazione gratuito"},{"text":"100% personalizzabile"}],"pricing_button_text":"Aggiungi al sito web","pricing_button_url":"#demo"}],"related_apps_title":"","related_apps_hidden":"","author":"","image":[],"title":"","job":"","social_networks":[]},"_links":{"self":[{"href":"https:\/\/elfsight.com\/it\/wp-json\/wp\/v2\/pages\/3587","targetHints":{"allow":["GET"]}}],"collection":[{"href":"https:\/\/elfsight.com\/it\/wp-json\/wp\/v2\/pages"}],"about":[{"href":"https:\/\/elfsight.com\/it\/wp-json\/wp\/v2\/types\/page"}],"author":[{"embeddable":true,"href":"https:\/\/elfsight.com\/it\/wp-json\/wp\/v2\/users\/9"}],"replies":[{"embeddable":true,"href":"https:\/\/elfsight.com\/it\/wp-json\/wp\/v2\/comments?post=3587"}],"version-history":[{"count":1,"href":"https:\/\/elfsight.com\/it\/wp-json\/wp\/v2\/pages\/3587\/revisions"}],"predecessor-version":[{"id":3591,"href":"https:\/\/elfsight.com\/it\/wp-json\/wp\/v2\/pages\/3587\/revisions\/3591"}],"up":[{"embeddable":true,"href":"https:\/\/elfsight.com\/it\/wp-json\/wp\/v2\/pages\/2564"}],"wp:attachment":[{"href":"https:\/\/elfsight.com\/it\/wp-json\/wp\/v2\/media?parent=3587"}],"curies":[{"name":"wp","href":"https:\/\/api.w.org\/{rel}","templated":true}]}}