{"id":3581,"date":"2024-05-03T06:28:14","date_gmt":"2024-05-03T06:28:14","guid":{"rendered":"https:\/\/elfsight.com\/it\/?page_id=3581"},"modified":"2024-11-12T08:29:21","modified_gmt":"2024-11-12T08:29:21","slug":"joomla","status":"publish","type":"page","link":"https:\/\/elfsight.com\/it\/apple-app-store-reviews-widget\/joomla\/","title":{"rendered":"Apple App Store Reviews &#8211; Joomla"},"content":{"rendered":"<div class=\"application-platform-content-item-description application-platform-content-item\" id=\"description\" data-nav-section=\"description\"><h2>Descrizione<\/h2> <p>Elfsight Apple Store Reviews \u00e8 uno strumento utile che ti consente di mostrare le recensioni sui tuoi prodotti direttamente sul tuo sito web . Tramite lo strumento Elfsight, potrai applicare filtri per nascondere i commenti negativi, rivelare la tua valutazione in stelle e numeri, dimostrare informazioni sugli autori dei commenti e aggiungere un CTA che \u00e8 l\u00ec per ispirare gli utenti a pubblicare il loro commento. Il widget Elfsight Apple Reviews ti aiuter\u00e0 a vantare la tua elevata prova sociale sul sito web e ad attirare nuovi acquisti. <\/p><p><b>Aumenta le vendite mostrando valutazioni impressionanti e apprezzamento da parte dei clienti<\/b><\/p><\/div> <div class=\"application-platform-content-item-features application-platform-content-item\" id=\"features\" data-nav-section=\"features\"><h2>Funzionalit\u00e0<\/h2> <p> Qui puoi vedere tutte le funzioni del prodotto. Puoi modificarli direttamente nell&#8217;editor e ti aiuteranno a creare il widget esattamente per il tuo caso. <\/p> <ul> <li>Scegliere la velocit\u00e0 di diapositiva e la velocit\u00e0 di riproduzione automatica; <\/li> <li>Selezione del tipo di impaginazione nel layout Slider; <\/li> <li>Larghezza e altezza flessibili; <\/li> <li>Intestazione commutabile dello strumento; <\/li> <\/ul> <p><a href=\"#demo\">Puoi provare tutte le funzionalit\u00e0 del widget direttamente nella demo<\/a><\/p> <\/div> <div class=\"application-platform-content-item-installation application-platform-content-item\" id=\"installation\" data-nav-section=\"installation\"> <h2>Come faccio ad aggiungere le recensioni dell&#8217;Apple Store a Joomla? <\/h2> <p>Per incorporare il widget, basta eseguire un paio di rapidi passaggi. <\/p> <ol><li><b>Utilizza il nostro configuratore gratuito e inizia a creare la tua estensione personalizzata. <\/b><br> Specifica la forma e le prestazioni preferite dell&#8217;estensione e applica tutte le modifiche. <\/li> <li><b>Ottieni il tuo codice individuale mostrato nella finestra sulle app Elfsight. <\/b><br> Al termine della personalizzazione della tua estensione personale, copia il codice nel popup visualizzato e salvalo per necessit\u00e0 successive. <\/li> <li><b>Inizia a utilizzare l&#8217;estensione sul sito web Joomla. <\/b><br> Aggiungi il codice salvato in precedenza nella tua pagina e applica le modifiche. <\/li> <li><b>L&#8217;installazione \u00e8 completamente completata. <\/b><br> Vai alla tua pagina web per vedere il funzionamento dell&#8217;estensione. <\/li><\/ol><p>Sei invitato a rivolgerti all&#8217;assistenza clienti Elfsight nel caso avessi bisogno di aiuto o avessi qualcosa da chiedere. Saremo lieti di aiutarvi con ogni richiesta. <\/p> <\/div>","protected":false},"excerpt":{"rendered":"","protected":false},"author":9,"featured_media":0,"parent":2564,"menu_order":0,"comment_status":"closed","ping_status":"closed","template":"templates\/template-application-platform.php","meta":{"publish_to_discourse":"","publish_post_category":"","wpdc_auto_publish_overridden":"","wpdc_topic_tags":"","wpdc_pin_topic":"","wpdc_pin_until":"","discourse_post_id":"","discourse_permalink":"","wpdc_publishing_response":"","wpdc_publishing_error":"","footnotes":""},"class_list":["post-3581","page","type-page","status-publish","hentry"],"yoast_head":"<!-- This site is optimized with the Yoast SEO plugin v25.3.1 - https:\/\/yoast.com\/wordpress\/plugins\/seo\/ -->\n<title>Incorpora le recensioni Apple sul tuo sito web Joomla (facile e veloce)<\/title>\n<meta name=\"description\" content=\"Creare il tuo widget Recensioni Apple e pubblicarlo sul tuo sito web Joomla \u00e8 un processo semplicissimo. Il servizio clienti Elfsight \u00e8 gratuito.\" \/>\n<meta name=\"robots\" content=\"index, follow, max-snippet:-1, max-image-preview:large, max-video-preview:-1\" \/>\n<link rel=\"canonical\" href=\"https:\/\/elfsight.com\/it\/apple-app-store-reviews-widget\/joomla\/\" \/>\n<meta property=\"og:locale\" content=\"it_IT\" \/>\n<meta property=\"og:type\" content=\"article\" \/>\n<meta property=\"og:title\" content=\"Incorpora le recensioni Apple sul tuo sito web Joomla (facile e veloce)\" \/>\n<meta property=\"og:description\" content=\"Creare il tuo widget Recensioni Apple e pubblicarlo sul tuo sito web Joomla \u00e8 un processo semplicissimo. Il servizio clienti Elfsight \u00e8 gratuito.\" \/>\n<meta property=\"og:url\" content=\"https:\/\/elfsight.com\/it\/apple-app-store-reviews-widget\/joomla\/\" \/>\n<meta property=\"og:site_name\" content=\"Elfsight IT\" \/>\n<meta property=\"article:modified_time\" content=\"2024-11-12T08:29:21+00:00\" \/>\n<meta name=\"twitter:card\" content=\"summary_large_image\" \/>\n<meta name=\"twitter:label1\" content=\"Tempo di lettura stimato\" \/>\n\t<meta name=\"twitter:data1\" content=\"2 minuti\" \/>\n<!-- \/ Yoast SEO plugin. -->","yoast_head_json":{"title":"Incorpora le recensioni Apple sul tuo sito web Joomla (facile e veloce)","description":"Creare il tuo widget Recensioni Apple e pubblicarlo sul tuo sito web Joomla \u00e8 un processo semplicissimo. Il servizio clienti Elfsight \u00e8 gratuito.","robots":{"index":"index","follow":"follow","max-snippet":"max-snippet:-1","max-image-preview":"max-image-preview:large","max-video-preview":"max-video-preview:-1"},"canonical":"https:\/\/elfsight.com\/it\/apple-app-store-reviews-widget\/joomla\/","og_locale":"it_IT","og_type":"article","og_title":"Incorpora le recensioni Apple sul tuo sito web Joomla (facile e veloce)","og_description":"Creare il tuo widget Recensioni Apple e pubblicarlo sul tuo sito web Joomla \u00e8 un processo semplicissimo. Il servizio clienti Elfsight \u00e8 gratuito.","og_url":"https:\/\/elfsight.com\/it\/apple-app-store-reviews-widget\/joomla\/","og_site_name":"Elfsight IT","article_modified_time":"2024-11-12T08:29:21+00:00","twitter_card":"summary_large_image","twitter_misc":{"Tempo di lettura stimato":"2 minuti"},"schema":{"@context":"https:\/\/schema.org","@graph":[{"@type":"WebPage","@id":"https:\/\/elfsight.com\/it\/apple-app-store-reviews-widget\/joomla\/","url":"https:\/\/elfsight.com\/it\/apple-app-store-reviews-widget\/joomla\/","name":"Incorpora le recensioni Apple sul tuo sito web Joomla (facile e veloce)","isPartOf":{"@id":"https:\/\/elfsight.com\/it\/#website"},"datePublished":"2024-05-03T06:28:14+00:00","dateModified":"2024-11-12T08:29:21+00:00","description":"Creare il tuo widget Recensioni Apple e pubblicarlo sul tuo sito web Joomla \u00e8 un processo semplicissimo. Il servizio clienti Elfsight \u00e8 gratuito.","breadcrumb":{"@id":"https:\/\/elfsight.com\/it\/apple-app-store-reviews-widget\/joomla\/#breadcrumb"},"inLanguage":"it-IT","potentialAction":[{"@type":"ReadAction","target":["https:\/\/elfsight.com\/it\/apple-app-store-reviews-widget\/joomla\/"]}]},{"@type":"BreadcrumbList","@id":"https:\/\/elfsight.com\/it\/apple-app-store-reviews-widget\/joomla\/#breadcrumb","itemListElement":[{"@type":"ListItem","position":1,"name":"Home","item":"https:\/\/elfsight.com\/it\/"},{"@type":"ListItem","position":2,"name":"Apple App Store Reviews","item":"https:\/\/elfsight.com\/it\/apple-app-store-reviews-widget\/"},{"@type":"ListItem","position":3,"name":"Apple App Store Reviews &#8211; Joomla"}]},{"@type":"WebSite","@id":"https:\/\/elfsight.com\/it\/#website","url":"https:\/\/elfsight.com\/it\/","name":"Elfsight IT","description":"Just another Elfsight Sites site","potentialAction":[{"@type":"SearchAction","target":{"@type":"EntryPoint","urlTemplate":"https:\/\/elfsight.com\/it\/?s={search_term_string}"},"query-input":{"@type":"PropertyValueSpecification","valueRequired":true,"valueName":"search_term_string"}}],"inLanguage":"it-IT"}]}},"meta_box":{"industry":"","seo_heading":"","heading":"","description":"","cta_heading":"","cta_description":"","application":"2563","h1":"Estensione recensioni Joomla per l'App Store di Apple","h1_caption":"Incorpora recensioni dall'estensione del tuo negozio di estensioni Apple per creare credibilit\u00e0 e incoraggiare pi\u00f9 download nel tuo sito Web Joomla senza sforzo.","application_category":[],"applications_title":"","applications_request_title":"","applications_request_button_text":"","hero_text":"","hero_video":"","hero_video_schema_markup":"","selling_points_title":"","selling_points_caption":"","selling_points":[],"selling_points_cta_text":"","features_title":"","features":"","ed_cta_examples_text":"","ed_cta_examples_hidden":"","ed_cta_demo_text":"","ed_cta_demo_hidden":"","why_caption":"","why_editor_title":"","why_editor_text":"","why_team_title":"","why_team_text":"","why_service_title":"","why_service_text":"","template_catalog_visible":"","template_catalog_title":"","template_catalog_text":"","template_catalog_categories_visible":"","demo_title":"Crea il tuo plug-in per le recensioni dell'Apple App Store","demo_caption":"Configura le tue recensioni sull'App Store di Apple e aggiungile gratuitamente al tuo sito Joomla!","default_faq_hidden":"","app_template_category":[],"platform":"36","template_public_id":"","codecanyon_url":"","codecanyon_item_id":"","codecanyon_price":"","pricing_caption":"","pricing_elfsight_apps_hide_column":"","pricing_elfsight_apps_url":"","pricing_codecanyon_price_caption":"","integration_category":[],"integration_request_title":"","integration_request_cta":"","integration_platform":"","integrations":[],"platform_category":[],"video_schema_markup":"","price":"da $ 0 al mese","trial":"","benefits":[{"text":"Assistenza gratuita per l'installazione"},{"text":"Servizio clienti efficace"},{"text":"Garanzia di rimborso di 14 giorni"},{"text":"Sviluppo continuo"}],"button_url":"#demo","button_target_blank":"","button_nofollow":"","attributes":[{"name":"Installazioni"},{"name":"Reattivo","content":"S\u00cc"},{"name":"Browser compatibili","content":"Firefox, Safari, Opera, Chrome, Edge"}],"tags":[],"tags_disable_links":"","hide_more_platforms":"","video_object":"","demo_hide_cta":"","demo_hide_cloud_options":"","pricing_title":"","pricing":[{"pricing_icon":"platform","pricing_title":"Elfsight Apps","pricing_title_caption":"Software multipiattaforma che funziona su qualsiasi sito web","pricing_price":"da $ 0 \/ mese","pricing_price_caption":"inizia con il piano gratuito","pricing_benefits":[{"text":"Domini illimitati"},{"text":"Supporto gratuito, puntuale e ben documentato"},{"text":"Aiuto per l'installazione gratuito"},{"text":"Ottimo affare per pi\u00f9 app"}],"pricing_button_text":"Aggiungi al sito web","pricing_button_url":"#demo"}],"related_apps_title":"","related_apps_hidden":"","author":"","image":[],"title":"","job":"","social_networks":[]},"_links":{"self":[{"href":"https:\/\/elfsight.com\/it\/wp-json\/wp\/v2\/pages\/3581","targetHints":{"allow":["GET"]}}],"collection":[{"href":"https:\/\/elfsight.com\/it\/wp-json\/wp\/v2\/pages"}],"about":[{"href":"https:\/\/elfsight.com\/it\/wp-json\/wp\/v2\/types\/page"}],"author":[{"embeddable":true,"href":"https:\/\/elfsight.com\/it\/wp-json\/wp\/v2\/users\/9"}],"replies":[{"embeddable":true,"href":"https:\/\/elfsight.com\/it\/wp-json\/wp\/v2\/comments?post=3581"}],"version-history":[{"count":1,"href":"https:\/\/elfsight.com\/it\/wp-json\/wp\/v2\/pages\/3581\/revisions"}],"predecessor-version":[{"id":3585,"href":"https:\/\/elfsight.com\/it\/wp-json\/wp\/v2\/pages\/3581\/revisions\/3585"}],"up":[{"embeddable":true,"href":"https:\/\/elfsight.com\/it\/wp-json\/wp\/v2\/pages\/2564"}],"wp:attachment":[{"href":"https:\/\/elfsight.com\/it\/wp-json\/wp\/v2\/media?parent=3581"}],"curies":[{"name":"wp","href":"https:\/\/api.w.org\/{rel}","templated":true}]}}