{"id":3572,"date":"2024-05-03T06:28:09","date_gmt":"2024-05-03T06:28:09","guid":{"rendered":"https:\/\/elfsight.com\/it\/?page_id=3572"},"modified":"2024-11-12T08:29:05","modified_gmt":"2024-11-12T08:29:05","slug":"opencart","status":"publish","type":"page","link":"https:\/\/elfsight.com\/it\/apple-app-store-reviews-widget\/opencart\/","title":{"rendered":"Apple App Store Reviews &#8211; OpenCart"},"content":{"rendered":"<div class=\"application-platform-content-item-description application-platform-content-item\" id=\"description\" data-nav-section=\"description\"><h2>Descrizione<\/h2> <p>Elfsight Apple App Store Reviews \u00e8 uno strumento utile che ti d\u00e0 l&#8217;opportunit\u00e0 di rivelare correttamente le recensioni sui tuoi prodotti sul tuo sito web. Utilizzando il widget Elfsight, riuscirai ad applicare filtri per nascondere le recensioni indesiderate, dimostrare la tua valutazione in stelle e numeri, dimostrare informazioni dettagliate sugli autori delle recensioni e aggiungere un pulsante CTA che spinger\u00e0 gli utenti a pubblicare i loro commenti. Il widget Elfsight Apple Reviews ti aiuter\u00e0 a dimostrare la tua grande prova sociale sul tuo sito e ad ottenere nuove vendite. <\/p><p><b>Avanza le vendite rivelando una valutazione notevole e la gratitudine dei clienti<\/b><\/p><\/div> <div class=\"application-platform-content-item-features application-platform-content-item\" id=\"features\" data-nav-section=\"features\"><h2>Caratteristiche<\/h2> <p>Qui puoi vedere tutte le funzioni del prodotto. Sono disponibili direttamente nell&#8217;editor e ti aiuteranno a costruire il widget appositamente per il tuo caso d&#8217;uso. <\/p> <ul> <li>Impostazione della velocit\u00e0 di diapositiva e della velocit\u00e0 di riproduzione automatica; <\/li> <li>Selezione del tipo di impaginazione nel layout Slider; <\/li> <li>Larghezza e altezza flessibili; <\/li> <li>Intestazione commutabile dello strumento; <\/li> <\/ul> <p><a href=\"#demo\">Prova tutte le altre funzioni nella demo<\/a><\/p> <\/div> <div class=\"application-platform-content-item-installation application-platform-content-item\" id=\"installation\" data-nav-section=\"installation\"><h2> Come posso incorporare le recensioni dell&#8217;Apple Store sul mio sito Web OpenCart? <\/h2> <p>Per attivare il widget, segui semplicemente le istruzioni seguenti. <\/p> <ol><li><b>Esegui la nostra demo gratuita e inizia a lavorare con la tua estensione personalizzata. <\/b><br> Determina la forma e la funzionalit\u00e0 preferite dell&#8217;estensione e salva tutte le correzioni. <\/li> <li><b>Ricevi il codice individuale che viene mostrato nell&#8217;apposito modulo su Elfsight Apps. <\/b><br> Una volta completata la creazione del tuo interno personale, copia il codice esclusivo nella casella che appare e conservalo per necessit\u00e0 successive. <\/li> <li><b>Avvia l&#8217;utilizzo dell&#8217;estensione sul tuo sito OpenCart. <\/b><br> Implementa il codice che hai salvato in precedenza nella tua pagina web e salva le correzioni. <\/li> <li><b>Il gioco \u00e8 fatto! L&#8217;integrazione \u00e8 completamente compiuta. <\/b><br> Visita il tuo sito web per dare un&#8217;occhiata al funzionamento dell&#8217;estensione. <\/li><\/ol><p>Se hai bisogno di consigli o hai problemi, puoi contattare il nostro servizio clienti. Saremo lieti di aiutarvi con ogni richiesta. <\/p> <\/div>","protected":false},"excerpt":{"rendered":"","protected":false},"author":9,"featured_media":0,"parent":2564,"menu_order":0,"comment_status":"closed","ping_status":"closed","template":"templates\/template-application-platform.php","meta":{"publish_to_discourse":"","publish_post_category":"","wpdc_auto_publish_overridden":"","wpdc_topic_tags":"","wpdc_pin_topic":"","wpdc_pin_until":"","discourse_post_id":"","discourse_permalink":"","wpdc_publishing_response":"","wpdc_publishing_error":"","footnotes":""},"class_list":["post-3572","page","type-page","status-publish","hentry"],"yoast_head":"<!-- This site is optimized with the Yoast SEO plugin v25.3.1 - https:\/\/yoast.com\/wordpress\/plugins\/seo\/ -->\n<title>Incorpora le recensioni Apple sul tuo sito web OpenCart (facile e veloce)<\/title>\n<meta name=\"description\" content=\"\u00c8 un processo semplicissimo creare il tuo widget Recensioni Apple e pubblicarlo sul tuo sito Web OpenCart. Il servizio clienti Elfsight \u00e8 gratuito.\" \/>\n<meta name=\"robots\" content=\"index, follow, max-snippet:-1, max-image-preview:large, max-video-preview:-1\" \/>\n<link rel=\"canonical\" href=\"https:\/\/elfsight.com\/it\/apple-app-store-reviews-widget\/opencart\/\" \/>\n<meta property=\"og:locale\" content=\"it_IT\" \/>\n<meta property=\"og:type\" content=\"article\" \/>\n<meta property=\"og:title\" content=\"Incorpora le recensioni Apple sul tuo sito web OpenCart (facile e veloce)\" \/>\n<meta property=\"og:description\" content=\"\u00c8 un processo semplicissimo creare il tuo widget Recensioni Apple e pubblicarlo sul tuo sito Web OpenCart. Il servizio clienti Elfsight \u00e8 gratuito.\" \/>\n<meta property=\"og:url\" content=\"https:\/\/elfsight.com\/it\/apple-app-store-reviews-widget\/opencart\/\" \/>\n<meta property=\"og:site_name\" content=\"Elfsight IT\" \/>\n<meta property=\"article:modified_time\" content=\"2024-11-12T08:29:05+00:00\" \/>\n<meta name=\"twitter:card\" content=\"summary_large_image\" \/>\n<meta name=\"twitter:label1\" content=\"Tempo di lettura stimato\" \/>\n\t<meta name=\"twitter:data1\" content=\"2 minuti\" \/>\n<!-- \/ Yoast SEO plugin. -->","yoast_head_json":{"title":"Incorpora le recensioni Apple sul tuo sito web OpenCart (facile e veloce)","description":"\u00c8 un processo semplicissimo creare il tuo widget Recensioni Apple e pubblicarlo sul tuo sito Web OpenCart. Il servizio clienti Elfsight \u00e8 gratuito.","robots":{"index":"index","follow":"follow","max-snippet":"max-snippet:-1","max-image-preview":"max-image-preview:large","max-video-preview":"max-video-preview:-1"},"canonical":"https:\/\/elfsight.com\/it\/apple-app-store-reviews-widget\/opencart\/","og_locale":"it_IT","og_type":"article","og_title":"Incorpora le recensioni Apple sul tuo sito web OpenCart (facile e veloce)","og_description":"\u00c8 un processo semplicissimo creare il tuo widget Recensioni Apple e pubblicarlo sul tuo sito Web OpenCart. Il servizio clienti Elfsight \u00e8 gratuito.","og_url":"https:\/\/elfsight.com\/it\/apple-app-store-reviews-widget\/opencart\/","og_site_name":"Elfsight IT","article_modified_time":"2024-11-12T08:29:05+00:00","twitter_card":"summary_large_image","twitter_misc":{"Tempo di lettura stimato":"2 minuti"},"schema":{"@context":"https:\/\/schema.org","@graph":[{"@type":"WebPage","@id":"https:\/\/elfsight.com\/it\/apple-app-store-reviews-widget\/opencart\/","url":"https:\/\/elfsight.com\/it\/apple-app-store-reviews-widget\/opencart\/","name":"Incorpora le recensioni Apple sul tuo sito web OpenCart (facile e veloce)","isPartOf":{"@id":"https:\/\/elfsight.com\/it\/#website"},"datePublished":"2024-05-03T06:28:09+00:00","dateModified":"2024-11-12T08:29:05+00:00","description":"\u00c8 un processo semplicissimo creare il tuo widget Recensioni Apple e pubblicarlo sul tuo sito Web OpenCart. Il servizio clienti Elfsight \u00e8 gratuito.","breadcrumb":{"@id":"https:\/\/elfsight.com\/it\/apple-app-store-reviews-widget\/opencart\/#breadcrumb"},"inLanguage":"it-IT","potentialAction":[{"@type":"ReadAction","target":["https:\/\/elfsight.com\/it\/apple-app-store-reviews-widget\/opencart\/"]}]},{"@type":"BreadcrumbList","@id":"https:\/\/elfsight.com\/it\/apple-app-store-reviews-widget\/opencart\/#breadcrumb","itemListElement":[{"@type":"ListItem","position":1,"name":"Home","item":"https:\/\/elfsight.com\/it\/"},{"@type":"ListItem","position":2,"name":"Apple App Store Reviews","item":"https:\/\/elfsight.com\/it\/apple-app-store-reviews-widget\/"},{"@type":"ListItem","position":3,"name":"Apple App Store Reviews &#8211; OpenCart"}]},{"@type":"WebSite","@id":"https:\/\/elfsight.com\/it\/#website","url":"https:\/\/elfsight.com\/it\/","name":"Elfsight IT","description":"Just another Elfsight Sites site","potentialAction":[{"@type":"SearchAction","target":{"@type":"EntryPoint","urlTemplate":"https:\/\/elfsight.com\/it\/?s={search_term_string}"},"query-input":{"@type":"PropertyValueSpecification","valueRequired":true,"valueName":"search_term_string"}}],"inLanguage":"it-IT"}]}},"meta_box":{"industry":"","seo_heading":"","heading":"","description":"","cta_heading":"","cta_description":"","application":"2563","h1":"Estensione recensioni OpenCart dell'App Store di Apple","h1_caption":"Incorpora recensioni dall'estensione del tuo Apple Extension Store per creare credibilit\u00e0 e incoraggiare pi\u00f9 download nel tuo sito Web Opencart senza sforzo.","application_category":[],"applications_title":"","applications_request_title":"","applications_request_button_text":"","hero_text":"","hero_video":"","hero_video_schema_markup":"","selling_points_title":"","selling_points_caption":"","selling_points":[],"selling_points_cta_text":"","features_title":"","features":"","ed_cta_examples_text":"","ed_cta_examples_hidden":"","ed_cta_demo_text":"","ed_cta_demo_hidden":"","why_caption":"","why_editor_title":"","why_editor_text":"","why_team_title":"","why_team_text":"","why_service_title":"","why_service_text":"","template_catalog_visible":"","template_catalog_title":"","template_catalog_text":"","template_catalog_categories_visible":"","demo_title":"Crea la tua estensione Recensioni dell'Apple App Store","demo_caption":"Configura le tue recensioni sull'App Store di Apple e aggiungile gratuitamente al tuo sito Web OpenCart!","default_faq_hidden":"","app_template_category":[],"platform":"41","template_public_id":"","codecanyon_url":"","codecanyon_item_id":"","codecanyon_price":"","pricing_caption":"","pricing_elfsight_apps_hide_column":"","pricing_elfsight_apps_url":"","pricing_codecanyon_price_caption":"","integration_category":[],"integration_request_title":"","integration_request_cta":"","integration_platform":"","integrations":[],"platform_category":[],"video_schema_markup":"","price":"da $ 0 al mese","trial":"","benefits":[{"text":"Aiuto per l'installazione gratuito"},{"text":"Supporto premium"},{"text":"Garanzia di rimborso di 14 giorni"},{"text":"Miglioramenti gratuiti continui"}],"button_url":"#demo","button_target_blank":"","button_nofollow":"","attributes":[{"name":"Installazioni"},{"name":"Reattivo","content":"S\u00cc"},{"name":"Browser compatibili","content":"Firefox, Safari, Opera, Chrome, Edge"}],"tags":[],"tags_disable_links":"","hide_more_platforms":"","video_object":"","demo_hide_cta":"","demo_hide_cloud_options":"","pricing_title":"","pricing":[{"pricing_icon":"platform","pricing_title":"Elfsight Apps","pricing_title_caption":"Software multipiattaforma","pricing_price":"da $ 0 \/ mese","pricing_price_caption":"inizia con il piano gratuito","pricing_benefits":[{"text":"Siti web illimitati"},{"text":"Assistenza gratuita e puntuale"},{"text":"Supporto gratuito per l'installazione"},{"text":"Completamente personalizzabile"}],"pricing_button_text":"Aggiungi al sito web","pricing_button_url":"#demo"}],"related_apps_title":"","related_apps_hidden":"","author":"","image":[],"title":"","job":"","social_networks":[]},"_links":{"self":[{"href":"https:\/\/elfsight.com\/it\/wp-json\/wp\/v2\/pages\/3572","targetHints":{"allow":["GET"]}}],"collection":[{"href":"https:\/\/elfsight.com\/it\/wp-json\/wp\/v2\/pages"}],"about":[{"href":"https:\/\/elfsight.com\/it\/wp-json\/wp\/v2\/types\/page"}],"author":[{"embeddable":true,"href":"https:\/\/elfsight.com\/it\/wp-json\/wp\/v2\/users\/9"}],"replies":[{"embeddable":true,"href":"https:\/\/elfsight.com\/it\/wp-json\/wp\/v2\/comments?post=3572"}],"version-history":[{"count":1,"href":"https:\/\/elfsight.com\/it\/wp-json\/wp\/v2\/pages\/3572\/revisions"}],"predecessor-version":[{"id":3576,"href":"https:\/\/elfsight.com\/it\/wp-json\/wp\/v2\/pages\/3572\/revisions\/3576"}],"up":[{"embeddable":true,"href":"https:\/\/elfsight.com\/it\/wp-json\/wp\/v2\/pages\/2564"}],"wp:attachment":[{"href":"https:\/\/elfsight.com\/it\/wp-json\/wp\/v2\/media?parent=3572"}],"curies":[{"name":"wp","href":"https:\/\/api.w.org\/{rel}","templated":true}]}}