{"id":3570,"date":"2024-05-03T06:28:07","date_gmt":"2024-05-03T06:28:07","guid":{"rendered":"https:\/\/elfsight.com\/it\/?page_id=3570"},"modified":"2025-03-19T11:16:05","modified_gmt":"2025-03-19T11:16:05","slug":"squarespace","status":"publish","type":"page","link":"https:\/\/elfsight.com\/it\/apple-app-store-reviews-widget\/squarespace\/","title":{"rendered":"Apple App Store Reviews &#8211; Squarespace"},"content":{"rendered":"\n<div class=\"application-platform-content-item-description application-platform-content-item\" id=\"description\" data-nav-section=\"description\"><h2>Incorpora le recensioni dell&#8217;Apple App Store su Squarespace con il widget Elfsight<\/h2> <p>Elfsight Apple App Store Reviews \u00e8 uno strumento utile che ti offre un&#8217;opportunit\u00e0 per mostrare le recensioni sulla tua attivit\u00e0 direttamente sulla tua pagina web. Utilizzando il widget Elfsight, potrai applicare filtri per nascondere le recensioni negative, vantare la tua valutazione in stelle e numeri, rivelare informazioni sui creatori dei commenti e aggiungere un CTA che \u00e8 l\u00ec per spingere gli utenti a pubblicare la loro recensione. Il widget Elfsight Apple Reviews ti aiuter\u00e0 a vantare la tua elevata prova sociale sul sito e ad iniziare ad avere pi\u00f9 nuove vendite. <\/p><p><b>Avanza le vendite vantando valutazioni impressionanti e riconoscimento da parte degli utenti,<\/b><\/p><\/div> <div class=\"application-platform-content-item-features application-platform-content-item\" id=\"features\" data-nav-section=\"features\"><h2>Caratteristiche principali dell&#8217;Apple App Store Widget recensioni<\/h2> <p>Visualizza tutte le caratteristiche del prodotto. Puoi gestirli direttamente nell&#8217;editor e ti aiuteranno a creare il widget pi\u00f9 adatto al tuo caso. <\/p> <ul> <li>Impostazione della velocit\u00e0 di diapositiva e della velocit\u00e0 di riproduzione automatica; <\/li> <li>Selezione del tipo di impaginazione nel layout Slider; <\/li> <li>Larghezza e altezza flessibili; <\/li> <li>Intestazione commutabile dello strumento. <\/li> <\/ul> <p><a href=\"#demo\">Scopri come funzionano tutte le funzionalit\u00e0, nella nostra demo<\/a><\/p> <\/div> <div class=\"application-platform-content-item-installation application-platform-content-item\" id=\"installation\" data-nav-section=\"installation\"> <h2>Come aggiungere le recensioni dell&#8217;App Store di Apple al mio sito Squarespace? <\/h2> <p>Per aggiungere widget, segui i seguenti rapidi passaggi. <\/p> <ul> <li><b>Progetta il tuo plugin Apple unico<\/b><br> Gestendo il nostro configuratore gratuito, ottieni un plugin con l&#8217;interfaccia e le funzioni preferibili. <\/li> <li><b>Acquisisci il codice personale per installare il plugin<\/b><br> Dopo aver creato il tuo widget, acquisirai il codice individuale dalla finestra popup su Elfsight Apps. Copia questo codice. <\/li> <li><b>Incorpora il plug-in nel tuo sito Squarespace<\/b><br> Trova il punto in cui devi aggiungere il plug-in e aggiungi l\u00ec il codice copiato. Applicare i risultati. <\/li> <li><b>Hai finito! <\/b><br> Vai al tuo sito, per dare un&#8217;occhiata al tuo lavoro. <\/li> <\/ul> <p>Se hai bisogno di consigli o hai problemi, puoi comunicare con il servizio clienti Elfsight. I nostri specialisti vi daranno una mano con ogni richiesta. <\/p> <div class=\"faq\" data-component=\"FAQ\"><div class=\"faq-item\">\r\n\t\t\t\t\t<div class=\"faq-item-question\">\r\n\t\t\t\t\t\t<h3 class=\"faq-item-question-text\">Come posso aggiungere il widget delle recensioni dell'Apple App Store al mio sito Squarespace senza conoscenze di programmazione?<\/h3>\r\n\r\n\t\t\t\t\t\t<div class=\"faq-item-question-icon\"><\/div>\r\n\t\t\t\t\t<\/div>\r\n\r\n\t\t\t\t\t<div class=\"faq-item-answer\">\r\n\t\t\t\t\t\t<div class=\"faq-item-answer-text\"><p>Elfsight offre una soluzione SaaS che ti permette di creare autonomamente un widget per le recensioni dell&#8217;Apple App Store. Scopri quanto \u00e8 semplice il processo:<\/p>\n<ol>\n<li>Lavori direttamente nell&#8217;editor online per creare il widget delle recensioni dell&#8217;Apple App Store per il tuo sito Squarespace.<\/li>\n<li>Scegli una delle nostre template predefinite e personalizza le configurazioni del widget. Modifica il design, i colori e aggiungi i tuoi contenuti \u2013 tutto senza necessit\u00e0 di programmazione.<\/li>\n<li>Salva le impostazioni che hai configurato e copia il codice di installazione, che potrai facilmente inserire nel tuo sito Squarespace senza acquistare un piano premium.<\/li>\n<\/ol>\n<p>Con il nostro editor intuitivo, ogni utente di internet pu\u00f2 creare un widget per le recensioni dell&#8217;Apple App Store e integrarlo facilmente nel proprio sito Squarespace. Non \u00e8 necessario effettuare alcun pagamento e non \u00e8 richiesta l&#8217;inserimento di dati della carta di credito per accedere a questo servizio. Se dovessi riscontrare delle difficolt\u00e0, non esitare a contattare il nostro team di supporto.<\/p><\/div>\r\n\t\t\t\t\t<\/div>\r\n\t\t\t\t<\/div><\/div>\n<\/div>\n","protected":false},"excerpt":{"rendered":"","protected":false},"author":9,"featured_media":0,"parent":2564,"menu_order":0,"comment_status":"closed","ping_status":"closed","template":"templates\/template-application-platform.php","meta":{"publish_to_discourse":"","publish_post_category":"","wpdc_auto_publish_overridden":"","wpdc_topic_tags":"","wpdc_pin_topic":"","wpdc_pin_until":"","discourse_post_id":"","discourse_permalink":"","wpdc_publishing_response":"","wpdc_publishing_error":"","footnotes":""},"class_list":["post-3570","page","type-page","status-publish","hentry"],"yoast_head":"<!-- This site is optimized with the Yoast SEO plugin v25.3.1 - https:\/\/yoast.com\/wordpress\/plugins\/seo\/ -->\n<title>Incorpora le recensioni Apple sul tuo sito web Squarespace (facile e veloce)<\/title>\n<meta name=\"description\" content=\"Creare il tuo widget Recensioni Apple e pubblicarlo sul tuo sito web Squarespace \u00e8 un processo semplicissimo. Il servizio clienti Elfsight \u00e8 gratuito.\" \/>\n<meta name=\"robots\" content=\"index, follow, max-snippet:-1, max-image-preview:large, max-video-preview:-1\" \/>\n<link rel=\"canonical\" href=\"https:\/\/elfsight.com\/it\/apple-app-store-reviews-widget\/squarespace\/\" \/>\n<meta property=\"og:locale\" content=\"it_IT\" \/>\n<meta property=\"og:type\" content=\"article\" \/>\n<meta property=\"og:title\" content=\"Incorpora le recensioni Apple sul tuo sito web Squarespace (facile e veloce)\" \/>\n<meta property=\"og:description\" content=\"Creare il tuo widget Recensioni Apple e pubblicarlo sul tuo sito web Squarespace \u00e8 un processo semplicissimo. Il servizio clienti Elfsight \u00e8 gratuito.\" \/>\n<meta property=\"og:url\" content=\"https:\/\/elfsight.com\/it\/apple-app-store-reviews-widget\/squarespace\/\" \/>\n<meta property=\"og:site_name\" content=\"Elfsight IT\" \/>\n<meta property=\"article:modified_time\" content=\"2025-03-19T11:16:05+00:00\" \/>\n<meta name=\"twitter:card\" content=\"summary_large_image\" \/>\n<meta name=\"twitter:label1\" content=\"Tempo di lettura stimato\" \/>\n\t<meta name=\"twitter:data1\" content=\"3 minuti\" \/>\n<!-- \/ Yoast SEO plugin. -->","yoast_head_json":{"title":"Incorpora le recensioni Apple sul tuo sito web Squarespace (facile e veloce)","description":"Creare il tuo widget Recensioni Apple e pubblicarlo sul tuo sito web Squarespace \u00e8 un processo semplicissimo. Il servizio clienti Elfsight \u00e8 gratuito.","robots":{"index":"index","follow":"follow","max-snippet":"max-snippet:-1","max-image-preview":"max-image-preview:large","max-video-preview":"max-video-preview:-1"},"canonical":"https:\/\/elfsight.com\/it\/apple-app-store-reviews-widget\/squarespace\/","og_locale":"it_IT","og_type":"article","og_title":"Incorpora le recensioni Apple sul tuo sito web Squarespace (facile e veloce)","og_description":"Creare il tuo widget Recensioni Apple e pubblicarlo sul tuo sito web Squarespace \u00e8 un processo semplicissimo. Il servizio clienti Elfsight \u00e8 gratuito.","og_url":"https:\/\/elfsight.com\/it\/apple-app-store-reviews-widget\/squarespace\/","og_site_name":"Elfsight IT","article_modified_time":"2025-03-19T11:16:05+00:00","twitter_card":"summary_large_image","twitter_misc":{"Tempo di lettura stimato":"3 minuti"},"schema":{"@context":"https:\/\/schema.org","@graph":[{"@type":"WebPage","@id":"https:\/\/elfsight.com\/it\/apple-app-store-reviews-widget\/squarespace\/","url":"https:\/\/elfsight.com\/it\/apple-app-store-reviews-widget\/squarespace\/","name":"Incorpora le recensioni Apple sul tuo sito web Squarespace (facile e veloce)","isPartOf":{"@id":"https:\/\/elfsight.com\/it\/#website"},"datePublished":"2024-05-03T06:28:07+00:00","dateModified":"2025-03-19T11:16:05+00:00","description":"Creare il tuo widget Recensioni Apple e pubblicarlo sul tuo sito web Squarespace \u00e8 un processo semplicissimo. Il servizio clienti Elfsight \u00e8 gratuito.","breadcrumb":{"@id":"https:\/\/elfsight.com\/it\/apple-app-store-reviews-widget\/squarespace\/#breadcrumb"},"inLanguage":"it-IT","potentialAction":[{"@type":"ReadAction","target":["https:\/\/elfsight.com\/it\/apple-app-store-reviews-widget\/squarespace\/"]}]},{"@type":"BreadcrumbList","@id":"https:\/\/elfsight.com\/it\/apple-app-store-reviews-widget\/squarespace\/#breadcrumb","itemListElement":[{"@type":"ListItem","position":1,"name":"Home","item":"https:\/\/elfsight.com\/it\/"},{"@type":"ListItem","position":2,"name":"Apple App Store Reviews","item":"https:\/\/elfsight.com\/it\/apple-app-store-reviews-widget\/"},{"@type":"ListItem","position":3,"name":"Apple App Store Reviews &#8211; Squarespace"}]},{"@type":"WebSite","@id":"https:\/\/elfsight.com\/it\/#website","url":"https:\/\/elfsight.com\/it\/","name":"Elfsight IT","description":"Just another Elfsight Sites site","potentialAction":[{"@type":"SearchAction","target":{"@type":"EntryPoint","urlTemplate":"https:\/\/elfsight.com\/it\/?s={search_term_string}"},"query-input":{"@type":"PropertyValueSpecification","valueRequired":true,"valueName":"search_term_string"}}],"inLanguage":"it-IT"}]}},"meta_box":{"industry":"","seo_heading":"","heading":"","description":"","cta_heading":"","cta_description":"","application":"2563","h1":"Plug-in per le recensioni dell'App Store di Apple Squarespace","h1_caption":"Incorpora recensioni dal plug-in del tuo negozio di plug-in Apple per creare credibilit\u00e0 e incoraggiare pi\u00f9 download nel tuo sito Web Squarespace senza sforzo.","application_category":[],"applications_title":"","applications_request_title":"","applications_request_button_text":"","hero_text":"","hero_video":"","hero_video_schema_markup":"","selling_points_title":"","selling_points_caption":"","selling_points":[],"selling_points_cta_text":"","features_title":"","features":"","ed_cta_examples_text":"","ed_cta_examples_hidden":"","ed_cta_demo_text":"","ed_cta_demo_hidden":"","why_caption":"","why_editor_title":"","why_editor_text":"","why_team_title":"","why_team_text":"","why_service_title":"","why_service_text":"","template_catalog_visible":"0","template_catalog_title":"","template_catalog_text":"","template_catalog_categories_visible":"","demo_title":"Crea il tuo plug-in per le recensioni dell'Apple App Store","demo_caption":"Configura le tue recensioni sull'App Store di Apple e aggiungile gratuitamente al tuo sito web Squarespace!","default_faq_hidden":"","app_template_category":[],"platform":"43","template_public_id":"","codecanyon_url":"","codecanyon_item_id":"","codecanyon_price":"","pricing_caption":"","pricing_elfsight_apps_hide_column":"","pricing_elfsight_apps_url":"","pricing_codecanyon_price_caption":"","integration_category":[],"integration_request_title":"","integration_request_cta":"","integration_platform":"","integrations":[],"platform_category":[],"video_schema_markup":"","price":"da $ 0 al mese","trial":"","benefits":[{"text":"Aiuto per l'installazione gratuito"},{"text":"Servizio clienti efficace"},{"text":"Garanzia di rimborso di 14 giorni"},{"text":"Miglioramenti regolari"}],"button_url":"#demo","button_target_blank":"0","button_nofollow":"0","attributes":[{"name":"Installazioni"},{"name":"Reattivo","content":"S\u00cc"},{"name":"Browser compatibili","content":"Firefox, Safari, Opera, Chrome, Edge"}],"tags":[],"tags_disable_links":"0","hide_more_platforms":"0","video_object":"","demo_hide_cta":"0","demo_hide_cloud_options":"0","pricing_title":"","pricing":[{"pricing_icon":"platform","pricing_title":"Elfsight Apps","pricing_title_caption":"Soluzione multipiattaforma che funziona su qualsiasi sito web","pricing_price":"da $ 0 \/ mese","pricing_price_caption":"inizia con un piano gratuito","pricing_benefits":[{"text":"Siti web illimitati"},{"text":"Assistenza clienti gratuita e ben documentata"},{"text":"Supporto per l'installazione senza costi"},{"text":"Progettazione flessibile"}],"pricing_button_text":"Aggiungi al sito web","pricing_button_url":"#demo"}],"related_apps_title":"","related_apps_hidden":"0","author":"","image":[],"title":"","job":"","social_networks":[]},"_links":{"self":[{"href":"https:\/\/elfsight.com\/it\/wp-json\/wp\/v2\/pages\/3570","targetHints":{"allow":["GET"]}}],"collection":[{"href":"https:\/\/elfsight.com\/it\/wp-json\/wp\/v2\/pages"}],"about":[{"href":"https:\/\/elfsight.com\/it\/wp-json\/wp\/v2\/types\/page"}],"author":[{"embeddable":true,"href":"https:\/\/elfsight.com\/it\/wp-json\/wp\/v2\/users\/9"}],"replies":[{"embeddable":true,"href":"https:\/\/elfsight.com\/it\/wp-json\/wp\/v2\/comments?post=3570"}],"version-history":[{"count":2,"href":"https:\/\/elfsight.com\/it\/wp-json\/wp\/v2\/pages\/3570\/revisions"}],"predecessor-version":[{"id":9262,"href":"https:\/\/elfsight.com\/it\/wp-json\/wp\/v2\/pages\/3570\/revisions\/9262"}],"up":[{"embeddable":true,"href":"https:\/\/elfsight.com\/it\/wp-json\/wp\/v2\/pages\/2564"}],"wp:attachment":[{"href":"https:\/\/elfsight.com\/it\/wp-json\/wp\/v2\/media?parent=3570"}],"curies":[{"name":"wp","href":"https:\/\/api.w.org\/{rel}","templated":true}]}}