{"id":3565,"date":"2024-05-03T06:28:06","date_gmt":"2024-05-03T06:28:06","guid":{"rendered":"https:\/\/elfsight.com\/it\/?page_id=3565"},"modified":"2024-11-12T08:28:56","modified_gmt":"2024-11-12T08:28:56","slug":"webflow","status":"publish","type":"page","link":"https:\/\/elfsight.com\/it\/apple-app-store-reviews-widget\/webflow\/","title":{"rendered":"Apple App Store Reviews &#8211; Webflow"},"content":{"rendered":"<div class=\"application-platform-content-item-description application-platform-content-item\" id=\"description\" data-nav-section=\"description\"><h2>Incorpora le recensioni dell&#8217;Apple App Store su Webflow con il widget Elfsight<\/h2> <p>Elfsight Apple Store Reviews \u00e8 un pratico widget che ti offre una opportunit\u00e0 di visualizzare le recensioni sulla tua attivit\u00e0 direttamente sul tuo sito web. Con questo widget potrai applicare filtri per nascondere i commenti negativi, rivelare la tua valutazione in stelle e numerica, rivelare dati sugli autori dei commenti e aggiungere un invito all&#8217;azione che spinger\u00e0 gli utenti a pubblicare la loro recensione. Elfsight Apple Reviews ti aiuter\u00e0 a dimostrare la tua elevata prova sociale sul tuo sito e ad attirare nuovi acquisti. <\/p><p><b>Aumenta le vendite dimostrando una valutazione impressionante e la gratitudine dei clienti<\/b><\/p><\/div> <div class=\"application-platform-content-item-features application-platform-content-item\" id=\"features\" data-nav-section=\"features\"><h2>Caratteristiche principali dell&#8217;Apple App Store Recensioni widget<\/h2> <p>Visualizza tutte le caratteristiche del prodotto. Puoi gestirli direttamente nell&#8217;editor e ti aiuteranno a configurare il widget appositamente per le tue esigenze. <\/p> <ul> <li>Un&#8217;opzione per impostare la velocit\u00e0 della diapositiva e la velocit\u00e0 di riproduzione automatica; <\/li> <li>Un&#8217;opzione per selezionare il tipo di impaginazione nel layout Slider; <\/li> <li>Larghezza e altezza reattive; <\/li> <li>Un&#8217;opzione per attivare\/disattivare l&#8217;intestazione dello strumento; <\/li> <\/ul> <p><a href=\"#demo\">Prova tutte le altre funzioni nella demo<\/a><\/p> <\/div> <div class=\"application-platform-content-item-installation application-platform-content-item\" id=\"installation\" data-nav-section=\"installation\"><h2> Come incorporare le recensioni dell&#8217;Apple App Store sul mio sito Webflow? <\/h2> <p>Per introdurre il widget, \u00e8 sufficiente applicare le istruzioni seguenti. <\/p> <ul> <li><b>Costruisci il tuo plugin Apple personalizzato<\/b><br> Usando il nostro configuratore gratuito, ottieni un plugin con layout e funzioni personalizzate. <\/li> <li><b>Acquisisci il codice individuale per incorporare il plugin<\/b><br> Dopo aver configurato il tuo widget, otterrai il codice di installazione dalla finestra che appare su Elfsight Apps. Copialo per un ulteriore utilizzo. <\/li> <li><b>Visualizza il plug-in sul tuo sito web Webflow<\/b><br> Definisci l&#8217;area in cui desideri visualizzare il plug-in e incolla l\u00ec il codice salvato. Salva i risultati. <\/li> <li><b>L&#8217;installazione \u00e8 completata<\/b><br> Visita il sito, per verificare il tuo lavoro. <\/li> <\/ul> <p>Sei invitato a metterti in contatto con il servizio di supporto Elfsight nel caso avessi bisogno di aiuto o avessi domande. Daremo una mano con ogni richiesta. <\/p> <div class=\"faq\" data-component=\"FAQ\"><div class=\"faq-item\">\r\n\t\t\t\t\t<div class=\"faq-item-question\">\r\n\t\t\t\t\t\t<h3 class=\"faq-item-question-text\">Come posso incorporare il widget Webflow delle recensioni dell'Apple App Store nel mio sito Webflow senza competenze di codifica?<\/h3>\r\n\r\n\t\t\t\t\t\t<div class=\"faq-item-question-icon\"><\/div>\r\n\t\t\t\t\t<\/div>\r\n\r\n\t\t\t\t\t<div class=\"faq-item-answer\">\r\n\t\t\t\t\t\t<div class=\"faq-item-answer-text\"><p>Elfsight fornisce una soluzione basata su cloud che consente agli utenti di costruire un flusso Web Widget delle recensioni dell&#8217;Apple App Store, scopri quanto \u00e8 semplice il processo:<\/p><ul><li>Accedi all&#8217;editor online per creare una sezione del widget delle recensioni dell&#8217;Apple App Store del flusso Web che desideri integrare nel tuo sito Webflow.<\/li><li>Seleziona uno dei nostri modelli predefiniti e regola le impostazioni del widget Recensioni Webflow dell&#8217;Apple App Store, personalizza il layout e la combinazione di colori, incorpora i tuoi contenuti senza la necessit\u00e0 di codifica.<\/li><li>Salva il impostazioni che hai personalizzato per il widget Recensioni Webflow dell&#8217;Apple App Store e ottieni il codice per incorporare il widget, che pu\u00f2 essere incluso facilmente e gratuitamente nel tuo sito Webflow.<\/li><\/ul><p>Operando all&#8217;interno del Editor intuitivo, qualsiasi utente di Internet pu\u00f2 creare una sezione widget per le recensioni dell&#8217;Apple App Store di Webflow e incorporarla nel proprio sito Web Webflow. Nessun pagamento o divulgazione dei dati della tua carta \u00e8 necessario per accedere all&#8217;editor Elfsight. Se riscontri problemi in qualsiasi fase, non esitare a contattare la nostra assistenza clienti.<\/p><\/div>\r\n\t\t\t\t\t<\/div>\r\n\t\t\t\t<\/div><\/div><\/div>","protected":false},"excerpt":{"rendered":"","protected":false},"author":9,"featured_media":0,"parent":2564,"menu_order":0,"comment_status":"closed","ping_status":"closed","template":"templates\/template-application-platform.php","meta":{"publish_to_discourse":"","publish_post_category":"","wpdc_auto_publish_overridden":"","wpdc_topic_tags":"","wpdc_pin_topic":"","wpdc_pin_until":"","discourse_post_id":"","discourse_permalink":"","wpdc_publishing_response":"","wpdc_publishing_error":"","footnotes":""},"class_list":["post-3565","page","type-page","status-publish","hentry"],"yoast_head":"<!-- This site is optimized with the Yoast SEO plugin v25.3.1 - https:\/\/yoast.com\/wordpress\/plugins\/seo\/ -->\n<title>Incorpora le recensioni di Apple sul tuo sito web Webflow (facile e veloce)<\/title>\n<meta name=\"description\" content=\"Creare il tuo widget Recensioni Apple e pubblicarlo sul tuo sito web Webflow \u00e8 un processo semplicissimo. Il servizio clienti Elfsight \u00e8 gratuito.\" \/>\n<meta name=\"robots\" content=\"index, follow, max-snippet:-1, max-image-preview:large, max-video-preview:-1\" \/>\n<link rel=\"canonical\" href=\"https:\/\/elfsight.com\/it\/apple-app-store-reviews-widget\/webflow\/\" \/>\n<meta property=\"og:locale\" content=\"it_IT\" \/>\n<meta property=\"og:type\" content=\"article\" \/>\n<meta property=\"og:title\" content=\"Incorpora le recensioni di Apple sul tuo sito web Webflow (facile e veloce)\" \/>\n<meta property=\"og:description\" content=\"Creare il tuo widget Recensioni Apple e pubblicarlo sul tuo sito web Webflow \u00e8 un processo semplicissimo. Il servizio clienti Elfsight \u00e8 gratuito.\" \/>\n<meta property=\"og:url\" content=\"https:\/\/elfsight.com\/it\/apple-app-store-reviews-widget\/webflow\/\" \/>\n<meta property=\"og:site_name\" content=\"Elfsight IT\" \/>\n<meta property=\"article:modified_time\" content=\"2024-11-12T08:28:56+00:00\" \/>\n<meta name=\"twitter:card\" content=\"summary_large_image\" \/>\n<meta name=\"twitter:label1\" content=\"Tempo di lettura stimato\" \/>\n\t<meta name=\"twitter:data1\" content=\"3 minuti\" \/>\n<!-- \/ Yoast SEO plugin. -->","yoast_head_json":{"title":"Incorpora le recensioni di Apple sul tuo sito web Webflow (facile e veloce)","description":"Creare il tuo widget Recensioni Apple e pubblicarlo sul tuo sito web Webflow \u00e8 un processo semplicissimo. Il servizio clienti Elfsight \u00e8 gratuito.","robots":{"index":"index","follow":"follow","max-snippet":"max-snippet:-1","max-image-preview":"max-image-preview:large","max-video-preview":"max-video-preview:-1"},"canonical":"https:\/\/elfsight.com\/it\/apple-app-store-reviews-widget\/webflow\/","og_locale":"it_IT","og_type":"article","og_title":"Incorpora le recensioni di Apple sul tuo sito web Webflow (facile e veloce)","og_description":"Creare il tuo widget Recensioni Apple e pubblicarlo sul tuo sito web Webflow \u00e8 un processo semplicissimo. Il servizio clienti Elfsight \u00e8 gratuito.","og_url":"https:\/\/elfsight.com\/it\/apple-app-store-reviews-widget\/webflow\/","og_site_name":"Elfsight IT","article_modified_time":"2024-11-12T08:28:56+00:00","twitter_card":"summary_large_image","twitter_misc":{"Tempo di lettura stimato":"3 minuti"},"schema":{"@context":"https:\/\/schema.org","@graph":[{"@type":"WebPage","@id":"https:\/\/elfsight.com\/it\/apple-app-store-reviews-widget\/webflow\/","url":"https:\/\/elfsight.com\/it\/apple-app-store-reviews-widget\/webflow\/","name":"Incorpora le recensioni di Apple sul tuo sito web Webflow (facile e veloce)","isPartOf":{"@id":"https:\/\/elfsight.com\/it\/#website"},"datePublished":"2024-05-03T06:28:06+00:00","dateModified":"2024-11-12T08:28:56+00:00","description":"Creare il tuo widget Recensioni Apple e pubblicarlo sul tuo sito web Webflow \u00e8 un processo semplicissimo. Il servizio clienti Elfsight \u00e8 gratuito.","breadcrumb":{"@id":"https:\/\/elfsight.com\/it\/apple-app-store-reviews-widget\/webflow\/#breadcrumb"},"inLanguage":"it-IT","potentialAction":[{"@type":"ReadAction","target":["https:\/\/elfsight.com\/it\/apple-app-store-reviews-widget\/webflow\/"]}]},{"@type":"BreadcrumbList","@id":"https:\/\/elfsight.com\/it\/apple-app-store-reviews-widget\/webflow\/#breadcrumb","itemListElement":[{"@type":"ListItem","position":1,"name":"Home","item":"https:\/\/elfsight.com\/it\/"},{"@type":"ListItem","position":2,"name":"Apple App Store Reviews","item":"https:\/\/elfsight.com\/it\/apple-app-store-reviews-widget\/"},{"@type":"ListItem","position":3,"name":"Apple App Store Reviews &#8211; Webflow"}]},{"@type":"WebSite","@id":"https:\/\/elfsight.com\/it\/#website","url":"https:\/\/elfsight.com\/it\/","name":"Elfsight IT","description":"Just another Elfsight Sites site","potentialAction":[{"@type":"SearchAction","target":{"@type":"EntryPoint","urlTemplate":"https:\/\/elfsight.com\/it\/?s={search_term_string}"},"query-input":{"@type":"PropertyValueSpecification","valueRequired":true,"valueName":"search_term_string"}}],"inLanguage":"it-IT"}]}},"meta_box":{"industry":"","seo_heading":"","heading":"","description":"","cta_heading":"","cta_description":"","application":"2563","h1":"Widget delle recensioni dell'App Store di Webflow","h1_caption":"Incorpora recensioni dal widget del tuo widget store Apple per creare credibilit\u00e0 e incoraggiare pi\u00f9 download nel tuo sito Web Webflow senza sforzo.","application_category":[],"applications_title":"","applications_request_title":"","applications_request_button_text":"","hero_text":"","hero_video":"","hero_video_schema_markup":"","selling_points_title":"","selling_points_caption":"","selling_points":[],"selling_points_cta_text":"","features_title":"","features":"","ed_cta_examples_text":"","ed_cta_examples_hidden":"","ed_cta_demo_text":"","ed_cta_demo_hidden":"","why_caption":"","why_editor_title":"","why_editor_text":"","why_team_title":"","why_team_text":"","why_service_title":"","why_service_text":"","template_catalog_visible":"","template_catalog_title":"","template_catalog_text":"","template_catalog_categories_visible":"","demo_title":"Crea il tuo widget Recensioni sull'Apple App Store","demo_caption":"Configura le tue recensioni sull'App Store di Apple e aggiungile gratuitamente al tuo sito Webflow!","default_faq_hidden":"","app_template_category":[],"platform":"44","template_public_id":"","codecanyon_url":"","codecanyon_item_id":"","codecanyon_price":"","pricing_caption":"","pricing_elfsight_apps_hide_column":"","pricing_elfsight_apps_url":"","pricing_codecanyon_price_caption":"","integration_category":[],"integration_request_title":"","integration_request_cta":"","integration_platform":"","integrations":[],"platform_category":[],"video_schema_markup":"","price":"da $ 0 al mese","trial":"","benefits":[{"text":"Aiuto per l'installazione gratuito"},{"text":"Servizio clienti professionale"},{"text":"Garanzia di rimborso di 14 giorni"},{"text":"Aggiornamenti gratuiti a vita"}],"button_url":"#demo","button_target_blank":"","button_nofollow":"","attributes":[{"name":"Installazioni"},{"name":"Reattivo","content":"S\u00cc"},{"name":"Browser compatibili","content":"Firefox, Safari, Opera, Chrome, Edge"}],"tags":[],"tags_disable_links":"","hide_more_platforms":"","video_object":"","demo_hide_cta":"","demo_hide_cloud_options":"","pricing_title":"","pricing":[{"pricing_icon":"platform","pricing_title":"Elfsight Apps","pricing_title_caption":"Versione indipendente dalla piattaforma adatta a qualsiasi sito web","pricing_price":"da $ 0 \/ mese","pricing_price_caption":"inizia con il piano gratuito","pricing_benefits":[{"text":"Numero illimitato di siti web"},{"text":"Assistenza clienti premium"},{"text":"Assistenza per l'installazione gratuita"},{"text":"Completamente personalizzabile"}],"pricing_button_text":"Aggiungi al sito web","pricing_button_url":"#demo"}],"related_apps_title":"","related_apps_hidden":"","author":"","image":[],"title":"","job":"","social_networks":[]},"_links":{"self":[{"href":"https:\/\/elfsight.com\/it\/wp-json\/wp\/v2\/pages\/3565","targetHints":{"allow":["GET"]}}],"collection":[{"href":"https:\/\/elfsight.com\/it\/wp-json\/wp\/v2\/pages"}],"about":[{"href":"https:\/\/elfsight.com\/it\/wp-json\/wp\/v2\/types\/page"}],"author":[{"embeddable":true,"href":"https:\/\/elfsight.com\/it\/wp-json\/wp\/v2\/users\/9"}],"replies":[{"embeddable":true,"href":"https:\/\/elfsight.com\/it\/wp-json\/wp\/v2\/comments?post=3565"}],"version-history":[{"count":1,"href":"https:\/\/elfsight.com\/it\/wp-json\/wp\/v2\/pages\/3565\/revisions"}],"predecessor-version":[{"id":3569,"href":"https:\/\/elfsight.com\/it\/wp-json\/wp\/v2\/pages\/3565\/revisions\/3569"}],"up":[{"embeddable":true,"href":"https:\/\/elfsight.com\/it\/wp-json\/wp\/v2\/pages\/2564"}],"wp:attachment":[{"href":"https:\/\/elfsight.com\/it\/wp-json\/wp\/v2\/media?parent=3565"}],"curies":[{"name":"wp","href":"https:\/\/api.w.org\/{rel}","templated":true}]}}