{"id":3557,"date":"2024-05-03T06:28:02","date_gmt":"2024-05-03T06:28:02","guid":{"rendered":"https:\/\/elfsight.com\/it\/?page_id=3557"},"modified":"2025-03-19T11:24:16","modified_gmt":"2025-03-19T11:24:16","slug":"wordpress","status":"publish","type":"page","link":"https:\/\/elfsight.com\/it\/apple-app-store-reviews-widget\/wordpress\/","title":{"rendered":"Apple App Store Reviews &#8211; WordPress"},"content":{"rendered":"\n<div class=\"application-platform-content-item-description application-platform-content-item\" id=\"description\" data-nav-section=\"description\"><h2>Incorpora le recensioni dell&#8217;Apple App Store su WordPress con il widget Elfsight<\/h2> <p>Elfsight Apple App Store Reviews \u00e8 un pratico widget utilizzato per mostra le recensioni sulla tua attivit\u00e0 direttamente sul tuo sito. Per mezzo di questo widget potrai utilizzare filtri per nascondere le recensioni indesiderate, dimostrare la tua valutazione in stelle e numeri, aggiungere dati sugli autori delle recensioni e aggiungere un CTA che \u00e8 l\u00ec per motivare gli utenti a pubblicare il loro commento. Elfsight Apple Reviews ti aiuter\u00e0 a vantare un&#8217;elevata prova sociale sul tuo sito e ad attirare nuove vendite. <\/p><p><b>Sviluppa le vendite dimostrando una valutazione notevole e l&#8217;apprezzamento dei clienti.<\/b><\/p><\/div> <div class=\"application-platform-content-item-features application-platform-content-item\" id=\"features\" data-nav-section=\"features\"><h2>Caratteristiche principali dell&#8217;Apple App Store Recensioni widget<\/h2> <p>Ecco un elenco di tutte le funzionalit\u00e0 del prodotto. Puoi gestirli direttamente nell&#8217;editor e ti aiuteranno a costruire il widget pi\u00f9 adatto alle tue esigenze. <\/p> <ul> <li>Scegliere la velocit\u00e0 di diapositiva e la velocit\u00e0 di riproduzione automatica; <\/li> <li>Un&#8217;opzione per selezionare il tipo di impaginazione nel layout Slider; <\/li> <li>Larghezza e altezza responsive del widget; <\/li> <li>Intestazione commutabile dello strumento. <\/li> <\/ul> <p><a href=\"#demo\">Controlla come funzionano tutte le funzionalit\u00e0, nella nostra demo<\/a><\/p> <\/div> <div class=\"application-platform-content-item-installation application-platform-content-item\" id=\"installation\" data-nav-section=\"installation\"> <h2>Come posso aggiungere le recensioni dell&#8217;Apple Store a WordPress? <\/h2> <p>Per integrare il widget, seguire le linee guida riportate di seguito. <\/p> <ol><li><b>Lancia il nostro configuratore gratuito e inizia a lavorare con il tuo plugin unico. <\/b><br> Determina l&#8217;interfaccia e le funzionalit\u00e0 preferibili del plug-in e applica tutte le modifiche. <\/li> <li><b>Copia il tuo codice personale che appare nel box su Elfsight Apps. <\/b><br> Subito dopo aver completato la configurazione del tuo plugin personale, copia il tuo codice nella casella emessa e conservalo per occasioni future. <\/li> <li><b>Avvia l&#8217;utilizzo del plugin sulla tua pagina web WordPress. <\/b><br> Integra il codice che hai copiato di recente nel tuo sito web e salva le modifiche. <\/li> <li><b>Fatto! L&#8217;incorporamento \u00e8 stato eseguito con successo. <\/b><br> Visita il tuo sito web per esaminare il funzionamento del plug-in. <\/li><\/ol><p>Sentiti libero di rivolgerti al nostro servizio clienti se hai bisogno di assistenza o hai domande. I nostri specialisti saranno lieti di aiutarvi con ogni richiesta. <\/p> <div class=\"faq\" data-component=\"FAQ\"><div class=\"faq-item\">\r\n\t\t\t\t\t<div class=\"faq-item-question\">\r\n\t\t\t\t\t\t<h3 class=\"faq-item-question-text\">Come posso incorporare il plugin delle recensioni dell'Apple App Store nel mio sito WordPress senza conoscenze di programmazione?<\/h3>\r\n\r\n\t\t\t\t\t\t<div class=\"faq-item-question-icon\"><\/div>\r\n\t\t\t\t\t<\/div>\r\n\r\n\t\t\t\t\t<div class=\"faq-item-answer\">\r\n\t\t\t\t\t\t<div class=\"faq-item-answer-text\"><p>Elfsight offre una soluzione basata su cloud che consente agli utenti di creare autonomamente il plugin delle recensioni dell&#8217;Apple App Store. Ecco quanto \u00e8 semplice il processo:<\/p>\n<ol>\n<li>Accedi all&#8217;editor online per creare una sezione con il plugin delle recensioni dell&#8217;Apple App Store che desideri integrare nel tuo sito WordPress.<\/li>\n\n<li>Scegli una delle nostre template predefinite e personalizza le impostazioni del plugin delle recensioni dell&#8217;Apple App Store. Modifica il layout e lo schema dei colori e aggiungi i tuoi contenuti, il tutto senza bisogno di programmazione.<\/li>\n\n<li>Salva le impostazioni configurate per il plugin delle recensioni dell&#8217;Apple App Store e ottieni il codice per inserire facilmente e gratuitamente il plugin nel tuo sito WordPress.<\/li>\n<\/ol>\n<p>Lavorando nell&#8217;editor intuitivo, puoi accedere in qualsiasi momento. Ogni utente di Internet pu\u00f2 creare una sezione con il plugin delle recensioni dell&#8217;Apple App Store e integrarla nel proprio sito WordPress. L&#8217;accesso all&#8217;editor Elfsight non richiede pagamenti n\u00e9 la divulgazione delle informazioni sulla carta di credito. Se riscontri difficolt\u00e0, non esitare a contattare il nostro supporto clienti.<\/p><\/div>\r\n\t\t\t\t\t<\/div>\r\n\t\t\t\t<\/div><\/div>\n<\/div>\n","protected":false},"excerpt":{"rendered":"","protected":false},"author":9,"featured_media":0,"parent":2564,"menu_order":0,"comment_status":"closed","ping_status":"closed","template":"templates\/template-application-platform.php","meta":{"publish_to_discourse":"","publish_post_category":"","wpdc_auto_publish_overridden":"","wpdc_topic_tags":"","wpdc_pin_topic":"","wpdc_pin_until":"","discourse_post_id":"","discourse_permalink":"","wpdc_publishing_response":"","wpdc_publishing_error":"","footnotes":""},"class_list":["post-3557","page","type-page","status-publish","hentry"],"yoast_head":"<!-- This site is optimized with the Yoast SEO plugin v25.3.1 - https:\/\/yoast.com\/wordpress\/plugins\/seo\/ -->\n<title>Incorpora le recensioni di Apple sul tuo sito WordPress (facile e veloce)<\/title>\n<meta name=\"description\" content=\"Creare il tuo widget Recensioni Apple e pubblicarlo sul tuo sito Web WordPress \u00e8 un processo semplicissimo. Il servizio clienti Elfsight \u00e8 gratuito.\" \/>\n<meta name=\"robots\" content=\"index, follow, max-snippet:-1, max-image-preview:large, max-video-preview:-1\" \/>\n<link rel=\"canonical\" href=\"https:\/\/elfsight.com\/it\/apple-app-store-reviews-widget\/wordpress\/\" \/>\n<meta property=\"og:locale\" content=\"it_IT\" \/>\n<meta property=\"og:type\" content=\"article\" \/>\n<meta property=\"og:title\" content=\"Incorpora le recensioni di Apple sul tuo sito WordPress (facile e veloce)\" \/>\n<meta property=\"og:description\" content=\"Creare il tuo widget Recensioni Apple e pubblicarlo sul tuo sito Web WordPress \u00e8 un processo semplicissimo. Il servizio clienti Elfsight \u00e8 gratuito.\" \/>\n<meta property=\"og:url\" content=\"https:\/\/elfsight.com\/it\/apple-app-store-reviews-widget\/wordpress\/\" \/>\n<meta property=\"og:site_name\" content=\"Elfsight IT\" \/>\n<meta property=\"article:modified_time\" content=\"2025-03-19T11:24:16+00:00\" \/>\n<meta name=\"twitter:card\" content=\"summary_large_image\" \/>\n<meta name=\"twitter:label1\" content=\"Tempo di lettura stimato\" \/>\n\t<meta name=\"twitter:data1\" content=\"3 minuti\" \/>\n<!-- \/ Yoast SEO plugin. -->","yoast_head_json":{"title":"Incorpora le recensioni di Apple sul tuo sito WordPress (facile e veloce)","description":"Creare il tuo widget Recensioni Apple e pubblicarlo sul tuo sito Web WordPress \u00e8 un processo semplicissimo. Il servizio clienti Elfsight \u00e8 gratuito.","robots":{"index":"index","follow":"follow","max-snippet":"max-snippet:-1","max-image-preview":"max-image-preview:large","max-video-preview":"max-video-preview:-1"},"canonical":"https:\/\/elfsight.com\/it\/apple-app-store-reviews-widget\/wordpress\/","og_locale":"it_IT","og_type":"article","og_title":"Incorpora le recensioni di Apple sul tuo sito WordPress (facile e veloce)","og_description":"Creare il tuo widget Recensioni Apple e pubblicarlo sul tuo sito Web WordPress \u00e8 un processo semplicissimo. Il servizio clienti Elfsight \u00e8 gratuito.","og_url":"https:\/\/elfsight.com\/it\/apple-app-store-reviews-widget\/wordpress\/","og_site_name":"Elfsight IT","article_modified_time":"2025-03-19T11:24:16+00:00","twitter_card":"summary_large_image","twitter_misc":{"Tempo di lettura stimato":"3 minuti"},"schema":{"@context":"https:\/\/schema.org","@graph":[{"@type":"WebPage","@id":"https:\/\/elfsight.com\/it\/apple-app-store-reviews-widget\/wordpress\/","url":"https:\/\/elfsight.com\/it\/apple-app-store-reviews-widget\/wordpress\/","name":"Incorpora le recensioni di Apple sul tuo sito WordPress (facile e veloce)","isPartOf":{"@id":"https:\/\/elfsight.com\/it\/#website"},"datePublished":"2024-05-03T06:28:02+00:00","dateModified":"2025-03-19T11:24:16+00:00","description":"Creare il tuo widget Recensioni Apple e pubblicarlo sul tuo sito Web WordPress \u00e8 un processo semplicissimo. Il servizio clienti Elfsight \u00e8 gratuito.","breadcrumb":{"@id":"https:\/\/elfsight.com\/it\/apple-app-store-reviews-widget\/wordpress\/#breadcrumb"},"inLanguage":"it-IT","potentialAction":[{"@type":"ReadAction","target":["https:\/\/elfsight.com\/it\/apple-app-store-reviews-widget\/wordpress\/"]}]},{"@type":"BreadcrumbList","@id":"https:\/\/elfsight.com\/it\/apple-app-store-reviews-widget\/wordpress\/#breadcrumb","itemListElement":[{"@type":"ListItem","position":1,"name":"Home","item":"https:\/\/elfsight.com\/it\/"},{"@type":"ListItem","position":2,"name":"Apple App Store Reviews","item":"https:\/\/elfsight.com\/it\/apple-app-store-reviews-widget\/"},{"@type":"ListItem","position":3,"name":"Apple App Store Reviews &#8211; WordPress"}]},{"@type":"WebSite","@id":"https:\/\/elfsight.com\/it\/#website","url":"https:\/\/elfsight.com\/it\/","name":"Elfsight IT","description":"Just another Elfsight Sites site","potentialAction":[{"@type":"SearchAction","target":{"@type":"EntryPoint","urlTemplate":"https:\/\/elfsight.com\/it\/?s={search_term_string}"},"query-input":{"@type":"PropertyValueSpecification","valueRequired":true,"valueName":"search_term_string"}}],"inLanguage":"it-IT"}]}},"meta_box":{"industry":"","seo_heading":"","heading":"","description":"","cta_heading":"","cta_description":"","application":"2563","h1":"Plugin per recensioni sull'App Store per WordPress","h1_caption":"Incorpora recensioni dal plug-in del tuo negozio di plug-in Apple per creare credibilit\u00e0 e incoraggiare pi\u00f9 download nel tuo sito Web WordPress senza sforzo.","application_category":[],"applications_title":"","applications_request_title":"","applications_request_button_text":"","hero_text":"","hero_video":"","hero_video_schema_markup":"","selling_points_title":"","selling_points_caption":"","selling_points":[],"selling_points_cta_text":"","features_title":"","features":"","ed_cta_examples_text":"","ed_cta_examples_hidden":"","ed_cta_demo_text":"","ed_cta_demo_hidden":"","why_caption":"","why_editor_title":"","why_editor_text":"","why_team_title":"","why_team_text":"","why_service_title":"","why_service_text":"","template_catalog_visible":"0","template_catalog_title":"","template_catalog_text":"","template_catalog_categories_visible":"","demo_title":"Crea il tuo plug-in per le recensioni dell'Apple App Store","demo_caption":"Configura le tue recensioni sull'App Store di Apple e aggiungile gratuitamente al tuo sito WordPress!","default_faq_hidden":"","app_template_category":[],"platform":"28","template_public_id":"","codecanyon_url":"","codecanyon_item_id":"","codecanyon_price":"","pricing_caption":"","pricing_elfsight_apps_hide_column":"","pricing_elfsight_apps_url":"","pricing_codecanyon_price_caption":"","integration_category":[],"integration_request_title":"","integration_request_cta":"","integration_platform":"","integrations":[],"platform_category":[],"video_schema_markup":"","price":"da $ 0 al mese","trial":"","benefits":[{"text":"Aiuto per l'installazione gratuito"},{"text":"Servizio clienti competente"},{"text":"Garanzia di rimborso di 14 giorni"},{"text":"Futuri miglioramenti gratuiti"}],"button_url":"#demo","button_target_blank":"0","button_nofollow":"0","attributes":[{"name":"Installazioni"},{"name":"Reattivo","content":"Progettazione adattiva"},{"name":"Browser compatibili","content":"Safari, Opera, Firefox, Edge, Chrome"}],"tags":[],"tags_disable_links":"0","hide_more_platforms":"0","video_object":"","demo_hide_cta":"0","demo_hide_cloud_options":"0","pricing_title":"","pricing":[{"pricing_icon":"platform","pricing_title":"Elfsight Apps","pricing_title_caption":"Software indipendente dalla piattaforma che funziona su qualsiasi sito web","pricing_price":"da $ 0 \/ mese","pricing_price_caption":"inizia con il piano gratuito","pricing_benefits":[{"text":"Siti web illimitati"},{"text":"Supporto aziendale rapido e ben documentato"},{"text":"Servizio di installazione gratuito"},{"text":"Prezzo da prendere per pi\u00f9 app"}],"pricing_button_text":"Aggiungi al sito web","pricing_button_url":"#demo"}],"related_apps_title":"","related_apps_hidden":"0","author":"","image":[],"title":"","job":"","social_networks":[]},"_links":{"self":[{"href":"https:\/\/elfsight.com\/it\/wp-json\/wp\/v2\/pages\/3557","targetHints":{"allow":["GET"]}}],"collection":[{"href":"https:\/\/elfsight.com\/it\/wp-json\/wp\/v2\/pages"}],"about":[{"href":"https:\/\/elfsight.com\/it\/wp-json\/wp\/v2\/types\/page"}],"author":[{"embeddable":true,"href":"https:\/\/elfsight.com\/it\/wp-json\/wp\/v2\/users\/9"}],"replies":[{"embeddable":true,"href":"https:\/\/elfsight.com\/it\/wp-json\/wp\/v2\/comments?post=3557"}],"version-history":[{"count":2,"href":"https:\/\/elfsight.com\/it\/wp-json\/wp\/v2\/pages\/3557\/revisions"}],"predecessor-version":[{"id":9263,"href":"https:\/\/elfsight.com\/it\/wp-json\/wp\/v2\/pages\/3557\/revisions\/9263"}],"up":[{"embeddable":true,"href":"https:\/\/elfsight.com\/it\/wp-json\/wp\/v2\/pages\/2564"}],"wp:attachment":[{"href":"https:\/\/elfsight.com\/it\/wp-json\/wp\/v2\/media?parent=3557"}],"curies":[{"name":"wp","href":"https:\/\/api.w.org\/{rel}","templated":true}]}}