{"id":3547,"date":"2024-05-03T06:27:56","date_gmt":"2024-05-03T06:27:56","guid":{"rendered":"https:\/\/elfsight.com\/it\/?page_id=3547"},"modified":"2024-11-11T11:24:22","modified_gmt":"2024-11-11T11:24:22","slug":"prestashop","status":"publish","type":"page","link":"https:\/\/elfsight.com\/it\/apple-app-store-reviews-widget\/prestashop\/","title":{"rendered":"Apple App Store Reviews &#8211; PrestaShop"},"content":{"rendered":"<div class=\"application-platform-content-item-description application-platform-content-item\" id=\"description\" data-nav-section=\"description\"> <h2>Descrizione<\/h2> <p>Elfsight Apple App Store Reviews \u00e8 uno strumento utile che ti d\u00e0 l&#8217;opportunit\u00e0 di mostrare correttamente le testimonianze sulla tua merce sulla tua pagina web da tutti i pi\u00f9 diffusi siti di recensioni aziendali. Utilizzando il nostro widget, sarai in grado di applicare filtri per nascondere le testimonianze indesiderate, mostrare la tua valutazione in stelle e numeri dal tuo account su qualsiasi sito Web di recensioni di attivit\u00e0 commerciali, aggiungere dati sugli autori delle recensioni e aggiungere un invito all&#8217;azione pulsante che indurr\u00e0 gli utenti a pubblicare i loro pensieri. Il widget Recensioni dell&#8217;Apple App Store ti spinger\u00e0 a mostrare le tue eccezionali prove sociali sul sito web e ad iniziare ad avere pi\u00f9 nuove vendite. <\/p><p><b>Con Apple App Store Reviews, ottieni un forte sviluppo del business e un aumento delle vendite <\/b><\/p> <\/div> <div class=\"application-platform-content-item-features application-platform-content-item\" id=\"features\" data-nav-section=\"features\"> <h2>Il widget offre potenti e funzionalit\u00e0 veloci, visualizzane alcune: <\/h2> <ul><li>Integra le recensioni dei clienti da Apple App Store Places<\/li><li>3 tipi di filtri: per tipo, quantit\u00e0 di recensioni ed escludi per<\/li><li>Quattro tipi di layout: Slider, Elenco, Griglia e Massoneria<\/li><li>trascina i tipi di navigazione e frecce nel layout Slider<\/li><li>Imposta la velocit\u00e0 di diapositiva e la velocit\u00e0 di riproduzione automatica<\/li><li>Seleziona il tipo di impaginazione nel layout Slider<\/li><li>Pulsante CTA per ottenere le recensioni dei nuovi utenti sulla pagina dell&#8217;App Store di Apple<\/li><li>3 modelli di recensioni: Spotlight, Classic, Bubble<\/li><li> Sei elementi flessibili delle recensioni: data e valutazione in stelle, foto, consiglio, nome dell&#8217;autore e icona dell&#8217;App Store di Apple<\/li><li>Un&#8217;opzione per modificare la dimensione del carattere del testo della recensione<\/li><\/ul><p> <a href=\"#demo\">Esplora tutte le opzioni di personalizzazione nella demo completa<\/a><\/p> <\/div> <div class=\"application-platform-content-item-installation application-platform-content-item\" id=\"installation\" data-nav-section=\"installation\"> <h2>Come aggiungere Apple App Store al mio Sito PrestaShop? <\/h2> <p>Segui semplicemente le linee guida seguenti per integrare il componente aggiuntivo. <\/p> <ol><li><b>Lancia il nostro editor gratuito e inizia a dare forma al tuo strumento personalizzato. <\/b><br> Specifica l&#8217;aspetto e gli aspetti desiderati del widget e applica le modifiche. <\/li> <li><b>Acquisisci il tuo codice personale che appare nella finestra sulle App Elfsight. <\/b><br> Una volta terminata la configurazione del tuo widget, copia il codice individuale nel popup visualizzato e salvalo per necessit\u00e0 future. <\/li> <li><b>Avvia l&#8217;utilizzo del widget sulla home page di PrestaShop. <\/b><br> Implementa il codice salvato in precedenza nella tua home page e salva le correzioni. <\/li> <li><b>Fatto! L&#8217;incorporamento \u00e8 completamente terminato. <\/b><br> Vai al tuo sito per dare un&#8217;occhiata a come funziona lo strumento. <\/li><\/ol> <p>A condizione di affrontare domande o scontrarsi con eventuali problemi, non esitate a contattare il nostro personale del servizio clienti. I nostri consulenti sono desiderosi di aiutarti con tutti i problemi che potresti riscontrare con lo strumento. <\/p> <\/div>","protected":false},"excerpt":{"rendered":"","protected":false},"author":9,"featured_media":0,"parent":2564,"menu_order":0,"comment_status":"closed","ping_status":"closed","template":"templates\/template-application-platform.php","meta":{"publish_to_discourse":"","publish_post_category":"","wpdc_auto_publish_overridden":"","wpdc_topic_tags":"","wpdc_pin_topic":"","wpdc_pin_until":"","discourse_post_id":"","discourse_permalink":"","wpdc_publishing_response":"","wpdc_publishing_error":"","footnotes":""},"class_list":["post-3547","page","type-page","status-publish","hentry"],"yoast_head":"<!-- This site is optimized with the Yoast SEO plugin v25.3.1 - https:\/\/yoast.com\/wordpress\/plugins\/seo\/ -->\n<title>Incorpora le recensioni Apple sul tuo sito PrestaShop (facile e veloce)<\/title>\n<meta name=\"description\" content=\"Creare il tuo widget Recensioni Apple e pubblicarlo sul tuo sito web PrestaShop \u00e8 un processo semplicissimo. Il servizio clienti Elfsight \u00e8 gratuito.\" \/>\n<meta name=\"robots\" content=\"index, follow, max-snippet:-1, max-image-preview:large, max-video-preview:-1\" \/>\n<link rel=\"canonical\" href=\"https:\/\/elfsight.com\/it\/apple-app-store-reviews-widget\/prestashop\/\" \/>\n<meta property=\"og:locale\" content=\"it_IT\" \/>\n<meta property=\"og:type\" content=\"article\" \/>\n<meta property=\"og:title\" content=\"Incorpora le recensioni Apple sul tuo sito PrestaShop (facile e veloce)\" \/>\n<meta property=\"og:description\" content=\"Creare il tuo widget Recensioni Apple e pubblicarlo sul tuo sito web PrestaShop \u00e8 un processo semplicissimo. Il servizio clienti Elfsight \u00e8 gratuito.\" \/>\n<meta property=\"og:url\" content=\"https:\/\/elfsight.com\/it\/apple-app-store-reviews-widget\/prestashop\/\" \/>\n<meta property=\"og:site_name\" content=\"Elfsight IT\" \/>\n<meta property=\"article:modified_time\" content=\"2024-11-11T11:24:22+00:00\" \/>\n<meta name=\"twitter:card\" content=\"summary_large_image\" \/>\n<meta name=\"twitter:label1\" content=\"Tempo di lettura stimato\" \/>\n\t<meta name=\"twitter:data1\" content=\"2 minuti\" \/>\n<!-- \/ Yoast SEO plugin. -->","yoast_head_json":{"title":"Incorpora le recensioni Apple sul tuo sito PrestaShop (facile e veloce)","description":"Creare il tuo widget Recensioni Apple e pubblicarlo sul tuo sito web PrestaShop \u00e8 un processo semplicissimo. Il servizio clienti Elfsight \u00e8 gratuito.","robots":{"index":"index","follow":"follow","max-snippet":"max-snippet:-1","max-image-preview":"max-image-preview:large","max-video-preview":"max-video-preview:-1"},"canonical":"https:\/\/elfsight.com\/it\/apple-app-store-reviews-widget\/prestashop\/","og_locale":"it_IT","og_type":"article","og_title":"Incorpora le recensioni Apple sul tuo sito PrestaShop (facile e veloce)","og_description":"Creare il tuo widget Recensioni Apple e pubblicarlo sul tuo sito web PrestaShop \u00e8 un processo semplicissimo. Il servizio clienti Elfsight \u00e8 gratuito.","og_url":"https:\/\/elfsight.com\/it\/apple-app-store-reviews-widget\/prestashop\/","og_site_name":"Elfsight IT","article_modified_time":"2024-11-11T11:24:22+00:00","twitter_card":"summary_large_image","twitter_misc":{"Tempo di lettura stimato":"2 minuti"},"schema":{"@context":"https:\/\/schema.org","@graph":[{"@type":"WebPage","@id":"https:\/\/elfsight.com\/it\/apple-app-store-reviews-widget\/prestashop\/","url":"https:\/\/elfsight.com\/it\/apple-app-store-reviews-widget\/prestashop\/","name":"Incorpora le recensioni Apple sul tuo sito PrestaShop (facile e veloce)","isPartOf":{"@id":"https:\/\/elfsight.com\/it\/#website"},"datePublished":"2024-05-03T06:27:56+00:00","dateModified":"2024-11-11T11:24:22+00:00","description":"Creare il tuo widget Recensioni Apple e pubblicarlo sul tuo sito web PrestaShop \u00e8 un processo semplicissimo. Il servizio clienti Elfsight \u00e8 gratuito.","breadcrumb":{"@id":"https:\/\/elfsight.com\/it\/apple-app-store-reviews-widget\/prestashop\/#breadcrumb"},"inLanguage":"it-IT","potentialAction":[{"@type":"ReadAction","target":["https:\/\/elfsight.com\/it\/apple-app-store-reviews-widget\/prestashop\/"]}]},{"@type":"BreadcrumbList","@id":"https:\/\/elfsight.com\/it\/apple-app-store-reviews-widget\/prestashop\/#breadcrumb","itemListElement":[{"@type":"ListItem","position":1,"name":"Home","item":"https:\/\/elfsight.com\/it\/"},{"@type":"ListItem","position":2,"name":"Apple App Store Reviews","item":"https:\/\/elfsight.com\/it\/apple-app-store-reviews-widget\/"},{"@type":"ListItem","position":3,"name":"Apple App Store Reviews &#8211; PrestaShop"}]},{"@type":"WebSite","@id":"https:\/\/elfsight.com\/it\/#website","url":"https:\/\/elfsight.com\/it\/","name":"Elfsight IT","description":"Just another Elfsight Sites site","potentialAction":[{"@type":"SearchAction","target":{"@type":"EntryPoint","urlTemplate":"https:\/\/elfsight.com\/it\/?s={search_term_string}"},"query-input":{"@type":"PropertyValueSpecification","valueRequired":true,"valueName":"search_term_string"}}],"inLanguage":"it-IT"}]}},"meta_box":{"industry":"","seo_heading":"","heading":"","description":"","cta_heading":"","cta_description":"","application":"2563","h1":"Componente aggiuntivo per le recensioni dell'Apple App Store per PrestaShop","h1_caption":"Incorpora recensioni dal widget del tuo widget store Apple per creare credibilit\u00e0 e incoraggiare pi\u00f9 download nel tuo sito Web Prestashop senza sforzo.","application_category":[],"applications_title":"","applications_request_title":"","applications_request_button_text":"","hero_text":"","hero_video":"","hero_video_schema_markup":"","selling_points_title":"","selling_points_caption":"","selling_points":[],"selling_points_cta_text":"","features_title":"","features":"","ed_cta_examples_text":"","ed_cta_examples_hidden":"","ed_cta_demo_text":"","ed_cta_demo_hidden":"","why_caption":"","why_editor_title":"","why_editor_text":"","why_team_title":"","why_team_text":"","why_service_title":"","why_service_text":"","template_catalog_visible":"","template_catalog_title":"","template_catalog_text":"","template_catalog_categories_visible":"","demo_title":"Crea il tuo componente aggiuntivo Recensioni dell'Apple App Store","demo_caption":"Configura le tue recensioni sull'App Store di Apple e aggiungile gratuitamente al tuo sito PrestaShop!","default_faq_hidden":"","app_template_category":[],"platform":"1023","template_public_id":"","codecanyon_url":"","codecanyon_item_id":"","codecanyon_price":"","pricing_caption":"","pricing_elfsight_apps_hide_column":"","pricing_elfsight_apps_url":"","pricing_codecanyon_price_caption":"","integration_category":[],"integration_request_title":"","integration_request_cta":"","integration_platform":"","integrations":[],"platform_category":[],"video_schema_markup":"","price":"da $ 0 al mese","trial":"","benefits":[{"text":"Assistenza gratuita per l'installazione"},{"text":"Assistenza clienti con esperienza"},{"text":"Garanzia di rimborso di 14 giorni"},{"text":"Aggiornamenti continui"}],"button_url":"#demo","button_target_blank":"","button_nofollow":"","attributes":[{"name":"Installazioni"},{"name":"Reattivo","content":"S\u00cc"},{"name":"Browser compatibili","content":"Opera, Chrome, Firefox, Edge, Safari"}],"tags":[],"tags_disable_links":"","hide_more_platforms":"","video_object":"","demo_hide_cta":"","demo_hide_cloud_options":"","pricing_title":"","pricing":[{"pricing_icon":"platform","pricing_title":"Elfsight Apps","pricing_title_caption":"Soluzione digitale multipiattaforma","pricing_price":"da $ 0 \/ mese","pricing_price_caption":"inizia con un piano gratuito","pricing_benefits":[{"text":"Siti web illimitati"},{"text":"Assistenza clienti gratuita e ben documentata"},{"text":"Supporto gratuito per l'installazione"},{"text":"100% personalizzabile"}],"pricing_button_text":"Aggiungi al sito web","pricing_button_url":"#demo"}],"related_apps_title":"","related_apps_hidden":"","author":"","image":[],"title":"","job":"","social_networks":[]},"_links":{"self":[{"href":"https:\/\/elfsight.com\/it\/wp-json\/wp\/v2\/pages\/3547","targetHints":{"allow":["GET"]}}],"collection":[{"href":"https:\/\/elfsight.com\/it\/wp-json\/wp\/v2\/pages"}],"about":[{"href":"https:\/\/elfsight.com\/it\/wp-json\/wp\/v2\/types\/page"}],"author":[{"embeddable":true,"href":"https:\/\/elfsight.com\/it\/wp-json\/wp\/v2\/users\/9"}],"replies":[{"embeddable":true,"href":"https:\/\/elfsight.com\/it\/wp-json\/wp\/v2\/comments?post=3547"}],"version-history":[{"count":1,"href":"https:\/\/elfsight.com\/it\/wp-json\/wp\/v2\/pages\/3547\/revisions"}],"predecessor-version":[{"id":3551,"href":"https:\/\/elfsight.com\/it\/wp-json\/wp\/v2\/pages\/3547\/revisions\/3551"}],"up":[{"embeddable":true,"href":"https:\/\/elfsight.com\/it\/wp-json\/wp\/v2\/pages\/2564"}],"wp:attachment":[{"href":"https:\/\/elfsight.com\/it\/wp-json\/wp\/v2\/media?parent=3547"}],"curies":[{"name":"wp","href":"https:\/\/api.w.org\/{rel}","templated":true}]}}