{"id":3533,"date":"2024-05-03T06:27:50","date_gmt":"2024-05-03T06:27:50","guid":{"rendered":"https:\/\/elfsight.com\/it\/?page_id=3533"},"modified":"2025-03-19T16:08:26","modified_gmt":"2025-03-19T16:08:26","slug":"elementor","status":"publish","type":"page","link":"https:\/\/elfsight.com\/it\/amazon-reviews-widget\/elementor\/","title":{"rendered":"Amazon Reviews &#8211; Elementor"},"content":{"rendered":"\n<div class=\"application-platform-content-item-description application-platform-content-item\" id=\"description\" data-nav-section=\"description\"><h2>Incorpora recensioni Amazon su Elementor con il widget Elfsight<\/h2><p>Il nostro widget Amazon \u00e8 il modo pi\u00f9 pratico per costruire l&#8217;immagine del tuo marchio mostrando i commenti dei visitatori reali sui tuoi prodotti. Mostra solo i punti di vista migliori o pi\u00f9 significativi e disponili come preferisci. Ottieni risultati con prove sociali mostrando ai visitatori del tuo sito web che ti puoi fidare.<\/p><p><b>Convinci gli utenti a lasciare nuove recensioni sui tuoi prodotti e migliora le conversazioni con i clienti!<\/b><\/p><\/div><div class=\"application-platform-content-item-features application-platform-content-item\" id=\"features\" data-nav-section=\"features\"><h2>Caratteristiche principali del widget Reviews from Amazon<\/h2><p>Per ottenere una percezione pi\u00f9 chiara di Reviews from Amazon, consulta l&#8217;elenco delle principali funzionalit\u00e0. Rendono il widget estremamente vantaggioso per te:<\/p><ul><li>Tre opzioni di filtri: per tipo, esclusione per e quantit\u00e0 di recensioni;<\/li><li>Quattro layout predefiniti: Elenco, Griglia, Masonry e Slider;<\/li><li>Un&#8217;opzione per attivare\/disattivare l&#8217;intestazione del widget;<\/li><li>Il pulsante attivo per aggiungere una nuova recensione indirizza i visitatori alla tua pagina Amazon;<\/li><li>6 elementi flessibili del widget: nome e immagine dell&#8217;autore, consiglio, data, icona Amazon e valutazione in stelle;<\/li><li>Due varianti di scenari dopo il rifiuto della richiesta di revisione: visualizzare un messaggio personalizzato o nasconderlo il pulsante.<\/li><\/ul><p><a href=\"#demo\">La nostra demo ti mostrer\u00e0 tutte le funzionalit\u00e0<\/a><\/p><\/div><div class=\"application-platform-content-item-installation application-platform-content-item\" id=\"installation\" data-nav-section=\"installation\"><h2>Come aggiungere il widget Recensioni Amazon al sito Web Elementor<\/h2><p>I seguenti passaggi sono l&#8217;unica cosa che devi visualizzare.<\/p><ol><li><b>Costruisci il tuo plug-in Amazon personale<\/b><br>Utilizzando la nostra demo gratuita, crea un plug-in con layout e funzionalit\u00e0 preferibili.<\/li> <li><b>Ricevi il codice individuale per visualizzare il plug-in<\/b><br>Dopo aver impostato il widget, acquisirai il codice di installazione dalla finestra popup su Elfsight Apps. Copia il codice.<\/li><li><b>Pubblica il plug-in sul tuo sito Elementor<\/b><br>Definisci il luogo in cui desideri mostrare il plug-in e incolla l\u00ec il codice copiato. Applica i risultati.<\/li><li><b>Hai finito!<\/b><br>Accedi alla pagina web per visualizzare il tuo plugin.<\/li><\/ol><p>Ancora puoi&#8217; non hai deciso? Oppure hai problemi? Scrivi semplicemente una richiesta al nostro supporto clienti per aiutarti a risolvere qualsiasi tipo di problema.<\/p><div class=\"faq\" data-component=\"FAQ\"> <div class=\"faq-item\">\r\n\t\t\t\t\t<div class=\"faq-item-question\">\r\n\t\t\t\t\t\t<h3 class=\"faq-item-question-text\">Come posso aggiungere recensioni Amazon al mio sito Web Elementor senza competenze di programmazione?<\/h3>\r\n\r\n\t\t\t\t\t\t<div class=\"faq-item-question-icon\"><\/div>\r\n\t\t\t\t\t<\/div>\r\n\r\n\t\t\t\t\t<div class=\"faq-item-answer\">\r\n\t\t\t\t\t\t<div class=\"faq-item-answer-text\"> <p>Elfsight fornisce un Soluzione SaaS che ti consente di creare tu stesso un widget Reviews from Amazon, scopri quanto \u00e8 semplice il processo: lavora direttamente nell&#8217;editor online per creare un widget Reviews from Amazon che vorresti vedere sul tuo sito Web Elementor. Scegli uno dei modelli predefiniti e regola le impostazioni di Reviews from Amazon, aggiungi i tuoi contenuti, modifica il layout e la combinazione di colori senza competenze di codifica. Salva le recensioni di Amazon e copia il codice di installazione, che puoi facilmente incorporare nel tuo sito Web Elementor senza la necessit\u00e0 di acquistare una versione a pagamento. Con il nostro editor intuitivo qualsiasi utente di Internet pu\u00f2 creare widget di recensioni Amazon online e incorporarlo facilmente nel proprio sito Web Elementor. Non \u00e8 necessario pagare o inserire le credenziali della carta per accedere al servizio. In caso di problemi in qualsiasi momento, non esitate a contattare il nostro team di supporto tecnico.<\/p> <\/div>\r\n\t\t\t\t\t<\/div>\r\n\t\t\t\t<\/div> <\/div> <\/div>\n","protected":false},"excerpt":{"rendered":"","protected":false},"author":9,"featured_media":0,"parent":1522,"menu_order":0,"comment_status":"closed","ping_status":"closed","template":"templates\/template-application-platform.php","meta":{"publish_to_discourse":"","publish_post_category":"","wpdc_auto_publish_overridden":"","wpdc_topic_tags":"","wpdc_pin_topic":"","wpdc_pin_until":"","discourse_post_id":"","discourse_permalink":"","wpdc_publishing_response":"","wpdc_publishing_error":"","footnotes":""},"class_list":["post-3533","page","type-page","status-publish","hentry"],"yoast_head":"<!-- This site is optimized with the Yoast SEO plugin v25.3.1 - https:\/\/yoast.com\/wordpress\/plugins\/seo\/ -->\n<title>Incorpora il widget Recensioni Amazon sul sito Web Elementor (gratuito e veloce)<\/title>\n<meta name=\"description\" content=\"\u00c8 assolutamente semplice creare il tuo widget Recensioni Amazon e aggiungerlo al tuo sito Web Elementor. Il servizio clienti Elfsight \u00e8 gratuito.\" \/>\n<meta name=\"robots\" content=\"index, follow, max-snippet:-1, max-image-preview:large, max-video-preview:-1\" \/>\n<link rel=\"canonical\" href=\"https:\/\/elfsight.com\/it\/amazon-reviews-widget\/elementor\/\" \/>\n<meta property=\"og:locale\" content=\"it_IT\" \/>\n<meta property=\"og:type\" content=\"article\" \/>\n<meta property=\"og:title\" content=\"Incorpora il widget Recensioni Amazon sul sito Web Elementor (gratuito e veloce)\" \/>\n<meta property=\"og:description\" content=\"\u00c8 assolutamente semplice creare il tuo widget Recensioni Amazon e aggiungerlo al tuo sito Web Elementor. Il servizio clienti Elfsight \u00e8 gratuito.\" \/>\n<meta property=\"og:url\" content=\"https:\/\/elfsight.com\/it\/amazon-reviews-widget\/elementor\/\" \/>\n<meta property=\"og:site_name\" content=\"Elfsight IT\" \/>\n<meta property=\"article:modified_time\" content=\"2025-03-19T16:08:26+00:00\" \/>\n<meta name=\"twitter:card\" content=\"summary_large_image\" \/>\n<meta name=\"twitter:label1\" content=\"Tempo di lettura stimato\" \/>\n\t<meta name=\"twitter:data1\" content=\"3 minuti\" \/>\n<!-- \/ Yoast SEO plugin. -->","yoast_head_json":{"title":"Incorpora il widget Recensioni Amazon sul sito Web Elementor (gratuito e veloce)","description":"\u00c8 assolutamente semplice creare il tuo widget Recensioni Amazon e aggiungerlo al tuo sito Web Elementor. Il servizio clienti Elfsight \u00e8 gratuito.","robots":{"index":"index","follow":"follow","max-snippet":"max-snippet:-1","max-image-preview":"max-image-preview:large","max-video-preview":"max-video-preview:-1"},"canonical":"https:\/\/elfsight.com\/it\/amazon-reviews-widget\/elementor\/","og_locale":"it_IT","og_type":"article","og_title":"Incorpora il widget Recensioni Amazon sul sito Web Elementor (gratuito e veloce)","og_description":"\u00c8 assolutamente semplice creare il tuo widget Recensioni Amazon e aggiungerlo al tuo sito Web Elementor. Il servizio clienti Elfsight \u00e8 gratuito.","og_url":"https:\/\/elfsight.com\/it\/amazon-reviews-widget\/elementor\/","og_site_name":"Elfsight IT","article_modified_time":"2025-03-19T16:08:26+00:00","twitter_card":"summary_large_image","twitter_misc":{"Tempo di lettura stimato":"3 minuti"},"schema":{"@context":"https:\/\/schema.org","@graph":[{"@type":"WebPage","@id":"https:\/\/elfsight.com\/it\/amazon-reviews-widget\/elementor\/","url":"https:\/\/elfsight.com\/it\/amazon-reviews-widget\/elementor\/","name":"Incorpora il widget Recensioni Amazon sul sito Web Elementor (gratuito e veloce)","isPartOf":{"@id":"https:\/\/elfsight.com\/it\/#website"},"datePublished":"2024-05-03T06:27:50+00:00","dateModified":"2025-03-19T16:08:26+00:00","description":"\u00c8 assolutamente semplice creare il tuo widget Recensioni Amazon e aggiungerlo al tuo sito Web Elementor. Il servizio clienti Elfsight \u00e8 gratuito.","breadcrumb":{"@id":"https:\/\/elfsight.com\/it\/amazon-reviews-widget\/elementor\/#breadcrumb"},"inLanguage":"it-IT","potentialAction":[{"@type":"ReadAction","target":["https:\/\/elfsight.com\/it\/amazon-reviews-widget\/elementor\/"]}]},{"@type":"BreadcrumbList","@id":"https:\/\/elfsight.com\/it\/amazon-reviews-widget\/elementor\/#breadcrumb","itemListElement":[{"@type":"ListItem","position":1,"name":"Home","item":"https:\/\/elfsight.com\/it\/"},{"@type":"ListItem","position":2,"name":"Amazon Reviews","item":"https:\/\/elfsight.com\/it\/amazon-reviews-widget\/"},{"@type":"ListItem","position":3,"name":"Amazon Reviews &#8211; Elementor"}]},{"@type":"WebSite","@id":"https:\/\/elfsight.com\/it\/#website","url":"https:\/\/elfsight.com\/it\/","name":"Elfsight IT","description":"Just another Elfsight Sites site","potentialAction":[{"@type":"SearchAction","target":{"@type":"EntryPoint","urlTemplate":"https:\/\/elfsight.com\/it\/?s={search_term_string}"},"query-input":{"@type":"PropertyValueSpecification","valueRequired":true,"valueName":"search_term_string"}}],"inLanguage":"it-IT"}]}},"meta_box":{"industry":"","seo_heading":"","heading":"","description":"","cta_heading":"","cta_description":"","application":"1521","h1":"Widget recensioni Amazon per Elementor","h1_caption":"Visualizza le recensioni dei prodotti da Amazon per fornire ulteriore prova sociale ai visitatori del tuo sito Web nel tuo sito Web Elementor senza sforzo.","application_category":[],"applications_title":"","applications_request_title":"","applications_request_button_text":"","hero_text":"","hero_video":"","hero_video_schema_markup":"","selling_points_title":"","selling_points_caption":"","selling_points":[],"selling_points_cta_text":"","features_title":"","features":"","ed_cta_examples_text":"","ed_cta_examples_hidden":"","ed_cta_demo_text":"","ed_cta_demo_hidden":"","why_caption":"","why_editor_title":"","why_editor_text":"","why_team_title":"","why_team_text":"","why_service_title":"","why_service_text":"","template_catalog_visible":"0","template_catalog_title":"","template_catalog_text":"","template_catalog_categories_visible":"","demo_title":"Crea il tuo widget Recensioni Amazon","demo_caption":"Configura le tue recensioni Amazon e aggiungile gratuitamente al tuo sito Web Elementor!","default_faq_hidden":"","app_template_category":[],"platform":"68","template_public_id":"","codecanyon_url":"","codecanyon_item_id":"","codecanyon_price":"","pricing_caption":"","pricing_elfsight_apps_hide_column":"","pricing_elfsight_apps_url":"","pricing_codecanyon_price_caption":"","integration_category":[],"integration_request_title":"","integration_request_cta":"","integration_platform":"","integrations":[],"platform_category":[],"video_schema_markup":"","price":"da $ 0 al mese","trial":"","benefits":[{"text":"Servizio di installazione gratuito"},{"text":"Supporto eccezionale"},{"text":"Garanzia di rimborso di 14 giorni"},{"text":"Miglioramenti gratuiti a vita"}],"button_url":"#demo","button_target_blank":"0","button_nofollow":"0","attributes":[{"name":"Installazioni"},{"name":"Reattivo","content":"S\u00cc"},{"name":"Browser compatibili","content":"Firefox, Safari, Edge, Chrome, Opera"}],"tags":[],"tags_disable_links":"0","hide_more_platforms":"0","video_object":"","demo_hide_cta":"0","demo_hide_cloud_options":"0","pricing_title":"","pricing":[{"pricing_icon":"platform","pricing_title":"Elfsight Apps","pricing_title_caption":"Software multipiattaforma che funziona su qualsiasi sito","pricing_price":"da $ 0 \/ mese","pricing_price_caption":"inizia con il piano gratuito","pricing_benefits":[{"text":"Domini illimitati"},{"text":"Supporto gratuito, puntuale e ben documentato"},{"text":"Servizio di installazione gratuito"},{"text":"Prezzo speciale per pi\u00f9 app"}],"pricing_button_text":"Aggiungi al sito web","pricing_button_url":"#demo"}],"related_apps_title":"","related_apps_hidden":"0","author":"","image":[],"title":"","job":"","social_networks":[]},"_links":{"self":[{"href":"https:\/\/elfsight.com\/it\/wp-json\/wp\/v2\/pages\/3533","targetHints":{"allow":["GET"]}}],"collection":[{"href":"https:\/\/elfsight.com\/it\/wp-json\/wp\/v2\/pages"}],"about":[{"href":"https:\/\/elfsight.com\/it\/wp-json\/wp\/v2\/types\/page"}],"author":[{"embeddable":true,"href":"https:\/\/elfsight.com\/it\/wp-json\/wp\/v2\/users\/9"}],"replies":[{"embeddable":true,"href":"https:\/\/elfsight.com\/it\/wp-json\/wp\/v2\/comments?post=3533"}],"version-history":[{"count":4,"href":"https:\/\/elfsight.com\/it\/wp-json\/wp\/v2\/pages\/3533\/revisions"}],"predecessor-version":[{"id":9333,"href":"https:\/\/elfsight.com\/it\/wp-json\/wp\/v2\/pages\/3533\/revisions\/9333"}],"up":[{"embeddable":true,"href":"https:\/\/elfsight.com\/it\/wp-json\/wp\/v2\/pages\/1522"}],"wp:attachment":[{"href":"https:\/\/elfsight.com\/it\/wp-json\/wp\/v2\/media?parent=3533"}],"curies":[{"name":"wp","href":"https:\/\/api.w.org\/{rel}","templated":true}]}}