{"id":3516,"date":"2024-05-03T06:27:41","date_gmt":"2024-05-03T06:27:41","guid":{"rendered":"https:\/\/elfsight.com\/it\/?page_id=3516"},"modified":"2025-03-19T16:25:27","modified_gmt":"2025-03-19T16:25:27","slug":"squarespace","status":"publish","type":"page","link":"https:\/\/elfsight.com\/it\/amazon-reviews-widget\/squarespace\/","title":{"rendered":"Amazon Reviews &#8211; Squarespace"},"content":{"rendered":"\n<div class=\"application-platform-content-item-description application-platform-content-item\" id=\"description\" data-nav-section=\"description\"><h2>Incorpora il prodotto sulla piattaforma con il widget Elfsight<\/h2><p>Il plugin Elfsight Amazon \u00e8 il modo pi\u00f9 semplice per migliorare l&#8217;immagine del tuo marchio esprimere i commenti dei visitatori reali sulla tua produzione. Mostra solo i pensieri migliori o pi\u00f9 significativi e organizzali nel modo che preferisci. Raccogli prove sociali dimostrando al tuo pubblico che sei un partner affidabile.<\/p><p><b>Convinci gli utenti a pubblicare nuovi commenti sui tuoi prodotti e migliora le conversazioni con i clienti!<\/b><\/p><\/div> <div class=\"application-platform-content-item-features application-platform-content-item\" id=\"features\" data-nav-section=\"features\"><h2>Caratteristiche principali del widget Reviews from Amazon<\/h2><p>Per avere una conoscenza chiara del plugin, puoi dare un&#8217;occhiata all&#8217;elenco delle sue caratteristiche principali. Rendono il widget davvero efficiente per te:<\/p><ul><li>Tre filtri disponibili: per tipo, escludi per e quantit\u00e0 di recensioni;<\/li><li>4 tipi di layout: Elenco, Griglia, Masonry e Slider;<\/li><li>Intestazione commutabile del widget;<\/li><li>Il pulsante attivo per aggiungere una nuova recensione indirizza le persone alla tua pagina Amazon;<\/li><li>6 elementi personalizzabili delle recensioni: nome e foto dell&#8217;autore, consiglio, data, icona Amazon e valutazione in stelle;<\/li><li>Due opzioni di scenari dopo il rifiuto della richiesta di revisione: rivelare un messaggio personalizzato o rimuovere il pulsante.<\/li><\/ul><p><a href=\"#demo\">La nostra demo dal vivo ti mostrer\u00e0 pi\u00f9 funzionalit\u00e0<\/a><\/p><\/div><div class=\"application-platform-content-item-installation application-platform-content-item\" id=\"installation\" data-nav-section=\"installation\"><h2>Come aggiungere Plug-in di Reviews from Amazon per il sito web di Squarespace<\/h2><p>Le azioni seguenti sono l&#8217;unica cosa di cui hai bisogno per avere il widget attivo e funzionante.<\/p><ol><li><b>Costruisci il tuo plugin Amazon<\/b><br>Gestione del nostro editor gratuito, ottieni un widget con il layout e le caratteristiche funzionali che preferisci.<\/li><li><b>Copia il codice individuale per incorporare il plugin<\/b><br>Dopo aver impostato il widget, riceverai il codice di installazione dalla notifica popup su Elfsight Apps. Copia il codice per un ulteriore utilizzo.<\/li><li><b>Incorpora il plug-in Amazon nel tuo sito Squarespace<\/b><br>Trova l&#8217;area in cui desideri visualizzare il widget e incolla l\u00ec il codice copiato. Salva le modifiche.<\/li><li><b>Hai finito!<\/b><br>Vai al tuo sito web per controllare il tuo lavoro.<\/li><\/ol><p>Ho ancora qualcosa questo ti rende insicuro? O riscontri problemi? Basta una singola richiesta al nostro servizio clienti per risolvere qualsiasi problema.<\/p><\/div><div class=\"faq\" data-component=\"FAQ\"><div class=\"faq-item\">\r\n\t\t\t\t\t<div class=\"faq-item-question\">\r\n\t\t\t\t\t\t<h3 class=\"faq-item-question-text\">Come posso incorporare le recensioni dei clienti Amazon sul mio sito Squarespace?<\/h3>\r\n\r\n\t\t\t\t\t\t<div class=\"faq-item-question-icon\"><\/div>\r\n\t\t\t\t\t<\/div>\r\n\r\n\t\t\t\t\t<div class=\"faq-item-answer\">\r\n\t\t\t\t\t\t<div class=\"faq-item-answer-text\"><p>Crea semplicemente il tuo widget, quindi modificane il design e salva le modifiche. Copia il codice del tuo strumento e incorporalo nel layout che hai. <\/p><\/div>\r\n\t\t\t\t\t<\/div>\r\n\t\t\t\t<\/div><div class=\"faq-item\">\r\n\t\t\t\t\t<div class=\"faq-item-question\">\r\n\t\t\t\t\t\t<h3 class=\"faq-item-question-text\">Come posso ottenere le recensioni degli utenti Amazon per le mie pagine di prodotto?<\/h3>\r\n\r\n\t\t\t\t\t\t<div class=\"faq-item-question-icon\"><\/div>\r\n\t\t\t\t\t<\/div>\r\n\r\n\t\t\t\t\t<div class=\"faq-item-answer\">\r\n\t\t\t\t\t\t<div class=\"faq-item-answer-text\"><p>Puoi farlo facilmente applicando il pulsante CTA. Premendo il pulsante, il pubblico avr\u00e0 accesso immediato al tuo profilo. <\/p><\/div>\r\n\t\t\t\t\t<\/div>\r\n\t\t\t\t<\/div><div class=\"faq-item\">\r\n\t\t\t\t\t<div class=\"faq-item-question\">\r\n\t\t\t\t\t\t<h3 class=\"faq-item-question-text\">Come posso creare la mia app di valutazione\/modello di badge Amazon?<\/h3>\r\n\r\n\t\t\t\t\t\t<div class=\"faq-item-question-icon\"><\/div>\r\n\t\t\t\t\t<\/div>\r\n\r\n\t\t\t\t\t<div class=\"faq-item-answer\">\r\n\t\t\t\t\t\t<div class=\"faq-item-answer-text\"><p>Visualizza i punti della semplice linea guida: <\/p><ol> <li>Gestisci il configuratore Elfsight e inizia a dare forma al tuo widget personalizzato. <\/li> <li>Personalizza le caratteristiche funzionali del widget e salva le modifiche necessarie. <\/li><li>Copia il tuo codice personale mostrato nella finestra. <\/li> <li>Incorpora il codice del plugin nella tua pagina web e salvalo. <\/li><li>Ben fatto! Hai incorporato il widget nella pagina. <\/li><\/div>\r\n\t\t\t\t\t<\/div>\r\n\t\t\t\t<\/div><\/div><\/ol>\n","protected":false},"excerpt":{"rendered":"","protected":false},"author":9,"featured_media":0,"parent":1522,"menu_order":0,"comment_status":"closed","ping_status":"closed","template":"templates\/template-application-platform.php","meta":{"publish_to_discourse":"","publish_post_category":"","wpdc_auto_publish_overridden":"","wpdc_topic_tags":"","wpdc_pin_topic":"","wpdc_pin_until":"","discourse_post_id":"","discourse_permalink":"","wpdc_publishing_response":"","wpdc_publishing_error":"","footnotes":""},"class_list":["post-3516","page","type-page","status-publish","hentry"],"yoast_head":"<!-- This site is optimized with the Yoast SEO plugin v25.3.1 - https:\/\/yoast.com\/wordpress\/plugins\/seo\/ -->\n<title>Recensioni Amazon | Aggiungi il plugin Amazon sul sito web di Squarespace<\/title>\n<meta name=\"description\" content=\"Crea il tuo plug-in per le recensioni di Amazon e posizionalo rapidamente sul sito Web di Squarespace. Offriamo assistenza clienti gratuita e pi\u00f9 bonus.\" \/>\n<meta name=\"robots\" content=\"index, follow, max-snippet:-1, max-image-preview:large, max-video-preview:-1\" \/>\n<link rel=\"canonical\" href=\"https:\/\/elfsight.com\/it\/amazon-reviews-widget\/squarespace\/\" \/>\n<meta property=\"og:locale\" content=\"it_IT\" \/>\n<meta property=\"og:type\" content=\"article\" \/>\n<meta property=\"og:title\" content=\"Recensioni Amazon | Aggiungi il plugin Amazon sul sito web di Squarespace\" \/>\n<meta property=\"og:description\" content=\"Crea il tuo plug-in per le recensioni di Amazon e posizionalo rapidamente sul sito Web di Squarespace. Offriamo assistenza clienti gratuita e pi\u00f9 bonus.\" \/>\n<meta property=\"og:url\" content=\"https:\/\/elfsight.com\/it\/amazon-reviews-widget\/squarespace\/\" \/>\n<meta property=\"og:site_name\" content=\"Elfsight IT\" \/>\n<meta property=\"article:modified_time\" content=\"2025-03-19T16:25:27+00:00\" \/>\n<meta name=\"twitter:card\" content=\"summary_large_image\" \/>\n<meta name=\"twitter:label1\" content=\"Tempo di lettura stimato\" \/>\n\t<meta name=\"twitter:data1\" content=\"3 minuti\" \/>\n<!-- \/ Yoast SEO plugin. -->","yoast_head_json":{"title":"Recensioni Amazon | Aggiungi il plugin Amazon sul sito web di Squarespace","description":"Crea il tuo plug-in per le recensioni di Amazon e posizionalo rapidamente sul sito Web di Squarespace. Offriamo assistenza clienti gratuita e pi\u00f9 bonus.","robots":{"index":"index","follow":"follow","max-snippet":"max-snippet:-1","max-image-preview":"max-image-preview:large","max-video-preview":"max-video-preview:-1"},"canonical":"https:\/\/elfsight.com\/it\/amazon-reviews-widget\/squarespace\/","og_locale":"it_IT","og_type":"article","og_title":"Recensioni Amazon | Aggiungi il plugin Amazon sul sito web di Squarespace","og_description":"Crea il tuo plug-in per le recensioni di Amazon e posizionalo rapidamente sul sito Web di Squarespace. Offriamo assistenza clienti gratuita e pi\u00f9 bonus.","og_url":"https:\/\/elfsight.com\/it\/amazon-reviews-widget\/squarespace\/","og_site_name":"Elfsight IT","article_modified_time":"2025-03-19T16:25:27+00:00","twitter_card":"summary_large_image","twitter_misc":{"Tempo di lettura stimato":"3 minuti"},"schema":{"@context":"https:\/\/schema.org","@graph":[{"@type":"WebPage","@id":"https:\/\/elfsight.com\/it\/amazon-reviews-widget\/squarespace\/","url":"https:\/\/elfsight.com\/it\/amazon-reviews-widget\/squarespace\/","name":"Recensioni Amazon | Aggiungi il plugin Amazon sul sito web di Squarespace","isPartOf":{"@id":"https:\/\/elfsight.com\/it\/#website"},"datePublished":"2024-05-03T06:27:41+00:00","dateModified":"2025-03-19T16:25:27+00:00","description":"Crea il tuo plug-in per le recensioni di Amazon e posizionalo rapidamente sul sito Web di Squarespace. Offriamo assistenza clienti gratuita e pi\u00f9 bonus.","breadcrumb":{"@id":"https:\/\/elfsight.com\/it\/amazon-reviews-widget\/squarespace\/#breadcrumb"},"inLanguage":"it-IT","potentialAction":[{"@type":"ReadAction","target":["https:\/\/elfsight.com\/it\/amazon-reviews-widget\/squarespace\/"]}]},{"@type":"BreadcrumbList","@id":"https:\/\/elfsight.com\/it\/amazon-reviews-widget\/squarespace\/#breadcrumb","itemListElement":[{"@type":"ListItem","position":1,"name":"Home","item":"https:\/\/elfsight.com\/it\/"},{"@type":"ListItem","position":2,"name":"Amazon Reviews","item":"https:\/\/elfsight.com\/it\/amazon-reviews-widget\/"},{"@type":"ListItem","position":3,"name":"Amazon Reviews &#8211; Squarespace"}]},{"@type":"WebSite","@id":"https:\/\/elfsight.com\/it\/#website","url":"https:\/\/elfsight.com\/it\/","name":"Elfsight IT","description":"Just another Elfsight Sites site","potentialAction":[{"@type":"SearchAction","target":{"@type":"EntryPoint","urlTemplate":"https:\/\/elfsight.com\/it\/?s={search_term_string}"},"query-input":{"@type":"PropertyValueSpecification","valueRequired":true,"valueName":"search_term_string"}}],"inLanguage":"it-IT"}]}},"meta_box":{"industry":"","seo_heading":"","heading":"","description":"","cta_heading":"","cta_description":"","application":"1521","h1":"Plug-in per recensioni Amazon per Squarespace","h1_caption":"Visualizza le recensioni dei prodotti di Amazon per fornire ulteriore prova sociale ai visitatori del tuo sito web nel tuo sito web Squarespace senza sforzo.","application_category":[],"applications_title":"","applications_request_title":"","applications_request_button_text":"","hero_text":"","hero_video":"","hero_video_schema_markup":"","selling_points_title":"","selling_points_caption":"","selling_points":[],"selling_points_cta_text":"","features_title":"","features":"","ed_cta_examples_text":"","ed_cta_examples_hidden":"","ed_cta_demo_text":"","ed_cta_demo_hidden":"","why_caption":"","why_editor_title":"","why_editor_text":"","why_team_title":"","why_team_text":"","why_service_title":"","why_service_text":"","template_catalog_visible":"0","template_catalog_title":"","template_catalog_text":"","template_catalog_categories_visible":"","demo_title":"Crea il tuo plugin per le recensioni di Amazon","demo_caption":"Configura le tue recensioni Amazon e aggiungile gratuitamente al tuo sito web Squarespace!","default_faq_hidden":"","app_template_category":[],"platform":"43","template_public_id":"","codecanyon_url":"","codecanyon_item_id":"","codecanyon_price":"","pricing_caption":"","pricing_elfsight_apps_hide_column":"","pricing_elfsight_apps_url":"","pricing_codecanyon_price_caption":"","integration_category":[],"integration_request_title":"","integration_request_cta":"","integration_platform":"","integrations":[],"platform_category":[],"video_schema_markup":"","price":"da $ 0 al mese","trial":"","benefits":[{"text":"Assistenza gratuita per l'installazione"},{"text":"Supporto eccezionale"},{"text":"Garanzia di rimborso di 14 giorni"},{"text":"Aggiornamenti gratuiti a vita"}],"button_url":"#demo","button_target_blank":"0","button_nofollow":"0","attributes":[{"name":"Installazioni"},{"name":"Reattivo","content":"S\u00cc"},{"name":"Browser compatibili","content":"Firefox, Safari, Opera, Chrome, Edge"}],"tags":[],"tags_disable_links":"0","hide_more_platforms":"0","video_object":"","demo_hide_cta":"0","demo_hide_cloud_options":"0","pricing_title":"","pricing":[{"pricing_icon":"platform","pricing_title":"Elfsight Apps","pricing_title_caption":"Soluzione digitale multipiattaforma","pricing_price":"da $ 0 \/ mese","pricing_price_caption":"inizia con un piano gratuito","pricing_benefits":[{"text":"Siti web illimitati"},{"text":"Supporto aziendale gratuito e ben documentato"},{"text":"Servizio di installazione gratuito"},{"text":"Progettazione flessibile"}],"pricing_button_text":"Aggiungi al sito web","pricing_button_url":"#demo"}],"related_apps_title":"","related_apps_hidden":"0","author":"","image":[],"title":"","job":"","social_networks":[]},"_links":{"self":[{"href":"https:\/\/elfsight.com\/it\/wp-json\/wp\/v2\/pages\/3516","targetHints":{"allow":["GET"]}}],"collection":[{"href":"https:\/\/elfsight.com\/it\/wp-json\/wp\/v2\/pages"}],"about":[{"href":"https:\/\/elfsight.com\/it\/wp-json\/wp\/v2\/types\/page"}],"author":[{"embeddable":true,"href":"https:\/\/elfsight.com\/it\/wp-json\/wp\/v2\/users\/9"}],"replies":[{"embeddable":true,"href":"https:\/\/elfsight.com\/it\/wp-json\/wp\/v2\/comments?post=3516"}],"version-history":[{"count":4,"href":"https:\/\/elfsight.com\/it\/wp-json\/wp\/v2\/pages\/3516\/revisions"}],"predecessor-version":[{"id":9344,"href":"https:\/\/elfsight.com\/it\/wp-json\/wp\/v2\/pages\/3516\/revisions\/9344"}],"up":[{"embeddable":true,"href":"https:\/\/elfsight.com\/it\/wp-json\/wp\/v2\/pages\/1522"}],"wp:attachment":[{"href":"https:\/\/elfsight.com\/it\/wp-json\/wp\/v2\/media?parent=3516"}],"curies":[{"name":"wp","href":"https:\/\/api.w.org\/{rel}","templated":true}]}}