{"id":3509,"date":"2024-05-03T06:27:38","date_gmt":"2024-05-03T06:27:38","guid":{"rendered":"https:\/\/elfsight.com\/it\/?page_id=3509"},"modified":"2025-03-19T16:29:07","modified_gmt":"2025-03-19T16:29:07","slug":"weebly","status":"publish","type":"page","link":"https:\/\/elfsight.com\/it\/amazon-reviews-widget\/weebly\/","title":{"rendered":"Amazon Reviews &#8211; Weebly"},"content":{"rendered":"\n<div class=\"application-platform-content-item-description application-platform-content-item\" id=\"description\" data-nav-section=\"description\"><h2>Descrizione<\/h2><p>La nostra app Amazon \u00e8 il metodo pi\u00f9 pratico per migliorare la rappresentazione del tuo marchio mostrando le recensioni dei visitatori reali sui tuoi prodotti. Rivela solo i pensieri migliori o pi\u00f9 significativi e disponili nel modo che preferisci. Ottieni prove sociali dimostrando ai tuoi clienti che sei credibile.<\/p><p><b>Convinci gli utenti a pubblicare nuove recensioni sulla tua attivit\u00e0 e migliora le conversazioni con i clienti!<\/b><\/p><\/div><div class=\"application-platform-content-item-features application-platform-content-item\" id=\"features\" data-nav-section=\"features\"><h2>Caratteristiche<\/h2><p>Per conoscere meglio Reviews from Amazon, esamina l&#8217;elenco delle sue caratteristiche principali. Rendono il widget davvero vantaggioso per te:<\/p><ul><li>3 filtri disponibili: per tipo, esclusione per e quantit\u00e0 di recensioni da visualizzare;<\/li><li>4 layout predefiniti: Elenco, Griglia , Masonry e Slider;<\/li><li>Un&#8217;opzione per attivare\/disattivare l&#8217;intestazione del widget;<\/li><li>Il pulsante attivo per pubblicare un&#8217;altra recensione porta gli utenti alla tua pagina Amazon;<\/li><li>6 elementi regolabili delle recensioni: nome dell&#8217;autore e immagine, raccomandazione, data di partenza, icona di Amazon e valutazione in stelle;<\/li><li>Due opzioni di scenari di rifiuto della richiesta di recensione: rivelare il tuo messaggio o rimuovi il pulsante.<\/li><\/ul><p><a href=\"#demo\">La demo ti aprir\u00e0 pi\u00f9 funzionalit\u00e0<\/a><\/p><\/div><div class=\"application-platform-content-item-installazione application-platform-content-item\" id=\"installazione\" data-nav-section=\"installazione\"><h2>Come aggiungere l&#8217;app Reviews from Amazon al sito Web Weebly<\/h2><p>I passaggi seguenti sono l&#8217;unica cosa di cui hai bisogno affinch\u00e9 sia \u200b\u200bprivo di codifica.<\/p><ol><li><b>Gestisci il nostro configuratore gratuito e inizia a creare la tua app personalizzata. <\/b><br> Scegli il design e le caratteristiche preferibili dell&#8217;app e applica tutte le modifiche. <\/li> <li><b>Ottieni il tuo codice univoco che appare nella casella sulle app Elfsight. <\/b><br> Una volta completata la configurazione della tua app, copia il codice nella finestra visualizzata e salvalo per un uso successivo. <\/li> <li><b>Avvia l&#8217;utilizzo dell&#8217;app sul tuo sito web Weebly. <\/b><br> Inserisci il codice copiato in precedenza nella tua pagina e salva i miglioramenti. <\/li> <li><b>Fatto! La configurazione \u00e8 completamente terminata. <\/b><br> Apri la tua pagina web per osservare il lavoro dell&#8217;app. <\/li><\/ol><p>Non riesci ancora a prendere una decisione? Oppure hai problemi? Invia semplicemente una richiesta al nostro team di assistenza clienti.<\/p><div class=\"faq\" data-component=\"FAQ\"> <div class=\"faq-item\">\r\n\t\t\t\t\t<div class=\"faq-item-question\">\r\n\t\t\t\t\t\t<h3 class=\"faq-item-question-text\">Come posso aggiungere recensioni Amazon al mio sito Web Weebly senza competenze di programmazione?<\/h3>\r\n\r\n\t\t\t\t\t\t<div class=\"faq-item-question-icon\"><\/div>\r\n\t\t\t\t\t<\/div>\r\n\r\n\t\t\t\t\t<div class=\"faq-item-answer\">\r\n\t\t\t\t\t\t<div class=\"faq-item-answer-text\"> <p>Elfsight fornisce una soluzione SaaS che ti consente di creare un widget Recensioni Amazon, scopri quanto \u00e8 semplice il processo: lavora direttamente nell&#8217;editor online per creare un widget Recensioni Amazon che vorresti vedere sul tuo sito web Weebly. Scegli uno dei modelli predefiniti e regola le impostazioni di Reviews from Amazon, aggiungi i tuoi contenuti, modifica il layout e i colori senza alcuna competenza di codifica. Salva le recensioni di Amazon e copia il codice di installazione, che potrai includere facilmente nel tuo sito Weebly senza acquistare un abbonamento a pagamento. Con il nostro editor intuitivo qualsiasi utente di Internet pu\u00f2 creare widget di recensioni Amazon online e incorporarlo facilmente nel proprio sito Web Weebly. Non \u00e8 necessario pagare o inserire le credenziali della carta per accedere al servizio. In caso di problemi in qualsiasi momento, non esitate a contattare il nostro team di supporto tecnico.<\/p> <\/div>\r\n\t\t\t\t\t<\/div>\r\n\t\t\t\t<\/div> <\/div> <\/div>\n","protected":false},"excerpt":{"rendered":"","protected":false},"author":9,"featured_media":0,"parent":1522,"menu_order":0,"comment_status":"closed","ping_status":"closed","template":"templates\/template-application-platform.php","meta":{"publish_to_discourse":"","publish_post_category":"","wpdc_auto_publish_overridden":"","wpdc_topic_tags":"","wpdc_pin_topic":"","wpdc_pin_until":"","discourse_post_id":"","discourse_permalink":"","wpdc_publishing_response":"","wpdc_publishing_error":"","footnotes":""},"class_list":["post-3509","page","type-page","status-publish","hentry"],"yoast_head":"<!-- This site is optimized with the Yoast SEO plugin v25.3.1 - https:\/\/yoast.com\/wordpress\/plugins\/seo\/ -->\n<title>Recensioni Amazon | Aggiungi l&#039;app Amazon sul sito Weebly (gratuita e veloce)<\/title>\n<meta name=\"description\" content=\"\u00c8 semplicissimo creare la tua app Reviews from Amazon e inserirla sul tuo sito Web Weebly. Il servizio clienti Elfsight \u00e8 gratuito.\" \/>\n<meta name=\"robots\" content=\"index, follow, max-snippet:-1, max-image-preview:large, max-video-preview:-1\" \/>\n<link rel=\"canonical\" href=\"https:\/\/elfsight.com\/it\/amazon-reviews-widget\/weebly\/\" \/>\n<meta property=\"og:locale\" content=\"it_IT\" \/>\n<meta property=\"og:type\" content=\"article\" \/>\n<meta property=\"og:title\" content=\"Recensioni Amazon | Aggiungi l&#039;app Amazon sul sito Weebly (gratuita e veloce)\" \/>\n<meta property=\"og:description\" content=\"\u00c8 semplicissimo creare la tua app Reviews from Amazon e inserirla sul tuo sito Web Weebly. Il servizio clienti Elfsight \u00e8 gratuito.\" \/>\n<meta property=\"og:url\" content=\"https:\/\/elfsight.com\/it\/amazon-reviews-widget\/weebly\/\" \/>\n<meta property=\"og:site_name\" content=\"Elfsight IT\" \/>\n<meta property=\"article:modified_time\" content=\"2025-03-19T16:29:07+00:00\" \/>\n<meta name=\"twitter:card\" content=\"summary_large_image\" \/>\n<meta name=\"twitter:label1\" content=\"Tempo di lettura stimato\" \/>\n\t<meta name=\"twitter:data1\" content=\"3 minuti\" \/>\n<!-- \/ Yoast SEO plugin. -->","yoast_head_json":{"title":"Recensioni Amazon | Aggiungi l'app Amazon sul sito Weebly (gratuita e veloce)","description":"\u00c8 semplicissimo creare la tua app Reviews from Amazon e inserirla sul tuo sito Web Weebly. Il servizio clienti Elfsight \u00e8 gratuito.","robots":{"index":"index","follow":"follow","max-snippet":"max-snippet:-1","max-image-preview":"max-image-preview:large","max-video-preview":"max-video-preview:-1"},"canonical":"https:\/\/elfsight.com\/it\/amazon-reviews-widget\/weebly\/","og_locale":"it_IT","og_type":"article","og_title":"Recensioni Amazon | Aggiungi l'app Amazon sul sito Weebly (gratuita e veloce)","og_description":"\u00c8 semplicissimo creare la tua app Reviews from Amazon e inserirla sul tuo sito Web Weebly. Il servizio clienti Elfsight \u00e8 gratuito.","og_url":"https:\/\/elfsight.com\/it\/amazon-reviews-widget\/weebly\/","og_site_name":"Elfsight IT","article_modified_time":"2025-03-19T16:29:07+00:00","twitter_card":"summary_large_image","twitter_misc":{"Tempo di lettura stimato":"3 minuti"},"schema":{"@context":"https:\/\/schema.org","@graph":[{"@type":"WebPage","@id":"https:\/\/elfsight.com\/it\/amazon-reviews-widget\/weebly\/","url":"https:\/\/elfsight.com\/it\/amazon-reviews-widget\/weebly\/","name":"Recensioni Amazon | Aggiungi l'app Amazon sul sito Weebly (gratuita e veloce)","isPartOf":{"@id":"https:\/\/elfsight.com\/it\/#website"},"datePublished":"2024-05-03T06:27:38+00:00","dateModified":"2025-03-19T16:29:07+00:00","description":"\u00c8 semplicissimo creare la tua app Reviews from Amazon e inserirla sul tuo sito Web Weebly. Il servizio clienti Elfsight \u00e8 gratuito.","breadcrumb":{"@id":"https:\/\/elfsight.com\/it\/amazon-reviews-widget\/weebly\/#breadcrumb"},"inLanguage":"it-IT","potentialAction":[{"@type":"ReadAction","target":["https:\/\/elfsight.com\/it\/amazon-reviews-widget\/weebly\/"]}]},{"@type":"BreadcrumbList","@id":"https:\/\/elfsight.com\/it\/amazon-reviews-widget\/weebly\/#breadcrumb","itemListElement":[{"@type":"ListItem","position":1,"name":"Home","item":"https:\/\/elfsight.com\/it\/"},{"@type":"ListItem","position":2,"name":"Amazon Reviews","item":"https:\/\/elfsight.com\/it\/amazon-reviews-widget\/"},{"@type":"ListItem","position":3,"name":"Amazon Reviews &#8211; Weebly"}]},{"@type":"WebSite","@id":"https:\/\/elfsight.com\/it\/#website","url":"https:\/\/elfsight.com\/it\/","name":"Elfsight IT","description":"Just another Elfsight Sites site","potentialAction":[{"@type":"SearchAction","target":{"@type":"EntryPoint","urlTemplate":"https:\/\/elfsight.com\/it\/?s={search_term_string}"},"query-input":{"@type":"PropertyValueSpecification","valueRequired":true,"valueName":"search_term_string"}}],"inLanguage":"it-IT"}]}},"meta_box":{"industry":"","seo_heading":"","heading":"","description":"","cta_heading":"","cta_description":"","application":"1521","h1":"App recensioni Amazon per Weebly","h1_caption":"Visualizza le recensioni dei prodotti da Amazon per fornire ulteriore prova sociale ai visitatori del tuo sito web nel tuo sito Weebly senza sforzo.","application_category":[],"applications_title":"","applications_request_title":"","applications_request_button_text":"","hero_text":"","hero_video":"","hero_video_schema_markup":"","selling_points_title":"","selling_points_caption":"","selling_points":[],"selling_points_cta_text":"","features_title":"","features":"","ed_cta_examples_text":"","ed_cta_examples_hidden":"","ed_cta_demo_text":"","ed_cta_demo_hidden":"","why_caption":"","why_editor_title":"","why_editor_text":"","why_team_title":"","why_team_text":"","why_service_title":"","why_service_text":"","template_catalog_visible":"0","template_catalog_title":"","template_catalog_text":"","template_catalog_categories_visible":"","demo_title":"Crea la tua app Recensioni Amazon","demo_caption":"Configura le tue recensioni Amazon e aggiungile gratuitamente al tuo sito Web Weebly!","default_faq_hidden":"","app_template_category":[],"platform":"45","template_public_id":"","codecanyon_url":"","codecanyon_item_id":"","codecanyon_price":"","pricing_caption":"","pricing_elfsight_apps_hide_column":"","pricing_elfsight_apps_url":"","pricing_codecanyon_price_caption":"","integration_category":[],"integration_request_title":"","integration_request_cta":"","integration_platform":"","integrations":[],"platform_category":[],"video_schema_markup":"","price":"da $ 0 al mese","trial":"","benefits":[{"text":"Assistenza per l'installazione gratuita"},{"text":"Servizio clienti efficace"},{"text":"Garanzia di rimborso di 14 giorni"},{"text":"Aggiornamenti continui"}],"button_url":"#demo","button_target_blank":"0","button_nofollow":"0","attributes":[{"name":"Installazioni"},{"name":"Reattivo","content":"S\u00cc"},{"name":"Browser compatibili","content":"Firefox, Safari, Opera, Chrome, Edge"}],"tags":[],"tags_disable_links":"0","hide_more_platforms":"0","video_object":"","demo_hide_cta":"0","demo_hide_cloud_options":"0","pricing_title":"","pricing":[{"pricing_icon":"platform","pricing_title":"Elfsight Apps","pricing_title_caption":"Soluzione digitale multipiattaforma adatta a qualsiasi sito web","pricing_price":"da $ 0 \/ mese","pricing_price_caption":"inizia con un piano gratuito","pricing_benefits":[{"text":"Domini illimitati"},{"text":"Supporto veloce"},{"text":"Assistenza gratuita per l'installazione"},{"text":"Progettazione flessibile"}],"pricing_button_text":"Aggiungi al sito web","pricing_button_url":"#demo"}],"related_apps_title":"","related_apps_hidden":"0","author":"","image":[],"title":"","job":"","social_networks":[]},"_links":{"self":[{"href":"https:\/\/elfsight.com\/it\/wp-json\/wp\/v2\/pages\/3509","targetHints":{"allow":["GET"]}}],"collection":[{"href":"https:\/\/elfsight.com\/it\/wp-json\/wp\/v2\/pages"}],"about":[{"href":"https:\/\/elfsight.com\/it\/wp-json\/wp\/v2\/types\/page"}],"author":[{"embeddable":true,"href":"https:\/\/elfsight.com\/it\/wp-json\/wp\/v2\/users\/9"}],"replies":[{"embeddable":true,"href":"https:\/\/elfsight.com\/it\/wp-json\/wp\/v2\/comments?post=3509"}],"version-history":[{"count":4,"href":"https:\/\/elfsight.com\/it\/wp-json\/wp\/v2\/pages\/3509\/revisions"}],"predecessor-version":[{"id":9348,"href":"https:\/\/elfsight.com\/it\/wp-json\/wp\/v2\/pages\/3509\/revisions\/9348"}],"up":[{"embeddable":true,"href":"https:\/\/elfsight.com\/it\/wp-json\/wp\/v2\/pages\/1522"}],"wp:attachment":[{"href":"https:\/\/elfsight.com\/it\/wp-json\/wp\/v2\/media?parent=3509"}],"curies":[{"name":"wp","href":"https:\/\/api.w.org\/{rel}","templated":true}]}}