{"id":3506,"date":"2024-05-03T06:27:35","date_gmt":"2024-05-03T06:27:35","guid":{"rendered":"https:\/\/elfsight.com\/it\/?page_id=3506"},"modified":"2025-03-19T16:07:27","modified_gmt":"2025-03-19T16:07:27","slug":"facebook","status":"publish","type":"page","link":"https:\/\/elfsight.com\/it\/amazon-reviews-widget\/facebook\/","title":{"rendered":"Amazon Reviews &#8211; Facebook Page"},"content":{"rendered":"\n<div class=\"application-platform-content-item-description application-platform-content-item\" id=\"description\" data-nav-section=\"description\"><h2>Descrizione<\/h2><p>Il widget Elfsight Reviews from Amazon \u00e8 il metodo pi\u00f9 pratico per modellare la reputazione del tuo marchio mostrando le recensioni dei clienti reali sul tuo materie prime. Mostra solo le reazioni migliori o pi\u00f9 significative e disponile come preferisci. Ottieni prove sociali dimostrando ai tuoi clienti che ti puoi fidare.<\/p><p><b>Motiva gli utenti a pubblicare nuove recensioni sul tuo marchio e incoraggia le conversazioni con i clienti!<\/b><\/p><\/div> <div class=\"application-platform-content-item-features application-platform-content-item\" id=\"features\" data-nav-section=\"features\"><h2>Funzionalit\u00e0<\/h2><p>Esamina l&#8217;elenco delle funzionalit\u00e0 del widget. Rendono la tua promozione incredibilmente efficace:<\/p><ul><li>Tre filtri predefiniti: per tipo, esclusione per e quantit\u00e0 di recensioni;<\/li><li>Quattro layout disponibili: Elenco, Griglia, Massoneria e Slider;<\/li><li>Intestazione del widget completamente flessibile;<\/li><li>Il pulsante attivo per condividere un&#8217;altra recensione porta le persone alla tua pagina Amazon;<\/li><li>Sei elementi regolabili del widget: nome e immagine dell&#8217;autore, consiglio, data, icona Amazon e valutazione in stelle;<\/li><li>Due possibili scenari di rifiuto della richiesta di revisione: mostrare un messaggio personalizzato o nascondere il pulsante.<\/li><\/ul><p><a href=\"#demo\">La demo dal vivo ti mostrer\u00e0 pi\u00f9 funzionalit\u00e0<\/a><\/p><\/div> <div class=\"application-platform-content-item-installation application-platform-content-item\" id=\"installation\" data-nav-section=\"installation\"><h2>Come aggiungere recensioni Amazon tab alla pagina aziendale di Facebook<\/h2><p>Questi diversi passaggi sono l&#8217;unica cosa di cui hai bisogno per configurare Amazon sulla tua pagina. Ci vorr\u00e0 un minuto di tempo e non una riga di codice.<\/p><ol><li><b>Progetta il tuo widget Amazon personalizzato<\/b><br>Con l&#8217;aiuto del nostro configuratore gratuito, imposta un plugin con il design selezionato e scegli le recensioni da mostrare.<\/li><li><b>Acquisisci il codice individuale per aggiungere il plugin<\/b><br>Dopo aver creato il tuo widget, otterrai il tuo codice personale dalla notifica apparsa su Elfsight Apps. Copialo per un ulteriore utilizzo.<\/li><li><b>Aggiungi la scheda Amazon alla pagina Facebook<\/b><br> Crea la tua scheda Facebook personalizzata. Inserisci nella scheda il codice che hai ricevuto su elfsight apps. In caso di problemi, consulta la nostra guida su <a href=\"https:\/\/elfsight.com\/blog\/how-to-add-custom-tab-to-facebook-page\/\" target=\"_blank\" rel=\"noopener noreferrer\">creare una scheda Facebook personalizzata<\/a><\/li><li><b>Hai finito!<\/b><br>Entra nella tua pagina per vedere il tuo lavoro.<\/li><\/ol><p>Ancora indeciso? O ti sei imbattuto in qualcosa? Indirizza semplicemente una richiesta al nostro team di supporto, ti aiuter\u00e0 con qualsiasi tipo di problema.<\/p><\/div><div class=\"faq\" data-component=\"FAQ\"><div class=\"faq-item\">\r\n\t\t\t\t\t<div class=\"faq-item-question\">\r\n\t\t\t\t\t\t<h3 class=\"faq-item-question-text\">Posso incorporare le recensioni di Amazon sulla mia pagina Facebook?<\/h3>\r\n\r\n\t\t\t\t\t\t<div class=\"faq-item-question-icon\"><\/div>\r\n\t\t\t\t\t<\/div>\r\n\r\n\t\t\t\t\t<div class=\"faq-item-answer\">\r\n\t\t\t\t\t\t<div class=\"faq-item-answer-text\"><p>Tutto quello che devi fare \u00e8 creare il tuo strumento, quindi modificarne il design e salvare le modifiche. Quindi prendi il codice del tuo widget e integralo nel modello che hai attualmente. <\/p><\/div>\r\n\t\t\t\t\t<\/div>\r\n\t\t\t\t<\/div><div class=\"faq-item\">\r\n\t\t\t\t\t<div class=\"faq-item-question\">\r\n\t\t\t\t\t\t<h3 class=\"faq-item-question-text\">Come ottenere le recensioni dei clienti Amazon per le pagine dei prodotti?<\/h3>\r\n\r\n\t\t\t\t\t\t<div class=\"faq-item-question-icon\"><\/div>\r\n\t\t\t\t\t<\/div>\r\n\r\n\t\t\t\t\t<div class=\"faq-item-answer\">\r\n\t\t\t\t\t\t<div class=\"faq-item-answer-text\"><p>Tutto quello che devi fare \u00e8 applicare il pulsante Scrivi una recensione. Facendo clic su di esso, il pubblico del sito verr\u00e0 trasferito direttamente al tuo profilo. <\/p><\/div>\r\n\t\t\t\t\t<\/div>\r\n\t\t\t\t<\/div><div class=\"faq-item\">\r\n\t\t\t\t\t<div class=\"faq-item-question\">\r\n\t\t\t\t\t\t<h3 class=\"faq-item-question-text\">Come posso creare il mio widget di valutazione\/modello di badge Amazon?<\/h3>\r\n\r\n\t\t\t\t\t\t<div class=\"faq-item-question-icon\"><\/div>\r\n\t\t\t\t\t<\/div>\r\n\r\n\t\t\t\t\t<div class=\"faq-item-answer\">\r\n\t\t\t\t\t\t<div class=\"faq-item-answer-text\"><p>Applica i punti della semplice guida di seguito: <\/p><ol><li>Impiego il nostro configuratore e inizia a costruire il tuo strumento su misura. <\/li> <li>Personalizza gli aspetti del widget e salva le modifiche. <\/li><li>Ricevi il codice individuale rivelato nella notifica. <\/li> <li>Inserisci il codice univoco nella tua home page e salva la pagina. <\/li><li> Hai incorporato correttamente l&#8217;app Elfsight nel tuo sito. <\/li><\/div>\r\n\t\t\t\t\t<\/div>\r\n\t\t\t\t<\/div><\/div><\/ol>\n","protected":false},"excerpt":{"rendered":"","protected":false},"author":9,"featured_media":0,"parent":1522,"menu_order":0,"comment_status":"closed","ping_status":"closed","template":"templates\/template-application-platform.php","meta":{"publish_to_discourse":"","publish_post_category":"","wpdc_auto_publish_overridden":"","wpdc_topic_tags":"","wpdc_pin_topic":"","wpdc_pin_until":"","discourse_post_id":"","discourse_permalink":"","wpdc_publishing_response":"","wpdc_publishing_error":"","footnotes":""},"class_list":["post-3506","page","type-page","status-publish","hentry"],"yoast_head":"<!-- This site is optimized with the Yoast SEO plugin v25.3.1 - https:\/\/yoast.com\/wordpress\/plugins\/seo\/ -->\n<title>Recensioni Amazon | Aggiungi il plug-in Amazon sulla pagina Facebook [2025]<\/title>\n<meta name=\"description\" content=\"Con Elfsight, crea la tua scheda Recensioni Amazon e aggiungila facilmente alla tua pagina aziendale Facebook. Offriamo assistenza clienti gratuita e pi\u00f9 bonus.\" \/>\n<meta name=\"robots\" content=\"index, follow, max-snippet:-1, max-image-preview:large, max-video-preview:-1\" \/>\n<link rel=\"canonical\" href=\"https:\/\/elfsight.com\/it\/amazon-reviews-widget\/facebook\/\" \/>\n<meta property=\"og:locale\" content=\"it_IT\" \/>\n<meta property=\"og:type\" content=\"article\" \/>\n<meta property=\"og:title\" content=\"Recensioni Amazon | Aggiungi il plug-in Amazon sulla pagina Facebook [2025]\" \/>\n<meta property=\"og:description\" content=\"Con Elfsight, crea la tua scheda Recensioni Amazon e aggiungila facilmente alla tua pagina aziendale Facebook. Offriamo assistenza clienti gratuita e pi\u00f9 bonus.\" \/>\n<meta property=\"og:url\" content=\"https:\/\/elfsight.com\/it\/amazon-reviews-widget\/facebook\/\" \/>\n<meta property=\"og:site_name\" content=\"Elfsight IT\" \/>\n<meta property=\"article:modified_time\" content=\"2025-03-19T16:07:27+00:00\" \/>\n<meta name=\"twitter:card\" content=\"summary_large_image\" \/>\n<meta name=\"twitter:label1\" content=\"Tempo di lettura stimato\" \/>\n\t<meta name=\"twitter:data1\" content=\"3 minuti\" \/>\n<!-- \/ Yoast SEO plugin. -->","yoast_head_json":{"title":"Recensioni Amazon | Aggiungi il plug-in Amazon sulla pagina Facebook [2025]","description":"Con Elfsight, crea la tua scheda Recensioni Amazon e aggiungila facilmente alla tua pagina aziendale Facebook. Offriamo assistenza clienti gratuita e pi\u00f9 bonus.","robots":{"index":"index","follow":"follow","max-snippet":"max-snippet:-1","max-image-preview":"max-image-preview:large","max-video-preview":"max-video-preview:-1"},"canonical":"https:\/\/elfsight.com\/it\/amazon-reviews-widget\/facebook\/","og_locale":"it_IT","og_type":"article","og_title":"Recensioni Amazon | Aggiungi il plug-in Amazon sulla pagina Facebook [2025]","og_description":"Con Elfsight, crea la tua scheda Recensioni Amazon e aggiungila facilmente alla tua pagina aziendale Facebook. Offriamo assistenza clienti gratuita e pi\u00f9 bonus.","og_url":"https:\/\/elfsight.com\/it\/amazon-reviews-widget\/facebook\/","og_site_name":"Elfsight IT","article_modified_time":"2025-03-19T16:07:27+00:00","twitter_card":"summary_large_image","twitter_misc":{"Tempo di lettura stimato":"3 minuti"},"schema":{"@context":"https:\/\/schema.org","@graph":[{"@type":"WebPage","@id":"https:\/\/elfsight.com\/it\/amazon-reviews-widget\/facebook\/","url":"https:\/\/elfsight.com\/it\/amazon-reviews-widget\/facebook\/","name":"Recensioni Amazon | Aggiungi il plug-in Amazon sulla pagina Facebook [2025]","isPartOf":{"@id":"https:\/\/elfsight.com\/it\/#website"},"datePublished":"2024-05-03T06:27:35+00:00","dateModified":"2025-03-19T16:07:27+00:00","description":"Con Elfsight, crea la tua scheda Recensioni Amazon e aggiungila facilmente alla tua pagina aziendale Facebook. Offriamo assistenza clienti gratuita e pi\u00f9 bonus.","breadcrumb":{"@id":"https:\/\/elfsight.com\/it\/amazon-reviews-widget\/facebook\/#breadcrumb"},"inLanguage":"it-IT","potentialAction":[{"@type":"ReadAction","target":["https:\/\/elfsight.com\/it\/amazon-reviews-widget\/facebook\/"]}]},{"@type":"BreadcrumbList","@id":"https:\/\/elfsight.com\/it\/amazon-reviews-widget\/facebook\/#breadcrumb","itemListElement":[{"@type":"ListItem","position":1,"name":"Home","item":"https:\/\/elfsight.com\/it\/"},{"@type":"ListItem","position":2,"name":"Amazon Reviews","item":"https:\/\/elfsight.com\/it\/amazon-reviews-widget\/"},{"@type":"ListItem","position":3,"name":"Amazon Reviews &#8211; Facebook Page"}]},{"@type":"WebSite","@id":"https:\/\/elfsight.com\/it\/#website","url":"https:\/\/elfsight.com\/it\/","name":"Elfsight IT","description":"Just another Elfsight Sites site","potentialAction":[{"@type":"SearchAction","target":{"@type":"EntryPoint","urlTemplate":"https:\/\/elfsight.com\/it\/?s={search_term_string}"},"query-input":{"@type":"PropertyValueSpecification","valueRequired":true,"valueName":"search_term_string"}}],"inLanguage":"it-IT"}]}},"meta_box":{"industry":"","seo_heading":"","heading":"","description":"","cta_heading":"","cta_description":"","application":"1521","h1":"Recensioni Amazon per la pagina Facebook","h1_caption":"Visualizza le recensioni dei prodotti da Amazon per fornire ulteriore prova sociale ai visitatori del tuo sito web nel sito della tua pagina Facebook senza sforzo.","application_category":[],"applications_title":"","applications_request_title":"","applications_request_button_text":"","hero_text":"","hero_video":"","hero_video_schema_markup":"","selling_points_title":"","selling_points_caption":"","selling_points":[],"selling_points_cta_text":"","features_title":"","features":"","ed_cta_examples_text":"","ed_cta_examples_hidden":"","ed_cta_demo_text":"","ed_cta_demo_hidden":"","why_caption":"","why_editor_title":"","why_editor_text":"","why_team_title":"","why_team_text":"","why_service_title":"","why_service_text":"","template_catalog_visible":"0","template_catalog_title":"","template_catalog_text":"","template_catalog_categories_visible":"","demo_title":"Crea il tuo widget Recensioni Amazon","demo_caption":"Configura le tue recensioni Amazon e aggiungile gratuitamente al sito della tua Pagina Facebook!","default_faq_hidden":"","app_template_category":[],"platform":"77","template_public_id":"","codecanyon_url":"","codecanyon_item_id":"","codecanyon_price":"","pricing_caption":"","pricing_elfsight_apps_hide_column":"","pricing_elfsight_apps_url":"","pricing_codecanyon_price_caption":"","integration_category":[],"integration_request_title":"","integration_request_cta":"","integration_platform":"","integrations":[],"platform_category":[],"video_schema_markup":"","price":"da $ 0 al mese","trial":"","benefits":[{"text":"Assistenza per l'installazione gratuita"},{"text":"Servizio clienti professionale"},{"text":"Garanzia di rimborso di 14 giorni"},{"text":"Aggiornamenti a vita"}],"button_url":"#demo","button_target_blank":"0","button_nofollow":"0","attributes":[{"name":"Installazioni"},{"name":"Reattivo","content":"S\u00cc"},{"name":"Browser compatibili","content":"Firefox, Safari, Opera, Chrome, Edge"}],"tags":[],"tags_disable_links":"0","hide_more_platforms":"0","video_object":"","demo_hide_cta":"0","demo_hide_cloud_options":"0","pricing_title":"","pricing":[{"pricing_icon":"platform","pricing_title":"Elfsight Apps","pricing_title_caption":"Soluzione digitale indipendente dalla piattaforma","pricing_price":"da $ 0 \/ mese","pricing_price_caption":"inizia con il piano gratuito","pricing_benefits":[{"text":"Domini illimitati"},{"text":"Assistenza clienti dedicata"},{"text":"Supporto gratuito per l'installazione"},{"text":"Progettazione flessibile"}],"pricing_button_text":"Aggiungi al sito web","pricing_button_url":"#demo"}],"related_apps_title":"","related_apps_hidden":"0","author":"","image":[],"title":"","job":"","social_networks":[]},"_links":{"self":[{"href":"https:\/\/elfsight.com\/it\/wp-json\/wp\/v2\/pages\/3506","targetHints":{"allow":["GET"]}}],"collection":[{"href":"https:\/\/elfsight.com\/it\/wp-json\/wp\/v2\/pages"}],"about":[{"href":"https:\/\/elfsight.com\/it\/wp-json\/wp\/v2\/types\/page"}],"author":[{"embeddable":true,"href":"https:\/\/elfsight.com\/it\/wp-json\/wp\/v2\/users\/9"}],"replies":[{"embeddable":true,"href":"https:\/\/elfsight.com\/it\/wp-json\/wp\/v2\/comments?post=3506"}],"version-history":[{"count":3,"href":"https:\/\/elfsight.com\/it\/wp-json\/wp\/v2\/pages\/3506\/revisions"}],"predecessor-version":[{"id":9332,"href":"https:\/\/elfsight.com\/it\/wp-json\/wp\/v2\/pages\/3506\/revisions\/9332"}],"up":[{"embeddable":true,"href":"https:\/\/elfsight.com\/it\/wp-json\/wp\/v2\/pages\/1522"}],"wp:attachment":[{"href":"https:\/\/elfsight.com\/it\/wp-json\/wp\/v2\/media?parent=3506"}],"curies":[{"name":"wp","href":"https:\/\/api.w.org\/{rel}","templated":true}]}}