{"id":3485,"date":"2024-05-03T06:27:26","date_gmt":"2024-05-03T06:27:26","guid":{"rendered":"https:\/\/elfsight.com\/it\/?page_id=3485"},"modified":"2025-03-13T16:50:28","modified_gmt":"2025-03-13T16:50:28","slug":"blogger","status":"publish","type":"page","link":"https:\/\/elfsight.com\/it\/all-in-one-reviews-widget\/blogger\/","title":{"rendered":"All-in-One Reviews &#8211; Blogger"},"content":{"rendered":"\n<div class=\"application-platform-content-item-description application-platform-content-item\" id=\"description\" data-nav-section=\"description\"> <h2>Descrizione<\/h2> <p>Elfsight All-in-One Reviews \u00e8 un widget facile da usare per Blogger che ti garantisce un possibilit\u00e0 di rivelare tutte le testimonianze sulle tue offerte direttamente sul tuo sito da tutti i pi\u00f9 noti siti di recensioni. Utilizzando il nostro widget, potrai utilizzare filtri per nascondere le testimonianze indesiderate, esporre la tua valutazione in stelle e i numeri dalla tua pagina su qualsiasi piattaforma di recensioni aziendali, aggiungere informazioni sugli autori delle recensioni e un affascinante pulsante di invito all&#8217;azione che ispirer\u00e0 i visitatori del sito a pubblicare il loro commento. Il nostro widget \u00e8 l\u00ec per aiutarti a rivelare la tua notevole prova sociale sulla tua pagina web e iniziare ad acquisire pi\u00f9 nuovi acquisti. <\/p> <p><b>Feedback da Amazon, Airbnb, Facebook, Google e molti altri in un unico modulo per il massimo tasso di conversione e credibilit\u00e0 del cliente!<\/b><\/p> <p><b>Aumenta il tuo vendite utilizzando la prova sociale<\/b><br>Tramite il widget Recensioni, sarai in grado di mostrare le tue recensioni pi\u00f9 memorabili da Google, Amazon, Airbnb, Facebook e altri siti di recensioni aziendali pi\u00f9 apprezzati, ottenendo pi\u00f9 nuovi clienti .<\/p><p><b>Raccogli pi\u00f9 recensioni<\/b><br>L&#8217;allettante pulsante &#8220;Pubblica una recensione&#8221; far\u00e0 s\u00ec che pi\u00f9 persone facciano clic per condividere le loro opinioni sui tuoi prodotti e servizi, il che si tradurr\u00e0 nella massima stima possibile dei clienti .<\/b><p><b>Diminuisci le recensioni negative.<\/b><br>Il plug-in Recensioni dei clienti ti suggerisce pi\u00f9 opzioni di filtro che ti daranno l&#8217;opportunit\u00e0 di mostrare le recensioni negative, visualizzando solo quelle positive.<\/p><\/div> <div class=\"application-platform-content-item-features application-platform-content-item\" id=\"features\" data-nav-section=\"features\"> <h2>Offriamo funzionalit\u00e0 potenti e semplici, controllane alcune: <\/h2> <ul><li>Intestazione commutabile del widget<\/li><li>Un&#8217;opzione per aggiungere un pulsante di richiesta per reindirizzare sulla tua pagina<\/li><li>Uno stile eccellente a portata di clic<\/li><li>Componenti verniciabili dell&#8217;interfaccia<\/li><li>Dettagli massimi per creare fiducia<\/li><\/ul><p><a href=\"#demo\">Puoi sentire quanto vale il widget utilizzando la demo<\/a><\/p> <\/div> <div class=\"application-platform-content-item-installation application-platform-content-item\" id=\"installation\" data-nav-section=\"installation\"> <h2>Come posso aggiungere recensioni complete alla mia pagina web Blogger? <\/h2> <p>Segui semplicemente un paio di passaggi presentati di seguito per integrare lo strumento. <\/p> <ol><li><b>Gestisci la nostra demo gratuita e inizia a creare il tuo widget personalizzato. <\/b><br> Trova la forma e la funzionalit\u00e0 preferite del plugin e applica le modifiche. <\/li> <li><b>Copia il codice individuale che appare nella finestra sulle App Elfsight. <\/b><br> Dopo aver completato la configurazione del tuo widget, copia il codice individuale nel popup visualizzato e salvalo per necessit\u00e0 future. <\/li> <li><b>Avvia l&#8217;utilizzo del plugin sulla tua home page di Blogger. <\/b><br> Aggiungi il codice che hai salvato di recente nella tua pagina e salva le modifiche. <\/li> <li><b>L&#8217;installazione \u00e8 stata completata. <\/b><br> Visita il tuo sito web per verificare il funzionamento dello strumento. <\/li><\/ol> <p>Se riscontri qualsiasi problema, non esitare a richiedere il nostro team di supporto. Il nostro personale sar\u00e0 entusiasta di risolvere tutte le difficolt\u00e0 che potresti avere con lo strumento. <\/p> <div class=\"faq\" data-component=\"FAQ\"> <div class=\"faq-item\">\r\n\t\t\t\t\t<div class=\"faq-item-question\">\r\n\t\t\t\t\t\t<h3 class=\"faq-item-question-text\">Come posso aggiungere recensioni tutto-in-uno al mio sito Blogger senza competenze di programmazione?<\/h3>\r\n\r\n\t\t\t\t\t\t<div class=\"faq-item-question-icon\"><\/div>\r\n\t\t\t\t\t<\/div>\r\n\r\n\t\t\t\t\t<div class=\"faq-item-answer\">\r\n\t\t\t\t\t\t<div class=\"faq-item-answer-text\"> <p>Elfsight fornisce una soluzione SaaS che ti consente di creare recensioni tutto-in-uno Widget per le recensioni, scopri quanto \u00e8 semplice il processo: lavora direttamente nell&#8217;editor online per creare un widget per le recensioni tutto in uno che vorresti vedere sul tuo sito web Blogger. Scegli uno dei modelli predefiniti e regola le impostazioni delle recensioni all-in-one, aggiungi i tuoi contenuti, modifica il layout e il colore degli elementi senza alcuna competenza di codifica. Salva le recensioni tutto in uno e copia il codice di installazione, che potrai includere facilmente nel tuo sito Blogger senza acquistare un piano a pagamento. Con il nostro editor intuitivo qualsiasi utente di Internet pu\u00f2 creare widget di recensioni tutto in uno online e incorporarlo facilmente nel proprio sito Web Blogger. Non \u00e8 necessario pagare o inserire le credenziali della carta per accedere al servizio. In caso di problemi in qualsiasi momento, non esitate a contattare il nostro team di supporto tecnico.<\/p> <\/div>\r\n\t\t\t\t\t<\/div>\r\n\t\t\t\t<\/div> <\/div> <\/div>\n","protected":false},"excerpt":{"rendered":"","protected":false},"author":9,"featured_media":0,"parent":1072,"menu_order":0,"comment_status":"closed","ping_status":"closed","template":"templates\/template-application-platform.php","meta":{"publish_to_discourse":"","publish_post_category":"","wpdc_auto_publish_overridden":"","wpdc_topic_tags":"","wpdc_pin_topic":"","wpdc_pin_until":"","discourse_post_id":"","discourse_permalink":"","wpdc_publishing_response":"","wpdc_publishing_error":"","footnotes":""},"class_list":["post-3485","page","type-page","status-publish","hentry"],"yoast_head":"<!-- This site is optimized with the Yoast SEO plugin v25.3.1 - https:\/\/yoast.com\/wordpress\/plugins\/seo\/ -->\n<title>Aggiungi un widget reattivo per le recensioni tutto in uno al tuo sito web Blogger<\/title>\n<meta name=\"description\" content=\"Incorpora un widget Recensioni reattivo sul tuo sito Blogger e guadagna la massima fiducia. Utilizza la pratica demo di Elfsight per creare la tua funzionalit\u00e0 unica.\" \/>\n<meta name=\"robots\" content=\"index, follow, max-snippet:-1, max-image-preview:large, max-video-preview:-1\" \/>\n<link rel=\"canonical\" href=\"https:\/\/elfsight.com\/it\/all-in-one-reviews-widget\/blogger\/\" \/>\n<meta property=\"og:locale\" content=\"it_IT\" \/>\n<meta property=\"og:type\" content=\"article\" \/>\n<meta property=\"og:title\" content=\"Aggiungi un widget reattivo per le recensioni tutto in uno al tuo sito web Blogger\" \/>\n<meta property=\"og:description\" content=\"Incorpora un widget Recensioni reattivo sul tuo sito Blogger e guadagna la massima fiducia. Utilizza la pratica demo di Elfsight per creare la tua funzionalit\u00e0 unica.\" \/>\n<meta property=\"og:url\" content=\"https:\/\/elfsight.com\/it\/all-in-one-reviews-widget\/blogger\/\" \/>\n<meta property=\"og:site_name\" content=\"Elfsight IT\" \/>\n<meta property=\"article:modified_time\" content=\"2025-03-13T16:50:28+00:00\" \/>\n<meta name=\"twitter:card\" content=\"summary_large_image\" \/>\n<meta name=\"twitter:label1\" content=\"Tempo di lettura stimato\" \/>\n\t<meta name=\"twitter:data1\" content=\"4 minuti\" \/>\n<!-- \/ Yoast SEO plugin. -->","yoast_head_json":{"title":"Aggiungi un widget reattivo per le recensioni tutto in uno al tuo sito web Blogger","description":"Incorpora un widget Recensioni reattivo sul tuo sito Blogger e guadagna la massima fiducia. Utilizza la pratica demo di Elfsight per creare la tua funzionalit\u00e0 unica.","robots":{"index":"index","follow":"follow","max-snippet":"max-snippet:-1","max-image-preview":"max-image-preview:large","max-video-preview":"max-video-preview:-1"},"canonical":"https:\/\/elfsight.com\/it\/all-in-one-reviews-widget\/blogger\/","og_locale":"it_IT","og_type":"article","og_title":"Aggiungi un widget reattivo per le recensioni tutto in uno al tuo sito web Blogger","og_description":"Incorpora un widget Recensioni reattivo sul tuo sito Blogger e guadagna la massima fiducia. Utilizza la pratica demo di Elfsight per creare la tua funzionalit\u00e0 unica.","og_url":"https:\/\/elfsight.com\/it\/all-in-one-reviews-widget\/blogger\/","og_site_name":"Elfsight IT","article_modified_time":"2025-03-13T16:50:28+00:00","twitter_card":"summary_large_image","twitter_misc":{"Tempo di lettura stimato":"4 minuti"},"schema":{"@context":"https:\/\/schema.org","@graph":[{"@type":"WebPage","@id":"https:\/\/elfsight.com\/it\/all-in-one-reviews-widget\/blogger\/","url":"https:\/\/elfsight.com\/it\/all-in-one-reviews-widget\/blogger\/","name":"Aggiungi un widget reattivo per le recensioni tutto in uno al tuo sito web Blogger","isPartOf":{"@id":"https:\/\/elfsight.com\/it\/#website"},"datePublished":"2024-05-03T06:27:26+00:00","dateModified":"2025-03-13T16:50:28+00:00","description":"Incorpora un widget Recensioni reattivo sul tuo sito Blogger e guadagna la massima fiducia. Utilizza la pratica demo di Elfsight per creare la tua funzionalit\u00e0 unica.","breadcrumb":{"@id":"https:\/\/elfsight.com\/it\/all-in-one-reviews-widget\/blogger\/#breadcrumb"},"inLanguage":"it-IT","potentialAction":[{"@type":"ReadAction","target":["https:\/\/elfsight.com\/it\/all-in-one-reviews-widget\/blogger\/"]}]},{"@type":"BreadcrumbList","@id":"https:\/\/elfsight.com\/it\/all-in-one-reviews-widget\/blogger\/#breadcrumb","itemListElement":[{"@type":"ListItem","position":1,"name":"Home","item":"https:\/\/elfsight.com\/it\/"},{"@type":"ListItem","position":2,"name":"All-in-One Reviews","item":"https:\/\/elfsight.com\/it\/all-in-one-reviews-widget\/"},{"@type":"ListItem","position":3,"name":"All-in-One Reviews &#8211; Blogger"}]},{"@type":"WebSite","@id":"https:\/\/elfsight.com\/it\/#website","url":"https:\/\/elfsight.com\/it\/","name":"Elfsight IT","description":"Just another Elfsight Sites site","potentialAction":[{"@type":"SearchAction","target":{"@type":"EntryPoint","urlTemplate":"https:\/\/elfsight.com\/it\/?s={search_term_string}"},"query-input":{"@type":"PropertyValueSpecification","valueRequired":true,"valueName":"search_term_string"}}],"inLanguage":"it-IT"}]}},"meta_box":{"industry":"","seo_heading":"","heading":"","description":"","cta_heading":"","cta_description":"","application":"1071","h1":"Widget di recensioni tutto in uno di Blogger","h1_caption":"Raccogli e mostra recensioni da pi\u00f9 piattaforme come Google, Facebook e Yelp in un unico widget per creare fiducia e credibilit\u00e0 nel tuo sito web Blogger senza sforzo.","application_category":[],"applications_title":"","applications_request_title":"","applications_request_button_text":"","hero_text":"","hero_video":"","hero_video_schema_markup":"","selling_points_title":"","selling_points_caption":"","selling_points":[],"selling_points_cta_text":"","features_title":"","features":"","ed_cta_examples_text":"","ed_cta_examples_hidden":"","ed_cta_demo_text":"","ed_cta_demo_hidden":"","why_caption":"","why_editor_title":"","why_editor_text":"","why_team_title":"","why_team_text":"","why_service_title":"","why_service_text":"","template_catalog_visible":"0","template_catalog_title":"","template_catalog_text":"","template_catalog_categories_visible":"","demo_title":"Crea il tuo widget Recensioni tutto in uno","demo_caption":"Configura le tue recensioni tutto in uno e aggiungile gratuitamente al tuo sito Blogger!","default_faq_hidden":"","app_template_category":[],"platform":"33","template_public_id":"","codecanyon_url":"","codecanyon_item_id":"","codecanyon_price":"","pricing_caption":"","pricing_elfsight_apps_hide_column":"","pricing_elfsight_apps_url":"","pricing_codecanyon_price_caption":"","integration_category":[],"integration_request_title":"","integration_request_cta":"","integration_platform":"","integrations":[],"platform_category":[],"video_schema_markup":"","price":"da $ 0 al mese","trial":"","benefits":[{"text":"Assistenza gratuita per l'installazione"},{"text":"Servizio clienti professionale"},{"text":"Garanzia di rimborso di 14 giorni"},{"text":"Futuri aggiornamenti gratuiti"}],"button_url":"#demo","button_target_blank":"0","button_nofollow":"0","attributes":[{"name":"Installazioni"},{"name":"Reattivo","content":"S\u00cc"},{"name":"Browser compatibili","content":"Safari, Opera, Firefox, Chrome, Edge"}],"tags":[],"tags_disable_links":"0","hide_more_platforms":"0","video_object":"","demo_hide_cta":"0","demo_hide_cloud_options":"0","pricing_title":"","pricing":[{"pricing_icon":"platform","pricing_title":"Elfsight Apps","pricing_title_caption":"Soluzione multipiattaforma","pricing_price":"da $ 0 \/ mese","pricing_price_caption":"inizia con un piano gratuito","pricing_benefits":[{"text":"Siti web illimitati"},{"text":"Assistenza clienti veloce"},{"text":"Supporto gratuito per l'installazione"},{"text":"100% personalizzabile"}],"pricing_button_text":"Aggiungi al sito web","pricing_button_url":"#demo"}],"related_apps_title":"","related_apps_hidden":"0","author":"","image":[],"title":"","job":"","social_networks":[]},"_links":{"self":[{"href":"https:\/\/elfsight.com\/it\/wp-json\/wp\/v2\/pages\/3485","targetHints":{"allow":["GET"]}}],"collection":[{"href":"https:\/\/elfsight.com\/it\/wp-json\/wp\/v2\/pages"}],"about":[{"href":"https:\/\/elfsight.com\/it\/wp-json\/wp\/v2\/types\/page"}],"author":[{"embeddable":true,"href":"https:\/\/elfsight.com\/it\/wp-json\/wp\/v2\/users\/9"}],"replies":[{"embeddable":true,"href":"https:\/\/elfsight.com\/it\/wp-json\/wp\/v2\/comments?post=3485"}],"version-history":[{"count":2,"href":"https:\/\/elfsight.com\/it\/wp-json\/wp\/v2\/pages\/3485\/revisions"}],"predecessor-version":[{"id":8672,"href":"https:\/\/elfsight.com\/it\/wp-json\/wp\/v2\/pages\/3485\/revisions\/8672"}],"up":[{"embeddable":true,"href":"https:\/\/elfsight.com\/it\/wp-json\/wp\/v2\/pages\/1072"}],"wp:attachment":[{"href":"https:\/\/elfsight.com\/it\/wp-json\/wp\/v2\/media?parent=3485"}],"curies":[{"name":"wp","href":"https:\/\/api.w.org\/{rel}","templated":true}]}}