{"id":3484,"date":"2024-05-03T06:27:25","date_gmt":"2024-05-03T06:27:25","guid":{"rendered":"https:\/\/elfsight.com\/it\/?page_id=3484"},"modified":"2024-11-12T08:04:19","modified_gmt":"2024-11-12T08:04:19","slug":"drupal","status":"publish","type":"page","link":"https:\/\/elfsight.com\/it\/all-in-one-reviews-widget\/drupal\/","title":{"rendered":"All-in-One Reviews &#8211; Drupal"},"content":{"rendered":"<div class=\"application-platform-content-item-description application-platform-content-item\" id=\"description\" data-nav-section=\"description\"> <h2>Descrizione<\/h2> <p>Elfsight All-in-One Reviews \u00e8 un pratico modulo per Drupal che ti d\u00e0 la possibilit\u00e0 di mostrare tutte le recensioni sulla tua azienda direttamente sul tuo sito web da tutti i pi\u00f9 diffusi siti di recensioni aziendali. Utilizzando il nostro widget, sarai in grado di utilizzare filtri per nascondere i commenti indesiderati, vantare la tua valutazione e il numero di voti dal tuo profilo su qualsiasi pagina Web di recensioni, aggiungere informazioni sugli autori delle testimonianze e aggiungere un affascinante pulsante CTA che guider\u00e0 gli utenti per pubblicare un nuovo commento. Il nostro widget Recensioni \u00e8 l\u00ec per aiutarti a mostrare la tua grande prova sociale sulla tua pagina web e iniziare ad acquisire pi\u00f9 vendite. <\/p> <p><b>Feedback da Facebook, Google, Amazon, Airbnb e molti altri siti Web di recensioni aziendali in un unico widget per il tasso di conversione e la credibilit\u00e0 del cliente pi\u00f9 elevati possibili!<\/b><\/p> <p><b>Aumenta le tue vendite applicando la prova sociale<\/b><br>grazie al modulo Recensioni, mostrerai le tue recensioni di prim&#8217;ordine da Google, Facebook, Airbnb, Amazon e altri popolari siti di recensioni aziendali, ottenendo sempre pi\u00f9 novit\u00e0 clienti.<\/p><p><b>Ottieni pi\u00f9 feedback<\/b><br>L&#8217;allettante pulsante &#8220;Pubblica una recensione&#8221; motiver\u00e0 le persone a fare clic per condividere le loro opinioni sui tuoi prodotti e servizi, il che si tradurr\u00e0 nella massima valutazione del cliente. <\/b><p><b>Riduci le recensioni negative<\/b><br>Il plug-in Recensioni dei clienti ti offre molteplici opportunit\u00e0 di filtro che ti daranno l&#8217;opportunit\u00e0 di trattenere le recensioni negative, visualizzando solo quelle utili.<\/b><\/div> <div class=\"application-platform-content-item-features application-platform-content-item\" id=\"features\" data-nav-section=\"features\"> <h2>Di seguito sono riportate le caratteristiche centrali del widget: <\/h2> <ul><li>Intestazione commutabile del modulo<\/li><li>\u201dScrivi recensione\u201d pulsante per reindirizzare sulla tua pagina<\/li><li>Uno stile eccezionale \u00e8 a portata di clic<\/li><li>Componenti verniciabili dell&#8217;interfaccia<\/li><li>Massimi dettagli per aumentare la fiducia<\/li><\/ul><p><a href=\"#demo\">Puoi provare come funziona il widget provando la demo<\/a><\/p> <\/div> <div class=\"application-platform-content-item-installation application-platform-content-item\" id=\"installation\" data-nav-section=\"installation\"> <h2>Come posso incorporo le recensioni All-in-One nella mia pagina web Drupal? <\/h2> <p>Segui semplicemente le linee guida seguenti per integrare il modulo. <\/p> <ol><li><b>Gestisci il nostro configuratore gratuito e inizia a dare forma al tuo modulo personalizzato. <\/b><br> Scegli l&#8217;aspetto e la funzionalit\u00e0 selezionati del modulo e applica tutte le modifiche. <\/li> <li><b>Acquisisci il tuo codice personale rivelato nell&#8217;apposito modulo su Elfsight Apps. <\/b><br> Al termine della configurazione del modulo, copia il codice esclusivo nel popup emerso e salvalo per un&#8217;occasione successiva. <\/li> <li><b>Inizia a utilizzare il modulo sul tuo sito Drupal. <\/b><br> Inserisci il codice salvato in precedenza nella tua pagina web e applica le modifiche. <\/li> <li><b>Fatto! L&#8217;incorporamento \u00e8 completamente completato. <\/b><br> Vai al tuo sito web per esaminare come funziona il modulo. <\/li><\/ol><p>Se dovessi affrontare alcune complicazioni, non aver paura di rivolgerti al nostro personale di supporto. Il nostro personale \u00e8 desideroso di aiutarti con tutte le domande che potresti avere sullo strumento. <\/p> <div class=\"faq\" data-component=\"FAQ\"> <div class=\"faq-item\">\r\n\t\t\t\t\t<div class=\"faq-item-question\">\r\n\t\t\t\t\t\t<h3 class=\"faq-item-question-text\">Come aggiungere recensioni tutto in uno al mio sito Web Drupal senza competenze di programmazione?<\/h3>\r\n\r\n\t\t\t\t\t\t<div class=\"faq-item-question-icon\"><\/div>\r\n\t\t\t\t\t<\/div>\r\n\r\n\t\t\t\t\t<div class=\"faq-item-answer\">\r\n\t\t\t\t\t\t<div class=\"faq-item-answer-text\"> <p>Elfsight fornisce una soluzione SaaS che ti consente di creare recensioni tutto in uno widget tu stesso, scopri quanto \u00e8 semplice il processo: lavora direttamente nell&#8217;editor online per creare un widget di recensioni tutto in uno che vorresti vedere sul tuo sito Drupal. Scegli uno dei modelli predefiniti e regola le impostazioni delle recensioni all-in-one, aggiungi i tuoi contenuti, modifica il layout e la combinazione di colori senza competenze di codifica. Salva le recensioni All-in-one e copia il codice di installazione, che potrai aggiungere facilmente nel tuo sito Drupal senza dover acquistare un piano a pagamento. Con il nostro editor intuitivo qualsiasi utente di Internet pu\u00f2 creare widget di recensioni tutto in uno online e incorporarlo facilmente nel proprio sito Web Drupal. Non \u00e8 necessario pagare o inserire le credenziali della carta per accedere al servizio. In caso di problemi in qualsiasi momento, non esitate a contattare il nostro team di supporto tecnico.<\/p> <\/div>\r\n\t\t\t\t\t<\/div>\r\n\t\t\t\t<\/div> <\/div> <\/div>","protected":false},"excerpt":{"rendered":"","protected":false},"author":9,"featured_media":0,"parent":1072,"menu_order":0,"comment_status":"closed","ping_status":"closed","template":"templates\/template-application-platform.php","meta":{"publish_to_discourse":"","publish_post_category":"","wpdc_auto_publish_overridden":"","wpdc_topic_tags":"","wpdc_pin_topic":"","wpdc_pin_until":"","discourse_post_id":"","discourse_permalink":"","wpdc_publishing_response":"","wpdc_publishing_error":"","footnotes":""},"class_list":["post-3484","page","type-page","status-publish","hentry"],"yoast_head":"<!-- This site is optimized with the Yoast SEO plugin v25.3.1 - https:\/\/yoast.com\/wordpress\/plugins\/seo\/ -->\n<title>Aggiungi un modulo di recensioni tutto-in-uno reattivo al tuo sito Web Drupal<\/title>\n<meta name=\"description\" content=\"Incorpora un modulo reattivo di recensioni tutto in uno sul tuo sito Drupal e ottieni la massima fiducia. Applica la demo di Elfsight per costruire la tua caratteristica unica.\" \/>\n<meta name=\"robots\" content=\"index, follow, max-snippet:-1, max-image-preview:large, max-video-preview:-1\" \/>\n<link rel=\"canonical\" href=\"https:\/\/elfsight.com\/it\/all-in-one-reviews-widget\/drupal\/\" \/>\n<meta property=\"og:locale\" content=\"it_IT\" \/>\n<meta property=\"og:type\" content=\"article\" \/>\n<meta property=\"og:title\" content=\"Aggiungi un modulo di recensioni tutto-in-uno reattivo al tuo sito Web Drupal\" \/>\n<meta property=\"og:description\" content=\"Incorpora un modulo reattivo di recensioni tutto in uno sul tuo sito Drupal e ottieni la massima fiducia. Applica la demo di Elfsight per costruire la tua caratteristica unica.\" \/>\n<meta property=\"og:url\" content=\"https:\/\/elfsight.com\/it\/all-in-one-reviews-widget\/drupal\/\" \/>\n<meta property=\"og:site_name\" content=\"Elfsight IT\" \/>\n<meta property=\"article:modified_time\" content=\"2024-11-12T08:04:19+00:00\" \/>\n<meta name=\"twitter:card\" content=\"summary_large_image\" \/>\n<meta name=\"twitter:label1\" content=\"Tempo di lettura stimato\" \/>\n\t<meta name=\"twitter:data1\" content=\"3 minuti\" \/>\n<!-- \/ Yoast SEO plugin. -->","yoast_head_json":{"title":"Aggiungi un modulo di recensioni tutto-in-uno reattivo al tuo sito Web Drupal","description":"Incorpora un modulo reattivo di recensioni tutto in uno sul tuo sito Drupal e ottieni la massima fiducia. Applica la demo di Elfsight per costruire la tua caratteristica unica.","robots":{"index":"index","follow":"follow","max-snippet":"max-snippet:-1","max-image-preview":"max-image-preview:large","max-video-preview":"max-video-preview:-1"},"canonical":"https:\/\/elfsight.com\/it\/all-in-one-reviews-widget\/drupal\/","og_locale":"it_IT","og_type":"article","og_title":"Aggiungi un modulo di recensioni tutto-in-uno reattivo al tuo sito Web Drupal","og_description":"Incorpora un modulo reattivo di recensioni tutto in uno sul tuo sito Drupal e ottieni la massima fiducia. Applica la demo di Elfsight per costruire la tua caratteristica unica.","og_url":"https:\/\/elfsight.com\/it\/all-in-one-reviews-widget\/drupal\/","og_site_name":"Elfsight IT","article_modified_time":"2024-11-12T08:04:19+00:00","twitter_card":"summary_large_image","twitter_misc":{"Tempo di lettura stimato":"3 minuti"},"schema":{"@context":"https:\/\/schema.org","@graph":[{"@type":"WebPage","@id":"https:\/\/elfsight.com\/it\/all-in-one-reviews-widget\/drupal\/","url":"https:\/\/elfsight.com\/it\/all-in-one-reviews-widget\/drupal\/","name":"Aggiungi un modulo di recensioni tutto-in-uno reattivo al tuo sito Web Drupal","isPartOf":{"@id":"https:\/\/elfsight.com\/it\/#website"},"datePublished":"2024-05-03T06:27:25+00:00","dateModified":"2024-11-12T08:04:19+00:00","description":"Incorpora un modulo reattivo di recensioni tutto in uno sul tuo sito Drupal e ottieni la massima fiducia. Applica la demo di Elfsight per costruire la tua caratteristica unica.","breadcrumb":{"@id":"https:\/\/elfsight.com\/it\/all-in-one-reviews-widget\/drupal\/#breadcrumb"},"inLanguage":"it-IT","potentialAction":[{"@type":"ReadAction","target":["https:\/\/elfsight.com\/it\/all-in-one-reviews-widget\/drupal\/"]}]},{"@type":"BreadcrumbList","@id":"https:\/\/elfsight.com\/it\/all-in-one-reviews-widget\/drupal\/#breadcrumb","itemListElement":[{"@type":"ListItem","position":1,"name":"Home","item":"https:\/\/elfsight.com\/it\/"},{"@type":"ListItem","position":2,"name":"All-in-One Reviews","item":"https:\/\/elfsight.com\/it\/all-in-one-reviews-widget\/"},{"@type":"ListItem","position":3,"name":"All-in-One Reviews &#8211; Drupal"}]},{"@type":"WebSite","@id":"https:\/\/elfsight.com\/it\/#website","url":"https:\/\/elfsight.com\/it\/","name":"Elfsight IT","description":"Just another Elfsight Sites site","potentialAction":[{"@type":"SearchAction","target":{"@type":"EntryPoint","urlTemplate":"https:\/\/elfsight.com\/it\/?s={search_term_string}"},"query-input":{"@type":"PropertyValueSpecification","valueRequired":true,"valueName":"search_term_string"}}],"inLanguage":"it-IT"}]}},"meta_box":{"industry":"","seo_heading":"","heading":"","description":"","cta_heading":"","cta_description":"","application":"1071","h1":"Modulo Drupal All-in-One Recensioni","h1_caption":"Raccogli e mostra recensioni da pi\u00f9 piattaforme come Google, Facebook e Yelp in un unico modulo per creare fiducia e credibilit\u00e0 nel tuo sito Web Drupal senza sforzo.","application_category":[],"applications_title":"","applications_request_title":"","applications_request_button_text":"","hero_text":"","hero_video":"","hero_video_schema_markup":"","selling_points_title":"","selling_points_caption":"","selling_points":[],"selling_points_cta_text":"","features_title":"","features":"","ed_cta_examples_text":"","ed_cta_examples_hidden":"","ed_cta_demo_text":"","ed_cta_demo_hidden":"","why_caption":"","why_editor_title":"","why_editor_text":"","why_team_title":"","why_team_text":"","why_service_title":"","why_service_text":"","template_catalog_visible":"","template_catalog_title":"","template_catalog_text":"","template_catalog_categories_visible":"","demo_title":"Crea il tuo modulo di recensioni tutto in uno","demo_caption":"Configura le tue recensioni All-in-One e aggiungile gratuitamente al tuo sito Drupal!","default_faq_hidden":"","app_template_category":[],"platform":"34","template_public_id":"","codecanyon_url":"","codecanyon_item_id":"","codecanyon_price":"","pricing_caption":"","pricing_elfsight_apps_hide_column":"","pricing_elfsight_apps_url":"","pricing_codecanyon_price_caption":"","integration_category":[],"integration_request_title":"","integration_request_cta":"","integration_platform":"","integrations":[],"platform_category":[],"video_schema_markup":"","price":"da $ 0 al mese","trial":"","benefits":[{"text":"Assistenza per l'installazione gratuita"},{"text":"Assistenza clienti con esperienza"},{"text":"Garanzia di rimborso di 14 giorni"},{"text":"Aggiornamenti futuri"}],"button_url":"#demo","button_target_blank":"","button_nofollow":"","attributes":[{"name":"Installazioni"},{"name":"Reattivo","content":"S\u00cc"},{"name":"Browser compatibili","content":"Firefox, Safari, Opera, Chrome, Edge"}],"tags":[],"tags_disable_links":"","hide_more_platforms":"","video_object":"","demo_hide_cta":"","demo_hide_cloud_options":"","pricing_title":"","pricing":[{"pricing_icon":"platform","pricing_title":"Elfsight Apps","pricing_title_caption":"Software multipiattaforma che funziona su qualsiasi sito web","pricing_price":"da $ 0 \/ mese","pricing_price_caption":"inizia con il piano gratuito","pricing_benefits":[{"text":"Siti web illimitati"},{"text":"Supporto rapido e ben documentato"},{"text":"Assistenza per l'installazione gratuita"},{"text":"Prezzo speciale per pi\u00f9 app"}],"pricing_button_text":"Aggiungi al sito web","pricing_button_url":"#demo"}],"related_apps_title":"","related_apps_hidden":"","author":"","image":[],"title":"","job":"","social_networks":[]},"_links":{"self":[{"href":"https:\/\/elfsight.com\/it\/wp-json\/wp\/v2\/pages\/3484","targetHints":{"allow":["GET"]}}],"collection":[{"href":"https:\/\/elfsight.com\/it\/wp-json\/wp\/v2\/pages"}],"about":[{"href":"https:\/\/elfsight.com\/it\/wp-json\/wp\/v2\/types\/page"}],"author":[{"embeddable":true,"href":"https:\/\/elfsight.com\/it\/wp-json\/wp\/v2\/users\/9"}],"replies":[{"embeddable":true,"href":"https:\/\/elfsight.com\/it\/wp-json\/wp\/v2\/comments?post=3484"}],"version-history":[{"count":1,"href":"https:\/\/elfsight.com\/it\/wp-json\/wp\/v2\/pages\/3484\/revisions"}],"predecessor-version":[{"id":3488,"href":"https:\/\/elfsight.com\/it\/wp-json\/wp\/v2\/pages\/3484\/revisions\/3488"}],"up":[{"embeddable":true,"href":"https:\/\/elfsight.com\/it\/wp-json\/wp\/v2\/pages\/1072"}],"wp:attachment":[{"href":"https:\/\/elfsight.com\/it\/wp-json\/wp\/v2\/media?parent=3484"}],"curies":[{"name":"wp","href":"https:\/\/api.w.org\/{rel}","templated":true}]}}