{"id":3483,"date":"2024-05-03T06:27:24","date_gmt":"2024-05-03T06:27:24","guid":{"rendered":"https:\/\/elfsight.com\/it\/?page_id=3483"},"modified":"2024-11-12T08:04:19","modified_gmt":"2024-11-12T08:04:19","slug":"facebook","status":"publish","type":"page","link":"https:\/\/elfsight.com\/it\/all-in-one-reviews-widget\/facebook\/","title":{"rendered":"All-in-One Reviews &#8211; Facebook"},"content":{"rendered":"<div class=\"application-platform-content-item-description application-platform-content-item\" id=\"description\" data-nav-section=\"description\"> <h2>Descrizione<\/h2> <p>Elfsight All-in-One Reviews \u00e8 uno strumento facile da usare per la pagina Facebook che ti offre un&#8217;opportunit\u00e0 per mostrare tutte le testimonianze sulla tua azienda direttamente sulla tua pagina web da tutti i siti di recensioni pi\u00f9 utilizzati. Utilizzando il nostro strumento, avrai l&#8217;opportunit\u00e0 di utilizzare filtri per nascondere i commenti indesiderati, esporre la tua valutazione e i numeri dal tuo account su qualsiasi piattaforma di recensioni, aggiungere informazioni sui creatori delle recensioni e aggiungere un affascinante pulsante di invito all&#8217;azione che ispirer\u00e0 i visitatori del sito a scrivere un nuovo commento. Il nostro strumento \u00e8 l\u00ec per aiutarti a mostrare la tua grande prova sociale sul sito web e iniziare a fare pi\u00f9 nuovi acquisti. <\/p> <p><b>Aumenta le vendite mostrando la tua valutazione eccellente<\/b><\/p> <\/div> <div class=\"application-platform-content-item-features application-platform-content-item\" id=\"features\" data-nav-section=\"features\"> <h2>Visualizza l&#8217;elenco delle migliori funzionalit\u00e0: <\/h2> <ul><li>Intestazione modificabile del widget<\/li><li>Pulsante &#8220;Scrivi recensione&#8221; per reindirizzare sulla tua pagina<\/li><li>Uno stile straordinario \u00e8 a portata di clic<\/li><li>Dipingibile componenti dell&#8217;interfaccia del widget<\/li><li>Dettagli massimi per creare fiducia<\/li><\/ul><p><a href=\"#demo\">Puoi provare tutte le funzionalit\u00e0 del widget nella demo qui sotto <\/a><\/p> <\/div> <div class=\"application-platform-content-item-installation application-platform-content-item\" id=\"installation\" data-nav-section=\"installation\"> <h2>Come faccio a incorporare le recensioni complete nella mia pagina web Facebook? <\/h2> <p>Segui semplicemente le linee guida seguenti per attivare il plugin. <\/p> <ol><li><b>Utilizza la nostra demo gratuita e inizia a dare forma al tuo strumento unico. <\/b><br> Determinare il design e le specifiche preferibili dello strumento e applicare le modifiche. <\/li> <li><b>Acquisisci il tuo codice univoco che viene mostrato nell&#8217;apposito modulo su Elfsight Apps. <\/b><br> Una volta completata la creazione del tuo plugin personale, copia il codice esclusivo nella finestra visualizzata e conservalo per un ulteriore utilizzo. <\/li> <li><b>Inizia a utilizzare lo strumento sul tuo sito web Facebook. <\/b><br> Inserisci il codice copiato prima nella tua pagina web e applica i miglioramenti. <\/li> <li><b>L&#8217;installazione \u00e8 stata completata con successo. <\/b><br> Vai al tuo sito web per esaminare come funziona il plug-in. <\/li><\/ol> <p>Se hai domande o affronti alcune complicazioni, non esitare a rivolgerti al nostro personale di supporto. Il nostro personale \u00e8 desideroso di aiutarti con tutte le difficolt\u00e0 che potresti avere con lo strumento. <\/p> <div class=\"faq\" data-component=\"FAQ\"> <div class=\"faq-item\">\r\n\t\t\t\t\t<div class=\"faq-item-question\">\r\n\t\t\t\t\t\t<h3 class=\"faq-item-question-text\">Come aggiungere recensioni All-in-one al sito web della mia pagina Facebook senza competenze di codifica?<\/h3>\r\n\r\n\t\t\t\t\t\t<div class=\"faq-item-question-icon\"><\/div>\r\n\t\t\t\t\t<\/div>\r\n\r\n\t\t\t\t\t<div class=\"faq-item-answer\">\r\n\t\t\t\t\t\t<div class=\"faq-item-answer-text\"> <p>Elfsight fornisce una soluzione SaaS che ti consente di creare un All-in-one Widget per le recensioni tu stesso, scopri quanto \u00e8 semplice il processo: lavora direttamente nell&#8217;editor online per creare un widget per le recensioni tutto in uno che vorresti vedere sul tuo sito web della pagina Facebook. Scegli uno dei modelli predefiniti e regola le impostazioni delle recensioni all-in-one, aggiungi i tuoi contenuti, modifica il layout e la combinazione di colori senza competenze di codifica. Salva le recensioni All-in-one e copia il codice di installazione, che potrai aggiungere facilmente alla tua pagina Facebook senza dover acquistare un piano a pagamento. Con il nostro editor intuitivo qualsiasi utente di Internet pu\u00f2 creare widget di recensioni tutto in uno online e incorporarlo facilmente nel sito Web della propria pagina Facebook. Non \u00e8 necessario pagare o inserire le credenziali della carta per accedere al servizio. In caso di problemi in qualsiasi momento, non esitate a contattare il nostro team di supporto tecnico.<\/p> <\/div>\r\n\t\t\t\t\t<\/div>\r\n\t\t\t\t<\/div> <\/div> <\/div>","protected":false},"excerpt":{"rendered":"","protected":false},"author":9,"featured_media":0,"parent":1072,"menu_order":0,"comment_status":"closed","ping_status":"closed","template":"templates\/template-application-platform.php","meta":{"publish_to_discourse":"","publish_post_category":"","wpdc_auto_publish_overridden":"","wpdc_topic_tags":"","wpdc_pin_topic":"","wpdc_pin_until":"","discourse_post_id":"","discourse_permalink":"","wpdc_publishing_response":"","wpdc_publishing_error":"","footnotes":""},"class_list":["post-3483","page","type-page","status-publish","hentry"],"yoast_head":"<!-- This site is optimized with the Yoast SEO plugin v25.3.1 - https:\/\/yoast.com\/wordpress\/plugins\/seo\/ -->\n<title>Aggiungi un widget di recensioni tutto in uno reattivo al tuo sito web Facebook<\/title>\n<meta name=\"description\" content=\"Implementa un widget Recensioni reattivo sul tuo sito Facebook e ottieni piena fiducia. Utilizza l&#039;utile demo di Elfsight per modellare il tuo strumento unico.\" \/>\n<meta name=\"robots\" content=\"index, follow, max-snippet:-1, max-image-preview:large, max-video-preview:-1\" \/>\n<link rel=\"canonical\" href=\"https:\/\/elfsight.com\/it\/all-in-one-reviews-widget\/facebook\/\" \/>\n<meta property=\"og:locale\" content=\"it_IT\" \/>\n<meta property=\"og:type\" content=\"article\" \/>\n<meta property=\"og:title\" content=\"Aggiungi un widget di recensioni tutto in uno reattivo al tuo sito web Facebook\" \/>\n<meta property=\"og:description\" content=\"Implementa un widget Recensioni reattivo sul tuo sito Facebook e ottieni piena fiducia. Utilizza l&#039;utile demo di Elfsight per modellare il tuo strumento unico.\" \/>\n<meta property=\"og:url\" content=\"https:\/\/elfsight.com\/it\/all-in-one-reviews-widget\/facebook\/\" \/>\n<meta property=\"og:site_name\" content=\"Elfsight IT\" \/>\n<meta property=\"article:modified_time\" content=\"2024-11-12T08:04:19+00:00\" \/>\n<meta name=\"twitter:card\" content=\"summary_large_image\" \/>\n<meta name=\"twitter:label1\" content=\"Tempo di lettura stimato\" \/>\n\t<meta name=\"twitter:data1\" content=\"3 minuti\" \/>\n<!-- \/ Yoast SEO plugin. -->","yoast_head_json":{"title":"Aggiungi un widget di recensioni tutto in uno reattivo al tuo sito web Facebook","description":"Implementa un widget Recensioni reattivo sul tuo sito Facebook e ottieni piena fiducia. Utilizza l'utile demo di Elfsight per modellare il tuo strumento unico.","robots":{"index":"index","follow":"follow","max-snippet":"max-snippet:-1","max-image-preview":"max-image-preview:large","max-video-preview":"max-video-preview:-1"},"canonical":"https:\/\/elfsight.com\/it\/all-in-one-reviews-widget\/facebook\/","og_locale":"it_IT","og_type":"article","og_title":"Aggiungi un widget di recensioni tutto in uno reattivo al tuo sito web Facebook","og_description":"Implementa un widget Recensioni reattivo sul tuo sito Facebook e ottieni piena fiducia. Utilizza l'utile demo di Elfsight per modellare il tuo strumento unico.","og_url":"https:\/\/elfsight.com\/it\/all-in-one-reviews-widget\/facebook\/","og_site_name":"Elfsight IT","article_modified_time":"2024-11-12T08:04:19+00:00","twitter_card":"summary_large_image","twitter_misc":{"Tempo di lettura stimato":"3 minuti"},"schema":{"@context":"https:\/\/schema.org","@graph":[{"@type":"WebPage","@id":"https:\/\/elfsight.com\/it\/all-in-one-reviews-widget\/facebook\/","url":"https:\/\/elfsight.com\/it\/all-in-one-reviews-widget\/facebook\/","name":"Aggiungi un widget di recensioni tutto in uno reattivo al tuo sito web Facebook","isPartOf":{"@id":"https:\/\/elfsight.com\/it\/#website"},"datePublished":"2024-05-03T06:27:24+00:00","dateModified":"2024-11-12T08:04:19+00:00","description":"Implementa un widget Recensioni reattivo sul tuo sito Facebook e ottieni piena fiducia. Utilizza l'utile demo di Elfsight per modellare il tuo strumento unico.","breadcrumb":{"@id":"https:\/\/elfsight.com\/it\/all-in-one-reviews-widget\/facebook\/#breadcrumb"},"inLanguage":"it-IT","potentialAction":[{"@type":"ReadAction","target":["https:\/\/elfsight.com\/it\/all-in-one-reviews-widget\/facebook\/"]}]},{"@type":"BreadcrumbList","@id":"https:\/\/elfsight.com\/it\/all-in-one-reviews-widget\/facebook\/#breadcrumb","itemListElement":[{"@type":"ListItem","position":1,"name":"Home","item":"https:\/\/elfsight.com\/it\/"},{"@type":"ListItem","position":2,"name":"All-in-One Reviews","item":"https:\/\/elfsight.com\/it\/all-in-one-reviews-widget\/"},{"@type":"ListItem","position":3,"name":"All-in-One Reviews &#8211; Facebook"}]},{"@type":"WebSite","@id":"https:\/\/elfsight.com\/it\/#website","url":"https:\/\/elfsight.com\/it\/","name":"Elfsight IT","description":"Just another Elfsight Sites site","potentialAction":[{"@type":"SearchAction","target":{"@type":"EntryPoint","urlTemplate":"https:\/\/elfsight.com\/it\/?s={search_term_string}"},"query-input":{"@type":"PropertyValueSpecification","valueRequired":true,"valueName":"search_term_string"}}],"inLanguage":"it-IT"}]}},"meta_box":{"industry":"","seo_heading":"","heading":"","description":"","cta_heading":"","cta_description":"","application":"1071","h1":"Widget Recensioni tutto in uno di Facebook","h1_caption":"Aumenta la fiducia mostrando i commenti degli utenti veri con le informazioni sull'autore","application_category":[],"applications_title":"","applications_request_title":"","applications_request_button_text":"","hero_text":"","hero_video":"","hero_video_schema_markup":"","selling_points_title":"","selling_points_caption":"","selling_points":[],"selling_points_cta_text":"","features_title":"","features":"","ed_cta_examples_text":"","ed_cta_examples_hidden":"","ed_cta_demo_text":"","ed_cta_demo_hidden":"","why_caption":"","why_editor_title":"","why_editor_text":"","why_team_title":"","why_team_text":"","why_service_title":"","why_service_text":"","template_catalog_visible":"","template_catalog_title":"","template_catalog_text":"","template_catalog_categories_visible":"","demo_title":"Non esitare a progettare recensioni All-in-One per Facebook personalizzate","demo_caption":"Personalizzalo e integra il plugin sulla tua pagina web tramite demo","default_faq_hidden":"","app_template_category":[],"platform":"77","template_public_id":"","codecanyon_url":"","codecanyon_item_id":"","codecanyon_price":"","pricing_caption":"","pricing_elfsight_apps_hide_column":"","pricing_elfsight_apps_url":"","pricing_codecanyon_price_caption":"","integration_category":[],"integration_request_title":"","integration_request_cta":"","integration_platform":"","integrations":[],"platform_category":[],"video_schema_markup":"","price":"da $ 0 al mese","trial":"","benefits":[{"text":"Assistenza gratuita per l'installazione"},{"text":"Assistenza clienti con esperienza"},{"text":"Garanzia di rimborso di 14 giorni"},{"text":"Aggiornamenti continui"}],"button_url":"#demo","button_target_blank":"","button_nofollow":"","attributes":[{"name":"Installazioni"},{"name":"Reattivo","content":"S\u00cc"},{"name":"Browser compatibili","content":"Firefox, Safari, Opera, Chrome, Edge"}],"tags":[],"tags_disable_links":"","hide_more_platforms":"","video_object":"","demo_hide_cta":"","demo_hide_cloud_options":"","pricing_title":"","pricing":[{"pricing_icon":"platform","pricing_title":"Elfsight Apps","pricing_title_caption":"Soluzione digitale indipendente dalla piattaforma che funziona su qualsiasi sito web","pricing_price":"da $ 0 \/ mese","pricing_price_caption":"inizia con il piano gratuito","pricing_benefits":[{"text":"Domini illimitati"},{"text":"Supporto professionale e puntuale"},{"text":"Aiuto per l'installazione gratuito"},{"text":"Progettazione flessibile"}],"pricing_button_text":"Aggiungi al sito web","pricing_button_url":"#demo"}],"related_apps_title":"","related_apps_hidden":"","author":"","image":[],"title":"","job":"","social_networks":[]},"_links":{"self":[{"href":"https:\/\/elfsight.com\/it\/wp-json\/wp\/v2\/pages\/3483","targetHints":{"allow":["GET"]}}],"collection":[{"href":"https:\/\/elfsight.com\/it\/wp-json\/wp\/v2\/pages"}],"about":[{"href":"https:\/\/elfsight.com\/it\/wp-json\/wp\/v2\/types\/page"}],"author":[{"embeddable":true,"href":"https:\/\/elfsight.com\/it\/wp-json\/wp\/v2\/users\/9"}],"replies":[{"embeddable":true,"href":"https:\/\/elfsight.com\/it\/wp-json\/wp\/v2\/comments?post=3483"}],"version-history":[{"count":1,"href":"https:\/\/elfsight.com\/it\/wp-json\/wp\/v2\/pages\/3483\/revisions"}],"predecessor-version":[{"id":3487,"href":"https:\/\/elfsight.com\/it\/wp-json\/wp\/v2\/pages\/3483\/revisions\/3487"}],"up":[{"embeddable":true,"href":"https:\/\/elfsight.com\/it\/wp-json\/wp\/v2\/pages\/1072"}],"wp:attachment":[{"href":"https:\/\/elfsight.com\/it\/wp-json\/wp\/v2\/media?parent=3483"}],"curies":[{"name":"wp","href":"https:\/\/api.w.org\/{rel}","templated":true}]}}