{"id":3477,"date":"2024-05-03T06:27:22","date_gmt":"2024-05-03T06:27:22","guid":{"rendered":"https:\/\/elfsight.com\/it\/?page_id=3477"},"modified":"2025-03-13T16:52:38","modified_gmt":"2025-03-13T16:52:38","slug":"joomla","status":"publish","type":"page","link":"https:\/\/elfsight.com\/it\/all-in-one-reviews-widget\/joomla\/","title":{"rendered":"All-in-One Reviews &#8211; Joomla"},"content":{"rendered":"\n<div class=\"application-platform-content-item-description application-platform-content-item\" id=\"description\" data-nav-section=\"description\"> <h2>Descrizione<\/h2> <p>Elfsight All-in-One Reviews \u00e8 una pratica estensione per Joomla che ti d\u00e0 la possibilit\u00e0 di mostrare tutti i commenti sulla tua azienda direttamente sul tuo sito da tutte le pi\u00f9 note piattaforme di recensioni. Applicando il nostro strumento, sarai in grado di utilizzare filtri per nascondere le recensioni indesiderate, vantare la tua valutazione in stelle e numeri dal tuo account su qualsiasi piattaforma di recensioni, aggiungere informazioni sui creatori delle recensioni e aggiungere un pulsante CTA avvincente che guider\u00e0 il sito i visitatori possono pubblicare un nuovo commento. Il widget Elfsight Reviews pu\u00f2 aiutarti a mostrare la tua impressionante prova sociale sul sito web e iniziare a ricevere nuovi acquisti. <\/p> <p><b>Feedback di Google, Airbnb, Amazon, Facebook e molti altri in un&#8217;unica app per il massimo tasso di conversione e fiducia dei clienti!<\/b><\/p> <p><b>Aumenta il tuo vendite che utilizzano prove sociali<\/b><br>Con l&#8217;estensione Recensioni, presenterai i tuoi migliori feedback da Airbnb, Google, Facebook, Amazon e altri siti Web di recensioni aziendali pi\u00f9 apprezzati, ottenendo pi\u00f9 nuovi clienti.<\/p><p><b>Ottieni pi\u00f9 recensioni<\/b><br>L&#8217;attivazione del pulsante &#8220;Scrivi una recensione&#8221; far\u00e0 s\u00ec che pi\u00f9 persone facciano clic per condividere le loro opinioni sui tuoi prodotti e servizi, il che si tradurr\u00e0 nella massima stima possibile dei clienti.<\/b><p><b>Riduci al minimo le recensioni negative<\/b><br>Il plug-in Recensioni dei clienti ti offre molteplici opportunit\u00e0 di filtraggio che ti offriranno l&#8217;opportunit\u00e0 di mostrare le recensioni negative, dimostrando solo quelle positive.<\/b><\/div> <div class=\"application-platform-content-item-features application-platform-content-item\" id=\"features\" data-nav-section=\"features\"> <h2>Controlla l&#8217;elenco delle funzionalit\u00e0 pi\u00f9 potenti: <\/h2> <ul><li>Intestazione commutabile del widget<\/li><li>Un&#8217;opzione per mostrare &#8221; Scrivi recensione&#8221; per reindirizzare sulla tua pagina<\/li><li>Uno stile eccezionale \u00e8 a portata di clic<\/li><li>Elementi verniciabili dell&#8217;interfaccia del widget<\/li><li>Massimi dettagli per la generazione di fiducia<\/li><\/ul><p><a href=\"#demo\">Esplora tutte le impostazioni nella demo completa<\/a><\/p> <\/div> <div class=\"application-platform-content-item-installation application-platform-content-item\" id=\"installation\" data-nav-section=\"installation\"> <h2> Come posso aggiungere recensioni tutto in uno nella mia pagina web Joomla? <\/h2> <p>Segui semplicemente i passaggi presentati di seguito per incorporare l&#8217;estensione<\/p> <ol><li><b>Apri il nostro editor gratuito e inizia a lavorare con la tua estensione personalizzata. <\/b><br> Specifica la forma e le caratteristiche preferite dell&#8217;estensione e salva tutte le modifiche. <\/li> <li><b>Ricevi il codice univoco rivelato nell&#8217;apposito modulo su Elfsight Apps. <\/b><br> Una volta completata la personalizzazione della tua estensione, copia il codice nella casella visualizzata e salvalo per ulteriori necessit\u00e0. <\/li> <li><b>Inizia a utilizzare l&#8217;estensione sul sito Joomla. <\/b><br> Implementa il codice che hai salvato in precedenza nella tua pagina e applica le modifiche. <\/li> <li><b>L&#8217;installazione \u00e8 stata completata con successo. <\/b><br> Vai sul tuo sito per dare un&#8217;occhiata al funzionamento dell&#8217;estensione. <\/li><\/ol><p>Se dovessi affrontare domande o incontrare difficolt\u00e0, non esitare a metterti in contatto con il nostro team di assistenza clienti. Il nostro personale sar\u00e0 felice di aiutarti con tutte le difficolt\u00e0 che potresti avere con lo strumento. <\/p> <div class=\"faq\" data-component=\"FAQ\"> <div class=\"faq-item\">\r\n\t\t\t\t\t<div class=\"faq-item-question\">\r\n\t\t\t\t\t\t<h3 class=\"faq-item-question-text\">Come aggiungere recensioni tutto-in-uno al mio sito web Joomla senza competenze di programmazione?<\/h3>\r\n\r\n\t\t\t\t\t\t<div class=\"faq-item-question-icon\"><\/div>\r\n\t\t\t\t\t<\/div>\r\n\r\n\t\t\t\t\t<div class=\"faq-item-answer\">\r\n\t\t\t\t\t\t<div class=\"faq-item-answer-text\"> <p>Elfsight fornisce una soluzione SaaS che ti consente di creare recensioni tutto-in-uno widget tu stesso, scopri quanto \u00e8 semplice il processo: lavora direttamente nell&#8217;editor online per creare un widget di recensioni tutto in uno che vorresti vedere sul tuo sito web Joomla. Scegli uno dei modelli predefiniti e regola le impostazioni delle recensioni all-in-one, aggiungi i tuoi contenuti, modifica il layout e il colore degli elementi senza alcuna competenza di codifica. Salva le recensioni all-in-one e copia il codice di installazione, in modo da poterlo aggiungere facilmente al tuo sito Joomla senza acquistare un piano a pagamento. Con il nostro editor intuitivo qualsiasi utente di Internet pu\u00f2 creare widget di recensioni tutto in uno online e incorporarlo facilmente nel proprio sito Web Joomla. Non \u00e8 necessario pagare o inserire le credenziali della carta per accedere al servizio. In caso di problemi in qualsiasi momento, non esitate a contattare il nostro team di supporto tecnico.<\/p> <\/div>\r\n\t\t\t\t\t<\/div>\r\n\t\t\t\t<\/div> <\/div> <\/div>\n","protected":false},"excerpt":{"rendered":"","protected":false},"author":9,"featured_media":0,"parent":1072,"menu_order":0,"comment_status":"closed","ping_status":"closed","template":"templates\/template-application-platform.php","meta":{"publish_to_discourse":"","publish_post_category":"","wpdc_auto_publish_overridden":"","wpdc_topic_tags":"","wpdc_pin_topic":"","wpdc_pin_until":"","discourse_post_id":"","discourse_permalink":"","wpdc_publishing_response":"","wpdc_publishing_error":"","footnotes":""},"class_list":["post-3477","page","type-page","status-publish","hentry"],"yoast_head":"<!-- This site is optimized with the Yoast SEO plugin v25.3.1 - https:\/\/yoast.com\/wordpress\/plugins\/seo\/ -->\n<title>Aggiungi un widget adattivo per le recensioni tutto in uno al tuo sito web Joomla<\/title>\n<meta name=\"description\" content=\"Implementa un&#039;estensione reattiva per le recensioni tutto in uno sul tuo sito Joomla e ottieni la piena fiducia. Utilizza l&#039;utile demo di Elfsight per creare il tuo strumento.\" \/>\n<meta name=\"robots\" content=\"index, follow, max-snippet:-1, max-image-preview:large, max-video-preview:-1\" \/>\n<link rel=\"canonical\" href=\"https:\/\/elfsight.com\/it\/all-in-one-reviews-widget\/joomla\/\" \/>\n<meta property=\"og:locale\" content=\"it_IT\" \/>\n<meta property=\"og:type\" content=\"article\" \/>\n<meta property=\"og:title\" content=\"Aggiungi un widget adattivo per le recensioni tutto in uno al tuo sito web Joomla\" \/>\n<meta property=\"og:description\" content=\"Implementa un&#039;estensione reattiva per le recensioni tutto in uno sul tuo sito Joomla e ottieni la piena fiducia. Utilizza l&#039;utile demo di Elfsight per creare il tuo strumento.\" \/>\n<meta property=\"og:url\" content=\"https:\/\/elfsight.com\/it\/all-in-one-reviews-widget\/joomla\/\" \/>\n<meta property=\"og:site_name\" content=\"Elfsight IT\" \/>\n<meta property=\"article:modified_time\" content=\"2025-03-13T16:52:38+00:00\" \/>\n<meta name=\"twitter:card\" content=\"summary_large_image\" \/>\n<meta name=\"twitter:label1\" content=\"Tempo di lettura stimato\" \/>\n\t<meta name=\"twitter:data1\" content=\"4 minuti\" \/>\n<!-- \/ Yoast SEO plugin. -->","yoast_head_json":{"title":"Aggiungi un widget adattivo per le recensioni tutto in uno al tuo sito web Joomla","description":"Implementa un'estensione reattiva per le recensioni tutto in uno sul tuo sito Joomla e ottieni la piena fiducia. Utilizza l'utile demo di Elfsight per creare il tuo strumento.","robots":{"index":"index","follow":"follow","max-snippet":"max-snippet:-1","max-image-preview":"max-image-preview:large","max-video-preview":"max-video-preview:-1"},"canonical":"https:\/\/elfsight.com\/it\/all-in-one-reviews-widget\/joomla\/","og_locale":"it_IT","og_type":"article","og_title":"Aggiungi un widget adattivo per le recensioni tutto in uno al tuo sito web Joomla","og_description":"Implementa un'estensione reattiva per le recensioni tutto in uno sul tuo sito Joomla e ottieni la piena fiducia. Utilizza l'utile demo di Elfsight per creare il tuo strumento.","og_url":"https:\/\/elfsight.com\/it\/all-in-one-reviews-widget\/joomla\/","og_site_name":"Elfsight IT","article_modified_time":"2025-03-13T16:52:38+00:00","twitter_card":"summary_large_image","twitter_misc":{"Tempo di lettura stimato":"4 minuti"},"schema":{"@context":"https:\/\/schema.org","@graph":[{"@type":"WebPage","@id":"https:\/\/elfsight.com\/it\/all-in-one-reviews-widget\/joomla\/","url":"https:\/\/elfsight.com\/it\/all-in-one-reviews-widget\/joomla\/","name":"Aggiungi un widget adattivo per le recensioni tutto in uno al tuo sito web Joomla","isPartOf":{"@id":"https:\/\/elfsight.com\/it\/#website"},"datePublished":"2024-05-03T06:27:22+00:00","dateModified":"2025-03-13T16:52:38+00:00","description":"Implementa un'estensione reattiva per le recensioni tutto in uno sul tuo sito Joomla e ottieni la piena fiducia. Utilizza l'utile demo di Elfsight per creare il tuo strumento.","breadcrumb":{"@id":"https:\/\/elfsight.com\/it\/all-in-one-reviews-widget\/joomla\/#breadcrumb"},"inLanguage":"it-IT","potentialAction":[{"@type":"ReadAction","target":["https:\/\/elfsight.com\/it\/all-in-one-reviews-widget\/joomla\/"]}]},{"@type":"BreadcrumbList","@id":"https:\/\/elfsight.com\/it\/all-in-one-reviews-widget\/joomla\/#breadcrumb","itemListElement":[{"@type":"ListItem","position":1,"name":"Home","item":"https:\/\/elfsight.com\/it\/"},{"@type":"ListItem","position":2,"name":"All-in-One Reviews","item":"https:\/\/elfsight.com\/it\/all-in-one-reviews-widget\/"},{"@type":"ListItem","position":3,"name":"All-in-One Reviews &#8211; Joomla"}]},{"@type":"WebSite","@id":"https:\/\/elfsight.com\/it\/#website","url":"https:\/\/elfsight.com\/it\/","name":"Elfsight IT","description":"Just another Elfsight Sites site","potentialAction":[{"@type":"SearchAction","target":{"@type":"EntryPoint","urlTemplate":"https:\/\/elfsight.com\/it\/?s={search_term_string}"},"query-input":{"@type":"PropertyValueSpecification","valueRequired":true,"valueName":"search_term_string"}}],"inLanguage":"it-IT"}]}},"meta_box":{"industry":"","seo_heading":"","heading":"","description":"","cta_heading":"","cta_description":"","application":"1071","h1":"Estensione per recensioni All-in-One di Joomla","h1_caption":"Raccogli e mostra recensioni da pi\u00f9 piattaforme come Google, Facebook e Yelp in un'unica estensione per creare fiducia e credibilit\u00e0 nel tuo sito Web Joomla senza sforzo.","application_category":[],"applications_title":"","applications_request_title":"","applications_request_button_text":"","hero_text":"","hero_video":"","hero_video_schema_markup":"","selling_points_title":"","selling_points_caption":"","selling_points":[],"selling_points_cta_text":"","features_title":"","features":"","ed_cta_examples_text":"","ed_cta_examples_hidden":"","ed_cta_demo_text":"","ed_cta_demo_hidden":"","why_caption":"","why_editor_title":"","why_editor_text":"","why_team_title":"","why_team_text":"","why_service_title":"","why_service_text":"","template_catalog_visible":"0","template_catalog_title":"","template_catalog_text":"","template_catalog_categories_visible":"","demo_title":"Crea il tuo plugin per recensioni tutto in uno","demo_caption":"Configura le tue recensioni All-in-One e aggiungile gratuitamente al tuo sito Joomla!","default_faq_hidden":"","app_template_category":[],"platform":"36","template_public_id":"","codecanyon_url":"","codecanyon_item_id":"","codecanyon_price":"","pricing_caption":"","pricing_elfsight_apps_hide_column":"","pricing_elfsight_apps_url":"","pricing_codecanyon_price_caption":"","integration_category":[],"integration_request_title":"","integration_request_cta":"","integration_platform":"","integrations":[],"platform_category":[],"video_schema_markup":"","price":"da $ 0 al mese","trial":"","benefits":[{"text":"Assistenza gratuita per l'installazione"},{"text":"Supporto eccezionale"},{"text":"Garanzia di rimborso di 14 giorni"},{"text":"Miglioramenti continui"}],"button_url":"#demo","button_target_blank":"0","button_nofollow":"0","attributes":[{"name":"Installazioni"},{"name":"Reattivo","content":"S\u00cc"},{"name":"Browser compatibili","content":"Firefox, Safari, Opera, Chrome, Edge"}],"tags":[],"tags_disable_links":"0","hide_more_platforms":"0","video_object":"","demo_hide_cta":"0","demo_hide_cloud_options":"0","pricing_title":"","pricing":[{"pricing_icon":"platform","pricing_title":"Elfsight Apps","pricing_title_caption":"Soluzione digitale multipiattaforma adatta a qualsiasi sito web","pricing_price":"da $ 0 \/ mese","pricing_price_caption":"inizia con il piano gratuito","pricing_benefits":[{"text":"Domini illimitati"},{"text":"Supporto dedicato e puntuale"},{"text":"Supporto per l'installazione senza costi"},{"text":"Ottimo affare per pi\u00f9 app"}],"pricing_button_text":"Aggiungi al sito web","pricing_button_url":"#demo"}],"related_apps_title":"","related_apps_hidden":"0","author":"","image":[],"title":"","job":"","social_networks":[]},"_links":{"self":[{"href":"https:\/\/elfsight.com\/it\/wp-json\/wp\/v2\/pages\/3477","targetHints":{"allow":["GET"]}}],"collection":[{"href":"https:\/\/elfsight.com\/it\/wp-json\/wp\/v2\/pages"}],"about":[{"href":"https:\/\/elfsight.com\/it\/wp-json\/wp\/v2\/types\/page"}],"author":[{"embeddable":true,"href":"https:\/\/elfsight.com\/it\/wp-json\/wp\/v2\/users\/9"}],"replies":[{"embeddable":true,"href":"https:\/\/elfsight.com\/it\/wp-json\/wp\/v2\/comments?post=3477"}],"version-history":[{"count":2,"href":"https:\/\/elfsight.com\/it\/wp-json\/wp\/v2\/pages\/3477\/revisions"}],"predecessor-version":[{"id":8673,"href":"https:\/\/elfsight.com\/it\/wp-json\/wp\/v2\/pages\/3477\/revisions\/8673"}],"up":[{"embeddable":true,"href":"https:\/\/elfsight.com\/it\/wp-json\/wp\/v2\/pages\/1072"}],"wp:attachment":[{"href":"https:\/\/elfsight.com\/it\/wp-json\/wp\/v2\/media?parent=3477"}],"curies":[{"name":"wp","href":"https:\/\/api.w.org\/{rel}","templated":true}]}}