{"id":3476,"date":"2024-05-03T06:27:21","date_gmt":"2024-05-03T06:27:21","guid":{"rendered":"https:\/\/elfsight.com\/it\/?page_id=3476"},"modified":"2024-11-12T08:04:11","modified_gmt":"2024-11-12T08:04:11","slug":"jquery","status":"publish","type":"page","link":"https:\/\/elfsight.com\/it\/all-in-one-reviews-widget\/jquery\/","title":{"rendered":"All-in-One Reviews &#8211; jQuery"},"content":{"rendered":"<div class=\"application-platform-content-item-description application-platform-content-item\" id=\"description\" data-nav-section=\"description\"> <h2>Descrizione<\/h2> <p>Elfsight All-in-One Reviews \u00e8 un plugin facile da usare per jQuery che ti offre un possibilit\u00e0 di rivelare tutte le testimonianze sulla tua attivit\u00e0 direttamente sulla tua pagina web da tutti i siti di recensioni pi\u00f9 popolari. Utilizzando il nostro widget, avrai l&#8217;opportunit\u00e0 di utilizzare filtri per nascondere le recensioni indesiderate, esporre la tua valutazione e il numero di voti dal tuo account su qualsiasi pagina web di recensioni aziendali, aggiungere informazioni sugli autori delle recensioni e aggiungere un affascinante pulsante CTA che ti permetter\u00e0 di ispirare gli utenti a scrivere il loro commento. Il widget Elfsight \u00e8 l\u00ec per aiutarti a mostrare la tua impressionante prova sociale sulla tua pagina web e iniziare ad avere pi\u00f9 nuovi acquisti. <\/p> <p><b>Recensioni da Facebook, Amazon, Airbnb, Google e molti altri siti Web di recensioni aziendali in un unico strumento per il massimo tasso di conversione e la fiducia dei clienti!<\/b><\/p> <p><b>Aumenta il numero di vendite utilizzando la prova sociale<\/b><br>Grazie al plug-in Recensioni, sarai in grado di rivelare le tue migliori recensioni da Amazon, Airbnb, Google, Facebook e altri siti Web di recensioni aziendali pi\u00f9 importanti, acquisire pi\u00f9 nuovi clienti.<\/p><p><b>Ottieni pi\u00f9 recensioni<\/b><br>Invitare il pulsante &#8220;Lascia una recensione&#8221; motiver\u00e0 pi\u00f9 persone a fare clic per condividere la loro opinione sui tuoi prodotti e servizi, il che si tradurr\u00e0 in massima stima possibile del cliente.<\/b><p><b>Riduci al minimo le recensioni negative<\/b><br>Il widget Recensioni dei clienti presenta molteplici opzioni di filtraggio che ti offriranno la possibilit\u00e0 di mostrare le recensioni negative, dimostrando solo quelle vantaggiose quelli.<\/b><\/div> <div class=\"application-platform-content-item-features application-platform-content-item\" id=\"features\" data-nav-section=\"features\"> <h2>Di seguito trovi le caratteristiche principali del plugin: <\/h2> <ul><li>Intestazione commutabile del widget<\/li><li>Un&#8217;opzione per mostrare il pulsante di richiesta per attirare gli utenti sulla tua pagina<\/li><li>Stile eccezionale a portata di clic<\/li><li>Componenti verniciabili dell&#8217;interfaccia<\/li><li>Massimi dettagli per la massima sicurezza building<\/li><\/ul><p><a href=\"#demo\">Prova tutte le impostazioni nella demo completamente funzionante<\/a><\/p> <\/div> <div class=\"application-platform-content-item-installation application-platform-content-item\" id=\"installation\" data-nav-section=\"installation\"> <h2>Come incorporo le recensioni All-in-One nella mia pagina web jQuery? <\/h2> <p>Basta eseguire diversi passaggi descritti di seguito per attivare il plugin. <\/p> <ol><li><b>Apri la nostra demo gratuita e inizia a creare il tuo widget personalizzato. <\/b><br> Scegli il design selezionato e le opzioni dello strumento e applica le correzioni. <\/li> <li><b>Ricevi il tuo codice personale rivelato nel box su Elfsight Apps. <\/b><br> Una volta completata la configurazione del tuo widget personale, copia il codice individuale nella finestra visualizzata e salvalo per un uso futuro. <\/li> <li><b>Accedi utilizzando lo strumento sulla home page di jQuery. <\/b><br> Implementa il codice che hai copiato in precedenza nella tua pagina web e applica le modifiche. <\/li> <li><b>L&#8217;installazione \u00e8 stata completata. <\/b><br> Visita il tuo sito per verificare come funziona il plug-in. <\/li><\/ol> <p>A condizione di affrontare domande o incontrare alcuni problemi, non aver paura di scrivere al nostro team di assistenza clienti. Il nostro personale sar\u00e0 entusiasta di aiutarti con tutte le domande che potresti avere sul prodotto. <\/p> <div class=\"faq\" data-component=\"FAQ\"> <div class=\"faq-item\">\r\n\t\t\t\t\t<div class=\"faq-item-question\">\r\n\t\t\t\t\t\t<h3 class=\"faq-item-question-text\">Come aggiungere recensioni tutto in uno al mio sito Web jQuery senza competenze di codifica?<\/h3>\r\n\r\n\t\t\t\t\t\t<div class=\"faq-item-question-icon\"><\/div>\r\n\t\t\t\t\t<\/div>\r\n\r\n\t\t\t\t\t<div class=\"faq-item-answer\">\r\n\t\t\t\t\t\t<div class=\"faq-item-answer-text\"> <p>Elfsight fornisce una soluzione SaaS che ti consente di creare recensioni tutto in uno widget tu stesso, scopri quanto \u00e8 semplice il processo: lavora direttamente nell&#8217;editor online per creare un widget di recensioni tutto in uno che vorresti vedere sul tuo sito web jQuery. Scegli uno dei modelli predefiniti e regola le impostazioni delle recensioni all-in-one, aggiungi i tuoi contenuti, modifica il layout e la combinazione di colori senza competenze di codifica. Salva le recensioni All-in-one e copia il codice di installazione, che potrai aggiungere facilmente nel tuo sito jQuery senza dover acquistare un abbonamento a pagamento. Con il nostro editor intuitivo qualsiasi utente di Internet pu\u00f2 creare widget di recensioni tutto in uno online e incorporarlo facilmente nel proprio sito Web jQuery. Non \u00e8 necessario pagare o inserire le credenziali della carta per accedere al servizio. In caso di problemi in qualsiasi momento, non esitate a contattare il nostro team di supporto tecnico.<\/p> <\/div>\r\n\t\t\t\t\t<\/div>\r\n\t\t\t\t<\/div> <\/div> <\/div>","protected":false},"excerpt":{"rendered":"","protected":false},"author":9,"featured_media":0,"parent":1072,"menu_order":0,"comment_status":"closed","ping_status":"closed","template":"templates\/template-application-platform.php","meta":{"publish_to_discourse":"","publish_post_category":"","wpdc_auto_publish_overridden":"","wpdc_topic_tags":"","wpdc_pin_topic":"","wpdc_pin_until":"","discourse_post_id":"","discourse_permalink":"","wpdc_publishing_response":"","wpdc_publishing_error":"","footnotes":""},"class_list":["post-3476","page","type-page","status-publish","hentry"],"yoast_head":"<!-- This site is optimized with the Yoast SEO plugin v25.3.1 - https:\/\/yoast.com\/wordpress\/plugins\/seo\/ -->\n<title>Aggiungi un widget di recensioni tutto in uno reattivo al tuo sito Web jQuery<\/title>\n<meta name=\"description\" content=\"Incorpora un plug-in reattivo per le recensioni sul tuo sito jQuery e ottieni piena fiducia. Utilizza la pratica demo di Elfsight per creare la tua funzionalit\u00e0 unica.\" \/>\n<meta name=\"robots\" content=\"index, follow, max-snippet:-1, max-image-preview:large, max-video-preview:-1\" \/>\n<link rel=\"canonical\" href=\"https:\/\/elfsight.com\/it\/all-in-one-reviews-widget\/jquery\/\" \/>\n<meta property=\"og:locale\" content=\"it_IT\" \/>\n<meta property=\"og:type\" content=\"article\" \/>\n<meta property=\"og:title\" content=\"Aggiungi un widget di recensioni tutto in uno reattivo al tuo sito Web jQuery\" \/>\n<meta property=\"og:description\" content=\"Incorpora un plug-in reattivo per le recensioni sul tuo sito jQuery e ottieni piena fiducia. Utilizza la pratica demo di Elfsight per creare la tua funzionalit\u00e0 unica.\" \/>\n<meta property=\"og:url\" content=\"https:\/\/elfsight.com\/it\/all-in-one-reviews-widget\/jquery\/\" \/>\n<meta property=\"og:site_name\" content=\"Elfsight IT\" \/>\n<meta property=\"article:modified_time\" content=\"2024-11-12T08:04:11+00:00\" \/>\n<meta name=\"twitter:card\" content=\"summary_large_image\" \/>\n<meta name=\"twitter:label1\" content=\"Tempo di lettura stimato\" \/>\n\t<meta name=\"twitter:data1\" content=\"3 minuti\" \/>\n<!-- \/ Yoast SEO plugin. -->","yoast_head_json":{"title":"Aggiungi un widget di recensioni tutto in uno reattivo al tuo sito Web jQuery","description":"Incorpora un plug-in reattivo per le recensioni sul tuo sito jQuery e ottieni piena fiducia. Utilizza la pratica demo di Elfsight per creare la tua funzionalit\u00e0 unica.","robots":{"index":"index","follow":"follow","max-snippet":"max-snippet:-1","max-image-preview":"max-image-preview:large","max-video-preview":"max-video-preview:-1"},"canonical":"https:\/\/elfsight.com\/it\/all-in-one-reviews-widget\/jquery\/","og_locale":"it_IT","og_type":"article","og_title":"Aggiungi un widget di recensioni tutto in uno reattivo al tuo sito Web jQuery","og_description":"Incorpora un plug-in reattivo per le recensioni sul tuo sito jQuery e ottieni piena fiducia. Utilizza la pratica demo di Elfsight per creare la tua funzionalit\u00e0 unica.","og_url":"https:\/\/elfsight.com\/it\/all-in-one-reviews-widget\/jquery\/","og_site_name":"Elfsight IT","article_modified_time":"2024-11-12T08:04:11+00:00","twitter_card":"summary_large_image","twitter_misc":{"Tempo di lettura stimato":"3 minuti"},"schema":{"@context":"https:\/\/schema.org","@graph":[{"@type":"WebPage","@id":"https:\/\/elfsight.com\/it\/all-in-one-reviews-widget\/jquery\/","url":"https:\/\/elfsight.com\/it\/all-in-one-reviews-widget\/jquery\/","name":"Aggiungi un widget di recensioni tutto in uno reattivo al tuo sito Web jQuery","isPartOf":{"@id":"https:\/\/elfsight.com\/it\/#website"},"datePublished":"2024-05-03T06:27:21+00:00","dateModified":"2024-11-12T08:04:11+00:00","description":"Incorpora un plug-in reattivo per le recensioni sul tuo sito jQuery e ottieni piena fiducia. Utilizza la pratica demo di Elfsight per creare la tua funzionalit\u00e0 unica.","breadcrumb":{"@id":"https:\/\/elfsight.com\/it\/all-in-one-reviews-widget\/jquery\/#breadcrumb"},"inLanguage":"it-IT","potentialAction":[{"@type":"ReadAction","target":["https:\/\/elfsight.com\/it\/all-in-one-reviews-widget\/jquery\/"]}]},{"@type":"BreadcrumbList","@id":"https:\/\/elfsight.com\/it\/all-in-one-reviews-widget\/jquery\/#breadcrumb","itemListElement":[{"@type":"ListItem","position":1,"name":"Home","item":"https:\/\/elfsight.com\/it\/"},{"@type":"ListItem","position":2,"name":"All-in-One Reviews","item":"https:\/\/elfsight.com\/it\/all-in-one-reviews-widget\/"},{"@type":"ListItem","position":3,"name":"All-in-One Reviews &#8211; jQuery"}]},{"@type":"WebSite","@id":"https:\/\/elfsight.com\/it\/#website","url":"https:\/\/elfsight.com\/it\/","name":"Elfsight IT","description":"Just another Elfsight Sites site","potentialAction":[{"@type":"SearchAction","target":{"@type":"EntryPoint","urlTemplate":"https:\/\/elfsight.com\/it\/?s={search_term_string}"},"query-input":{"@type":"PropertyValueSpecification","valueRequired":true,"valueName":"search_term_string"}}],"inLanguage":"it-IT"}]}},"meta_box":{"industry":"","seo_heading":"","heading":"","description":"","cta_heading":"","cta_description":"","application":"1071","h1":"Plug-in per recensioni tutto in uno jQuery","h1_caption":"Raccogli e mostra recensioni da pi\u00f9 piattaforme come Google, Facebook e Yelp in un unico plug-in per creare fiducia e credibilit\u00e0 nel tuo sito Web jQuery senza sforzo.","application_category":[],"applications_title":"","applications_request_title":"","applications_request_button_text":"","hero_text":"","hero_video":"","hero_video_schema_markup":"","selling_points_title":"","selling_points_caption":"","selling_points":[],"selling_points_cta_text":"","features_title":"","features":"","ed_cta_examples_text":"","ed_cta_examples_hidden":"","ed_cta_demo_text":"","ed_cta_demo_hidden":"","why_caption":"","why_editor_title":"","why_editor_text":"","why_team_title":"","why_team_text":"","why_service_title":"","why_service_text":"","template_catalog_visible":"","template_catalog_title":"","template_catalog_text":"","template_catalog_categories_visible":"","demo_title":"Crea il tuo plugin per recensioni tutto in uno","demo_caption":"Configura le tue recensioni All-in-One e aggiungile gratuitamente al tuo sito Web jQuery!","default_faq_hidden":"","app_template_category":[],"platform":"37","template_public_id":"","codecanyon_url":"","codecanyon_item_id":"","codecanyon_price":"","pricing_caption":"","pricing_elfsight_apps_hide_column":"","pricing_elfsight_apps_url":"","pricing_codecanyon_price_caption":"","integration_category":[],"integration_request_title":"","integration_request_cta":"","integration_platform":"","integrations":[],"platform_category":[],"video_schema_markup":"","price":"da $ 0 al mese","trial":"","benefits":[{"text":"Aiuto per l'installazione gratuito"},{"text":"Assistenza clienti con esperienza"},{"text":"Garanzia di rimborso di 14 giorni"},{"text":"Aggiornamenti regolari"}],"button_url":"#demo","button_target_blank":"","button_nofollow":"","attributes":[{"name":"Installazioni"},{"name":"Reattivo","content":"S\u00cc"},{"name":"Browser compatibili","content":"Firefox, Safari, Opera, Chrome, Edge"}],"tags":[],"tags_disable_links":"","hide_more_platforms":"","video_object":"","demo_hide_cta":"","demo_hide_cloud_options":"","pricing_title":"","pricing":[{"pricing_icon":"platform","pricing_title":"Elfsight Apps","pricing_title_caption":"Versione multipiattaforma che funziona su qualsiasi sito web","pricing_price":"da $ 0 \/ mese","pricing_price_caption":"inizia con un piano gratuito","pricing_benefits":[{"text":"Siti web illimitati"},{"text":"Supporto professionale e puntuale"},{"text":"Assistenza gratuita per l'installazione"},{"text":"Completamente personalizzabile"}],"pricing_button_text":"Aggiungi al sito web","pricing_button_url":"#demo"}],"related_apps_title":"","related_apps_hidden":"","author":"","image":[],"title":"","job":"","social_networks":[]},"_links":{"self":[{"href":"https:\/\/elfsight.com\/it\/wp-json\/wp\/v2\/pages\/3476","targetHints":{"allow":["GET"]}}],"collection":[{"href":"https:\/\/elfsight.com\/it\/wp-json\/wp\/v2\/pages"}],"about":[{"href":"https:\/\/elfsight.com\/it\/wp-json\/wp\/v2\/types\/page"}],"author":[{"embeddable":true,"href":"https:\/\/elfsight.com\/it\/wp-json\/wp\/v2\/users\/9"}],"replies":[{"embeddable":true,"href":"https:\/\/elfsight.com\/it\/wp-json\/wp\/v2\/comments?post=3476"}],"version-history":[{"count":1,"href":"https:\/\/elfsight.com\/it\/wp-json\/wp\/v2\/pages\/3476\/revisions"}],"predecessor-version":[{"id":3480,"href":"https:\/\/elfsight.com\/it\/wp-json\/wp\/v2\/pages\/3476\/revisions\/3480"}],"up":[{"embeddable":true,"href":"https:\/\/elfsight.com\/it\/wp-json\/wp\/v2\/pages\/1072"}],"wp:attachment":[{"href":"https:\/\/elfsight.com\/it\/wp-json\/wp\/v2\/media?parent=3476"}],"curies":[{"name":"wp","href":"https:\/\/api.w.org\/{rel}","templated":true}]}}