{"id":3474,"date":"2024-05-03T06:27:19","date_gmt":"2024-05-03T06:27:19","guid":{"rendered":"https:\/\/elfsight.com\/it\/?page_id=3474"},"modified":"2024-11-12T08:04:03","modified_gmt":"2024-11-12T08:04:03","slug":"iframe","status":"publish","type":"page","link":"https:\/\/elfsight.com\/it\/all-in-one-reviews-widget\/iframe\/","title":{"rendered":"All-in-One Reviews &#8211; iFrame"},"content":{"rendered":"<div class=\"application-platform-content-item-description application-platform-content-item\" id=\"description\" data-nav-section=\"description\"> <h2>Incorpora recensioni All-in-One su iFrame con il widget Elfsight<\/h2> <p>Elfsight All-in-One Reviews \u00e8 un un widget facile da usare per iFrame che ti d\u00e0 l&#8217;opportunit\u00e0 di visualizzare tutte le testimonianze sulle tue offerte direttamente sul tuo sito da tutte le pi\u00f9 note piattaforme di revisione aziendale. Facendo uso del nostro plugin, potrai utilizzare filtri per nascondere le testimonianze indesiderate, vantare la tua valutazione in stelle e numeri dal tuo profilo su qualsiasi pagina web di recensioni, aggiungere informazioni sui creatori delle testimonianze e aggiungere un avvincente invito a- pulsante di azione che spinger\u00e0 i visitatori del sito a scrivere una nuova recensione. Lo strumento Elfsight Reviews pu\u00f2 aiutarti a dimostrare la tua notevole prova sociale sul sito web e iniziare a ricevere nuovi acquisti. <\/p> <p><b>vendite che dimostrano la tua alta valutazione<\/b><\/p> <\/div> <div class=\"application-platform-content-item-features application-platform-content-item\" id=\"features\" data-nav-section=\"features\"> <h2>Ecco l&#8217;elenco delle funzionalit\u00e0 pi\u00f9 importanti: <\/h2> <ul><li>Un&#8217;opzione per attivare\/disattivare l&#8217;intestazione del widget<\/li><li>Pulsante &#8220;Scrivi recensione&#8221; per reindirizzare sulla tua pagina<\/li><li>Lo stile eccellente \u00e8 a portata di clic <\/li><li>Componenti verniciabili dell&#8217;interfaccia<\/li><li>Dettagli massimi per creare fiducia<\/li><\/ul><p><a href=\"#demo\">Prova tutte le funzionalit\u00e0 di personalizzazione in Demo funzionale al 100%<\/a><\/p> <\/div> <div class=\"application-platform-content-item-installation application-platform-content-item\" id=\"installation\" data-nav-section=\"installation\"> <h2>Come faccio ad aggiungere recensioni tutto in uno nel mio sito iFrame? <\/h2> <p>Segui semplicemente i passaggi descritti di seguito per aggiungere il widget. <\/p> <ol><li><b>Apri il nostro configuratore gratuito e inizia a dare forma al tuo widget unico. <\/b><br> Trova l&#8217;aspetto e le opzioni preferibili del widget e applica le correzioni. <\/li> <li><b>Ricevi il codice personale esposto nell&#8217;apposito form su Elfsight Apps. <\/b><br> Non appena la configurazione del tuo widget \u00e8 completa, copia il codice individuale dalla casella visualizzata e conservalo per un ulteriore utilizzo. <\/li> <li><b>Avvia l&#8217;utilizzo del widget sul tuo sito iFrame. <\/b><br> Integra il codice copiato di recente nel tuo sito web e salva i miglioramenti. <\/li> <li><b>Fatto! La configurazione \u00e8 stata eseguita con successo. <\/b><br> Vai alla tua pagina per vedere come funziona lo strumento. <\/li><\/ol> <p>Se hai domande o affronti difficolt\u00e0, non esitare a rivolgerti al nostro team di assistenza clienti. Il nostro personale \u00e8 desideroso di aiutarti con tutti i problemi che potresti avere con il prodotto. <\/p> <div class=\"faq\" data-component=\"FAQ\"> <div class=\"faq-item\">\r\n\t\t\t\t\t<div class=\"faq-item-question\">\r\n\t\t\t\t\t\t<h3 class=\"faq-item-question-text\">Come aggiungere recensioni tutto in uno al mio sito Web iFrame senza competenze di codifica?<\/h3>\r\n\r\n\t\t\t\t\t\t<div class=\"faq-item-question-icon\"><\/div>\r\n\t\t\t\t\t<\/div>\r\n\r\n\t\t\t\t\t<div class=\"faq-item-answer\">\r\n\t\t\t\t\t\t<div class=\"faq-item-answer-text\"> <p>Elfsight fornisce una soluzione SaaS che ti consente di creare recensioni tutto in uno widget tu stesso, scopri quanto \u00e8 semplice il processo: lavora direttamente nell&#8217;editor online per creare un widget di recensioni tutto in uno che vorresti vedere sul tuo sito web iFrame. Scegli uno dei modelli predefiniti e regola le impostazioni delle recensioni all-in-one, aggiungi i tuoi contenuti, modifica il layout e i colori senza alcuna competenza di codifica. Salva le recensioni All-in-one e copia il codice di installazione, che potrai aggiungere facilmente al tuo sito iFrame senza dover acquistare un piano a pagamento. Con il nostro editor intuitivo qualsiasi utente di Internet pu\u00f2 creare widget di recensioni tutto in uno online e incorporarlo facilmente nel proprio sito Web iFrame. Non \u00e8 necessario pagare o inserire le credenziali della carta per accedere al servizio. In caso di problemi in qualsiasi momento, non esitate a contattare il nostro team di supporto tecnico.<\/p> <\/div>\r\n\t\t\t\t\t<\/div>\r\n\t\t\t\t<\/div> <\/div> <\/div>","protected":false},"excerpt":{"rendered":"","protected":false},"author":9,"featured_media":0,"parent":1072,"menu_order":0,"comment_status":"closed","ping_status":"closed","template":"templates\/template-application-platform.php","meta":{"publish_to_discourse":"","publish_post_category":"","wpdc_auto_publish_overridden":"","wpdc_topic_tags":"","wpdc_pin_topic":"","wpdc_pin_until":"","discourse_post_id":"","discourse_permalink":"","wpdc_publishing_response":"","wpdc_publishing_error":"","footnotes":""},"class_list":["post-3474","page","type-page","status-publish","hentry"],"yoast_head":"<!-- This site is optimized with the Yoast SEO plugin v25.3.1 - https:\/\/yoast.com\/wordpress\/plugins\/seo\/ -->\n<title>Aggiungi un widget di recensioni tutto in uno reattivo al tuo sito web iFrame<\/title>\n<meta name=\"description\" content=\"Aggiungi un widget Recensioni reattivo sul tuo sito web iFrame e ottieni piena fiducia. Utilizza la pratica demo di Elfsight per costruire la tua funzionalit\u00e0 personalizzata.\" \/>\n<meta name=\"robots\" content=\"index, follow, max-snippet:-1, max-image-preview:large, max-video-preview:-1\" \/>\n<link rel=\"canonical\" href=\"https:\/\/elfsight.com\/it\/all-in-one-reviews-widget\/iframe\/\" \/>\n<meta property=\"og:locale\" content=\"it_IT\" \/>\n<meta property=\"og:type\" content=\"article\" \/>\n<meta property=\"og:title\" content=\"Aggiungi un widget di recensioni tutto in uno reattivo al tuo sito web iFrame\" \/>\n<meta property=\"og:description\" content=\"Aggiungi un widget Recensioni reattivo sul tuo sito web iFrame e ottieni piena fiducia. Utilizza la pratica demo di Elfsight per costruire la tua funzionalit\u00e0 personalizzata.\" \/>\n<meta property=\"og:url\" content=\"https:\/\/elfsight.com\/it\/all-in-one-reviews-widget\/iframe\/\" \/>\n<meta property=\"og:site_name\" content=\"Elfsight IT\" \/>\n<meta property=\"article:modified_time\" content=\"2024-11-12T08:04:03+00:00\" \/>\n<meta name=\"twitter:card\" content=\"summary_large_image\" \/>\n<meta name=\"twitter:label1\" content=\"Tempo di lettura stimato\" \/>\n\t<meta name=\"twitter:data1\" content=\"3 minuti\" \/>\n<!-- \/ Yoast SEO plugin. -->","yoast_head_json":{"title":"Aggiungi un widget di recensioni tutto in uno reattivo al tuo sito web iFrame","description":"Aggiungi un widget Recensioni reattivo sul tuo sito web iFrame e ottieni piena fiducia. Utilizza la pratica demo di Elfsight per costruire la tua funzionalit\u00e0 personalizzata.","robots":{"index":"index","follow":"follow","max-snippet":"max-snippet:-1","max-image-preview":"max-image-preview:large","max-video-preview":"max-video-preview:-1"},"canonical":"https:\/\/elfsight.com\/it\/all-in-one-reviews-widget\/iframe\/","og_locale":"it_IT","og_type":"article","og_title":"Aggiungi un widget di recensioni tutto in uno reattivo al tuo sito web iFrame","og_description":"Aggiungi un widget Recensioni reattivo sul tuo sito web iFrame e ottieni piena fiducia. Utilizza la pratica demo di Elfsight per costruire la tua funzionalit\u00e0 personalizzata.","og_url":"https:\/\/elfsight.com\/it\/all-in-one-reviews-widget\/iframe\/","og_site_name":"Elfsight IT","article_modified_time":"2024-11-12T08:04:03+00:00","twitter_card":"summary_large_image","twitter_misc":{"Tempo di lettura stimato":"3 minuti"},"schema":{"@context":"https:\/\/schema.org","@graph":[{"@type":"WebPage","@id":"https:\/\/elfsight.com\/it\/all-in-one-reviews-widget\/iframe\/","url":"https:\/\/elfsight.com\/it\/all-in-one-reviews-widget\/iframe\/","name":"Aggiungi un widget di recensioni tutto in uno reattivo al tuo sito web iFrame","isPartOf":{"@id":"https:\/\/elfsight.com\/it\/#website"},"datePublished":"2024-05-03T06:27:19+00:00","dateModified":"2024-11-12T08:04:03+00:00","description":"Aggiungi un widget Recensioni reattivo sul tuo sito web iFrame e ottieni piena fiducia. Utilizza la pratica demo di Elfsight per costruire la tua funzionalit\u00e0 personalizzata.","breadcrumb":{"@id":"https:\/\/elfsight.com\/it\/all-in-one-reviews-widget\/iframe\/#breadcrumb"},"inLanguage":"it-IT","potentialAction":[{"@type":"ReadAction","target":["https:\/\/elfsight.com\/it\/all-in-one-reviews-widget\/iframe\/"]}]},{"@type":"BreadcrumbList","@id":"https:\/\/elfsight.com\/it\/all-in-one-reviews-widget\/iframe\/#breadcrumb","itemListElement":[{"@type":"ListItem","position":1,"name":"Home","item":"https:\/\/elfsight.com\/it\/"},{"@type":"ListItem","position":2,"name":"All-in-One Reviews","item":"https:\/\/elfsight.com\/it\/all-in-one-reviews-widget\/"},{"@type":"ListItem","position":3,"name":"All-in-One Reviews &#8211; iFrame"}]},{"@type":"WebSite","@id":"https:\/\/elfsight.com\/it\/#website","url":"https:\/\/elfsight.com\/it\/","name":"Elfsight IT","description":"Just another Elfsight Sites site","potentialAction":[{"@type":"SearchAction","target":{"@type":"EntryPoint","urlTemplate":"https:\/\/elfsight.com\/it\/?s={search_term_string}"},"query-input":{"@type":"PropertyValueSpecification","valueRequired":true,"valueName":"search_term_string"}}],"inLanguage":"it-IT"}]}},"meta_box":{"industry":"","seo_heading":"","heading":"","description":"","cta_heading":"","cta_description":"","application":"1071","h1":"Widget recensioni iFrame All-in-One","h1_caption":"Raccogli e mostra recensioni da pi\u00f9 piattaforme come Google, Facebook e Yelp in un unico widget per creare fiducia e credibilit\u00e0 nel tuo sito web iFrame senza sforzo.","application_category":[],"applications_title":"","applications_request_title":"","applications_request_button_text":"","hero_text":"","hero_video":"","hero_video_schema_markup":"","selling_points_title":"","selling_points_caption":"","selling_points":[],"selling_points_cta_text":"","features_title":"","features":"","ed_cta_examples_text":"","ed_cta_examples_hidden":"","ed_cta_demo_text":"","ed_cta_demo_hidden":"","why_caption":"","why_editor_title":"","why_editor_text":"","why_team_title":"","why_team_text":"","why_service_title":"","why_service_text":"","template_catalog_visible":"","template_catalog_title":"","template_catalog_text":"","template_catalog_categories_visible":"","demo_title":"Crea il tuo widget Recensioni tutto in uno","demo_caption":"Configura le tue recensioni tutto in uno e aggiungile gratuitamente al tuo sito iFrame!","default_faq_hidden":"","app_template_category":[],"platform":"54","template_public_id":"","codecanyon_url":"","codecanyon_item_id":"","codecanyon_price":"","pricing_caption":"","pricing_elfsight_apps_hide_column":"","pricing_elfsight_apps_url":"","pricing_codecanyon_price_caption":"","integration_category":[],"integration_request_title":"","integration_request_cta":"","integration_platform":"","integrations":[],"platform_category":[],"video_schema_markup":"","price":"da $ 0 al mese","trial":"","benefits":[{"text":"Servizio di installazione gratuito"},{"text":"Servizio clienti competente"},{"text":"Garanzia di rimborso di 14 giorni"},{"text":"Miglioramenti gratuiti continui"}],"button_url":"#demo","button_target_blank":"","button_nofollow":"","attributes":[{"name":"Installazioni"},{"name":"Reattivo","content":"S\u00cc"},{"name":"Browser compatibili","content":"Firefox, Safari, Opera, Chrome, Edge"}],"tags":[],"tags_disable_links":"","hide_more_platforms":"","video_object":"","demo_hide_cta":"","demo_hide_cloud_options":"","pricing_title":"","pricing":[{"pricing_icon":"platform","pricing_title":"Elfsight Apps","pricing_title_caption":"Soluzione indipendente dalla piattaforma","pricing_price":"da $ 0 \/ mese","pricing_price_caption":"inizia con il piano gratuito","pricing_benefits":[{"text":"Siti web illimitati"},{"text":"Supporto gratuito"},{"text":"Supporto gratuito per l'installazione"},{"text":"Offerta speciale per pi\u00f9 app"}],"pricing_button_text":"Aggiungi al sito web","pricing_button_url":"#demo"}],"related_apps_title":"","related_apps_hidden":"","author":"","image":[],"title":"","job":"","social_networks":[]},"_links":{"self":[{"href":"https:\/\/elfsight.com\/it\/wp-json\/wp\/v2\/pages\/3474","targetHints":{"allow":["GET"]}}],"collection":[{"href":"https:\/\/elfsight.com\/it\/wp-json\/wp\/v2\/pages"}],"about":[{"href":"https:\/\/elfsight.com\/it\/wp-json\/wp\/v2\/types\/page"}],"author":[{"embeddable":true,"href":"https:\/\/elfsight.com\/it\/wp-json\/wp\/v2\/users\/9"}],"replies":[{"embeddable":true,"href":"https:\/\/elfsight.com\/it\/wp-json\/wp\/v2\/comments?post=3474"}],"version-history":[{"count":1,"href":"https:\/\/elfsight.com\/it\/wp-json\/wp\/v2\/pages\/3474\/revisions"}],"predecessor-version":[{"id":3478,"href":"https:\/\/elfsight.com\/it\/wp-json\/wp\/v2\/pages\/3474\/revisions\/3478"}],"up":[{"embeddable":true,"href":"https:\/\/elfsight.com\/it\/wp-json\/wp\/v2\/pages\/1072"}],"wp:attachment":[{"href":"https:\/\/elfsight.com\/it\/wp-json\/wp\/v2\/media?parent=3474"}],"curies":[{"name":"wp","href":"https:\/\/api.w.org\/{rel}","templated":true}]}}