{"id":3469,"date":"2024-05-03T06:27:18","date_gmt":"2024-05-03T06:27:18","guid":{"rendered":"https:\/\/elfsight.com\/it\/?page_id=3469"},"modified":"2024-11-12T08:04:03","modified_gmt":"2024-11-12T08:04:03","slug":"magento","status":"publish","type":"page","link":"https:\/\/elfsight.com\/it\/all-in-one-reviews-widget\/magento\/","title":{"rendered":"All-in-One Reviews &#8211; Magento"},"content":{"rendered":"<div class=\"application-platform-content-item-description application-platform-content-item\" id=\"description\" data-nav-section=\"description\"> <h2>Descrizione<\/h2> <p>Elfsight All-in-One Reviews \u00e8 un&#8217;utile estensione per Magento che ti offre l&#8217;opportunit\u00e0 di dimostrare tutte le recensioni sulle tue offerte direttamente sul tuo sito web da tutti i siti di recensioni pi\u00f9 utilizzati. Applicando il nostro plugin, avrai l&#8217;opportunit\u00e0 di utilizzare filtri per nascondere i commenti indesiderati, esporre la tua valutazione in stelle e i numeri dalla tua pagina su qualsiasi sito Web di recensioni, aggiungere informazioni sui creatori delle testimonianze e aggiungere un pulsante di invito all&#8217;azione accattivante che ispirer\u00e0 i visitatori del sito a scrivere la loro recensione. Lo strumento Elfsight Reviews pu\u00f2 aiutarti a dimostrare la tua impressionante prova sociale sul tuo sito web e iniziare ad acquisire pi\u00f9 vendite. <\/p> <p><b>Aumenta le vendite dimostrando la valutazione del tuo cliente<\/b><\/p> <\/div> <div class=\"application-platform-content-item-features application-platform-content-item\" id=\"features\" data-nav-section=\"features\"> <h2>Trova di seguito le funzionalit\u00e0 di base dell&#8217;estensione: <\/h2> <ul><li>Intestazione modificabile dell&#8217;estensione<\/li><li>Un&#8217;opzione per mostrare il pulsante di richiesta per attirare gli utenti sulla tua pagina<\/li><li>Stile eccezionale a portata di clic<\/li><li>Componenti disegnabili dell&#8217;interfaccia del widget<\/li><li>Dettagli massimi per aumentare la fiducia<\/li><\/ul><p><a href=\"#demo\">Puoi scoprire tutte le funzionalit\u00e0 del widget in la demo qui sotto<\/a><\/p> <\/div> <div class=\"application-platform-content-item-installation application-platform-content-item\" id=\"installation\" data-nav-section=\"installation\"> <h2>Come incorporare le recensioni all-in-one nel mio sito web Magento? <\/h2> <p>Basta seguire un paio di passaggi indicati di seguito per integrare il widget. <\/p> <ol><li><b>Apri il nostro configuratore gratuito e inizia a formare la tua estensione personalizzata. <\/b><br> Trova il layout e le funzionalit\u00e0 personalizzate dell&#8217;estensione e salva tutte le modifiche. <\/li> <li><b>Acquisisci il codice univoco che appare nel riquadro su Elfsight Apps. <\/b><br> Non appena terminata la generazione della tua estensione personale, copia il codice esclusivo nella casella visualizzata e conservalo per un ulteriore utilizzo. <\/li> <li><b>Inizia a utilizzare l&#8217;estensione sul tuo sito web Magento. <\/b><br> Inserisci il codice salvato di recente nella tua pagina e salva le modifiche. <\/li> <li><b>Fatto! L&#8217;integrazione \u00e8 terminata con successo. <\/b><br> Apri il tuo sito web per dare un&#8217;occhiata alle prestazioni dell&#8217;estensione. <\/li><\/ol><p>Se riscontri domande o incontri complicazioni, non esitare a scrivere al nostro team di supporto. I nostri consulenti saranno lieti di risolvere tutti i problemi che potresti avere con il prodotto. <\/p> <div class=\"faq\" data-component=\"FAQ\"> <div class=\"faq-item\">\r\n\t\t\t\t\t<div class=\"faq-item-question\">\r\n\t\t\t\t\t\t<h3 class=\"faq-item-question-text\">Come posso aggiungere recensioni All-in-one al mio sito Web Magento senza competenze di codifica?<\/h3>\r\n\r\n\t\t\t\t\t\t<div class=\"faq-item-question-icon\"><\/div>\r\n\t\t\t\t\t<\/div>\r\n\r\n\t\t\t\t\t<div class=\"faq-item-answer\">\r\n\t\t\t\t\t\t<div class=\"faq-item-answer-text\"> <p>Elfsight fornisce una soluzione SaaS che ti consente di creare recensioni All-in-one Widget di recensioni tu stesso, scopri quanto \u00e8 semplice il processo: lavora direttamente nell&#8217;editor online per creare un widget di recensioni tutto in uno che vorresti vedere sul tuo sito web Magento. Scegli uno dei modelli predefiniti e regola le impostazioni delle recensioni all-in-one, aggiungi i tuoi contenuti, modifica il layout e la combinazione di colori senza alcuna competenza di codifica. Salva le recensioni all-in-one e copia il codice di installazione, che potrai includere facilmente nel tuo sito Magento senza dover acquistare un piano a pagamento. Con il nostro editor intuitivo qualsiasi utente di Internet pu\u00f2 creare widget di recensioni tutto in uno online e incorporarlo facilmente nel proprio sito Web Magento. Non \u00e8 necessario pagare o inserire le credenziali della carta per accedere al servizio. In caso di problemi in qualsiasi momento, non esitate a contattare il nostro team di supporto tecnico.<\/p> <\/div>\r\n\t\t\t\t\t<\/div>\r\n\t\t\t\t<\/div> <\/div> <\/div>","protected":false},"excerpt":{"rendered":"","protected":false},"author":9,"featured_media":0,"parent":1072,"menu_order":0,"comment_status":"closed","ping_status":"closed","template":"templates\/template-application-platform.php","meta":{"publish_to_discourse":"","publish_post_category":"","wpdc_auto_publish_overridden":"","wpdc_topic_tags":"","wpdc_pin_topic":"","wpdc_pin_until":"","discourse_post_id":"","discourse_permalink":"","wpdc_publishing_response":"","wpdc_publishing_error":"","footnotes":""},"class_list":["post-3469","page","type-page","status-publish","hentry"],"yoast_head":"<!-- This site is optimized with the Yoast SEO plugin v25.3.1 - https:\/\/yoast.com\/wordpress\/plugins\/seo\/ -->\n<title>Aggiungi un&#039;estensione reattiva per recensioni all-in-one al tuo sito web Magento<\/title>\n<meta name=\"description\" content=\"Implementa un plug-in per recensioni reattivo sul tuo sito Web Magento e guadagna piena fiducia. Utilizza la demo facile da usare di Elfsight per modellare la tua funzionalit\u00e0 personalizzata.\" \/>\n<meta name=\"robots\" content=\"index, follow, max-snippet:-1, max-image-preview:large, max-video-preview:-1\" \/>\n<link rel=\"canonical\" href=\"https:\/\/elfsight.com\/it\/all-in-one-reviews-widget\/magento\/\" \/>\n<meta property=\"og:locale\" content=\"it_IT\" \/>\n<meta property=\"og:type\" content=\"article\" \/>\n<meta property=\"og:title\" content=\"Aggiungi un&#039;estensione reattiva per recensioni all-in-one al tuo sito web Magento\" \/>\n<meta property=\"og:description\" content=\"Implementa un plug-in per recensioni reattivo sul tuo sito Web Magento e guadagna piena fiducia. Utilizza la demo facile da usare di Elfsight per modellare la tua funzionalit\u00e0 personalizzata.\" \/>\n<meta property=\"og:url\" content=\"https:\/\/elfsight.com\/it\/all-in-one-reviews-widget\/magento\/\" \/>\n<meta property=\"og:site_name\" content=\"Elfsight IT\" \/>\n<meta property=\"article:modified_time\" content=\"2024-11-12T08:04:03+00:00\" \/>\n<meta name=\"twitter:card\" content=\"summary_large_image\" \/>\n<meta name=\"twitter:label1\" content=\"Tempo di lettura stimato\" \/>\n\t<meta name=\"twitter:data1\" content=\"3 minuti\" \/>\n<!-- \/ Yoast SEO plugin. -->","yoast_head_json":{"title":"Aggiungi un'estensione reattiva per recensioni all-in-one al tuo sito web Magento","description":"Implementa un plug-in per recensioni reattivo sul tuo sito Web Magento e guadagna piena fiducia. Utilizza la demo facile da usare di Elfsight per modellare la tua funzionalit\u00e0 personalizzata.","robots":{"index":"index","follow":"follow","max-snippet":"max-snippet:-1","max-image-preview":"max-image-preview:large","max-video-preview":"max-video-preview:-1"},"canonical":"https:\/\/elfsight.com\/it\/all-in-one-reviews-widget\/magento\/","og_locale":"it_IT","og_type":"article","og_title":"Aggiungi un'estensione reattiva per recensioni all-in-one al tuo sito web Magento","og_description":"Implementa un plug-in per recensioni reattivo sul tuo sito Web Magento e guadagna piena fiducia. Utilizza la demo facile da usare di Elfsight per modellare la tua funzionalit\u00e0 personalizzata.","og_url":"https:\/\/elfsight.com\/it\/all-in-one-reviews-widget\/magento\/","og_site_name":"Elfsight IT","article_modified_time":"2024-11-12T08:04:03+00:00","twitter_card":"summary_large_image","twitter_misc":{"Tempo di lettura stimato":"3 minuti"},"schema":{"@context":"https:\/\/schema.org","@graph":[{"@type":"WebPage","@id":"https:\/\/elfsight.com\/it\/all-in-one-reviews-widget\/magento\/","url":"https:\/\/elfsight.com\/it\/all-in-one-reviews-widget\/magento\/","name":"Aggiungi un'estensione reattiva per recensioni all-in-one al tuo sito web Magento","isPartOf":{"@id":"https:\/\/elfsight.com\/it\/#website"},"datePublished":"2024-05-03T06:27:18+00:00","dateModified":"2024-11-12T08:04:03+00:00","description":"Implementa un plug-in per recensioni reattivo sul tuo sito Web Magento e guadagna piena fiducia. Utilizza la demo facile da usare di Elfsight per modellare la tua funzionalit\u00e0 personalizzata.","breadcrumb":{"@id":"https:\/\/elfsight.com\/it\/all-in-one-reviews-widget\/magento\/#breadcrumb"},"inLanguage":"it-IT","potentialAction":[{"@type":"ReadAction","target":["https:\/\/elfsight.com\/it\/all-in-one-reviews-widget\/magento\/"]}]},{"@type":"BreadcrumbList","@id":"https:\/\/elfsight.com\/it\/all-in-one-reviews-widget\/magento\/#breadcrumb","itemListElement":[{"@type":"ListItem","position":1,"name":"Home","item":"https:\/\/elfsight.com\/it\/"},{"@type":"ListItem","position":2,"name":"All-in-One Reviews","item":"https:\/\/elfsight.com\/it\/all-in-one-reviews-widget\/"},{"@type":"ListItem","position":3,"name":"All-in-One Reviews &#8211; Magento"}]},{"@type":"WebSite","@id":"https:\/\/elfsight.com\/it\/#website","url":"https:\/\/elfsight.com\/it\/","name":"Elfsight IT","description":"Just another Elfsight Sites site","potentialAction":[{"@type":"SearchAction","target":{"@type":"EntryPoint","urlTemplate":"https:\/\/elfsight.com\/it\/?s={search_term_string}"},"query-input":{"@type":"PropertyValueSpecification","valueRequired":true,"valueName":"search_term_string"}}],"inLanguage":"it-IT"}]}},"meta_box":{"industry":"","seo_heading":"","heading":"","description":"","cta_heading":"","cta_description":"","application":"1071","h1":"Estensione per recensioni Magento All-in-One","h1_caption":"Raccogli e mostra recensioni da pi\u00f9 piattaforme come Google, Facebook e Yelp in un'unica estensione per creare fiducia e credibilit\u00e0 nel tuo sito web Magento senza sforzo.","application_category":[],"applications_title":"","applications_request_title":"","applications_request_button_text":"","hero_text":"","hero_video":"","hero_video_schema_markup":"","selling_points_title":"","selling_points_caption":"","selling_points":[],"selling_points_cta_text":"","features_title":"","features":"","ed_cta_examples_text":"","ed_cta_examples_hidden":"","ed_cta_demo_text":"","ed_cta_demo_hidden":"","why_caption":"","why_editor_title":"","why_editor_text":"","why_team_title":"","why_team_text":"","why_service_title":"","why_service_text":"","template_catalog_visible":"","template_catalog_title":"","template_catalog_text":"","template_catalog_categories_visible":"","demo_title":"Crea la tua estensione per le recensioni tutto in uno","demo_caption":"Configura le tue recensioni All-in-One e aggiungile gratuitamente al tuo sito Magento!","default_faq_hidden":"","app_template_category":[],"platform":"39","template_public_id":"","codecanyon_url":"","codecanyon_item_id":"","codecanyon_price":"","pricing_caption":"","pricing_elfsight_apps_hide_column":"","pricing_elfsight_apps_url":"","pricing_codecanyon_price_caption":"","integration_category":[],"integration_request_title":"","integration_request_cta":"","integration_platform":"","integrations":[],"platform_category":[],"video_schema_markup":"","price":"da $ 0 al mese","trial":"","benefits":[{"text":"Assistenza per l'installazione gratuita"},{"text":"Servizio clienti efficace"},{"text":"Garanzia di rimborso di 14 giorni"},{"text":"Aggiornamenti continui"}],"button_url":"#demo","button_target_blank":"","button_nofollow":"","attributes":[{"name":"Installazioni"},{"name":"Reattivo","content":"Progettazione adattiva"},{"name":"Browser compatibili","content":"Edge, Safari, Chrome, Firefox, Opera"}],"tags":[],"tags_disable_links":"","hide_more_platforms":"","video_object":"","demo_hide_cta":"","demo_hide_cloud_options":"","pricing_title":"","pricing":[{"pricing_icon":"platform","pricing_title":"Elfsight Apps","pricing_title_caption":"Soluzione multipiattaforma adatta a qualsiasi sito","pricing_price":"da $ 0 \/ mese","pricing_price_caption":"inizia con un piano gratuito","pricing_benefits":[{"text":"Domini illimitati"},{"text":"Assistenza clienti gratuita e ben documentata"},{"text":"Aiuto gratuito per l'installazione"},{"text":"Progettazione flessibile"}],"pricing_button_text":"Aggiungi al sito web","pricing_button_url":"#demo"}],"related_apps_title":"","related_apps_hidden":"","author":"","image":[],"title":"","job":"","social_networks":[]},"_links":{"self":[{"href":"https:\/\/elfsight.com\/it\/wp-json\/wp\/v2\/pages\/3469","targetHints":{"allow":["GET"]}}],"collection":[{"href":"https:\/\/elfsight.com\/it\/wp-json\/wp\/v2\/pages"}],"about":[{"href":"https:\/\/elfsight.com\/it\/wp-json\/wp\/v2\/types\/page"}],"author":[{"embeddable":true,"href":"https:\/\/elfsight.com\/it\/wp-json\/wp\/v2\/users\/9"}],"replies":[{"embeddable":true,"href":"https:\/\/elfsight.com\/it\/wp-json\/wp\/v2\/comments?post=3469"}],"version-history":[{"count":1,"href":"https:\/\/elfsight.com\/it\/wp-json\/wp\/v2\/pages\/3469\/revisions"}],"predecessor-version":[{"id":3473,"href":"https:\/\/elfsight.com\/it\/wp-json\/wp\/v2\/pages\/3469\/revisions\/3473"}],"up":[{"embeddable":true,"href":"https:\/\/elfsight.com\/it\/wp-json\/wp\/v2\/pages\/1072"}],"wp:attachment":[{"href":"https:\/\/elfsight.com\/it\/wp-json\/wp\/v2\/media?parent=3469"}],"curies":[{"name":"wp","href":"https:\/\/api.w.org\/{rel}","templated":true}]}}