{"id":3466,"date":"2024-05-03T06:27:15","date_gmt":"2024-05-03T06:27:15","guid":{"rendered":"https:\/\/elfsight.com\/it\/?page_id=3466"},"modified":"2024-11-12T08:03:53","modified_gmt":"2024-11-12T08:03:53","slug":"opencart","status":"publish","type":"page","link":"https:\/\/elfsight.com\/it\/all-in-one-reviews-widget\/opencart\/","title":{"rendered":"All-in-One Reviews &#8211; OpenCart"},"content":{"rendered":"<div class=\"application-platform-content-item-description application-platform-content-item\" id=\"description\" data-nav-section=\"description\"> <h2>Descrizione<\/h2> <p>Elfsight All-in-One Reviews \u00e8 uno strumento utile per OpenCart che ti d\u00e0 la possibilit\u00e0 di dimostrare tutto recensioni sulla tua attivit\u00e0 direttamente sulla tua pagina web da tutti i pi\u00f9 noti siti di recensioni. Utilizzando il nostro widget, potrai utilizzare filtri per nascondere i commenti indesiderati, vantare la tua valutazione e i numeri dal tuo account su qualsiasi pagina web di recensioni aziendali, aggiungere informazioni sugli autori delle recensioni e aggiungere un affascinante pulsante CTA che ispirer\u00e0 i visitatori del sito a pubblicare la loro recensione. Lo strumento Elfsight Reviews pu\u00f2 aiutarti a rivelare le tue impressionanti prove sociali sulla pagina web e iniziare ad avere pi\u00f9 vendite. <\/p> <p><b>Aumenta le vendite esponendo la tua ottima valutazione<\/b><\/p> <\/div> <div class=\"application-platform-content-item-features application-platform-content-item\" id=\"features\" data-nav-section=\"features\"> <h2>Le funzionalit\u00e0 dei widget pi\u00f9 popolari contengono<\/h2> <ul><li>Intestazione modificabile dell&#8217;estensione<\/li><li>Un&#8217;opzione per aggiungere il pulsante &#8220;Scrivi recensione&#8221; per reindirizzare sulla tua pagina<\/li><li>Uno stile straordinario \u00e8 a portata di clic<\/li><li>Elementi disegnabili dell&#8217;interfaccia<\/li><li>Dettagli massimi per la generazione di fiducia<\/li><\/ul><p><a href=\"#demo\">Puoi scoprire la funzionalit\u00e0 completa del widget nel demo di seguito<\/a><\/p> <\/div> <div class=\"application-platform-content-item-installation application-platform-content-item\" id=\"installation\" data-nav-section=\"installation\"> <h2>Come posso incorporare recensioni all-in-one nel mio sito OpenCart? <\/h2> <p>Segui semplicemente questi passaggi descritti di seguito per incorporare il plugin. <\/p> <ol><li><b>Utilizza il nostro configuratore gratuito e inizia a creare la tua estensione personalizzata. <\/b><br> Scegli l&#8217;aspetto e i parametri personalizzati dell&#8217;estensione e salva tutte le modifiche. <\/li> <li><b>Ricevi il tuo codice personale che appare nel box su Elfsight Apps. <\/b><br> Una volta completata la personalizzazione della tua estensione personale, copia il codice personale nel popup visualizzato e salvalo per un ulteriore utilizzo. <\/li> <li><b>Inizia a utilizzare l&#8217;estensione sulla pagina Web OpenCart. <\/b><br> Incolla il codice copiato in precedenza nel tuo sito web e salva le modifiche. <\/li> <li><b>L&#8217;installazione \u00e8 stata eseguita con successo. <\/b><br> Visita la tua pagina web per dare un&#8217;occhiata al funzionamento dell&#8217;estensione.<\/li><\/ol><p>A condizione di affrontare domande o riscontrare problemi, non esitare a rivolgerti al nostro cliente squadra di servizio. I nostri specialisti sono ansiosi di risolvere tutte le difficolt\u00e0 che potresti avere con il widget. <\/p> <div class=\"faq\" data-component=\"FAQ\"> <div class=\"faq-item\">\r\n\t\t\t\t\t<div class=\"faq-item-question\">\r\n\t\t\t\t\t\t<h3 class=\"faq-item-question-text\">Come posso aggiungere recensioni All-in-one al mio sito Web OpenCart senza competenze di codifica?<\/h3>\r\n\r\n\t\t\t\t\t\t<div class=\"faq-item-question-icon\"><\/div>\r\n\t\t\t\t\t<\/div>\r\n\r\n\t\t\t\t\t<div class=\"faq-item-answer\">\r\n\t\t\t\t\t\t<div class=\"faq-item-answer-text\"> <p>Elfsight fornisce una soluzione SaaS che ti consente di creare un All-in-one Widget di recensioni tu stesso, scopri quanto \u00e8 semplice il processo: lavora direttamente nell&#8217;editor online per creare un widget di recensioni tutto in uno che vorresti vedere sul tuo sito web OpenCart. Scegli uno dei modelli predefiniti e regola le impostazioni delle recensioni all-in-one, aggiungi i tuoi contenuti, modifica il layout e i colori senza competenze di codifica. Salva le recensioni All-in-one e copia il codice di installazione, che potrai facilmente incollare nel tuo sito OpenCart senza la necessit\u00e0 di acquistare un piano a pagamento. Con il nostro editor intuitivo qualsiasi utente di Internet pu\u00f2 creare widget di recensioni tutto in uno online e incorporarlo facilmente nel proprio sito Web OpenCart. Non \u00e8 necessario pagare o inserire le credenziali della carta per accedere al servizio. In caso di problemi in qualsiasi momento, non esitate a contattare il nostro team di supporto tecnico.<\/p> <\/div>\r\n\t\t\t\t\t<\/div>\r\n\t\t\t\t<\/div> <\/div> <\/div>","protected":false},"excerpt":{"rendered":"","protected":false},"author":9,"featured_media":0,"parent":1072,"menu_order":0,"comment_status":"closed","ping_status":"closed","template":"templates\/template-application-platform.php","meta":{"publish_to_discourse":"","publish_post_category":"","wpdc_auto_publish_overridden":"","wpdc_topic_tags":"","wpdc_pin_topic":"","wpdc_pin_until":"","discourse_post_id":"","discourse_permalink":"","wpdc_publishing_response":"","wpdc_publishing_error":"","footnotes":""},"class_list":["post-3466","page","type-page","status-publish","hentry"],"yoast_head":"<!-- This site is optimized with the Yoast SEO plugin v25.3.1 - https:\/\/yoast.com\/wordpress\/plugins\/seo\/ -->\n<title>Aggiungi un&#039;estensione reattiva per recensioni all-in-one al tuo sito Web OpenCart<\/title>\n<meta name=\"description\" content=\"Incorpora un widget Recensioni reattivo sul tuo sito OpenCart e ottieni la massima fiducia. Applica la demo facile da usare di Elfsight per creare la tua funzionalit\u00e0 personalizzata.\" \/>\n<meta name=\"robots\" content=\"index, follow, max-snippet:-1, max-image-preview:large, max-video-preview:-1\" \/>\n<link rel=\"canonical\" href=\"https:\/\/elfsight.com\/it\/all-in-one-reviews-widget\/opencart\/\" \/>\n<meta property=\"og:locale\" content=\"it_IT\" \/>\n<meta property=\"og:type\" content=\"article\" \/>\n<meta property=\"og:title\" content=\"Aggiungi un&#039;estensione reattiva per recensioni all-in-one al tuo sito Web OpenCart\" \/>\n<meta property=\"og:description\" content=\"Incorpora un widget Recensioni reattivo sul tuo sito OpenCart e ottieni la massima fiducia. Applica la demo facile da usare di Elfsight per creare la tua funzionalit\u00e0 personalizzata.\" \/>\n<meta property=\"og:url\" content=\"https:\/\/elfsight.com\/it\/all-in-one-reviews-widget\/opencart\/\" \/>\n<meta property=\"og:site_name\" content=\"Elfsight IT\" \/>\n<meta property=\"article:modified_time\" content=\"2024-11-12T08:03:53+00:00\" \/>\n<meta name=\"twitter:card\" content=\"summary_large_image\" \/>\n<meta name=\"twitter:label1\" content=\"Tempo di lettura stimato\" \/>\n\t<meta name=\"twitter:data1\" content=\"3 minuti\" \/>\n<!-- \/ Yoast SEO plugin. -->","yoast_head_json":{"title":"Aggiungi un'estensione reattiva per recensioni all-in-one al tuo sito Web OpenCart","description":"Incorpora un widget Recensioni reattivo sul tuo sito OpenCart e ottieni la massima fiducia. Applica la demo facile da usare di Elfsight per creare la tua funzionalit\u00e0 personalizzata.","robots":{"index":"index","follow":"follow","max-snippet":"max-snippet:-1","max-image-preview":"max-image-preview:large","max-video-preview":"max-video-preview:-1"},"canonical":"https:\/\/elfsight.com\/it\/all-in-one-reviews-widget\/opencart\/","og_locale":"it_IT","og_type":"article","og_title":"Aggiungi un'estensione reattiva per recensioni all-in-one al tuo sito Web OpenCart","og_description":"Incorpora un widget Recensioni reattivo sul tuo sito OpenCart e ottieni la massima fiducia. Applica la demo facile da usare di Elfsight per creare la tua funzionalit\u00e0 personalizzata.","og_url":"https:\/\/elfsight.com\/it\/all-in-one-reviews-widget\/opencart\/","og_site_name":"Elfsight IT","article_modified_time":"2024-11-12T08:03:53+00:00","twitter_card":"summary_large_image","twitter_misc":{"Tempo di lettura stimato":"3 minuti"},"schema":{"@context":"https:\/\/schema.org","@graph":[{"@type":"WebPage","@id":"https:\/\/elfsight.com\/it\/all-in-one-reviews-widget\/opencart\/","url":"https:\/\/elfsight.com\/it\/all-in-one-reviews-widget\/opencart\/","name":"Aggiungi un'estensione reattiva per recensioni all-in-one al tuo sito Web OpenCart","isPartOf":{"@id":"https:\/\/elfsight.com\/it\/#website"},"datePublished":"2024-05-03T06:27:15+00:00","dateModified":"2024-11-12T08:03:53+00:00","description":"Incorpora un widget Recensioni reattivo sul tuo sito OpenCart e ottieni la massima fiducia. Applica la demo facile da usare di Elfsight per creare la tua funzionalit\u00e0 personalizzata.","breadcrumb":{"@id":"https:\/\/elfsight.com\/it\/all-in-one-reviews-widget\/opencart\/#breadcrumb"},"inLanguage":"it-IT","potentialAction":[{"@type":"ReadAction","target":["https:\/\/elfsight.com\/it\/all-in-one-reviews-widget\/opencart\/"]}]},{"@type":"BreadcrumbList","@id":"https:\/\/elfsight.com\/it\/all-in-one-reviews-widget\/opencart\/#breadcrumb","itemListElement":[{"@type":"ListItem","position":1,"name":"Home","item":"https:\/\/elfsight.com\/it\/"},{"@type":"ListItem","position":2,"name":"All-in-One Reviews","item":"https:\/\/elfsight.com\/it\/all-in-one-reviews-widget\/"},{"@type":"ListItem","position":3,"name":"All-in-One Reviews &#8211; OpenCart"}]},{"@type":"WebSite","@id":"https:\/\/elfsight.com\/it\/#website","url":"https:\/\/elfsight.com\/it\/","name":"Elfsight IT","description":"Just another Elfsight Sites site","potentialAction":[{"@type":"SearchAction","target":{"@type":"EntryPoint","urlTemplate":"https:\/\/elfsight.com\/it\/?s={search_term_string}"},"query-input":{"@type":"PropertyValueSpecification","valueRequired":true,"valueName":"search_term_string"}}],"inLanguage":"it-IT"}]}},"meta_box":{"industry":"","seo_heading":"","heading":"","description":"","cta_heading":"","cta_description":"","application":"1071","h1":"Estensione per recensioni tutto in uno OpenCart","h1_caption":"Raccogli e mostra recensioni da pi\u00f9 piattaforme come Google, Facebook e Yelp in un'unica estensione per creare fiducia e credibilit\u00e0 nel tuo sito Web Opencart senza sforzo.","application_category":[],"applications_title":"","applications_request_title":"","applications_request_button_text":"","hero_text":"","hero_video":"","hero_video_schema_markup":"","selling_points_title":"","selling_points_caption":"","selling_points":[],"selling_points_cta_text":"","features_title":"","features":"","ed_cta_examples_text":"","ed_cta_examples_hidden":"","ed_cta_demo_text":"","ed_cta_demo_hidden":"","why_caption":"","why_editor_title":"","why_editor_text":"","why_team_title":"","why_team_text":"","why_service_title":"","why_service_text":"","template_catalog_visible":"","template_catalog_title":"","template_catalog_text":"","template_catalog_categories_visible":"","demo_title":"Crea la tua estensione per le recensioni tutto in uno","demo_caption":"Configura le tue recensioni tutto in uno e aggiungile gratuitamente al tuo sito Web OpenCart!","default_faq_hidden":"","app_template_category":[],"platform":"41","template_public_id":"","codecanyon_url":"","codecanyon_item_id":"","codecanyon_price":"","pricing_caption":"","pricing_elfsight_apps_hide_column":"","pricing_elfsight_apps_url":"","pricing_codecanyon_price_caption":"","integration_category":[],"integration_request_title":"","integration_request_cta":"","integration_platform":"","integrations":[],"platform_category":[],"video_schema_markup":"","price":"da $ 0 al mese","trial":"","benefits":[{"text":"Aiuto per l'installazione gratuito"},{"text":"Servizio clienti professionale"},{"text":"Garanzia di rimborso di 14 giorni"},{"text":"Sviluppo continuo"}],"button_url":"#demo","button_target_blank":"","button_nofollow":"","attributes":[{"name":"Installazioni"},{"name":"Reattivo","content":"S\u00cc"},{"name":"Browser compatibili","content":"Firefox, Safari, Opera, Chrome, Edge"}],"tags":[],"tags_disable_links":"","hide_more_platforms":"","video_object":"","demo_hide_cta":"","demo_hide_cloud_options":"","pricing_title":"","pricing":[{"pricing_icon":"platform","pricing_title":"Elfsight Apps","pricing_title_caption":"Soluzione digitale multipiattaforma","pricing_price":"da $ 0 \/ mese","pricing_price_caption":"inizia con il piano gratuito","pricing_benefits":[{"text":"Siti web illimitati"},{"text":"Supporto aziendale veloce"},{"text":"Servizio di installazione gratuito"},{"text":"Progettazione flessibile"}],"pricing_button_text":"Aggiungi al sito web","pricing_button_url":"#demo"}],"related_apps_title":"","related_apps_hidden":"","author":"","image":[],"title":"","job":"","social_networks":[]},"_links":{"self":[{"href":"https:\/\/elfsight.com\/it\/wp-json\/wp\/v2\/pages\/3466","targetHints":{"allow":["GET"]}}],"collection":[{"href":"https:\/\/elfsight.com\/it\/wp-json\/wp\/v2\/pages"}],"about":[{"href":"https:\/\/elfsight.com\/it\/wp-json\/wp\/v2\/types\/page"}],"author":[{"embeddable":true,"href":"https:\/\/elfsight.com\/it\/wp-json\/wp\/v2\/users\/9"}],"replies":[{"embeddable":true,"href":"https:\/\/elfsight.com\/it\/wp-json\/wp\/v2\/comments?post=3466"}],"version-history":[{"count":1,"href":"https:\/\/elfsight.com\/it\/wp-json\/wp\/v2\/pages\/3466\/revisions"}],"predecessor-version":[{"id":3470,"href":"https:\/\/elfsight.com\/it\/wp-json\/wp\/v2\/pages\/3466\/revisions\/3470"}],"up":[{"embeddable":true,"href":"https:\/\/elfsight.com\/it\/wp-json\/wp\/v2\/pages\/1072"}],"wp:attachment":[{"href":"https:\/\/elfsight.com\/it\/wp-json\/wp\/v2\/media?parent=3466"}],"curies":[{"name":"wp","href":"https:\/\/api.w.org\/{rel}","templated":true}]}}