{"id":3461,"date":"2024-05-03T06:27:14","date_gmt":"2024-05-03T06:27:14","guid":{"rendered":"https:\/\/elfsight.com\/it\/?page_id=3461"},"modified":"2026-01-14T12:14:12","modified_gmt":"2026-01-14T12:14:12","slug":"shopify","status":"publish","type":"page","link":"https:\/\/elfsight.com\/it\/all-in-one-reviews-widget\/shopify\/","title":{"rendered":"All-in-One Reviews &#8211; Shopify"},"content":{"rendered":"\n<div class=\"application-platform-content-item-description application-platform-content-item\" id=\"description\" data-nav-section=\"description\"> <h2>Incorpora recensioni tutto-in-uno su Shopify con il widget Elfsight<\/h2> <p>Elfsight All-in-One Reviews \u00e8 un pratica app per Shopify che ti d\u00e0 la possibilit\u00e0 di rivelare tutte le recensioni sulle tue offerte direttamente sul tuo sito da tutti i siti di recensioni pi\u00f9 popolari. Facendo uso del nostro plugin, potrai utilizzare filtri per nascondere i commenti indesiderati, vantare la tua valutazione in stelle e i numeri dalla tua pagina su qualsiasi sito Web di recensioni, aggiungere informazioni sui creatori delle recensioni e aggiungere un affascinante pulsante CTA che guider\u00e0 il sito i visitatori a pubblicare la loro recensione. Il widget Elfsight pu\u00f2 aiutarti a vantare la tua notevole prova sociale sul sito web e iniziare a ottenere pi\u00f9 vendite. <\/p> <p><b>Aumenta le vendite mostrando la tua valutazione eccezionale<\/b><\/p> <\/div> <div class=\"application-platform-content-item-features application-platform-content-item\" id=\"features\" data-nav-section=\"features\"> <h2>Le funzionalit\u00e0 del widget pi\u00f9 popolari contengono<\/h2> <ul><li>Un&#8217;opzione per attivare\/disattivare l&#8217;intestazione dell&#8217;app<\/li><li>Un&#8217;opzione per mostrare il pulsante di richiesta per reindirizzare sulla tua pagina<\/li><li>Lo stile ammirevole \u00e8 a portata di clic<\/li><li>Elementi disegnabili dell&#8217;interfaccia<\/li><li>Dettagli massimi per aumentare la fiducia<\/li><\/ul><p><a href=\"#demo\">Prova questa demo per ottenere il idea completa<\/a><\/p> <\/div> <div class=\"application-platform-content-item-installation application-platform-content-item\" id=\"installation\" data-nav-section=\"installation\"> <h2>Come aggiungere recensioni tutto in uno nel mio sito Shopify? <\/h2> <div class=\"video-container\">\n<iframe width=\"720\" height=\"405\" src=\"https:\/\/www.youtube.com\/embed\/WFvu2Wz_4B4?si=thCrDQQ34yRday4X\" frameborder=\"0\" allowfullscreen=\"\"><\/iframe>\n<\/div><p>Basta seguire le linee guida seguenti per integrare l&#8217;app. <\/p> <ol><li><b>Esegui la nostra demo gratuita e inizia a creare la tua app personalizzata. <\/b><br> Scegli la forma selezionata e le caratteristiche funzionali dell&#8217;app e salva tutte le correzioni. <\/li> <li><b>Ricevi il tuo codice personale mostrato nella casella sulle app Elfsight. <\/b><br> Una volta completata la personalizzazione della tua app personale, copia il codice nella finestra visualizzata e conservalo per necessit\u00e0 successive. <\/li> <li><b>Inizia a utilizzare l&#8217;app sulla tua pagina web Shopify. <\/b><br> Inserisci il codice salvato di recente nella tua pagina web e salva le modifiche. <\/li> <li><b>Fatto! L&#8217;integrazione \u00e8 completamente eseguita. <\/b><br> Apri la tua pagina web per verificare il funzionamento dell&#8217;app. <\/li><\/ol><p>Se dovessi affrontare domande o incontrare qualche difficolt\u00e0, non esitare a scrivere al nostro team di assistenza clienti. I nostri specialisti saranno entusiasti di aiutarti con tutti i problemi che potresti riscontrare con il plugin. <\/p> <div class=\"faq\" data-component=\"FAQ\"> <div class=\"faq-item\">\r\n\t\t\t\t\t<div class=\"faq-item-question\">\r\n\t\t\t\t\t\t<h3 class=\"faq-item-question-text\">Come aggiungere recensioni tutto in uno al mio sito Web Shopify senza competenze di codifica?<\/h3>\r\n\r\n\t\t\t\t\t\t<div class=\"faq-item-question-icon\"><\/div>\r\n\t\t\t\t\t<\/div>\r\n\r\n\t\t\t\t\t<div class=\"faq-item-answer\">\r\n\t\t\t\t\t\t<div class=\"faq-item-answer-text\"> <p>Elfsight fornisce una soluzione SaaS che ti consente di creare recensioni tutto in uno widget tu stesso, scopri quanto \u00e8 semplice il processo: lavora direttamente nell&#8217;editor online per creare un widget di recensioni tutto in uno che vorresti vedere sul tuo sito web Shopify. Scegli uno dei modelli predefiniti e regola le impostazioni delle recensioni all-in-one, aggiungi i tuoi contenuti, modifica il layout e la combinazione di colori senza alcuna competenza di codifica. Salva le recensioni All-in-one e copia il codice di installazione, che potrai includere facilmente nel tuo sito Shopify senza dover acquistare un piano a pagamento. Con il nostro editor intuitivo qualsiasi utente di Internet pu\u00f2 creare widget di recensioni tutto in uno online e incorporarlo facilmente nel proprio sito Web Shopify. Non \u00e8 necessario pagare o inserire le credenziali della carta per accedere al servizio. In caso di problemi in qualsiasi momento, non esitare a contattare il nostro team di supporto tecnico.<\/p> <\/div>\r\n\t\t\t\t\t<\/div>\r\n\t\t\t\t<\/div> <\/div> <p>Leggi l&#8217;articolo per ulteriori informazioni su <a href=\"https:\/\/elfsight.com\/blog\/how-to-add-customer-reviews-to-shopify-for-free\/\" target=\"_blank\" rel=\"noopener\">aggiunta di recensioni ai siti web Shopify<\/a>.<\/p> <\/div>\n","protected":false},"excerpt":{"rendered":"","protected":false},"author":9,"featured_media":0,"parent":1072,"menu_order":0,"comment_status":"closed","ping_status":"closed","template":"templates\/template-application-platform.php","meta":{"publish_to_discourse":"","publish_post_category":"","wpdc_auto_publish_overridden":"","wpdc_topic_tags":"","wpdc_pin_topic":"","wpdc_pin_until":"","discourse_post_id":"","discourse_permalink":"","wpdc_publishing_response":"","wpdc_publishing_error":"","footnotes":""},"class_list":["post-3461","page","type-page","status-publish","hentry"],"yoast_head":"<!-- This site is optimized with the Yoast SEO plugin v25.3.1 - https:\/\/yoast.com\/wordpress\/plugins\/seo\/ -->\n<title>Aggiungi un widget reattivo per le recensioni tutto in uno alla tua app Shopify<\/title>\n<meta name=\"description\" content=\"Incorpora un widget reattivo per le recensioni tutto in uno sul tuo sito web Shopify e guadagna la massima fiducia. Utilizza la pratica demo di Elfsight per creare il tuo strumento unico.\" \/>\n<meta name=\"robots\" content=\"index, follow, max-snippet:-1, max-image-preview:large, max-video-preview:-1\" \/>\n<link rel=\"canonical\" href=\"https:\/\/elfsight.com\/it\/all-in-one-reviews-widget\/shopify\/\" \/>\n<meta property=\"og:locale\" content=\"it_IT\" \/>\n<meta property=\"og:type\" content=\"article\" \/>\n<meta property=\"og:title\" content=\"Aggiungi un widget reattivo per le recensioni tutto in uno alla tua app Shopify\" \/>\n<meta property=\"og:description\" content=\"Incorpora un widget reattivo per le recensioni tutto in uno sul tuo sito web Shopify e guadagna la massima fiducia. Utilizza la pratica demo di Elfsight per creare il tuo strumento unico.\" \/>\n<meta property=\"og:url\" content=\"https:\/\/elfsight.com\/it\/all-in-one-reviews-widget\/shopify\/\" \/>\n<meta property=\"og:site_name\" content=\"Elfsight IT\" \/>\n<meta property=\"article:modified_time\" content=\"2026-01-14T12:14:12+00:00\" \/>\n<meta name=\"twitter:card\" content=\"summary_large_image\" \/>\n<meta name=\"twitter:label1\" content=\"Tempo di lettura stimato\" \/>\n\t<meta name=\"twitter:data1\" content=\"3 minuti\" \/>\n<!-- \/ Yoast SEO plugin. -->","yoast_head_json":{"title":"Aggiungi un widget reattivo per le recensioni tutto in uno alla tua app Shopify","description":"Incorpora un widget reattivo per le recensioni tutto in uno sul tuo sito web Shopify e guadagna la massima fiducia. Utilizza la pratica demo di Elfsight per creare il tuo strumento unico.","robots":{"index":"index","follow":"follow","max-snippet":"max-snippet:-1","max-image-preview":"max-image-preview:large","max-video-preview":"max-video-preview:-1"},"canonical":"https:\/\/elfsight.com\/it\/all-in-one-reviews-widget\/shopify\/","og_locale":"it_IT","og_type":"article","og_title":"Aggiungi un widget reattivo per le recensioni tutto in uno alla tua app Shopify","og_description":"Incorpora un widget reattivo per le recensioni tutto in uno sul tuo sito web Shopify e guadagna la massima fiducia. Utilizza la pratica demo di Elfsight per creare il tuo strumento unico.","og_url":"https:\/\/elfsight.com\/it\/all-in-one-reviews-widget\/shopify\/","og_site_name":"Elfsight IT","article_modified_time":"2026-01-14T12:14:12+00:00","twitter_card":"summary_large_image","twitter_misc":{"Tempo di lettura stimato":"3 minuti"},"schema":{"@context":"https:\/\/schema.org","@graph":[{"@type":"WebPage","@id":"https:\/\/elfsight.com\/it\/all-in-one-reviews-widget\/shopify\/","url":"https:\/\/elfsight.com\/it\/all-in-one-reviews-widget\/shopify\/","name":"Aggiungi un widget reattivo per le recensioni tutto in uno alla tua app Shopify","isPartOf":{"@id":"https:\/\/elfsight.com\/it\/#website"},"datePublished":"2024-05-03T06:27:14+00:00","dateModified":"2026-01-14T12:14:12+00:00","description":"Incorpora un widget reattivo per le recensioni tutto in uno sul tuo sito web Shopify e guadagna la massima fiducia. Utilizza la pratica demo di Elfsight per creare il tuo strumento unico.","breadcrumb":{"@id":"https:\/\/elfsight.com\/it\/all-in-one-reviews-widget\/shopify\/#breadcrumb"},"inLanguage":"it-IT","potentialAction":[{"@type":"ReadAction","target":["https:\/\/elfsight.com\/it\/all-in-one-reviews-widget\/shopify\/"]}]},{"@type":"BreadcrumbList","@id":"https:\/\/elfsight.com\/it\/all-in-one-reviews-widget\/shopify\/#breadcrumb","itemListElement":[{"@type":"ListItem","position":1,"name":"Home","item":"https:\/\/elfsight.com\/it\/"},{"@type":"ListItem","position":2,"name":"All-in-One Reviews","item":"https:\/\/elfsight.com\/it\/all-in-one-reviews-widget\/"},{"@type":"ListItem","position":3,"name":"All-in-One Reviews &#8211; Shopify"}]},{"@type":"WebSite","@id":"https:\/\/elfsight.com\/it\/#website","url":"https:\/\/elfsight.com\/it\/","name":"Elfsight IT","description":"Just another Elfsight Sites site","potentialAction":[{"@type":"SearchAction","target":{"@type":"EntryPoint","urlTemplate":"https:\/\/elfsight.com\/it\/?s={search_term_string}"},"query-input":{"@type":"PropertyValueSpecification","valueRequired":true,"valueName":"search_term_string"}}],"inLanguage":"it-IT"}]}},"meta_box":{"industry":"","seo_heading":"","heading":"","description":"","cta_heading":"","cta_description":"","application":"1071","h1":"App Shopify All-in-One per le recensioni","h1_caption":"Raccogli e mostra recensioni da pi\u00f9 piattaforme come Google, Facebook e Yelp in un'unica app per creare fiducia e credibilit\u00e0 nel tuo sito web Shopify senza sforzo.","application_category":[],"applications_title":"","applications_request_title":"","applications_request_button_text":"","hero_text":"","hero_video":"","hero_video_schema_markup":"","selling_points_title":"","selling_points_caption":"","selling_points":[],"selling_points_cta_text":"","features_title":"","features":"","ed_cta_examples_text":"","ed_cta_examples_hidden":"","ed_cta_demo_text":"","ed_cta_demo_hidden":"","why_caption":"","why_editor_title":"","why_editor_text":"","why_team_title":"","why_team_text":"","why_service_title":"","why_service_text":"","template_catalog_visible":"0","template_catalog_title":"","template_catalog_text":"","template_catalog_categories_visible":"","demo_title":"Crea la tua app di recensioni tutto in uno","demo_caption":"Configura le tue recensioni tutto in uno e aggiungile gratuitamente al tuo sito web Shopify!","default_faq_hidden":"","app_template_category":[],"platform":"42","template_public_id":"","codecanyon_url":"","codecanyon_item_id":"","codecanyon_price":"","pricing_caption":"","pricing_elfsight_apps_hide_column":"","pricing_elfsight_apps_url":"","pricing_codecanyon_price_caption":"","integration_category":[],"integration_request_title":"","integration_request_cta":"","integration_platform":"","integrations":[],"platform_category":[],"video_schema_markup":"","price":"da $ 0 \/ mese","trial":"","benefits":[{"text":"Servizio di installazione gratuito"},{"text":"Supporto premium"},{"text":"Garanzia di rimborso di 14 giorni"},{"text":"Aggiornamenti gratuiti continui"}],"button_url":"#demo","button_target_blank":"0","button_nofollow":"0","attributes":[{"name":"Installazioni"},{"name":"Reattivo","content":"S\u00cc"},{"name":"Browser compatibili","content":"IE11, Firefox, Safari, Opera, Chrome, Edge"}],"tags":[],"tags_disable_links":"0","hide_more_platforms":"0","video_object":"","demo_hide_cta":"0","demo_hide_cloud_options":"0","pricing_title":"","pricing":[{"pricing_icon":"platform","pricing_title":"Elfsight Apps","pricing_title_caption":"Versione multipiattaforma che funziona su qualsiasi sito web","pricing_price":"da $ 0 \/ mese","pricing_price_caption":"inizia con il piano gratuito","pricing_benefits":[{"text":"Siti web illimitati"},{"text":"Supporto premium"},{"text":"Servizio di installazione gratuito"},{"text":"Offerta speciale per pi\u00f9 app"}],"pricing_button_text":"Aggiungi al sito web","pricing_button_url":"#demo"}],"related_apps_title":"","related_apps_hidden":"0","author":"","image":[],"title":"","job":"","social_networks":[]},"_links":{"self":[{"href":"https:\/\/elfsight.com\/it\/wp-json\/wp\/v2\/pages\/3461","targetHints":{"allow":["GET"]}}],"collection":[{"href":"https:\/\/elfsight.com\/it\/wp-json\/wp\/v2\/pages"}],"about":[{"href":"https:\/\/elfsight.com\/it\/wp-json\/wp\/v2\/types\/page"}],"author":[{"embeddable":true,"href":"https:\/\/elfsight.com\/it\/wp-json\/wp\/v2\/users\/9"}],"replies":[{"embeddable":true,"href":"https:\/\/elfsight.com\/it\/wp-json\/wp\/v2\/comments?post=3461"}],"version-history":[{"count":3,"href":"https:\/\/elfsight.com\/it\/wp-json\/wp\/v2\/pages\/3461\/revisions"}],"predecessor-version":[{"id":10580,"href":"https:\/\/elfsight.com\/it\/wp-json\/wp\/v2\/pages\/3461\/revisions\/10580"}],"up":[{"embeddable":true,"href":"https:\/\/elfsight.com\/it\/wp-json\/wp\/v2\/pages\/1072"}],"wp:attachment":[{"href":"https:\/\/elfsight.com\/it\/wp-json\/wp\/v2\/media?parent=3461"}],"curies":[{"name":"wp","href":"https:\/\/api.w.org\/{rel}","templated":true}]}}