{"id":3460,"date":"2024-05-03T06:27:13","date_gmt":"2024-05-03T06:27:13","guid":{"rendered":"https:\/\/elfsight.com\/it\/?page_id=3460"},"modified":"2024-11-12T08:03:53","modified_gmt":"2024-11-12T08:03:53","slug":"squarespace","status":"publish","type":"page","link":"https:\/\/elfsight.com\/it\/all-in-one-reviews-widget\/squarespace\/","title":{"rendered":"All-in-One Reviews &#8211; Squarespace"},"content":{"rendered":"<div class=\"application-platform-content-item-description application-platform-content-item\" id=\"description\" data-nav-section=\"description\"> <h2>Incorpora recensioni all-in-one su Squarespace con il widget Elfsight<\/h2> <p>Elfsight All-in-One Reviews \u00e8 un pratico plugin per Squarespace che ti d\u00e0 l&#8217;opportunit\u00e0 di mostrare tutte le testimonianze della tua azienda direttamente sulla tua pagina web da tutte le piattaforme di recensione pi\u00f9 popolari. Applicando il nostro strumento, avrai l&#8217;opportunit\u00e0 di utilizzare filtri per nascondere i commenti indesiderati, esporre la tua valutazione in stelle e i numeri dal tuo profilo su qualsiasi sito Web di recensioni aziendali, aggiungere informazioni sugli autori delle recensioni e aggiungere un invito all&#8217;azione avvincente pulsante che ispirer\u00e0 gli utenti a pubblicare una nuova recensione. Il widget Elfsight Reviews \u00e8 l\u00ec per aiutarti a rivelare la tua grande prova sociale sul tuo sito web e iniziare ad acquisire nuovi acquisti. <\/p> <p><b>Aumenta le vendite esponendo la tua ottima valutazione<\/b><\/p> <\/div> <div class=\"application-platform-content-item-features application-platform-content-item\" id=\"features\" data-nav-section=\"features\"> <h2>Il widget ha funzionalit\u00e0 potenti e veloci, eccone alcune di questi: <\/h2> <ul><li>Intestazione commutabile del plugin<\/li><li>Un&#8217;opzione per aggiungere un pulsante di richiesta per reindirizzare sulla tua pagina<\/li><li>Lo stile eccezionale \u00e8 a portata di clic <\/li><li>Elementi disegnabili dell&#8217;interfaccia del widget<\/li><li>Dettagli massimi per creare fiducia<\/li><\/ul><p><a href=\"#demo\">Puoi esplorare come il widget funziona con l&#8217;aiuto della demo<\/a><\/p> <\/div> <div class=\"application-platform-content-item-installation application-platform-content-item\" id=\"installation\" data-nav-section=\"installation\"> <h2>Come faccio ad aggiungere recensioni all-in-one al mio sito web Squarespace? <\/h2> <p>Segui semplicemente i passaggi indicati di seguito per incorporare lo strumento. <\/p> <ol><li><b>Utilizza il nostro editor gratuito e inizia a costruire il tuo strumento. <\/b><br> Determina la forma e gli aspetti desiderati del plugin e salva le modifiche. <\/li> <li><b>Acquisisci il codice personale che appare nell&#8217;apposito modulo su Elfsight Apps. <\/b><br> Una volta completata la configurazione del tuo plugin personale, copia il codice personale dal box emerso e salvalo per ulteriori necessit\u00e0. <\/li> <li><b>Inizia a utilizzare il widget sulla pagina web di Squarespace. <\/b><br> Inserisci il codice salvato in precedenza nella tua home page e salva i miglioramenti. <\/li> <li><b>L&#8217;installazione \u00e8 stata completata con successo. <\/b><br> Vai alla tua pagina web per vedere in azione le prestazioni del widget. <\/li><\/ol> <p>A condizione di affrontare richieste o scontrarsi con eventuali ostacoli, non esitare a metterti in contatto con il nostro team di assistenza clienti. I nostri specialisti sono ansiosi di risolvere tutti i problemi che potresti riscontrare con il prodotto. <\/p><div class=\"faq\" data-component=\"FAQ\"> <div class=\"faq-item\">\r\n\t\t\t\t\t<div class=\"faq-item-question\">\r\n\t\t\t\t\t\t<h3 class=\"faq-item-question-text\">Come aggiungere recensioni tutto-in-uno al mio sito web Squarespace senza competenze di programmazione?<\/h3>\r\n\r\n\t\t\t\t\t\t<div class=\"faq-item-question-icon\"><\/div>\r\n\t\t\t\t\t<\/div>\r\n\r\n\t\t\t\t\t<div class=\"faq-item-answer\">\r\n\t\t\t\t\t\t<div class=\"faq-item-answer-text\"> <p>Elfsight fornisce una soluzione SaaS che ti consente di creare recensioni tutto-in-uno widget tu stesso, scopri quanto \u00e8 semplice il processo: lavora direttamente nell&#8217;editor online per creare un widget di recensioni tutto in uno che vorresti vedere sul tuo sito web Squarespace. Scegli uno dei modelli predefiniti e regola le impostazioni delle recensioni all-in-one, aggiungi i tuoi contenuti, modifica il layout e i colori senza alcuna competenza di codifica. Salva le recensioni All-in-one e copia il codice di installazione, che potrai includere nel tuo sito web Squarespace senza acquistare un abbonamento a pagamento. Con il nostro editor intuitivo qualsiasi utente di Internet pu\u00f2 creare widget di recensioni tutto in uno online e incorporarlo facilmente nel proprio sito web Squarespace. Non \u00e8 necessario pagare o inserire le credenziali della carta per accedere al servizio. In caso di problemi in qualsiasi momento, non esitate a contattare il nostro team di supporto tecnico.<\/p> <\/div>\r\n\t\t\t\t\t<\/div>\r\n\t\t\t\t<\/div> <\/div> <\/div>","protected":false},"excerpt":{"rendered":"","protected":false},"author":9,"featured_media":0,"parent":1072,"menu_order":0,"comment_status":"closed","ping_status":"closed","template":"templates\/template-application-platform.php","meta":{"publish_to_discourse":"","publish_post_category":"","wpdc_auto_publish_overridden":"","wpdc_topic_tags":"","wpdc_pin_topic":"","wpdc_pin_until":"","discourse_post_id":"","discourse_permalink":"","wpdc_publishing_response":"","wpdc_publishing_error":"","footnotes":""},"class_list":["post-3460","page","type-page","status-publish","hentry"],"yoast_head":"<!-- This site is optimized with the Yoast SEO plugin v25.3.1 - https:\/\/yoast.com\/wordpress\/plugins\/seo\/ -->\n<title>Aggiungi un widget di recensioni tutto in uno reattivo al tuo sito web Squarespace<\/title>\n<meta name=\"description\" content=\"Incorpora un plug-in reattivo per le recensioni sul tuo sito Squarespace e guadagna la massima fiducia. Utilizza la demo facile da usare di Elfsight per creare il tuo strumento personalizzato.\" \/>\n<meta name=\"robots\" content=\"index, follow, max-snippet:-1, max-image-preview:large, max-video-preview:-1\" \/>\n<link rel=\"canonical\" href=\"https:\/\/elfsight.com\/it\/all-in-one-reviews-widget\/squarespace\/\" \/>\n<meta property=\"og:locale\" content=\"it_IT\" \/>\n<meta property=\"og:type\" content=\"article\" \/>\n<meta property=\"og:title\" content=\"Aggiungi un widget di recensioni tutto in uno reattivo al tuo sito web Squarespace\" \/>\n<meta property=\"og:description\" content=\"Incorpora un plug-in reattivo per le recensioni sul tuo sito Squarespace e guadagna la massima fiducia. Utilizza la demo facile da usare di Elfsight per creare il tuo strumento personalizzato.\" \/>\n<meta property=\"og:url\" content=\"https:\/\/elfsight.com\/it\/all-in-one-reviews-widget\/squarespace\/\" \/>\n<meta property=\"og:site_name\" content=\"Elfsight IT\" \/>\n<meta property=\"article:modified_time\" content=\"2024-11-12T08:03:53+00:00\" \/>\n<meta name=\"twitter:card\" content=\"summary_large_image\" \/>\n<meta name=\"twitter:label1\" content=\"Tempo di lettura stimato\" \/>\n\t<meta name=\"twitter:data1\" content=\"3 minuti\" \/>\n<!-- \/ Yoast SEO plugin. -->","yoast_head_json":{"title":"Aggiungi un widget di recensioni tutto in uno reattivo al tuo sito web Squarespace","description":"Incorpora un plug-in reattivo per le recensioni sul tuo sito Squarespace e guadagna la massima fiducia. Utilizza la demo facile da usare di Elfsight per creare il tuo strumento personalizzato.","robots":{"index":"index","follow":"follow","max-snippet":"max-snippet:-1","max-image-preview":"max-image-preview:large","max-video-preview":"max-video-preview:-1"},"canonical":"https:\/\/elfsight.com\/it\/all-in-one-reviews-widget\/squarespace\/","og_locale":"it_IT","og_type":"article","og_title":"Aggiungi un widget di recensioni tutto in uno reattivo al tuo sito web Squarespace","og_description":"Incorpora un plug-in reattivo per le recensioni sul tuo sito Squarespace e guadagna la massima fiducia. Utilizza la demo facile da usare di Elfsight per creare il tuo strumento personalizzato.","og_url":"https:\/\/elfsight.com\/it\/all-in-one-reviews-widget\/squarespace\/","og_site_name":"Elfsight IT","article_modified_time":"2024-11-12T08:03:53+00:00","twitter_card":"summary_large_image","twitter_misc":{"Tempo di lettura stimato":"3 minuti"},"schema":{"@context":"https:\/\/schema.org","@graph":[{"@type":"WebPage","@id":"https:\/\/elfsight.com\/it\/all-in-one-reviews-widget\/squarespace\/","url":"https:\/\/elfsight.com\/it\/all-in-one-reviews-widget\/squarespace\/","name":"Aggiungi un widget di recensioni tutto in uno reattivo al tuo sito web Squarespace","isPartOf":{"@id":"https:\/\/elfsight.com\/it\/#website"},"datePublished":"2024-05-03T06:27:13+00:00","dateModified":"2024-11-12T08:03:53+00:00","description":"Incorpora un plug-in reattivo per le recensioni sul tuo sito Squarespace e guadagna la massima fiducia. Utilizza la demo facile da usare di Elfsight per creare il tuo strumento personalizzato.","breadcrumb":{"@id":"https:\/\/elfsight.com\/it\/all-in-one-reviews-widget\/squarespace\/#breadcrumb"},"inLanguage":"it-IT","potentialAction":[{"@type":"ReadAction","target":["https:\/\/elfsight.com\/it\/all-in-one-reviews-widget\/squarespace\/"]}]},{"@type":"BreadcrumbList","@id":"https:\/\/elfsight.com\/it\/all-in-one-reviews-widget\/squarespace\/#breadcrumb","itemListElement":[{"@type":"ListItem","position":1,"name":"Home","item":"https:\/\/elfsight.com\/it\/"},{"@type":"ListItem","position":2,"name":"All-in-One Reviews","item":"https:\/\/elfsight.com\/it\/all-in-one-reviews-widget\/"},{"@type":"ListItem","position":3,"name":"All-in-One Reviews &#8211; Squarespace"}]},{"@type":"WebSite","@id":"https:\/\/elfsight.com\/it\/#website","url":"https:\/\/elfsight.com\/it\/","name":"Elfsight IT","description":"Just another Elfsight Sites site","potentialAction":[{"@type":"SearchAction","target":{"@type":"EntryPoint","urlTemplate":"https:\/\/elfsight.com\/it\/?s={search_term_string}"},"query-input":{"@type":"PropertyValueSpecification","valueRequired":true,"valueName":"search_term_string"}}],"inLanguage":"it-IT"}]}},"meta_box":{"industry":"","seo_heading":"","heading":"","description":"","cta_heading":"","cta_description":"","application":"1071","h1":"Plug-in per recensioni All-in-One di Squarespace","h1_caption":"Raccogli e mostra recensioni da pi\u00f9 piattaforme come Google, Facebook e Yelp in un unico plug-in per creare fiducia e credibilit\u00e0 nel tuo sito web Squarespace senza sforzo.","application_category":[],"applications_title":"","applications_request_title":"","applications_request_button_text":"","hero_text":"","hero_video":"","hero_video_schema_markup":"","selling_points_title":"","selling_points_caption":"","selling_points":[],"selling_points_cta_text":"","features_title":"","features":"","ed_cta_examples_text":"","ed_cta_examples_hidden":"","ed_cta_demo_text":"","ed_cta_demo_hidden":"","why_caption":"","why_editor_title":"","why_editor_text":"","why_team_title":"","why_team_text":"","why_service_title":"","why_service_text":"","template_catalog_visible":"","template_catalog_title":"","template_catalog_text":"","template_catalog_categories_visible":"","demo_title":"Crea il tuo plugin per recensioni tutto in uno","demo_caption":"Configura le tue recensioni All-in-One e aggiungile gratuitamente al tuo sito web Squarespace!","default_faq_hidden":"","app_template_category":[],"platform":"43","template_public_id":"","codecanyon_url":"","codecanyon_item_id":"","codecanyon_price":"","pricing_caption":"","pricing_elfsight_apps_hide_column":"","pricing_elfsight_apps_url":"","pricing_codecanyon_price_caption":"","integration_category":[],"integration_request_title":"","integration_request_cta":"","integration_platform":"","integrations":[],"platform_category":[],"video_schema_markup":"","price":"da $ 0 al mese","trial":"","benefits":[{"text":"Aiuto per l'installazione gratuito"},{"text":"Assistenza clienti con esperienza"},{"text":"Garanzia di rimborso di 14 giorni"},{"text":"Aggiornamenti regolari"}],"button_url":"#demo","button_target_blank":"","button_nofollow":"","attributes":[{"name":"Installazioni"},{"name":"Reattivo","content":"S\u00cc"},{"name":"Browser compatibili","content":"Firefox, Safari, Opera, Chrome, Edge"}],"tags":[],"tags_disable_links":"","hide_more_platforms":"","video_object":"","demo_hide_cta":"","demo_hide_cloud_options":"","pricing_title":"","pricing":[{"pricing_icon":"platform","pricing_title":"Elfsight Apps","pricing_title_caption":"Software multipiattaforma che funziona su qualsiasi sito","pricing_price":"da $ 0 \/ mese","pricing_price_caption":"inizia con un piano gratuito","pricing_benefits":[{"text":"Siti web illimitati"},{"text":"Assistenza clienti premium e ben documentata"},{"text":"Servizio di installazione gratuito"},{"text":"Progettazione flessibile"}],"pricing_button_text":"Aggiungi al sito web","pricing_button_url":"#demo"}],"related_apps_title":"","related_apps_hidden":"","author":"","image":[],"title":"","job":"","social_networks":[]},"_links":{"self":[{"href":"https:\/\/elfsight.com\/it\/wp-json\/wp\/v2\/pages\/3460","targetHints":{"allow":["GET"]}}],"collection":[{"href":"https:\/\/elfsight.com\/it\/wp-json\/wp\/v2\/pages"}],"about":[{"href":"https:\/\/elfsight.com\/it\/wp-json\/wp\/v2\/types\/page"}],"author":[{"embeddable":true,"href":"https:\/\/elfsight.com\/it\/wp-json\/wp\/v2\/users\/9"}],"replies":[{"embeddable":true,"href":"https:\/\/elfsight.com\/it\/wp-json\/wp\/v2\/comments?post=3460"}],"version-history":[{"count":1,"href":"https:\/\/elfsight.com\/it\/wp-json\/wp\/v2\/pages\/3460\/revisions"}],"predecessor-version":[{"id":3464,"href":"https:\/\/elfsight.com\/it\/wp-json\/wp\/v2\/pages\/3460\/revisions\/3464"}],"up":[{"embeddable":true,"href":"https:\/\/elfsight.com\/it\/wp-json\/wp\/v2\/pages\/1072"}],"wp:attachment":[{"href":"https:\/\/elfsight.com\/it\/wp-json\/wp\/v2\/media?parent=3460"}],"curies":[{"name":"wp","href":"https:\/\/api.w.org\/{rel}","templated":true}]}}