{"id":3458,"date":"2024-05-03T06:27:11","date_gmt":"2024-05-03T06:27:11","guid":{"rendered":"https:\/\/elfsight.com\/it\/?page_id=3458"},"modified":"2025-03-13T17:01:05","modified_gmt":"2025-03-13T17:01:05","slug":"webnode","status":"publish","type":"page","link":"https:\/\/elfsight.com\/it\/all-in-one-reviews-widget\/webnode\/","title":{"rendered":"All-in-One Reviews &#8211; Webnode"},"content":{"rendered":"\n<div class=\"application-platform-content-item-description application-platform-content-item\" id=\"description\" data-nav-section=\"description\"> <h2>Descrizione<\/h2> <p>Elfsight All-in-One Reviews \u00e8 un widget utile per Webnode che ti offre l&#8217;opportunit\u00e0 di visualizzare tutti i commenti sulla tua attivit\u00e0 direttamente sul tuo sito da tutti i pi\u00f9 diffusi siti di recensioni aziendali. Utilizzando il nostro strumento, avrai l&#8217;opportunit\u00e0 di utilizzare filtri per nascondere le testimonianze indesiderate, vantare la tua valutazione in stelle e numeri dal tuo profilo su qualsiasi sito Web di recensioni aziendali, aggiungere informazioni sui creatori delle testimonianze e aggiungere un affascinante pulsante CTA che lo far\u00e0 spingere gli utenti a pubblicare nuovi commenti. Il nostro widget Recensioni pu\u00f2 aiutarti a mostrare la tua straordinaria prova sociale sulla pagina web e iniziare ad acquisire pi\u00f9 vendite. <\/p> <p><b>Metti in mostra le tue eccellenti recensioni per aumentare le vendite!<\/b><\/p> <\/div> <div class=\"application-platform-content-item-features application-platform-content-item\" id=\"features\" data-nav-section=\"features\"> <h2>Trova di seguito le caratteristiche essenziali del widget: <\/h2> <ul><li>Intestazione modificabile del widget<\/li><li>Pulsante &#8220;Scrivi recensione&#8221; per attirare gli utenti sulla tua pagina<\/li><li>Lo stile ammirevole \u00e8 a portata di clic<\/li><li> Elementi verniciabili dell&#8217;interfaccia del widget<\/li><li>Dettagli massimi per creare fiducia<\/li><\/ul><p><a href=\"#demo\">Puoi scoprire tutte le funzionalit\u00e0 del widget nella demo di seguito<\/a><\/p> <\/div> <div class=\"application-platform-content-item-installazione application-platform-content-item\" id=\"installazione\" data-nav-section=\"installazione\"> <h2>Come incorporo le recensioni complete sul mio sito Webnode? <\/h2> <p>Segui semplicemente i seguenti passaggi descritti di seguito per incorporare il widget. <\/p> <ol><li><b>Gestisci il nostro configuratore gratuito e inizia a dare forma al tuo widget su misura. <\/b><br> Scegli il design e le opzioni preferibili del plugin e salva le correzioni. <\/li> <li><b>Acquisisci il tuo codice univoco rivelato nella finestra delle app Elfsight. <\/b><br> Subito dopo aver completato la configurazione del plug-in, copia il codice esclusivo nel popup visualizzato e conservalo per un uso futuro. <\/li> <li><b>Inizia l&#8217;utilizzo del plugin sulla home page di Webnode. <\/b><br> Aggiungi il codice copiato di recente nel tuo sito web e salva le modifiche. <\/li> <li><b>L&#8217;installazione \u00e8 stata completata con successo. <\/b><br> Visita il tuo sito web per esaminare come funziona il widget. <\/li><\/ol> <p>Se incontri qualche difficolt\u00e0, non esitare a metterti in contatto con il nostro team di supporto. I nostri consulenti saranno entusiasti di aiutarti con tutte le domande che potresti avere sul plugin. <\/p> <div class=\"faq\" data-component=\"FAQ\"> <div class=\"faq-item\">\r\n\t\t\t\t\t<div class=\"faq-item-question\">\r\n\t\t\t\t\t\t<h3 class=\"faq-item-question-text\">Come aggiungere recensioni tutto in uno al mio sito Webnode senza competenze di programmazione?<\/h3>\r\n\r\n\t\t\t\t\t\t<div class=\"faq-item-question-icon\"><\/div>\r\n\t\t\t\t\t<\/div>\r\n\r\n\t\t\t\t\t<div class=\"faq-item-answer\">\r\n\t\t\t\t\t\t<div class=\"faq-item-answer-text\"> <p>Elfsight fornisce una soluzione SaaS che ti consente di creare recensioni tutto in uno widget tu stesso, scopri quanto \u00e8 semplice il processo: lavora direttamente nell&#8217;editor online per creare un widget di recensioni tutto in uno che vorresti vedere sul tuo sito Webnode. Scegli uno dei modelli predefiniti e regola le impostazioni delle recensioni all-in-one, aggiungi i tuoi contenuti, modifica il layout e i colori senza alcuna competenza di codifica. Salva le recensioni All-in-one e copia il codice di installazione, che potrai aggiungere al tuo sito Webnode senza acquistare un abbonamento a pagamento. Con il nostro editor intuitivo qualsiasi utente di Internet pu\u00f2 creare widget di recensioni tutto in uno online e incorporarlo facilmente nel proprio sito Webnode. Non \u00e8 necessario pagare o inserire le credenziali della carta per accedere al servizio. In caso di problemi in qualsiasi momento, non esitate a contattare il nostro team di supporto tecnico.<\/p> <\/div>\r\n\t\t\t\t\t<\/div>\r\n\t\t\t\t<\/div> <\/div> <\/div>\n","protected":false},"excerpt":{"rendered":"","protected":false},"author":9,"featured_media":0,"parent":1072,"menu_order":0,"comment_status":"closed","ping_status":"closed","template":"templates\/template-application-platform.php","meta":{"publish_to_discourse":"","publish_post_category":"","wpdc_auto_publish_overridden":"","wpdc_topic_tags":"","wpdc_pin_topic":"","wpdc_pin_until":"","discourse_post_id":"","discourse_permalink":"","wpdc_publishing_response":"","wpdc_publishing_error":"","footnotes":""},"class_list":["post-3458","page","type-page","status-publish","hentry"],"yoast_head":"<!-- This site is optimized with the Yoast SEO plugin v25.3.1 - https:\/\/yoast.com\/wordpress\/plugins\/seo\/ -->\n<title>Aggiungi un widget di recensioni tutto-in-uno reattivo al tuo sito Webnode<\/title>\n<meta name=\"description\" content=\"Implementa un&#039;app di recensioni tutto-in-uno reattiva sulla tua pagina web Webnode e ottieni la massima fiducia. Applica la demo utile di Elfsight per ottenere la tua funzionalit\u00e0.\" \/>\n<meta name=\"robots\" content=\"index, follow, max-snippet:-1, max-image-preview:large, max-video-preview:-1\" \/>\n<link rel=\"canonical\" href=\"https:\/\/elfsight.com\/it\/all-in-one-reviews-widget\/webnode\/\" \/>\n<meta property=\"og:locale\" content=\"it_IT\" \/>\n<meta property=\"og:type\" content=\"article\" \/>\n<meta property=\"og:title\" content=\"Aggiungi un widget di recensioni tutto-in-uno reattivo al tuo sito Webnode\" \/>\n<meta property=\"og:description\" content=\"Implementa un&#039;app di recensioni tutto-in-uno reattiva sulla tua pagina web Webnode e ottieni la massima fiducia. Applica la demo utile di Elfsight per ottenere la tua funzionalit\u00e0.\" \/>\n<meta property=\"og:url\" content=\"https:\/\/elfsight.com\/it\/all-in-one-reviews-widget\/webnode\/\" \/>\n<meta property=\"og:site_name\" content=\"Elfsight IT\" \/>\n<meta property=\"article:modified_time\" content=\"2025-03-13T17:01:05+00:00\" \/>\n<meta name=\"twitter:card\" content=\"summary_large_image\" \/>\n<meta name=\"twitter:label1\" content=\"Tempo di lettura stimato\" \/>\n\t<meta name=\"twitter:data1\" content=\"3 minuti\" \/>\n<!-- \/ Yoast SEO plugin. -->","yoast_head_json":{"title":"Aggiungi un widget di recensioni tutto-in-uno reattivo al tuo sito Webnode","description":"Implementa un'app di recensioni tutto-in-uno reattiva sulla tua pagina web Webnode e ottieni la massima fiducia. Applica la demo utile di Elfsight per ottenere la tua funzionalit\u00e0.","robots":{"index":"index","follow":"follow","max-snippet":"max-snippet:-1","max-image-preview":"max-image-preview:large","max-video-preview":"max-video-preview:-1"},"canonical":"https:\/\/elfsight.com\/it\/all-in-one-reviews-widget\/webnode\/","og_locale":"it_IT","og_type":"article","og_title":"Aggiungi un widget di recensioni tutto-in-uno reattivo al tuo sito Webnode","og_description":"Implementa un'app di recensioni tutto-in-uno reattiva sulla tua pagina web Webnode e ottieni la massima fiducia. Applica la demo utile di Elfsight per ottenere la tua funzionalit\u00e0.","og_url":"https:\/\/elfsight.com\/it\/all-in-one-reviews-widget\/webnode\/","og_site_name":"Elfsight IT","article_modified_time":"2025-03-13T17:01:05+00:00","twitter_card":"summary_large_image","twitter_misc":{"Tempo di lettura stimato":"3 minuti"},"schema":{"@context":"https:\/\/schema.org","@graph":[{"@type":"WebPage","@id":"https:\/\/elfsight.com\/it\/all-in-one-reviews-widget\/webnode\/","url":"https:\/\/elfsight.com\/it\/all-in-one-reviews-widget\/webnode\/","name":"Aggiungi un widget di recensioni tutto-in-uno reattivo al tuo sito Webnode","isPartOf":{"@id":"https:\/\/elfsight.com\/it\/#website"},"datePublished":"2024-05-03T06:27:11+00:00","dateModified":"2025-03-13T17:01:05+00:00","description":"Implementa un'app di recensioni tutto-in-uno reattiva sulla tua pagina web Webnode e ottieni la massima fiducia. Applica la demo utile di Elfsight per ottenere la tua funzionalit\u00e0.","breadcrumb":{"@id":"https:\/\/elfsight.com\/it\/all-in-one-reviews-widget\/webnode\/#breadcrumb"},"inLanguage":"it-IT","potentialAction":[{"@type":"ReadAction","target":["https:\/\/elfsight.com\/it\/all-in-one-reviews-widget\/webnode\/"]}]},{"@type":"BreadcrumbList","@id":"https:\/\/elfsight.com\/it\/all-in-one-reviews-widget\/webnode\/#breadcrumb","itemListElement":[{"@type":"ListItem","position":1,"name":"Home","item":"https:\/\/elfsight.com\/it\/"},{"@type":"ListItem","position":2,"name":"All-in-One Reviews","item":"https:\/\/elfsight.com\/it\/all-in-one-reviews-widget\/"},{"@type":"ListItem","position":3,"name":"All-in-One Reviews &#8211; Webnode"}]},{"@type":"WebSite","@id":"https:\/\/elfsight.com\/it\/#website","url":"https:\/\/elfsight.com\/it\/","name":"Elfsight IT","description":"Just another Elfsight Sites site","potentialAction":[{"@type":"SearchAction","target":{"@type":"EntryPoint","urlTemplate":"https:\/\/elfsight.com\/it\/?s={search_term_string}"},"query-input":{"@type":"PropertyValueSpecification","valueRequired":true,"valueName":"search_term_string"}}],"inLanguage":"it-IT"}]}},"meta_box":{"industry":"","seo_heading":"","heading":"","description":"","cta_heading":"","cta_description":"","application":"1071","h1":"Widget Recensioni tutto in uno di Webnode","h1_caption":"Raccogli e mostra recensioni da pi\u00f9 piattaforme come Google, Facebook e Yelp in un unico widget per creare fiducia e credibilit\u00e0 nel tuo sito Webnode senza sforzo.","application_category":[],"applications_title":"","applications_request_title":"","applications_request_button_text":"","hero_text":"","hero_video":"","hero_video_schema_markup":"","selling_points_title":"","selling_points_caption":"","selling_points":[],"selling_points_cta_text":"","features_title":"","features":"","ed_cta_examples_text":"","ed_cta_examples_hidden":"","ed_cta_demo_text":"","ed_cta_demo_hidden":"","why_caption":"","why_editor_title":"","why_editor_text":"","why_team_title":"","why_team_text":"","why_service_title":"","why_service_text":"","template_catalog_visible":"0","template_catalog_title":"","template_catalog_text":"","template_catalog_categories_visible":"","demo_title":"Crea il tuo widget Recensioni tutto in uno","demo_caption":"Configura le tue recensioni All-in-One e aggiungile gratuitamente al tuo sito Webnode!","default_faq_hidden":"","app_template_category":[],"platform":"47","template_public_id":"","codecanyon_url":"","codecanyon_item_id":"","codecanyon_price":"","pricing_caption":"","pricing_elfsight_apps_hide_column":"","pricing_elfsight_apps_url":"","pricing_codecanyon_price_caption":"","integration_category":[],"integration_request_title":"","integration_request_cta":"","integration_platform":"","integrations":[],"platform_category":[],"video_schema_markup":"","price":"da $ 0 al mese","trial":"","benefits":[{"text":"Aiuto gratuito per l'installazione"},{"text":"Servizio clienti professionale"},{"text":"Garanzia di rimborso di 14 giorni"},{"text":"Sviluppo continuo"}],"button_url":"#demo","button_target_blank":"0","button_nofollow":"0","attributes":[{"name":"Installazioni"},{"name":"Reattivo","content":"S\u00cc"},{"name":"Browser compatibili","content":"IE11, Firefox, Safari, Opera, Chrome, Edge"}],"tags":[],"tags_disable_links":"0","hide_more_platforms":"0","video_object":"","demo_hide_cta":"0","demo_hide_cloud_options":"0","pricing_title":"","pricing":[{"pricing_icon":"platform","pricing_title":"Elfsight Apps","pricing_title_caption":"Versione multipiattaforma adatta a qualsiasi sito web","pricing_price":"da $ 0 \/ mese","pricing_price_caption":"inizia con il piano gratuito","pricing_benefits":[{"text":"Domini illimitati"},{"text":"Supporto aziendale rapido e ben documentato"},{"text":"Servizio di installazione gratuito"},{"text":"Ottimo affare per pi\u00f9 app"}],"pricing_button_text":"Aggiungi al sito web","pricing_button_url":"#demo"}],"related_apps_title":"","related_apps_hidden":"0","author":"","image":[],"title":"","job":"","social_networks":[]},"_links":{"self":[{"href":"https:\/\/elfsight.com\/it\/wp-json\/wp\/v2\/pages\/3458","targetHints":{"allow":["GET"]}}],"collection":[{"href":"https:\/\/elfsight.com\/it\/wp-json\/wp\/v2\/pages"}],"about":[{"href":"https:\/\/elfsight.com\/it\/wp-json\/wp\/v2\/types\/page"}],"author":[{"embeddable":true,"href":"https:\/\/elfsight.com\/it\/wp-json\/wp\/v2\/users\/9"}],"replies":[{"embeddable":true,"href":"https:\/\/elfsight.com\/it\/wp-json\/wp\/v2\/comments?post=3458"}],"version-history":[{"count":2,"href":"https:\/\/elfsight.com\/it\/wp-json\/wp\/v2\/pages\/3458\/revisions"}],"predecessor-version":[{"id":8676,"href":"https:\/\/elfsight.com\/it\/wp-json\/wp\/v2\/pages\/3458\/revisions\/8676"}],"up":[{"embeddable":true,"href":"https:\/\/elfsight.com\/it\/wp-json\/wp\/v2\/pages\/1072"}],"wp:attachment":[{"href":"https:\/\/elfsight.com\/it\/wp-json\/wp\/v2\/media?parent=3458"}],"curies":[{"name":"wp","href":"https:\/\/api.w.org\/{rel}","templated":true}]}}