{"id":3451,"date":"2024-05-03T06:27:08","date_gmt":"2024-05-03T06:27:08","guid":{"rendered":"https:\/\/elfsight.com\/it\/?page_id=3451"},"modified":"2024-11-12T08:03:45","modified_gmt":"2024-11-12T08:03:45","slug":"wordpress","status":"publish","type":"page","link":"https:\/\/elfsight.com\/it\/all-in-one-reviews-widget\/wordpress\/","title":{"rendered":"All-in-One Reviews &#8211; WordPress"},"content":{"rendered":"<div class=\"application-platform-content-item-description application-platform-content-item\" id=\"description\" data-nav-section=\"description\"> <h2>Incorpora recensioni all-in-one su WordPress con il widget Elfsight<\/h2> <p>Elfsight All-in-One Reviews \u00e8 un utile plugin per WordPress che ti d\u00e0 la possibilit\u00e0 di visualizzare tutte le testimonianze sulla tua azienda direttamente sul tuo sito web da tutte le pi\u00f9 note piattaforme di revisione aziendale. Utilizzando il nostro strumento, potrai utilizzare filtri per nascondere i commenti indesiderati, dimostrare la tua valutazione e il numero di voti dal tuo account su qualsiasi sito Web di recensioni, aggiungere informazioni sui creatori delle recensioni e aggiungere un affascinante pulsante di invito all&#8217;azione che ti aiuter\u00e0 motivare i visitatori del sito a pubblicare una nuova recensione. Il widget Elfsight Reviews ti aiuter\u00e0 a vantare la tua notevole prova sociale sulla pagina web e iniziare a ricevere nuovi acquisti. <\/p> <p><b>Incrementa le vendite mostrando la tua valutazione eccezionale<\/b><\/p> <\/div> <div class=\"application-platform-content-item-features application-platform-content-item\" id=\"features\" data-nav-section=\"features\"> <h2>Il widget offre funzionalit\u00e0 pratiche e semplici, eccone alcune di essi: <\/h2> <ul><li>Un&#8217;opzione per attivare\/disattivare l&#8217;intestazione del plugin<\/li><li>Un&#8217;opzione per mostrare il pulsante di richiesta per attirare gli utenti sulla tua pagina<\/li><li>Uno stile straordinario \u00e8 a portata di clic<\/li><li>Componenti verniciabili dell&#8217;interfaccia<\/li><li>Massimi dettagli per aumentare la fiducia<\/li><\/ul><p><a href=\"#demo\">Puoi provare come funziona il widget provando la demo<\/a><\/p> <\/div> <div class=\"application-platform-content-item-installation application-platform-content-item\" id=\"installation\" data-nav-section=\"installation\"> <h2>Come posso incorporare le recensioni all-in-one sul mio sito WordPress? <\/h2> <p>Segui semplicemente le istruzioni seguenti per iniziare a lavorare con lo strumento. <\/p> <ol><li><b>Utilizza il nostro editor gratuito e inizia a creare il tuo plugin unico. <\/b><br> Determina l&#8217;interfaccia e le prestazioni preferibili del plugin e salva tutte le modifiche. <\/li> <li><b>Copia il tuo codice univoco che appare nell&#8217;apposito modulo su Elfsight Apps. <\/b><br> Una volta terminata la configurazione del tuo plugin, copia il codice personale nella casella visualizzata e conservalo per occasioni future. <\/li> <li><b>Inizia a utilizzare il plug-in sul sito Web WordPress. <\/b><br> Inserisci il codice copiato di recente nel tuo sito web e salva le correzioni. <\/li> <li><b>La configurazione \u00e8 completamente terminata. <\/b><br> Vai alla tua pagina web per esaminare le prestazioni del plugin. <\/li><\/ol><p>Se incontri qualche difficolt\u00e0, non esitare a contattare il nostro team di supporto. I nostri specialisti non vedono l&#8217;ora di risolvere tutte le domande che potresti avere con lo strumento. <\/p> <div class=\"faq\" data-component=\"FAQ\"> <div class=\"faq-item\">\r\n\t\t\t\t\t<div class=\"faq-item-question\">\r\n\t\t\t\t\t\t<h3 class=\"faq-item-question-text\">Come posso aggiungere recensioni All-in-one al mio sito Web WordPress senza competenze di codifica?<\/h3>\r\n\r\n\t\t\t\t\t\t<div class=\"faq-item-question-icon\"><\/div>\r\n\t\t\t\t\t<\/div>\r\n\r\n\t\t\t\t\t<div class=\"faq-item-answer\">\r\n\t\t\t\t\t\t<div class=\"faq-item-answer-text\"> <p>Elfsight fornisce una soluzione SaaS che ti consente di creare recensioni All-in-one Widget per le recensioni tu stesso, scopri quanto \u00e8 semplice il processo: lavora direttamente nell&#8217;editor online per creare un widget per le recensioni tutto in uno che vorresti vedere sul tuo sito web WordPress. Scegli uno dei modelli predefiniti e regola le impostazioni delle recensioni all-in-one, aggiungi i tuoi contenuti, modifica il layout e i colori senza competenze di codifica. Salva le recensioni all-in-one e copia il codice di installazione, che potrai aggiungere facilmente al tuo sito WordPress senza dover acquistare un abbonamento a pagamento. Con il nostro editor intuitivo qualsiasi utente di Internet pu\u00f2 creare widget di recensioni tutto in uno online e incorporarlo facilmente nel proprio sito Web WordPress. Non \u00e8 necessario pagare o inserire le credenziali della carta per accedere al servizio. In caso di problemi in qualsiasi momento, non esitate a contattare il nostro team di supporto tecnico.<\/p> <\/div>\r\n\t\t\t\t\t<\/div>\r\n\t\t\t\t<\/div> <\/div> <\/div>","protected":false},"excerpt":{"rendered":"","protected":false},"author":9,"featured_media":0,"parent":1072,"menu_order":0,"comment_status":"closed","ping_status":"closed","template":"templates\/template-application-platform.php","meta":{"publish_to_discourse":"","publish_post_category":"","wpdc_auto_publish_overridden":"","wpdc_topic_tags":"","wpdc_pin_topic":"","wpdc_pin_until":"","discourse_post_id":"","discourse_permalink":"","wpdc_publishing_response":"","wpdc_publishing_error":"","footnotes":""},"class_list":["post-3451","page","type-page","status-publish","hentry"],"yoast_head":"<!-- This site is optimized with the Yoast SEO plugin v25.3.1 - https:\/\/yoast.com\/wordpress\/plugins\/seo\/ -->\n<title>Aggiungi un plug-in reattivo per recensioni tutto in uno al tuo sito Web WordPress<\/title>\n<meta name=\"description\" content=\"Incorpora il widget Recensioni tutto in uno sul tuo sito WordPress e ottieni la massima fiducia. Usa l&#039;utile demo di Elfsight per costruire il tuo strumento unico.\" \/>\n<meta name=\"robots\" content=\"index, follow, max-snippet:-1, max-image-preview:large, max-video-preview:-1\" \/>\n<link rel=\"canonical\" href=\"https:\/\/elfsight.com\/it\/all-in-one-reviews-widget\/wordpress\/\" \/>\n<meta property=\"og:locale\" content=\"it_IT\" \/>\n<meta property=\"og:type\" content=\"article\" \/>\n<meta property=\"og:title\" content=\"Aggiungi un plug-in reattivo per recensioni tutto in uno al tuo sito Web WordPress\" \/>\n<meta property=\"og:description\" content=\"Incorpora il widget Recensioni tutto in uno sul tuo sito WordPress e ottieni la massima fiducia. Usa l&#039;utile demo di Elfsight per costruire il tuo strumento unico.\" \/>\n<meta property=\"og:url\" content=\"https:\/\/elfsight.com\/it\/all-in-one-reviews-widget\/wordpress\/\" \/>\n<meta property=\"og:site_name\" content=\"Elfsight IT\" \/>\n<meta property=\"article:modified_time\" content=\"2024-11-12T08:03:45+00:00\" \/>\n<meta name=\"twitter:card\" content=\"summary_large_image\" \/>\n<meta name=\"twitter:label1\" content=\"Tempo di lettura stimato\" \/>\n\t<meta name=\"twitter:data1\" content=\"3 minuti\" \/>\n<!-- \/ Yoast SEO plugin. -->","yoast_head_json":{"title":"Aggiungi un plug-in reattivo per recensioni tutto in uno al tuo sito Web WordPress","description":"Incorpora il widget Recensioni tutto in uno sul tuo sito WordPress e ottieni la massima fiducia. Usa l'utile demo di Elfsight per costruire il tuo strumento unico.","robots":{"index":"index","follow":"follow","max-snippet":"max-snippet:-1","max-image-preview":"max-image-preview:large","max-video-preview":"max-video-preview:-1"},"canonical":"https:\/\/elfsight.com\/it\/all-in-one-reviews-widget\/wordpress\/","og_locale":"it_IT","og_type":"article","og_title":"Aggiungi un plug-in reattivo per recensioni tutto in uno al tuo sito Web WordPress","og_description":"Incorpora il widget Recensioni tutto in uno sul tuo sito WordPress e ottieni la massima fiducia. Usa l'utile demo di Elfsight per costruire il tuo strumento unico.","og_url":"https:\/\/elfsight.com\/it\/all-in-one-reviews-widget\/wordpress\/","og_site_name":"Elfsight IT","article_modified_time":"2024-11-12T08:03:45+00:00","twitter_card":"summary_large_image","twitter_misc":{"Tempo di lettura stimato":"3 minuti"},"schema":{"@context":"https:\/\/schema.org","@graph":[{"@type":"WebPage","@id":"https:\/\/elfsight.com\/it\/all-in-one-reviews-widget\/wordpress\/","url":"https:\/\/elfsight.com\/it\/all-in-one-reviews-widget\/wordpress\/","name":"Aggiungi un plug-in reattivo per recensioni tutto in uno al tuo sito Web WordPress","isPartOf":{"@id":"https:\/\/elfsight.com\/it\/#website"},"datePublished":"2024-05-03T06:27:08+00:00","dateModified":"2024-11-12T08:03:45+00:00","description":"Incorpora il widget Recensioni tutto in uno sul tuo sito WordPress e ottieni la massima fiducia. Usa l'utile demo di Elfsight per costruire il tuo strumento unico.","breadcrumb":{"@id":"https:\/\/elfsight.com\/it\/all-in-one-reviews-widget\/wordpress\/#breadcrumb"},"inLanguage":"it-IT","potentialAction":[{"@type":"ReadAction","target":["https:\/\/elfsight.com\/it\/all-in-one-reviews-widget\/wordpress\/"]}]},{"@type":"BreadcrumbList","@id":"https:\/\/elfsight.com\/it\/all-in-one-reviews-widget\/wordpress\/#breadcrumb","itemListElement":[{"@type":"ListItem","position":1,"name":"Home","item":"https:\/\/elfsight.com\/it\/"},{"@type":"ListItem","position":2,"name":"All-in-One Reviews","item":"https:\/\/elfsight.com\/it\/all-in-one-reviews-widget\/"},{"@type":"ListItem","position":3,"name":"All-in-One Reviews &#8211; WordPress"}]},{"@type":"WebSite","@id":"https:\/\/elfsight.com\/it\/#website","url":"https:\/\/elfsight.com\/it\/","name":"Elfsight IT","description":"Just another Elfsight Sites site","potentialAction":[{"@type":"SearchAction","target":{"@type":"EntryPoint","urlTemplate":"https:\/\/elfsight.com\/it\/?s={search_term_string}"},"query-input":{"@type":"PropertyValueSpecification","valueRequired":true,"valueName":"search_term_string"}}],"inLanguage":"it-IT"}]}},"meta_box":{"industry":"","seo_heading":"","heading":"","description":"","cta_heading":"","cta_description":"","application":"1071","h1":"Plugin per recensioni tutto in uno di WordPress","h1_caption":"Raccogli e mostra recensioni da pi\u00f9 piattaforme come Google, Facebook e Yelp in un unico plug-in per creare fiducia e credibilit\u00e0 nel tuo sito Web WordPress senza sforzo.","application_category":[],"applications_title":"","applications_request_title":"","applications_request_button_text":"","hero_text":"","hero_video":"","hero_video_schema_markup":"","selling_points_title":"","selling_points_caption":"","selling_points":[],"selling_points_cta_text":"","features_title":"","features":"","ed_cta_examples_text":"","ed_cta_examples_hidden":"","ed_cta_demo_text":"","ed_cta_demo_hidden":"","why_caption":"","why_editor_title":"","why_editor_text":"","why_team_title":"","why_team_text":"","why_service_title":"","why_service_text":"","template_catalog_visible":"","template_catalog_title":"","template_catalog_text":"","template_catalog_categories_visible":"","demo_title":"Crea il tuo plugin per recensioni tutto in uno","demo_caption":"Configura le tue recensioni tutto in uno e aggiungile gratuitamente al tuo sito Web WordPress!","default_faq_hidden":"","app_template_category":[],"platform":"28","template_public_id":"","codecanyon_url":"","codecanyon_item_id":"","codecanyon_price":"","pricing_caption":"","pricing_elfsight_apps_hide_column":"","pricing_elfsight_apps_url":"","pricing_codecanyon_price_caption":"","integration_category":[],"integration_request_title":"","integration_request_cta":"","integration_platform":"","integrations":[],"platform_category":[],"video_schema_markup":"","price":"da $ 0 al mese","trial":"","benefits":[{"text":"Aiuto per l'installazione gratuito"},{"text":"Supporto eccezionale"},{"text":"Garanzia di rimborso di 14 giorni"},{"text":"Sviluppo continuo"}],"button_url":"#demo","button_target_blank":"","button_nofollow":"","attributes":[{"name":"Installazioni"},{"name":"Reattivo","content":"S\u00cc"},{"name":"Browser compatibili","content":"Firefox, Safari, Opera, Chrome, Edge"}],"tags":[],"tags_disable_links":"","hide_more_platforms":"","video_object":"","demo_hide_cta":"","demo_hide_cloud_options":"","pricing_title":"","pricing":[{"pricing_icon":"platform","pricing_title":"Elfsight Apps","pricing_title_caption":"Soluzione digitale multipiattaforma","pricing_price":"da $ 0 \/ mese","pricing_price_caption":"inizia con il piano gratuito","pricing_benefits":[{"text":"Domini illimitati"},{"text":"Supporto aziendale dedicato e ben documentato"},{"text":"Aiuto per l'installazione gratuito"},{"text":"Prezzo da prendere per pi\u00f9 app"}],"pricing_button_text":"Aggiungi al sito web","pricing_button_url":"#demo"}],"related_apps_title":"","related_apps_hidden":"","author":"","image":[],"title":"","job":"","social_networks":[]},"_links":{"self":[{"href":"https:\/\/elfsight.com\/it\/wp-json\/wp\/v2\/pages\/3451","targetHints":{"allow":["GET"]}}],"collection":[{"href":"https:\/\/elfsight.com\/it\/wp-json\/wp\/v2\/pages"}],"about":[{"href":"https:\/\/elfsight.com\/it\/wp-json\/wp\/v2\/types\/page"}],"author":[{"embeddable":true,"href":"https:\/\/elfsight.com\/it\/wp-json\/wp\/v2\/users\/9"}],"replies":[{"embeddable":true,"href":"https:\/\/elfsight.com\/it\/wp-json\/wp\/v2\/comments?post=3451"}],"version-history":[{"count":1,"href":"https:\/\/elfsight.com\/it\/wp-json\/wp\/v2\/pages\/3451\/revisions"}],"predecessor-version":[{"id":3455,"href":"https:\/\/elfsight.com\/it\/wp-json\/wp\/v2\/pages\/3451\/revisions\/3455"}],"up":[{"embeddable":true,"href":"https:\/\/elfsight.com\/it\/wp-json\/wp\/v2\/pages\/1072"}],"wp:attachment":[{"href":"https:\/\/elfsight.com\/it\/wp-json\/wp\/v2\/media?parent=3451"}],"curies":[{"name":"wp","href":"https:\/\/api.w.org\/{rel}","templated":true}]}}