{"id":3445,"date":"2024-05-03T06:27:06","date_gmt":"2024-05-03T06:27:06","guid":{"rendered":"https:\/\/elfsight.com\/it\/?page_id=3445"},"modified":"2025-03-13T17:06:29","modified_gmt":"2025-03-13T17:06:29","slug":"google-sites","status":"publish","type":"page","link":"https:\/\/elfsight.com\/it\/all-in-one-reviews-widget\/google-sites\/","title":{"rendered":"All-in-One Reviews &#8211; Google Sites"},"content":{"rendered":"\n<div class=\"application-platform-content-item-description application-platform-content-item\" id=\"description\" data-nav-section=\"description\"> <h2>Incorpora recensioni complete su Google Sites con il widget Elfsight<\/h2> <p>Il gadget Testimonianze di Elfsight \u00e8 un gadget facile da -utilizza lo strumento per Google Sites che ti offre la possibilit\u00e0 di mostrare tutte le testimonianze sulla tua azienda direttamente sulla tua pagina web da tutti i siti di recensioni pi\u00f9 utilizzati. Utilizzando il nostro strumento, riuscirai a utilizzare filtri per nascondere le recensioni indesiderate, vantare la tua valutazione in stelle e i numeri dal tuo profilo su qualsiasi sito Web di recensioni, aggiungere informazioni sui creatori delle testimonianze e aggiungere un affascinante pulsante di invito all&#8217;azione che ti aiuter\u00e0 spingere gli utenti a pubblicare una nuova recensione. Il nostro strumento pu\u00f2 aiutarti a vantare la tua grande prova sociale sul tuo sito web e iniziare ad acquisire pi\u00f9 vendite. <\/p> <p><b>ARecensioni da Amazon, Facebook, Airbnb, Google e molti altri in un unico widget per il massimo aumento possibile delle conversioni e della fiducia dei clienti!<\/b><\/p> <p><b>Boost le tue vendite utilizzando la prova sociale<\/b><br>Grazie al plug-in Recensioni, presenterai le tue recensioni di prim&#8217;ordine da Facebook, Amazon, Airbnb, Google e altri popolari siti Web di recensioni aziendali, attirando pi\u00f9 nuovi clienti.<\/p><p><b>Ottieni pi\u00f9 feedback dai clienti<\/b><br>L&#8217;attraente pulsante &#8220;Pubblica una recensione&#8221; far\u00e0 s\u00ec che pi\u00f9 persone facciano clic per esprimere le loro opinioni sui tuoi prodotti e servizi, ottenendo la massima valutazione possibile da parte dei clienti. <\/p><p><b>Riduci le recensioni negative<\/b><br>Il widget Recensioni dei clienti ti suggerisce molteplici opportunit\u00e0 di filtro che ti offriranno la possibilit\u00e0 di tenere sotto controllo le recensioni negative, presentando solo quelle positive.<\/div> <div class=\"application-platform-content-item-features application-platform-content-item\" id=\"features\" data-nav-section=\"features\"> <\/p><h2>Studia l&#8217;elenco delle funzionalit\u00e0 pi\u00f9 utili: <\/h2> <ul><li>Intestazione commutabile del widget<\/li><li>Recensione pulsante di richiesta per attirare gli utenti sulla tua pagina<\/li><li>Uno stile ammirevole \u00e8 a portata di clic<\/li><li>Componenti verniciabili dell&#8217;interfaccia<\/li><li>Massimi dettagli per creare fiducia<\/li><\/ul><p><a href=\"#demo\">Prova semplicemente questa demo per avere un&#8217;idea completa<\/a><\/p> <\/div> <div class=\"application-platform-content-item-installation application-platform-content-item\" id=\"installation\" data-nav-section=\"installation\"> <h2>Come faccio a aggiungere recensioni tutto in uno ai miei siti Google?<\/h2> <p>Basta seguire un paio di passaggi presentati di seguito per integrare il plug-in. <\/p> <ol><li><b>Esegui il nostro editor gratuito e inizia a creare il tuo plugin. <\/b><br> Scegli la forma e le specifiche preferite del plugin e salva le modifiche.<\/li> <li><b>Ottieni il codice personale che viene mostrato nella finestra su Elfsight Apps. <\/b><br> Una volta completata la creazione del tuo plugin personale, copia il codice personale dalla finestra emersa e conservalo per necessit\u00e0 future. <\/li> <li><b>Accedi utilizzando il gadget recensioni sul sito di Google.<\/b><br> Integra il codice copiato recentemente nella tua home page e salva le modifiche. <\/li> <li><b>Hai finito! La configurazione \u00e8 stata eseguita con successo. <\/b><br> Vai alla tua pagina per esaminare le prestazioni dello strumento. <\/li><\/ol> <div class=\"tip-yellow tip\"><b>A causa delle peculiarit\u00e0 del funzionamento di Google Sites, il widget potrebbe avere un aspetto diverso dalla demo online. Ci scusiamo per gli eventuali disagi causati.<\/b><\/div><p>Nel caso in cui si contestino eventuali complicazioni, rivolgersi al nostro personale del servizio clienti. I nostri specialisti saranno entusiasti di risolvere tutte le domande che potresti avere con il widget. <\/p> <div class=\"faq\" data-component=\"FAQ\"> <div class=\"faq-item\">\r\n\t\t\t\t\t<div class=\"faq-item-question\">\r\n\t\t\t\t\t\t<h3 class=\"faq-item-question-text\">Come posso aggiungere recensioni all-in-one al mio sito web di Google Sites senza competenze di codifica?<\/h3>\r\n\r\n\t\t\t\t\t\t<div class=\"faq-item-question-icon\"><\/div>\r\n\t\t\t\t\t<\/div>\r\n\r\n\t\t\t\t\t<div class=\"faq-item-answer\">\r\n\t\t\t\t\t\t<div class=\"faq-item-answer-text\"> <p>Elfsight fornisce una soluzione SaaS che ti consente di creare una recensione all-in-one un widget Recensioni, scopri quanto \u00e8 semplice il processo: lavora direttamente nell&#8217;editor online per creare un widget Recensioni tutto in uno che vorresti vedere sul tuo sito web Google Sites. Scegli uno dei modelli predefiniti e regola le impostazioni delle recensioni all-in-one, aggiungi i tuoi contenuti, modifica il layout e la combinazione di colori senza alcuna competenza di codifica. Salva le recensioni all-in-one e copia il codice di installazione, che potrai incollare facilmente nel tuo sito web di Google Sites senza acquistare un abbonamento a pagamento. Con il nostro editor intuitivo qualsiasi utente di Internet pu\u00f2 creare widget di recensioni tutto in uno online e incorporarlo facilmente nel proprio sito Web di Google Sites. Non \u00e8 necessario pagare o inserire le credenziali della carta per accedere al servizio. In caso di problemi in qualsiasi momento, non esitate a contattare il nostro team di supporto tecnico.<\/p> <\/div>\r\n\t\t\t\t\t<\/div>\r\n\t\t\t\t<\/div> <\/div> <\/div>\n","protected":false},"excerpt":{"rendered":"","protected":false},"author":9,"featured_media":0,"parent":1072,"menu_order":0,"comment_status":"closed","ping_status":"closed","template":"templates\/template-application-platform.php","meta":{"publish_to_discourse":"","publish_post_category":"","wpdc_auto_publish_overridden":"","wpdc_topic_tags":"","wpdc_pin_topic":"","wpdc_pin_until":"","discourse_post_id":"","discourse_permalink":"","wpdc_publishing_response":"","wpdc_publishing_error":"","footnotes":""},"class_list":["post-3445","page","type-page","status-publish","hentry"],"yoast_head":"<!-- This site is optimized with the Yoast SEO plugin v25.3.1 - https:\/\/yoast.com\/wordpress\/plugins\/seo\/ -->\n<title>Gadget Recensioni: aggiungi widget Testimonianze a Google Sites (2025)<\/title>\n<meta name=\"description\" content=\"Implementa un widget Recensioni reattivo sui tuoi siti Google e guadagna piena fiducia. Applica la demo facile da usare di Elfsight per creare il tuo gadget di testimonianze unico.\" \/>\n<meta name=\"robots\" content=\"index, follow, max-snippet:-1, max-image-preview:large, max-video-preview:-1\" \/>\n<link rel=\"canonical\" href=\"https:\/\/elfsight.com\/it\/all-in-one-reviews-widget\/google-sites\/\" \/>\n<meta property=\"og:locale\" content=\"it_IT\" \/>\n<meta property=\"og:type\" content=\"article\" \/>\n<meta property=\"og:title\" content=\"Gadget Recensioni: aggiungi widget Testimonianze a Google Sites (2025)\" \/>\n<meta property=\"og:description\" content=\"Implementa un widget Recensioni reattivo sui tuoi siti Google e guadagna piena fiducia. Applica la demo facile da usare di Elfsight per creare il tuo gadget di testimonianze unico.\" \/>\n<meta property=\"og:url\" content=\"https:\/\/elfsight.com\/it\/all-in-one-reviews-widget\/google-sites\/\" \/>\n<meta property=\"og:site_name\" content=\"Elfsight IT\" \/>\n<meta property=\"article:modified_time\" content=\"2025-03-13T17:06:29+00:00\" \/>\n<meta name=\"twitter:card\" content=\"summary_large_image\" \/>\n<meta name=\"twitter:label1\" content=\"Tempo di lettura stimato\" \/>\n\t<meta name=\"twitter:data1\" content=\"4 minuti\" \/>\n<!-- \/ Yoast SEO plugin. -->","yoast_head_json":{"title":"Gadget Recensioni: aggiungi widget Testimonianze a Google Sites (2025)","description":"Implementa un widget Recensioni reattivo sui tuoi siti Google e guadagna piena fiducia. Applica la demo facile da usare di Elfsight per creare il tuo gadget di testimonianze unico.","robots":{"index":"index","follow":"follow","max-snippet":"max-snippet:-1","max-image-preview":"max-image-preview:large","max-video-preview":"max-video-preview:-1"},"canonical":"https:\/\/elfsight.com\/it\/all-in-one-reviews-widget\/google-sites\/","og_locale":"it_IT","og_type":"article","og_title":"Gadget Recensioni: aggiungi widget Testimonianze a Google Sites (2025)","og_description":"Implementa un widget Recensioni reattivo sui tuoi siti Google e guadagna piena fiducia. Applica la demo facile da usare di Elfsight per creare il tuo gadget di testimonianze unico.","og_url":"https:\/\/elfsight.com\/it\/all-in-one-reviews-widget\/google-sites\/","og_site_name":"Elfsight IT","article_modified_time":"2025-03-13T17:06:29+00:00","twitter_card":"summary_large_image","twitter_misc":{"Tempo di lettura stimato":"4 minuti"},"schema":{"@context":"https:\/\/schema.org","@graph":[{"@type":"WebPage","@id":"https:\/\/elfsight.com\/it\/all-in-one-reviews-widget\/google-sites\/","url":"https:\/\/elfsight.com\/it\/all-in-one-reviews-widget\/google-sites\/","name":"Gadget Recensioni: aggiungi widget Testimonianze a Google Sites (2025)","isPartOf":{"@id":"https:\/\/elfsight.com\/it\/#website"},"datePublished":"2024-05-03T06:27:06+00:00","dateModified":"2025-03-13T17:06:29+00:00","description":"Implementa un widget Recensioni reattivo sui tuoi siti Google e guadagna piena fiducia. Applica la demo facile da usare di Elfsight per creare il tuo gadget di testimonianze unico.","breadcrumb":{"@id":"https:\/\/elfsight.com\/it\/all-in-one-reviews-widget\/google-sites\/#breadcrumb"},"inLanguage":"it-IT","potentialAction":[{"@type":"ReadAction","target":["https:\/\/elfsight.com\/it\/all-in-one-reviews-widget\/google-sites\/"]}]},{"@type":"BreadcrumbList","@id":"https:\/\/elfsight.com\/it\/all-in-one-reviews-widget\/google-sites\/#breadcrumb","itemListElement":[{"@type":"ListItem","position":1,"name":"Home","item":"https:\/\/elfsight.com\/it\/"},{"@type":"ListItem","position":2,"name":"All-in-One Reviews","item":"https:\/\/elfsight.com\/it\/all-in-one-reviews-widget\/"},{"@type":"ListItem","position":3,"name":"All-in-One Reviews &#8211; Google Sites"}]},{"@type":"WebSite","@id":"https:\/\/elfsight.com\/it\/#website","url":"https:\/\/elfsight.com\/it\/","name":"Elfsight IT","description":"Just another Elfsight Sites site","potentialAction":[{"@type":"SearchAction","target":{"@type":"EntryPoint","urlTemplate":"https:\/\/elfsight.com\/it\/?s={search_term_string}"},"query-input":{"@type":"PropertyValueSpecification","valueRequired":true,"valueName":"search_term_string"}}],"inLanguage":"it-IT"}]}},"meta_box":{"industry":"","seo_heading":"","heading":"","description":"","cta_heading":"","cta_description":"","application":"1071","h1":"Widget Testimonianze e recensioni di Google Sites","h1_caption":"Raccogli e mostra recensioni da pi\u00f9 piattaforme come Google, Facebook e Yelp in un unico widget per creare facilmente fiducia e credibilit\u00e0 nei tuoi siti Google.","application_category":[],"applications_title":"","applications_request_title":"","applications_request_button_text":"","hero_text":"","hero_video":"","hero_video_schema_markup":"","selling_points_title":"","selling_points_caption":"","selling_points":[],"selling_points_cta_text":"","features_title":"","features":"","ed_cta_examples_text":"","ed_cta_examples_hidden":"","ed_cta_demo_text":"","ed_cta_demo_hidden":"","why_caption":"","why_editor_title":"","why_editor_text":"","why_team_title":"","why_team_text":"","why_service_title":"","why_service_text":"","template_catalog_visible":"0","template_catalog_title":"","template_catalog_text":"","template_catalog_categories_visible":"","demo_title":"Crea il tuo widget Recensioni tutto in uno","demo_caption":"Configura le tue recensioni tutto in uno e aggiungile gratuitamente al tuo sito web di Google Sites!","default_faq_hidden":"","app_template_category":[],"platform":"105","template_public_id":"","codecanyon_url":"","codecanyon_item_id":"","codecanyon_price":"","pricing_caption":"","pricing_elfsight_apps_hide_column":"","pricing_elfsight_apps_url":"","pricing_codecanyon_price_caption":"","integration_category":[],"integration_request_title":"","integration_request_cta":"","integration_platform":"","integrations":[],"platform_category":[],"video_schema_markup":"","price":"da $ 0 al mese","trial":"","benefits":[{"text":"Assistenza per l'installazione gratuita"},{"text":"Servizio clienti efficace"},{"text":"Garanzia di rimborso di 14 giorni"},{"text":"Aggiornamenti futuri"}],"button_url":"#demo","button_target_blank":"0","button_nofollow":"0","attributes":[{"name":"Installazioni"},{"name":"Reattivo","content":"S\u00cc"},{"name":"Browser compatibili","content":"Opera, Safari, Firefox, Edge, Chrome"}],"tags":[],"tags_disable_links":"0","hide_more_platforms":"0","video_object":"","demo_hide_cta":"0","demo_hide_cloud_options":"0","pricing_title":"","pricing":[{"pricing_icon":"platform","pricing_title":"Elfsight Apps","pricing_title_caption":"Soluzione digitale multipiattaforma adatta a qualsiasi sito web","pricing_price":"da $ 0 \/ mese","pricing_price_caption":"inizia con il piano gratuito","pricing_benefits":[{"text":"Numero illimitato di domini"},{"text":"Supporto premium e puntuale"},{"text":"Supporto per l'installazione senza costi"},{"text":"Offerta speciale per pi\u00f9 app"}],"pricing_button_text":"Aggiungi al sito web","pricing_button_url":"#demo"}],"related_apps_title":"","related_apps_hidden":"0","author":"","image":[],"title":"","job":"","social_networks":[]},"_links":{"self":[{"href":"https:\/\/elfsight.com\/it\/wp-json\/wp\/v2\/pages\/3445","targetHints":{"allow":["GET"]}}],"collection":[{"href":"https:\/\/elfsight.com\/it\/wp-json\/wp\/v2\/pages"}],"about":[{"href":"https:\/\/elfsight.com\/it\/wp-json\/wp\/v2\/types\/page"}],"author":[{"embeddable":true,"href":"https:\/\/elfsight.com\/it\/wp-json\/wp\/v2\/users\/9"}],"replies":[{"embeddable":true,"href":"https:\/\/elfsight.com\/it\/wp-json\/wp\/v2\/comments?post=3445"}],"version-history":[{"count":2,"href":"https:\/\/elfsight.com\/it\/wp-json\/wp\/v2\/pages\/3445\/revisions"}],"predecessor-version":[{"id":8678,"href":"https:\/\/elfsight.com\/it\/wp-json\/wp\/v2\/pages\/3445\/revisions\/8678"}],"up":[{"embeddable":true,"href":"https:\/\/elfsight.com\/it\/wp-json\/wp\/v2\/pages\/1072"}],"wp:attachment":[{"href":"https:\/\/elfsight.com\/it\/wp-json\/wp\/v2\/media?parent=3445"}],"curies":[{"name":"wp","href":"https:\/\/api.w.org\/{rel}","templated":true}]}}