{"id":3444,"date":"2024-05-03T06:27:05","date_gmt":"2024-05-03T06:27:05","guid":{"rendered":"https:\/\/elfsight.com\/it\/?page_id=3444"},"modified":"2024-11-11T11:24:45","modified_gmt":"2024-11-11T11:24:45","slug":"godaddy","status":"publish","type":"page","link":"https:\/\/elfsight.com\/it\/all-in-one-reviews-widget\/godaddy\/","title":{"rendered":"All-in-one Reviews  &#8211; GoDaddy"},"content":{"rendered":"<div class=\"application-platform-content-item-description application-platform-content-item\" id=\"description\" data-nav-section=\"description\"> <h2>Incorpora recensioni tutto-in-uno su GoDaddy con il widget Elfsight<\/h2> <p>Plugin recensioni tutto-in-one Elfsight per GoDaddy \u00e8 uno strumento facile da usare che ti offre la possibilit\u00e0 di mostrare tutte le testimonianze della tua azienda direttamente sulla tua pagina web da tutti i siti di recensioni pi\u00f9 utilizzati. Utilizzando il nostro strumento, riuscirai a utilizzare filtri per nascondere le recensioni indesiderate, vantare la tua valutazione in stelle e i numeri dal tuo profilo su qualsiasi sito Web di recensioni, aggiungere informazioni sui creatori delle testimonianze e aggiungere un affascinante pulsante di invito all&#8217;azione che ti aiuter\u00e0 spingere gli utenti a pubblicare una nuova recensione. Il nostro strumento pu\u00f2 aiutarti a vantare la tua grande prova sociale sul tuo sito web e iniziare ad acquisire pi\u00f9 vendite. <\/p> <p><b>Incrementa le vendite dimostrando la tua eccellente valutazione<\/b><\/p> <\/div> <div class=\"application-platform-content-item-features application-platform-content-item\" id=\"features\" data-nav-section=\"features\"> <h2>Studia l&#8217;elenco delle funzionalit\u00e0 pi\u00f9 utili: <\/h2> <ul><li>Intestazione commutabile del plugin<\/li><li>Pulsante di richiesta di revisione per attirare gli utenti sulla tua pagina<\/li><li>Lo stile ammirevole \u00e8 a portata di clic<\/li><li>Dipingibile componenti dell&#8217;interfaccia<\/li><li>Il massimo dei dettagli per rafforzare la fiducia<\/li><\/ul><p><a href=\"#demo\">Prova semplicemente questa demo per avere un&#8217;idea completa<\/a><\/p> <\/div> <div class=\"application-platform-content-item-installation application-platform-content-item\" id=\"installation\" data-nav-section=\"installation\"> <h2>Come faccio ad aggiungere le recensioni tutto in uno al mio sito GoDaddy? <\/h2> <p>Basta seguire un paio di passaggi presentati di seguito per integrare il plugin. <\/p> <ol><li><b>Esegui il nostro editor gratuito e inizia a creare il tuo plugin. <\/b><br> Scegli la forma e le specifiche preferite del plugin e salva le modifiche. <\/li> <li><b>Ottieni il codice personale che viene mostrato nella finestra su Elfsight Apps. <\/b><br> Una volta completata la creazione del tuo plugin personale, copia il codice personale dalla finestra emersa e conservalo per necessit\u00e0 future. <\/li> <li><b>Accedi all&#8217;utilizzo del plugin sul sito web di GoDaddy. <\/b><br> Integra il codice copiato di recente nella tua home page e salva le modifiche. <\/li> <li><b>Il gioco \u00e8 fatto! La configurazione \u00e8 stata eseguita con successo. <\/b><br> Vai alla tua pagina per esaminare le prestazioni dello strumento. <\/li><\/ol> <p>In caso di problemi, rivolgersi al nostro personale del servizio clienti. I nostri specialisti saranno entusiasti di risolvere tutte le domande che potresti avere con il plugin. <\/p> <div class=\"faq\" data-component=\"FAQ\"> <div class=\"faq-item\">\r\n\t\t\t\t\t<div class=\"faq-item-question\">\r\n\t\t\t\t\t\t<h3 class=\"faq-item-question-text\">Come posso aggiungere recensioni Airbnb al mio sito web GoDaddy senza competenze di programmazione?<\/h3>\r\n\r\n\t\t\t\t\t\t<div class=\"faq-item-question-icon\"><\/div>\r\n\t\t\t\t\t<\/div>\r\n\r\n\t\t\t\t\t<div class=\"faq-item-answer\">\r\n\t\t\t\t\t\t<div class=\"faq-item-answer-text\"> <p>Elfsight fornisce una soluzione SaaS che ti consente di creare tu stesso un widget Recensioni Airbnb, scopri quanto \u00e8 facile Il processo \u00e8: lavora direttamente nell&#8217;editor online per creare un widget per le recensioni di Airbnb che vorresti vedere sul tuo sito web GoDaddy. Scegli uno dei modelli predefiniti e regola le impostazioni delle recensioni di Airbnb, aggiungi i tuoi contenuti, modifica il layout e i colori senza competenze di codifica. Salva le recensioni di Airbnb e copia il codice di installazione, che potrai includere nel tuo sito GoDaddy senza dover acquistare una versione a pagamento. Con il nostro editor intuitivo qualsiasi utente di Internet pu\u00f2 creare widget per le recensioni di Airbnb online e incorporarlo facilmente nel proprio sito Web GoDaddy. Non \u00e8 necessario pagare o inserire le credenziali della carta per accedere al servizio. In caso di problemi in qualsiasi momento, non esitate a contattare il nostro team di supporto tecnico.<\/p> <\/div>\r\n\t\t\t\t\t<\/div>\r\n\t\t\t\t<\/div> <\/div> <\/div>","protected":false},"excerpt":{"rendered":"","protected":false},"author":9,"featured_media":0,"parent":1072,"menu_order":0,"comment_status":"closed","ping_status":"closed","template":"templates\/template-application-platform.php","meta":{"publish_to_discourse":"","publish_post_category":"","wpdc_auto_publish_overridden":"","wpdc_topic_tags":"","wpdc_pin_topic":"","wpdc_pin_until":"","discourse_post_id":"","discourse_permalink":"","wpdc_publishing_response":"","wpdc_publishing_error":"","footnotes":""},"class_list":["post-3444","page","type-page","status-publish","hentry"],"yoast_head":"<!-- This site is optimized with the Yoast SEO plugin v25.3.1 - https:\/\/yoast.com\/wordpress\/plugins\/seo\/ -->\n<title>Recensioni tutto in uno: aggiungi il plug-in Recensioni al sito Web di GoDaddy!<\/title>\n<meta name=\"description\" content=\"Implementa un&#039;app per le recensioni reattiva sul tuo sito GoDaddy e guadagna la massima fiducia. Applica la demo facile da usare di Elfsight per creare il tuo strumento unico!\" \/>\n<meta name=\"robots\" content=\"index, follow, max-snippet:-1, max-image-preview:large, max-video-preview:-1\" \/>\n<link rel=\"canonical\" href=\"https:\/\/elfsight.com\/it\/all-in-one-reviews-widget\/godaddy\/\" \/>\n<meta property=\"og:locale\" content=\"it_IT\" \/>\n<meta property=\"og:type\" content=\"article\" \/>\n<meta property=\"og:title\" content=\"Recensioni tutto in uno: aggiungi il plug-in Recensioni al sito Web di GoDaddy!\" \/>\n<meta property=\"og:description\" content=\"Implementa un&#039;app per le recensioni reattiva sul tuo sito GoDaddy e guadagna la massima fiducia. Applica la demo facile da usare di Elfsight per creare il tuo strumento unico!\" \/>\n<meta property=\"og:url\" content=\"https:\/\/elfsight.com\/it\/all-in-one-reviews-widget\/godaddy\/\" \/>\n<meta property=\"og:site_name\" content=\"Elfsight IT\" \/>\n<meta property=\"article:modified_time\" content=\"2024-11-11T11:24:45+00:00\" \/>\n<meta name=\"twitter:card\" content=\"summary_large_image\" \/>\n<meta name=\"twitter:label1\" content=\"Tempo di lettura stimato\" \/>\n\t<meta name=\"twitter:data1\" content=\"3 minuti\" \/>\n<!-- \/ Yoast SEO plugin. -->","yoast_head_json":{"title":"Recensioni tutto in uno: aggiungi il plug-in Recensioni al sito Web di GoDaddy!","description":"Implementa un'app per le recensioni reattiva sul tuo sito GoDaddy e guadagna la massima fiducia. Applica la demo facile da usare di Elfsight per creare il tuo strumento unico!","robots":{"index":"index","follow":"follow","max-snippet":"max-snippet:-1","max-image-preview":"max-image-preview:large","max-video-preview":"max-video-preview:-1"},"canonical":"https:\/\/elfsight.com\/it\/all-in-one-reviews-widget\/godaddy\/","og_locale":"it_IT","og_type":"article","og_title":"Recensioni tutto in uno: aggiungi il plug-in Recensioni al sito Web di GoDaddy!","og_description":"Implementa un'app per le recensioni reattiva sul tuo sito GoDaddy e guadagna la massima fiducia. Applica la demo facile da usare di Elfsight per creare il tuo strumento unico!","og_url":"https:\/\/elfsight.com\/it\/all-in-one-reviews-widget\/godaddy\/","og_site_name":"Elfsight IT","article_modified_time":"2024-11-11T11:24:45+00:00","twitter_card":"summary_large_image","twitter_misc":{"Tempo di lettura stimato":"3 minuti"},"schema":{"@context":"https:\/\/schema.org","@graph":[{"@type":"WebPage","@id":"https:\/\/elfsight.com\/it\/all-in-one-reviews-widget\/godaddy\/","url":"https:\/\/elfsight.com\/it\/all-in-one-reviews-widget\/godaddy\/","name":"Recensioni tutto in uno: aggiungi il plug-in Recensioni al sito Web di GoDaddy!","isPartOf":{"@id":"https:\/\/elfsight.com\/it\/#website"},"datePublished":"2024-05-03T06:27:05+00:00","dateModified":"2024-11-11T11:24:45+00:00","description":"Implementa un'app per le recensioni reattiva sul tuo sito GoDaddy e guadagna la massima fiducia. Applica la demo facile da usare di Elfsight per creare il tuo strumento unico!","breadcrumb":{"@id":"https:\/\/elfsight.com\/it\/all-in-one-reviews-widget\/godaddy\/#breadcrumb"},"inLanguage":"it-IT","potentialAction":[{"@type":"ReadAction","target":["https:\/\/elfsight.com\/it\/all-in-one-reviews-widget\/godaddy\/"]}]},{"@type":"BreadcrumbList","@id":"https:\/\/elfsight.com\/it\/all-in-one-reviews-widget\/godaddy\/#breadcrumb","itemListElement":[{"@type":"ListItem","position":1,"name":"Home","item":"https:\/\/elfsight.com\/it\/"},{"@type":"ListItem","position":2,"name":"All-in-One Reviews","item":"https:\/\/elfsight.com\/it\/all-in-one-reviews-widget\/"},{"@type":"ListItem","position":3,"name":"All-in-one Reviews &#8211; GoDaddy"}]},{"@type":"WebSite","@id":"https:\/\/elfsight.com\/it\/#website","url":"https:\/\/elfsight.com\/it\/","name":"Elfsight IT","description":"Just another Elfsight Sites site","potentialAction":[{"@type":"SearchAction","target":{"@type":"EntryPoint","urlTemplate":"https:\/\/elfsight.com\/it\/?s={search_term_string}"},"query-input":{"@type":"PropertyValueSpecification","valueRequired":true,"valueName":"search_term_string"}}],"inLanguage":"it-IT"}]}},"meta_box":{"industry":"","seo_heading":"","heading":"","description":"","cta_heading":"","cta_description":"","application":"1071","h1":"Plug-in per recensioni tutto in uno di GoDaddy","h1_caption":"Affidabilit\u00e0 di livello superiore che mostra i commenti dei visitatori reali con le informazioni sull'autore","application_category":[],"applications_title":"","applications_request_title":"","applications_request_button_text":"","hero_text":"","hero_video":"","hero_video_schema_markup":"","selling_points_title":"","selling_points_caption":"","selling_points":[],"selling_points_cta_text":"","features_title":"","features":"","ed_cta_examples_text":"","ed_cta_examples_hidden":"","ed_cta_demo_text":"","ed_cta_demo_hidden":"","why_caption":"","why_editor_title":"","why_editor_text":"","why_team_title":"","why_team_text":"","why_service_title":"","why_service_text":"","template_catalog_visible":"","template_catalog_title":"","template_catalog_text":"","template_catalog_categories_visible":"","demo_title":"Crea il tuo plugin per recensioni tutto in uno","demo_caption":"Configura le tue recensioni tutto in uno e aggiungile gratuitamente al tuo sito Web GoDaddy!","default_faq_hidden":"","app_template_category":[],"platform":"53","template_public_id":"","codecanyon_url":"","codecanyon_item_id":"","codecanyon_price":"","pricing_caption":"","pricing_elfsight_apps_hide_column":"","pricing_elfsight_apps_url":"","pricing_codecanyon_price_caption":"","integration_category":[],"integration_request_title":"","integration_request_cta":"","integration_platform":"","integrations":[],"platform_category":[],"video_schema_markup":"","price":"da $ 0 al mese","trial":"","benefits":[{"text":"Servizio di installazione gratuito"},{"text":"Servizio clienti efficace"},{"text":"Garanzia di rimborso di 14 giorni"},{"text":"Aggiornamenti continui"}],"button_url":"#demo","button_target_blank":"","button_nofollow":"","attributes":[{"name":"Installazioni"},{"name":"Reattivo","content":"S\u00cc"},{"name":"Browser compatibili","content":"Firefox, Safari, Opera, Chrome, Edge"}],"tags":[],"tags_disable_links":"","hide_more_platforms":"","video_object":"","demo_hide_cta":"","demo_hide_cloud_options":"","pricing_title":"","pricing":[{"pricing_icon":"platform","pricing_title":"Elfsight Apps","pricing_title_caption":"Soluzione digitale multipiattaforma che funziona su qualsiasi sito web","pricing_price":"da $ 0 \/ mese","pricing_price_caption":"inizia con il piano gratuito","pricing_benefits":[{"text":"Domini illimitati"},{"text":"Supporto aziendale veloce"},{"text":"Assistenza per l'installazione gratuita"},{"text":"Completamente personalizzabile"}],"pricing_button_text":"Aggiungi al sito web","pricing_button_url":"#demo"}],"related_apps_title":"","related_apps_hidden":"","author":"","image":[],"title":"","job":"","social_networks":[]},"_links":{"self":[{"href":"https:\/\/elfsight.com\/it\/wp-json\/wp\/v2\/pages\/3444","targetHints":{"allow":["GET"]}}],"collection":[{"href":"https:\/\/elfsight.com\/it\/wp-json\/wp\/v2\/pages"}],"about":[{"href":"https:\/\/elfsight.com\/it\/wp-json\/wp\/v2\/types\/page"}],"author":[{"embeddable":true,"href":"https:\/\/elfsight.com\/it\/wp-json\/wp\/v2\/users\/9"}],"replies":[{"embeddable":true,"href":"https:\/\/elfsight.com\/it\/wp-json\/wp\/v2\/comments?post=3444"}],"version-history":[{"count":1,"href":"https:\/\/elfsight.com\/it\/wp-json\/wp\/v2\/pages\/3444\/revisions"}],"predecessor-version":[{"id":3448,"href":"https:\/\/elfsight.com\/it\/wp-json\/wp\/v2\/pages\/3444\/revisions\/3448"}],"up":[{"embeddable":true,"href":"https:\/\/elfsight.com\/it\/wp-json\/wp\/v2\/pages\/1072"}],"wp:attachment":[{"href":"https:\/\/elfsight.com\/it\/wp-json\/wp\/v2\/media?parent=3444"}],"curies":[{"name":"wp","href":"https:\/\/api.w.org\/{rel}","templated":true}]}}