{"id":3436,"date":"2024-05-03T06:27:01","date_gmt":"2024-05-03T06:27:01","guid":{"rendered":"https:\/\/elfsight.com\/it\/?page_id=3436"},"modified":"2025-03-17T07:25:37","modified_gmt":"2025-03-17T07:25:37","slug":"bigcommerce","status":"publish","type":"page","link":"https:\/\/elfsight.com\/it\/all-in-one-chat-widget\/bigcommerce\/","title":{"rendered":"All-in-One Chat &#8211; BigCommerce"},"content":{"rendered":"\n<div class=\"application-platform-content-item-description application-platform-content-item\" id=\"description\" data-nav-section=\"description\"> <h2>Descrizione<\/h2> <p>L&#8217;app Elfsight All-in-One Chat \u00e8 una delle possibilit\u00e0 pi\u00f9 convenienti con cui le persone possono contattarti e ottenere risposte alle loro domande. Rimani disponibile dal vivo in tutte le chat pi\u00f9 popolari 24 ore su 24, 7 giorni su 7. Incorpora il widget nel tuo sito e potr\u00e0 apparire su pagine selezionate o per categorie separate di visitatori, scegli gli attivatori che avviano la chat, imposta il testo di benvenuto, imposta le icone e altre funzionalit\u00e0. Con l&#8217;aiuto del plugin attivo rimarrai connesso alle persone in qualsiasi momento e da qualsiasi luogo. <\/p> <p><b>Tutti i messenger pi\u00f9 famosi come Telegram, Viber, Facebook, WhatsApp e altri in uno per la massima interazione competente e conveniente con i tuoi clienti!<\/b><\/p> <p> <b>Centralizza le richieste dei tuoi clienti<\/b><br>Mescolando tutti i canali di comunicazione pi\u00f9 noti all&#8217;interno della nostra app Chat Box sarai in grado di svolgere numerose attivit\u00e0 in un unico posto, sviluppando la soddisfazione del cliente.<\/p><p><b>Strumento altamente personalizzabile<\/b><br>WhatsApp, Viber, Line, Telegram, Discord, Facebook Messenger, &#8211; sei libero di utilizzarli tutti insieme o di scegliere quelli che soddisfano le tue esigenze, modificandone i colori , dimensioni e molto altro ancora.<\/b><p><b>Fornisci una conversazione in tempo reale<\/b><br>Inserendo il widget Live Chat sul tuo sito web, conoscerai pi\u00f9 velocemente il tuo pubblico fornendogli il servizio leader della categoria e offre servizi pi\u00f9 informati.<\/b><\/div> <div class=\"application-platform-content-item-features application-platform-content-item\" id=\"features\" data-nav-section=\"features\"> <h2>Trova di seguito le funzionalit\u00e0 essenziali dell&#8217;app: <\/h2> <ul><li>Incorpora tutto -in-One Chat Messenger sul tuo sito per conversare con gli utenti. <\/li><li>3 varianti della posizione della chat: bolla mobile, bolla incorporata e finestra di chat incorporata. <\/li><li>Una raccolta di icone di bolle tra cui scegliere. <\/li><li>Intestazione della chat malleabile con immagine della pagina, nome e sottotitolo<\/li><li>Impostazione dell&#8217;immagine della pagina per impostazione predefinita, dalla nostra libreria o caricamento di un&#8217;immagine personalizzata. <\/li><\/ul><p><a href=\"#demo\">Puoi provare quanto vale il widget con l&#8217;aiuto della demo<\/a><\/p> <\/div> <div class=\"application-platform-content-item-installazione application-platform-content-item\" id=\"installazione\" data-nav-section=\"installazione\"> <h2>Come posso aggiungere la Live Chat al mio sito BigCommerce?<\/h2> <div class=\"video-container\"><iframe width=\"560\" height=\"315\" src=\"https:\/\/www.youtube.com\/embed\/VvtQGguqPJE?si=51yJErmdw1xxEYU0\" frameborder=\"0\" allow=\"accelerometer; autoplay; clipboard-write; encrypted-media; gyroscope; picture-in-picture; web-share\" allowfullscreen><\/iframe><\/div><p>Basta applicare le istruzioni seguenti per iniziare a utilizzare il widget. <\/p> <ol><li><b>Gestisci il nostro configuratore gratuito e inizia a dare forma al tuo widget personalizzato.<\/b><br> Trova il design e la funzionalit\u00e0 selezionati del widget e salva tutte le correzioni.<\/li> <li><b>Acquisisci il tuo codice individuale mostrato nella finestra su Elfsight Apps.<\/b><br> Non appena la generazione del tuo widget personale \u00e8 terminata, copia il codice personale nel popup apparso e salvalo per dopo occasione. <\/li> <li><b>Inizia a utilizzare il widget sulla pagina web di BigCommerce. <\/b><br> Aggiungi il codice che hai copiato di recente nel tuo sito web e salva i miglioramenti.<\/li> <li><b>Fatto! L&#8217;integrazione \u00e8 completamente terminata.<\/b><br> Vai al tuo sito web per osservare come sta funzionando il widget.<\/li><\/ol><p>Se riscontri qualche problema, chiedi assistenza al nostro personale di supporto. Il nostro personale non vede l&#8217;ora di aiutarti con tutte le domande che potresti avere sullo strumento.<\/p> <div class=\"faq\" data-component=\"FAQ\"><div class=\"faq-item\">\r\n\t\t\t\t\t<div class=\"faq-item-question\">\r\n\t\t\t\t\t\t<h3 class=\"faq-item-question-text\">Come posso aggiungere la chat all-in-one al mio sito web BigCommerce senza competenze di programmazione?<\/h3>\r\n\r\n\t\t\t\t\t\t<div class=\"faq-item-question-icon\"><\/div>\r\n\t\t\t\t\t<\/div>\r\n\r\n\t\t\t\t\t<div class=\"faq-item-answer\">\r\n\t\t\t\t\t\t<div class=\"faq-item-answer-text\"> <p>Elfsight fornisce una soluzione SaaS che ti consente di creare tu stesso un widget di chat tutto in uno, scopri quanto \u00e8 semplice il processo: lavora direttamente nell&#8217;editor online per creare un widget di chat tutto in uno che vorresti vedere sul tuo sito web BigCommerce. Scegli uno dei modelli predefiniti e regola le impostazioni della chat all-in-one, aggiungi i tuoi contenuti, modifica il layout e i colori senza alcuna abilit\u00e0 di codifica. Salva la chat all-in-one e copia il codice di installazione, che potrai facilmente incorporare nel tuo sito BigCommerce senza acquistare una versione a pagamento. Con il nostro editor intuitivo qualsiasi utente di Internet pu\u00f2 creare un widget di chat tutto in uno online e incorporarlo facilmente nel proprio sito Web BigCommerce. Non \u00e8 necessario pagare o inserire le credenziali della carta per accedere al servizio. In caso di problemi in qualsiasi momento, non esitare a contattare il nostro team di supporto tecnico.<\/p><\/div>\r\n\t\t\t\t\t<\/div>\r\n\t\t\t\t<\/div><\/div><\/div>\n","protected":false},"excerpt":{"rendered":"","protected":false},"author":9,"featured_media":0,"parent":1886,"menu_order":0,"comment_status":"closed","ping_status":"closed","template":"templates\/template-application-platform.php","meta":{"publish_to_discourse":"","publish_post_category":"","wpdc_auto_publish_overridden":"","wpdc_topic_tags":"","wpdc_pin_topic":"","wpdc_pin_until":"","discourse_post_id":"","discourse_permalink":"","wpdc_publishing_response":"","wpdc_publishing_error":"","footnotes":""},"class_list":["post-3436","page","type-page","status-publish","hentry"],"yoast_head":"<!-- This site is optimized with the Yoast SEO plugin v25.3.1 - https:\/\/yoast.com\/wordpress\/plugins\/seo\/ -->\n<title>Chat dal vivo: widget della casella di chat online per i siti Web BigCommerce [2025]<\/title>\n<meta name=\"description\" content=\"Incorpora il tuo widget All-in-One Live Chat Box nella home page di BigCommerce in pochi minuti. Utilizza la nostra pratica demo per modellare il tuo widget unico in modo semplice e senza codifica.\" \/>\n<meta name=\"robots\" content=\"index, follow, max-snippet:-1, max-image-preview:large, max-video-preview:-1\" \/>\n<link rel=\"canonical\" href=\"https:\/\/elfsight.com\/it\/all-in-one-chat-widget\/bigcommerce\/\" \/>\n<meta property=\"og:locale\" content=\"it_IT\" \/>\n<meta property=\"og:type\" content=\"article\" \/>\n<meta property=\"og:title\" content=\"Chat dal vivo: widget della casella di chat online per i siti Web BigCommerce [2025]\" \/>\n<meta property=\"og:description\" content=\"Incorpora il tuo widget All-in-One Live Chat Box nella home page di BigCommerce in pochi minuti. Utilizza la nostra pratica demo per modellare il tuo widget unico in modo semplice e senza codifica.\" \/>\n<meta property=\"og:url\" content=\"https:\/\/elfsight.com\/it\/all-in-one-chat-widget\/bigcommerce\/\" \/>\n<meta property=\"og:site_name\" content=\"Elfsight IT\" \/>\n<meta property=\"article:modified_time\" content=\"2025-03-17T07:25:37+00:00\" \/>\n<meta name=\"twitter:card\" content=\"summary_large_image\" \/>\n<meta name=\"twitter:label1\" content=\"Tempo di lettura stimato\" \/>\n\t<meta name=\"twitter:data1\" content=\"4 minuti\" \/>\n<!-- \/ Yoast SEO plugin. -->","yoast_head_json":{"title":"Chat dal vivo: widget della casella di chat online per i siti Web BigCommerce [2025]","description":"Incorpora il tuo widget All-in-One Live Chat Box nella home page di BigCommerce in pochi minuti. Utilizza la nostra pratica demo per modellare il tuo widget unico in modo semplice e senza codifica.","robots":{"index":"index","follow":"follow","max-snippet":"max-snippet:-1","max-image-preview":"max-image-preview:large","max-video-preview":"max-video-preview:-1"},"canonical":"https:\/\/elfsight.com\/it\/all-in-one-chat-widget\/bigcommerce\/","og_locale":"it_IT","og_type":"article","og_title":"Chat dal vivo: widget della casella di chat online per i siti Web BigCommerce [2025]","og_description":"Incorpora il tuo widget All-in-One Live Chat Box nella home page di BigCommerce in pochi minuti. Utilizza la nostra pratica demo per modellare il tuo widget unico in modo semplice e senza codifica.","og_url":"https:\/\/elfsight.com\/it\/all-in-one-chat-widget\/bigcommerce\/","og_site_name":"Elfsight IT","article_modified_time":"2025-03-17T07:25:37+00:00","twitter_card":"summary_large_image","twitter_misc":{"Tempo di lettura stimato":"4 minuti"},"schema":{"@context":"https:\/\/schema.org","@graph":[{"@type":"WebPage","@id":"https:\/\/elfsight.com\/it\/all-in-one-chat-widget\/bigcommerce\/","url":"https:\/\/elfsight.com\/it\/all-in-one-chat-widget\/bigcommerce\/","name":"Chat dal vivo: widget della casella di chat online per i siti Web BigCommerce [2025]","isPartOf":{"@id":"https:\/\/elfsight.com\/it\/#website"},"datePublished":"2024-05-03T06:27:01+00:00","dateModified":"2025-03-17T07:25:37+00:00","description":"Incorpora il tuo widget All-in-One Live Chat Box nella home page di BigCommerce in pochi minuti. Utilizza la nostra pratica demo per modellare il tuo widget unico in modo semplice e senza codifica.","breadcrumb":{"@id":"https:\/\/elfsight.com\/it\/all-in-one-chat-widget\/bigcommerce\/#breadcrumb"},"inLanguage":"it-IT","potentialAction":[{"@type":"ReadAction","target":["https:\/\/elfsight.com\/it\/all-in-one-chat-widget\/bigcommerce\/"]}]},{"@type":"BreadcrumbList","@id":"https:\/\/elfsight.com\/it\/all-in-one-chat-widget\/bigcommerce\/#breadcrumb","itemListElement":[{"@type":"ListItem","position":1,"name":"Home","item":"https:\/\/elfsight.com\/it\/"},{"@type":"ListItem","position":2,"name":"All-in-One Chat","item":"https:\/\/elfsight.com\/it\/all-in-one-chat-widget\/"},{"@type":"ListItem","position":3,"name":"All-in-One Chat &#8211; BigCommerce"}]},{"@type":"WebSite","@id":"https:\/\/elfsight.com\/it\/#website","url":"https:\/\/elfsight.com\/it\/","name":"Elfsight IT","description":"Just another Elfsight Sites site","potentialAction":[{"@type":"SearchAction","target":{"@type":"EntryPoint","urlTemplate":"https:\/\/elfsight.com\/it\/?s={search_term_string}"},"query-input":{"@type":"PropertyValueSpecification","valueRequired":true,"valueName":"search_term_string"}}],"inLanguage":"it-IT"}]}},"meta_box":{"industry":"","seo_heading":"","heading":"","description":"","cta_heading":"","cta_description":"","application":"1885","h1":"Widget di chat dal vivo di BigCommerce","h1_caption":"Offri ai tuoi clienti la possibilit\u00e0 di raggiungerti su pi\u00f9 piattaforme di messaggistica come Whatsapp, Facebook, Telegram e altro da un'unica app nel tuo sito web BigCommerce senza sforzo.","application_category":[],"applications_title":"","applications_request_title":"","applications_request_button_text":"","hero_text":"","hero_video":"","hero_video_schema_markup":"","selling_points_title":"","selling_points_caption":"","selling_points":[],"selling_points_cta_text":"","features_title":"","features":"","ed_cta_examples_text":"","ed_cta_examples_hidden":"","ed_cta_demo_text":"","ed_cta_demo_hidden":"","why_caption":"","why_editor_title":"","why_editor_text":"","why_team_title":"","why_team_text":"","why_service_title":"","why_service_text":"","template_catalog_visible":"0","template_catalog_title":"","template_catalog_text":"","template_catalog_categories_visible":"","demo_title":"Crea la tua app di chat tutto in uno","demo_caption":"Configura la tua chat All-in-One e aggiungila gratuitamente al tuo sito BigCommerce!","default_faq_hidden":"","app_template_category":[],"platform":"32","template_public_id":"","codecanyon_url":"","codecanyon_item_id":"","codecanyon_price":"","pricing_caption":"","pricing_elfsight_apps_hide_column":"","pricing_elfsight_apps_url":"","pricing_codecanyon_price_caption":"","integration_category":[],"integration_request_title":"","integration_request_cta":"","integration_platform":"","integrations":[],"platform_category":[],"video_schema_markup":"","price":"da $ 0 al mese","trial":"","benefits":[{"text":"Assistenza clienti con esperienza"},{"text":"Supporto premium"},{"text":"Garanzia di rimborso di 14 giorni"},{"text":"Sviluppo continuo"}],"button_url":"#demo","button_target_blank":"0","button_nofollow":"0","attributes":[{"name":"Installazioni"},{"name":"Reattivo","content":"S\u00cc"},{"name":"Browser compatibili","content":"Firefox, Safari, Opera, Chrome, Edge"}],"tags":[],"tags_disable_links":"0","hide_more_platforms":"0","video_object":"","demo_hide_cta":"0","demo_hide_cloud_options":"0","pricing_title":"","pricing":[{"pricing_icon":"platform","pricing_title":"Elfsight Apps","pricing_title_caption":"Versione multipiattaforma","pricing_price":"da $ 0 \/ mese","pricing_price_caption":"inizia con un piano gratuito","pricing_benefits":[{"text":"Siti web illimitati"},{"text":"Supporto 24 ore su 24, 7 giorni su 7"},{"text":"Aiuto per l'installazione gratuito"},{"text":"100% personalizzabile"}],"pricing_button_text":"Aggiungi al sito web","pricing_button_url":"#demo"}],"related_apps_title":"","related_apps_hidden":"0","author":"","image":[],"title":"","job":"","social_networks":[]},"_links":{"self":[{"href":"https:\/\/elfsight.com\/it\/wp-json\/wp\/v2\/pages\/3436","targetHints":{"allow":["GET"]}}],"collection":[{"href":"https:\/\/elfsight.com\/it\/wp-json\/wp\/v2\/pages"}],"about":[{"href":"https:\/\/elfsight.com\/it\/wp-json\/wp\/v2\/types\/page"}],"author":[{"embeddable":true,"href":"https:\/\/elfsight.com\/it\/wp-json\/wp\/v2\/users\/9"}],"replies":[{"embeddable":true,"href":"https:\/\/elfsight.com\/it\/wp-json\/wp\/v2\/comments?post=3436"}],"version-history":[{"count":3,"href":"https:\/\/elfsight.com\/it\/wp-json\/wp\/v2\/pages\/3436\/revisions"}],"predecessor-version":[{"id":8893,"href":"https:\/\/elfsight.com\/it\/wp-json\/wp\/v2\/pages\/3436\/revisions\/8893"}],"up":[{"embeddable":true,"href":"https:\/\/elfsight.com\/it\/wp-json\/wp\/v2\/pages\/1886"}],"wp:attachment":[{"href":"https:\/\/elfsight.com\/it\/wp-json\/wp\/v2\/media?parent=3436"}],"curies":[{"name":"wp","href":"https:\/\/api.w.org\/{rel}","templated":true}]}}