{"id":3434,"date":"2024-05-03T06:26:59","date_gmt":"2024-05-03T06:26:59","guid":{"rendered":"https:\/\/elfsight.com\/it\/?page_id=3434"},"modified":"2025-03-17T07:35:48","modified_gmt":"2025-03-17T07:35:48","slug":"drupal","status":"publish","type":"page","link":"https:\/\/elfsight.com\/it\/all-in-one-chat-widget\/drupal\/","title":{"rendered":"All-in-One Chat &#8211; Drupal"},"content":{"rendered":"\n<div class=\"application-platform-content-item-description application-platform-content-item\" id=\"description\" data-nav-section=\"description\"> <h2>Descrizione<\/h2> <p>La chat all-in-one di Elfsight \u00e8 una delle possibilit\u00e0 pi\u00f9 comode per le persone di rivolgersi a te e ottenere hanno risposto alle loro domande. Rimani disponibile online in tutte le chat pi\u00f9 utilizzate. Integra il modulo sulla tua pagina e potr\u00e0 apparire su pagine specifiche o per gruppi separati di visitatori, assegnare attivatori per l&#8217;avvio della chat, scrivere il proprio testo di benvenuto, selezionare icone e altro ancora. Con l&#8217;aiuto del widget attivo e funzionante rimarrai connesso alle persone in qualsiasi momento e da qualsiasi luogo. <\/p> <p><b>Tutti i pi\u00f9 importanti messenger come Facebook, Telegram, WhatsApp, Viber e molto altro in uno per l&#8217;interazione pi\u00f9 competente e conveniente con i clienti!<\/b><\/p> <p><b>Centralizza le richieste dei tuoi clienti<\/b><br>Unendo tutti i canali di comunicazione pi\u00f9 noti nel nostro modulo Chat Box avrai la possibilit\u00e0 di risolvere pi\u00f9 attivit\u00e0 in un unico posto, sviluppando la soddisfazione del cliente.<\/p><p><b>Strumento estremamente personalizzabile<\/b><br>Discord, Facebook Messenger, WhatsApp, Telegram, Line, Viber: puoi utilizzarli tutti in una volta o scegliere quelli che soddisfano le tue esigenze, modificandone colori, dimensioni e molto altro.<\/p><p><b>Garantisci una conversazione in tempo reale<\/b><br>Inserendo il plug-in della chat dal vivo sul tuo sito, conoscerai i tuoi visitatori pi\u00f9 velocemente garantendo con un servizio leader della categoria e offrendo servizi pi\u00f9 mirati.<\/p><div class=\"faq\" data-component=\"FAQ\"><div class=\"faq-item\">\r\n\t\t\t\t\t<div class=\"faq-item-question\">\r\n\t\t\t\t\t\t<h3 class=\"faq-item-question-text\">Come aggiungere la casella di chat all-in-one a una pagina Drupal?<\/h3>\r\n\r\n\t\t\t\t\t\t<div class=\"faq-item-question-icon\"><\/div>\r\n\t\t\t\t\t<\/div>\r\n\r\n\t\t\t\t\t<div class=\"faq-item-answer\">\r\n\t\t\t\t\t\t<div class=\"faq-item-answer-text\"><p>Integrazione della chat modulo richiede circa alcuni istanti. Inoltre, non \u00e8 necessario avere competenze di programmazione.<\/p><ol><li>Modifica il widget per Drupal nel configuratore gratuito e guarda le modifiche in tempo reale. <\/li> <li>Copia il tuo codice di installazione. <\/li> <li>Inserisci il codice nella posizione necessaria nel backend del sito web. <\/li> <li>Capito! L&#8217;integrazione del plugin di chat in Drupal \u00e8 terminata! <\/li><\/ol><p>Hai problemi con l&#8217;inserimento del plugin in Drupal o con l&#8217;impostazione della chat All-in-One? Potresti trovare la guida completa <a href=\"https:\/\/elfsight.com\/tutorials\/how-to-add-live-chat-to-website\/#how-to-add-live-chat-to-drupal\">in questa pagina<\/a>. <\/p><\/div>\r\n\t\t\t\t\t<\/div>\r\n\t\t\t\t<\/div><div class=\"faq-item\">\r\n\t\t\t\t\t<div class=\"faq-item-question\">\r\n\t\t\t\t\t\t<h3 class=\"faq-item-question-text\">Posso vedere come apparir\u00e0 il widget sul mio sito?<\/h3>\r\n\r\n\t\t\t\t\t\t<div class=\"faq-item-question-icon\"><\/div>\r\n\t\t\t\t\t<\/div>\r\n\r\n\t\t\t\t\t<div class=\"faq-item-answer\">\r\n\t\t\t\t\t\t<div class=\"faq-item-answer-text\"><p>Assolutamente s\u00ec! Nel processo di creazione del modulo di chat Drupal nell&#8217;<a href=\"https:\/\/elfsight.com\/all-in-one-chat-widget\/#demo\">editor online gratuito<\/a>, considererai tutti le revisioni a destra. La casella di chat avr\u00e0 lo stesso aspetto che avrai sul tuo sito Drupal.<\/p><\/div>\r\n\t\t\t\t\t<\/div>\r\n\t\t\t\t<\/div><div class=\"faq-item\">\r\n\t\t\t\t\t<div class=\"faq-item-question\">\r\n\t\t\t\t\t\t<h3 class=\"faq-item-question-text\">Quali altri moduli sono indispensabili per un sito Drupal?<\/h3>\r\n\r\n\t\t\t\t\t\t<div class=\"faq-item-question-icon\"><\/div>\r\n\t\t\t\t\t<\/div>\r\n\r\n\t\t\t\t\t<div class=\"faq-item-answer\">\r\n\t\t\t\t\t\t<div class=\"faq-item-answer-text\"><p>Drupal \u00e8 un sito sicuro e CMS flessibile utilizzato da numerosi proprietari di siti Web in tutto il mondo. I moduli Elfsight aiutano ad espandere le funzionalit\u00e0 di Drupal e a rendere i siti web basati su di esso ancora pi\u00f9 utili. Ad esempio, c&#8217;\u00e8 una <a href=\"https:\/\/elfsight.com\/whatsapp-chat-widget\/drupal\/\">casella di chat di WhatsApp<\/a> per rendere la conversazione con i clienti ancora pi\u00f9 semplice, <a href=\"https:\/\/elfsight.com\/online-form-builder\/drupal\/\">Form Builder<\/a>, <a href=\"https:\/\/elfsight.com\/pdf-embed-widget\/drupal\/\">PDF incorporato<\/a>, <a href=\"https:\/\/elfsight.com\/instagram-feed-instashow\/drupal\/\">feed di Instagram<\/a> e <a href=\"https:\/\/elfsight.com\/event-calendar-widget\/drupal\/\">Calendario eventi<\/a>. Questi prodotti saranno utili per aumentare le vendite e migliorare l&#8217;assistenza clienti online.<\/p><\/div>\r\n\t\t\t\t\t<\/div>\r\n\t\t\t\t<\/div><\/div><\/div> <div class=\"application-platform-content-item-features application-platform-content-item\" id=\"features\" data-nav-section=\"features\"> <h2>Le funzionalit\u00e0 principali del widget offerte<\/h2> <ul><li>Aggiungi il modulo di messaggistica Live Chat tutto in uno sul tuo sito per chattare con gli utenti. <\/li><li>Tre varianti della posizione della chat: bolla mobile, bolla incorporata e finestra di chat incorporata. <\/li><li>Una raccolta di icone di bolle tra cui scegliere. <\/li><li>Intestazione della chat malleabile con logo, nome e sottotitolo della pagina<\/li><li>Selezionare l&#8217;immagine della pagina per impostazione predefinita, dalla raccolta o caricare un&#8217;immagine personalizzata. <\/li><\/ul><p><a href=\"#demo\">Puoi scoprire tutte le funzionalit\u00e0 del widget nella demo qui sotto<\/a><\/p> <\/div> <div class=\"application-platform-content-item- installazione application-platform-content-item\" id=\" installazione\" data-nav-section=\" installazione\"> <h2>Come aggiungere il modulo Live Chat alla mia pagina web Drupal? <\/h2> <div class=\"video-container\"><iframe width=\"560\" height=\"315\" src=\"https:\/\/www.youtube.com\/embed\/4_i9w_SaFUI?si=ETBW0huMesyLqCEj\" frameborder=\"0\" allow=\"accelerometer; autoplay; clipboard-write; encrypted-media; gyroscope; picture-in-picture; web-share\" allowfullscreen><\/iframe><\/div><p>Segui semplicemente i passaggi descritti di seguito per attivare il widget. <\/p> <ol><li><b>Esegui il nostro configuratore gratuito e inizia a costruire il tuo plugin personalizzato. <\/b><br> Trova il layout e le funzionalit\u00e0 preferite dello strumento e salva le modifiche. <\/li> <li><b>Acquisisci il codice personale che viene visualizzato nell&#8217;apposito modulo su Elfsight Apps. <\/b><br> Una volta terminata la generazione del tuo widget personale, copia il codice personale nella casella emersa e conservalo per un uso futuro. <\/li> <li><b>Inizia a utilizzare il modulo di chat sul sito Drupal.<\/b><br> Implementa il codice copiato di recente nella tua pagina web e salva i miglioramenti. <\/li> <li><b>Fatto! L&#8217;incorporamento \u00e8 completamente completato. <\/b><br> Vai alla tua pagina web per verificare le prestazioni del widget. <\/li><\/ol><p>In caso di difficolt\u00e0, contatta il nostro personale di supporto. I nostri consulenti sono desiderosi di aiutarti con tutti i problemi che potresti riscontrare con il plugin. <\/p> <\/div>\n","protected":false},"excerpt":{"rendered":"","protected":false},"author":9,"featured_media":0,"parent":1886,"menu_order":0,"comment_status":"closed","ping_status":"closed","template":"templates\/template-application-platform.php","meta":{"publish_to_discourse":"","publish_post_category":"","wpdc_auto_publish_overridden":"","wpdc_topic_tags":"","wpdc_pin_topic":"","wpdc_pin_until":"","discourse_post_id":"","discourse_permalink":"","wpdc_publishing_response":"","wpdc_publishing_error":"","footnotes":""},"class_list":["post-3434","page","type-page","status-publish","hentry"],"yoast_head":"<!-- This site is optimized with the Yoast SEO plugin v25.3.1 - https:\/\/yoast.com\/wordpress\/plugins\/seo\/ -->\n<title>Chat dal vivo: aggiungi il widget Chat Box ai siti Web Drupal (gratuito e semplice)<\/title>\n<meta name=\"description\" content=\"Incorpora il tuo widget All-in-One Live Chat Box sulla home page di Drupal in pochi minuti. Utilizza la nostra pratica demo per modellare il tuo widget unico in modo semplice e senza codifica.\" \/>\n<meta name=\"robots\" content=\"index, follow, max-snippet:-1, max-image-preview:large, max-video-preview:-1\" \/>\n<link rel=\"canonical\" href=\"https:\/\/elfsight.com\/it\/all-in-one-chat-widget\/drupal\/\" \/>\n<meta property=\"og:locale\" content=\"it_IT\" \/>\n<meta property=\"og:type\" content=\"article\" \/>\n<meta property=\"og:title\" content=\"Chat dal vivo: aggiungi il widget Chat Box ai siti Web Drupal (gratuito e semplice)\" \/>\n<meta property=\"og:description\" content=\"Incorpora il tuo widget All-in-One Live Chat Box sulla home page di Drupal in pochi minuti. Utilizza la nostra pratica demo per modellare il tuo widget unico in modo semplice e senza codifica.\" \/>\n<meta property=\"og:url\" content=\"https:\/\/elfsight.com\/it\/all-in-one-chat-widget\/drupal\/\" \/>\n<meta property=\"og:site_name\" content=\"Elfsight IT\" \/>\n<meta property=\"article:modified_time\" content=\"2025-03-17T07:35:48+00:00\" \/>\n<meta name=\"twitter:card\" content=\"summary_large_image\" \/>\n<meta name=\"twitter:label1\" content=\"Tempo di lettura stimato\" \/>\n\t<meta name=\"twitter:data1\" content=\"4 minuti\" \/>\n<!-- \/ Yoast SEO plugin. -->","yoast_head_json":{"title":"Chat dal vivo: aggiungi il widget Chat Box ai siti Web Drupal (gratuito e semplice)","description":"Incorpora il tuo widget All-in-One Live Chat Box sulla home page di Drupal in pochi minuti. Utilizza la nostra pratica demo per modellare il tuo widget unico in modo semplice e senza codifica.","robots":{"index":"index","follow":"follow","max-snippet":"max-snippet:-1","max-image-preview":"max-image-preview:large","max-video-preview":"max-video-preview:-1"},"canonical":"https:\/\/elfsight.com\/it\/all-in-one-chat-widget\/drupal\/","og_locale":"it_IT","og_type":"article","og_title":"Chat dal vivo: aggiungi il widget Chat Box ai siti Web Drupal (gratuito e semplice)","og_description":"Incorpora il tuo widget All-in-One Live Chat Box sulla home page di Drupal in pochi minuti. Utilizza la nostra pratica demo per modellare il tuo widget unico in modo semplice e senza codifica.","og_url":"https:\/\/elfsight.com\/it\/all-in-one-chat-widget\/drupal\/","og_site_name":"Elfsight IT","article_modified_time":"2025-03-17T07:35:48+00:00","twitter_card":"summary_large_image","twitter_misc":{"Tempo di lettura stimato":"4 minuti"},"schema":{"@context":"https:\/\/schema.org","@graph":[{"@type":"WebPage","@id":"https:\/\/elfsight.com\/it\/all-in-one-chat-widget\/drupal\/","url":"https:\/\/elfsight.com\/it\/all-in-one-chat-widget\/drupal\/","name":"Chat dal vivo: aggiungi il widget Chat Box ai siti Web Drupal (gratuito e semplice)","isPartOf":{"@id":"https:\/\/elfsight.com\/it\/#website"},"datePublished":"2024-05-03T06:26:59+00:00","dateModified":"2025-03-17T07:35:48+00:00","description":"Incorpora il tuo widget All-in-One Live Chat Box sulla home page di Drupal in pochi minuti. Utilizza la nostra pratica demo per modellare il tuo widget unico in modo semplice e senza codifica.","breadcrumb":{"@id":"https:\/\/elfsight.com\/it\/all-in-one-chat-widget\/drupal\/#breadcrumb"},"inLanguage":"it-IT","potentialAction":[{"@type":"ReadAction","target":["https:\/\/elfsight.com\/it\/all-in-one-chat-widget\/drupal\/"]}]},{"@type":"BreadcrumbList","@id":"https:\/\/elfsight.com\/it\/all-in-one-chat-widget\/drupal\/#breadcrumb","itemListElement":[{"@type":"ListItem","position":1,"name":"Home","item":"https:\/\/elfsight.com\/it\/"},{"@type":"ListItem","position":2,"name":"All-in-One Chat","item":"https:\/\/elfsight.com\/it\/all-in-one-chat-widget\/"},{"@type":"ListItem","position":3,"name":"All-in-One Chat &#8211; Drupal"}]},{"@type":"WebSite","@id":"https:\/\/elfsight.com\/it\/#website","url":"https:\/\/elfsight.com\/it\/","name":"Elfsight IT","description":"Just another Elfsight Sites site","potentialAction":[{"@type":"SearchAction","target":{"@type":"EntryPoint","urlTemplate":"https:\/\/elfsight.com\/it\/?s={search_term_string}"},"query-input":{"@type":"PropertyValueSpecification","valueRequired":true,"valueName":"search_term_string"}}],"inLanguage":"it-IT"}]}},"meta_box":{"industry":"","seo_heading":"","heading":"","description":"","cta_heading":"","cta_description":"","application":"1885","h1":"Modulo Drupal Live Chat","h1_caption":"Offri ai tuoi clienti la possibilit\u00e0 di raggiungerti su pi\u00f9 piattaforme di messaggistica come Whatsapp, Facebook, Telegram e altro da un unico modulo nel tuo sito Web Drupal senza sforzo.","application_category":[],"applications_title":"","applications_request_title":"","applications_request_button_text":"","hero_text":"","hero_video":"","hero_video_schema_markup":"","selling_points_title":"","selling_points_caption":"","selling_points":[],"selling_points_cta_text":"","features_title":"","features":"","ed_cta_examples_text":"","ed_cta_examples_hidden":"","ed_cta_demo_text":"","ed_cta_demo_hidden":"","why_caption":"","why_editor_title":"","why_editor_text":"","why_team_title":"","why_team_text":"","why_service_title":"","why_service_text":"","template_catalog_visible":"0","template_catalog_title":"","template_catalog_text":"","template_catalog_categories_visible":"","demo_title":"Crea il tuo modulo di chat tutto in uno","demo_caption":"Configura la tua chat All-in-One e aggiungila gratuitamente al tuo sito Drupal!","default_faq_hidden":"","app_template_category":[],"platform":"34","template_public_id":"","codecanyon_url":"","codecanyon_item_id":"","codecanyon_price":"","pricing_caption":"","pricing_elfsight_apps_hide_column":"","pricing_elfsight_apps_url":"","pricing_codecanyon_price_caption":"","integration_category":[],"integration_request_title":"","integration_request_cta":"","integration_platform":"","integrations":[],"platform_category":[],"video_schema_markup":"","price":"da $ 0 al mese","trial":"","benefits":[{"text":"Servizio di installazione gratuito"},{"text":"Servizio clienti efficace"},{"text":"Garanzia di rimborso di 14 giorni"},{"text":"Aggiornamento costante"}],"button_url":"#demo","button_target_blank":"0","button_nofollow":"0","attributes":[{"name":"Installazioni"},{"name":"Reattivo","content":"S\u00cc"},{"name":"Browser compatibili","content":"Edge, Opera, Chrome, Safari, Firefox"}],"tags":[],"tags_disable_links":"0","hide_more_platforms":"0","video_object":"","demo_hide_cta":"0","demo_hide_cloud_options":"0","pricing_title":"","pricing":[{"pricing_icon":"platform","pricing_title":"Elfsight Apps","pricing_title_caption":"Soluzione digitale indipendente dalla piattaforma che funziona su qualsiasi sito web","pricing_price":"da $ 0 \/ mese","pricing_price_caption":"inizia con il piano gratuito","pricing_benefits":[{"text":"Domini illimitati"},{"text":"Supporto professionale e puntuale"},{"text":"Assistenza per l'installazione gratuita"},{"text":"Prezzo speciale per pi\u00f9 app"}],"pricing_button_text":"Aggiungi al sito web","pricing_button_url":"#demo"}],"related_apps_title":"","related_apps_hidden":"0","author":"","image":[],"title":"","job":"","social_networks":[]},"_links":{"self":[{"href":"https:\/\/elfsight.com\/it\/wp-json\/wp\/v2\/pages\/3434","targetHints":{"allow":["GET"]}}],"collection":[{"href":"https:\/\/elfsight.com\/it\/wp-json\/wp\/v2\/pages"}],"about":[{"href":"https:\/\/elfsight.com\/it\/wp-json\/wp\/v2\/types\/page"}],"author":[{"embeddable":true,"href":"https:\/\/elfsight.com\/it\/wp-json\/wp\/v2\/users\/9"}],"replies":[{"embeddable":true,"href":"https:\/\/elfsight.com\/it\/wp-json\/wp\/v2\/comments?post=3434"}],"version-history":[{"count":3,"href":"https:\/\/elfsight.com\/it\/wp-json\/wp\/v2\/pages\/3434\/revisions"}],"predecessor-version":[{"id":8896,"href":"https:\/\/elfsight.com\/it\/wp-json\/wp\/v2\/pages\/3434\/revisions\/8896"}],"up":[{"embeddable":true,"href":"https:\/\/elfsight.com\/it\/wp-json\/wp\/v2\/pages\/1886"}],"wp:attachment":[{"href":"https:\/\/elfsight.com\/it\/wp-json\/wp\/v2\/media?parent=3434"}],"curies":[{"name":"wp","href":"https:\/\/api.w.org\/{rel}","templated":true}]}}