{"id":3428,"date":"2024-05-03T06:26:57","date_gmt":"2024-05-03T06:26:57","guid":{"rendered":"https:\/\/elfsight.com\/it\/?page_id=3428"},"modified":"2025-03-17T07:38:56","modified_gmt":"2025-03-17T07:38:56","slug":"elementor","status":"publish","type":"page","link":"https:\/\/elfsight.com\/it\/all-in-one-chat-widget\/elementor\/","title":{"rendered":"All-in-One Chat &#8211; Elementor"},"content":{"rendered":"\n<div class=\"application-platform-content-item-description application-platform-content-item\" id=\"description\" data-nav-section=\"description\"> <h2>Incorpora la chat All-in-One su Elementor con il widget Elfsight<\/h2> <p>Il widget Elfsight All-in-One Chat \u00e8 uno degli strumenti pi\u00f9 convenienti per i visitatori del sito web per contattarti e ottenere risposta alle loro domande. Rimani disponibile in tempo reale in tutti i messenger pi\u00f9 utilizzati. Aggiungi il widget sulla tua pagina e impostalo in modo che venga visualizzato su pagine selezionate o per categorie separate di pubblico, scegli gli avviatori per avviare la chat, crea il tuo testo di benvenuto, scegli le icone e altro ancora. Avendo il plugin sulla tua pagina rimarrai connesso alle persone sempre e ovunque. <\/p> <p><b>Resta facile da contattare e veloce nelle risposte, incentivando gli acquisti attraverso la consulenza<\/b><\/p> <\/div> <div class=\"application-platform-content-item-features application-platform-content-item\" id=\"features\" data-nav-section=\"features\"> <h2>Questi sono solo alcuni delle preziose funzionalit\u00e0 del widget: <\/h2> <ul><li>Incorpora il messenger di chat All-in-One sul tuo sito per conversare con gli utenti. <\/li><li>3 tipi di posizione della chat: bolla mobile, bolla incorporata e finestra di chat incorporata. <\/li><li>Una raccolta di icone di bolle tra cui scegliere. <\/li><li>Titolo di MalleableChat con immagine della pagina, nome e didascalia.<\/li><li>Scegliere l&#8217;immagine della pagina per impostazione predefinita, dalla libreria o caricare la tua immagine. <\/li><\/ul><p><a href=\"#demo\">Prova semplicemente questa demo per vedere quanto vale il widget<\/a><\/p> <\/div> <div class=\"application-platform-content-item-installation application-platform-content-item\" id=\"installation\" data-nav-section=\"installation\"> <h2>Come incorporare il widget Live Chat nel mio sito Web Elementor?<\/h2><div class=\"video-container\"><iframe width=\"560\" height=\"315\" src=\"https:\/\/www.youtube.com\/embed\/uZCfmvtO-nM?si=tmXCBZS0MKoqf36U\" frameborder=\"0\" allow=\"accelerometer; autoplay; clipboard-write; encrypted-media; gyroscope; picture-in-picture; web-share\" allowfullscreen><\/iframe><\/div><p>Basta seguire le linee guida seguenti per aggiungere il widget. <\/p> <ol><li><b>Lanciando la nostra demo gratuita, inizia a costruire il tuo widget unico. <\/b><br> Determinare la forma e le caratteristiche preferite dello strumento e applicare le modifiche. <\/li> <li><b>Copia il codice individuale che appare nella vedova su Elfsight Apps. <\/b><br> Una volta completata la creazione del tuo widget, copia il codice personale nella casella che appare e salvalo per ulteriori occasioni. <\/li> <li><b>Avvia l&#8217;utilizzo del plugin sulla tua home page di Elementor. <\/b><br> Inserisci il codice che hai copiato di recente nella tua home page e applica i miglioramenti. <\/li> <li><b>L&#8217;installazione \u00e8 stata eseguita con successo. <\/b><br> Visita il tuo sito per vedere in azione come funziona il widget. <\/li><\/ol> <p>In caso di difficolt\u00e0, rivolgersi al nostro personale del servizio clienti. I nostri specialisti saranno entusiasti di risolvere tutte le domande che potresti avere sul prodotto. <\/p> <div class=\"faq\" data-component=\"FAQ\"><div class=\"faq-item\">\r\n\t\t\t\t\t<div class=\"faq-item-question\">\r\n\t\t\t\t\t\t<h3 class=\"faq-item-question-text\">Come posso aggiungere la chat All-in-one al mio sito Web Elementor senza competenze di codifica?<\/h3>\r\n\r\n\t\t\t\t\t\t<div class=\"faq-item-question-icon\"><\/div>\r\n\t\t\t\t\t<\/div>\r\n\r\n\t\t\t\t\t<div class=\"faq-item-answer\">\r\n\t\t\t\t\t\t<div class=\"faq-item-answer-text\"><p>Elfsight fornisce una soluzione SaaS che ti consente di creare una chat All-in-one Widget di chat tu stesso, scopri quanto \u00e8 semplice il processo: lavora direttamente nell&#8217;editor online per creare un widget di chat tutto in uno che vorresti vedere sul tuo sito web Elementor. Scegli uno dei modelli predefiniti e regola le impostazioni della chat all-in-one, aggiungi i tuoi contenuti, modifica il layout e i colori senza alcuna abilit\u00e0 di codifica. Salva la chat all-in-one e copia il suo codice di installazione, che puoi facilmente incorporare nel tuo sito Web Elementor senza la necessit\u00e0 di acquistare un abbonamento a pagamento. Con il nostro editor intuitivo qualsiasi utente di Internet pu\u00f2 creare un widget di chat tutto in uno online e incorporarlo facilmente nel proprio sito Web Elementor. Non \u00e8 necessario pagare o inserire le credenziali della carta per accedere al servizio. In caso di problemi in qualsiasi momento, non esitare a contattare il nostro team di supporto tecnico.<\/p><\/div>\r\n\t\t\t\t\t<\/div>\r\n\t\t\t\t<\/div><\/div><\/div>\n","protected":false},"excerpt":{"rendered":"","protected":false},"author":9,"featured_media":0,"parent":1886,"menu_order":0,"comment_status":"closed","ping_status":"closed","template":"templates\/template-application-platform.php","meta":{"publish_to_discourse":"","publish_post_category":"","wpdc_auto_publish_overridden":"","wpdc_topic_tags":"","wpdc_pin_topic":"","wpdc_pin_until":"","discourse_post_id":"","discourse_permalink":"","wpdc_publishing_response":"","wpdc_publishing_error":"","footnotes":""},"class_list":["post-3428","page","type-page","status-publish","hentry"],"yoast_head":"<!-- This site is optimized with the Yoast SEO plugin v25.3.1 - https:\/\/yoast.com\/wordpress\/plugins\/seo\/ -->\n<title>Chat dal vivo: aggiungi widget di chat ai siti Web Elementor (facile e gratuito)<\/title>\n<meta name=\"description\" content=\"Implementa il tuo widget All-in-One Live Chat sulla pagina Web di Elementor in 1-2-3. Utilizza la nostra demo attiva per creare rapidamente il tuo widget unico.\" \/>\n<meta name=\"robots\" content=\"index, follow, max-snippet:-1, max-image-preview:large, max-video-preview:-1\" \/>\n<link rel=\"canonical\" href=\"https:\/\/elfsight.com\/it\/all-in-one-chat-widget\/elementor\/\" \/>\n<meta property=\"og:locale\" content=\"it_IT\" \/>\n<meta property=\"og:type\" content=\"article\" \/>\n<meta property=\"og:title\" content=\"Chat dal vivo: aggiungi widget di chat ai siti Web Elementor (facile e gratuito)\" \/>\n<meta property=\"og:description\" content=\"Implementa il tuo widget All-in-One Live Chat sulla pagina Web di Elementor in 1-2-3. Utilizza la nostra demo attiva per creare rapidamente il tuo widget unico.\" \/>\n<meta property=\"og:url\" content=\"https:\/\/elfsight.com\/it\/all-in-one-chat-widget\/elementor\/\" \/>\n<meta property=\"og:site_name\" content=\"Elfsight IT\" \/>\n<meta property=\"article:modified_time\" content=\"2025-03-17T07:38:56+00:00\" \/>\n<meta name=\"twitter:card\" content=\"summary_large_image\" \/>\n<meta name=\"twitter:label1\" content=\"Tempo di lettura stimato\" \/>\n\t<meta name=\"twitter:data1\" content=\"3 minuti\" \/>\n<!-- \/ Yoast SEO plugin. -->","yoast_head_json":{"title":"Chat dal vivo: aggiungi widget di chat ai siti Web Elementor (facile e gratuito)","description":"Implementa il tuo widget All-in-One Live Chat sulla pagina Web di Elementor in 1-2-3. Utilizza la nostra demo attiva per creare rapidamente il tuo widget unico.","robots":{"index":"index","follow":"follow","max-snippet":"max-snippet:-1","max-image-preview":"max-image-preview:large","max-video-preview":"max-video-preview:-1"},"canonical":"https:\/\/elfsight.com\/it\/all-in-one-chat-widget\/elementor\/","og_locale":"it_IT","og_type":"article","og_title":"Chat dal vivo: aggiungi widget di chat ai siti Web Elementor (facile e gratuito)","og_description":"Implementa il tuo widget All-in-One Live Chat sulla pagina Web di Elementor in 1-2-3. Utilizza la nostra demo attiva per creare rapidamente il tuo widget unico.","og_url":"https:\/\/elfsight.com\/it\/all-in-one-chat-widget\/elementor\/","og_site_name":"Elfsight IT","article_modified_time":"2025-03-17T07:38:56+00:00","twitter_card":"summary_large_image","twitter_misc":{"Tempo di lettura stimato":"3 minuti"},"schema":{"@context":"https:\/\/schema.org","@graph":[{"@type":"WebPage","@id":"https:\/\/elfsight.com\/it\/all-in-one-chat-widget\/elementor\/","url":"https:\/\/elfsight.com\/it\/all-in-one-chat-widget\/elementor\/","name":"Chat dal vivo: aggiungi widget di chat ai siti Web Elementor (facile e gratuito)","isPartOf":{"@id":"https:\/\/elfsight.com\/it\/#website"},"datePublished":"2024-05-03T06:26:57+00:00","dateModified":"2025-03-17T07:38:56+00:00","description":"Implementa il tuo widget All-in-One Live Chat sulla pagina Web di Elementor in 1-2-3. Utilizza la nostra demo attiva per creare rapidamente il tuo widget unico.","breadcrumb":{"@id":"https:\/\/elfsight.com\/it\/all-in-one-chat-widget\/elementor\/#breadcrumb"},"inLanguage":"it-IT","potentialAction":[{"@type":"ReadAction","target":["https:\/\/elfsight.com\/it\/all-in-one-chat-widget\/elementor\/"]}]},{"@type":"BreadcrumbList","@id":"https:\/\/elfsight.com\/it\/all-in-one-chat-widget\/elementor\/#breadcrumb","itemListElement":[{"@type":"ListItem","position":1,"name":"Home","item":"https:\/\/elfsight.com\/it\/"},{"@type":"ListItem","position":2,"name":"All-in-One Chat","item":"https:\/\/elfsight.com\/it\/all-in-one-chat-widget\/"},{"@type":"ListItem","position":3,"name":"All-in-One Chat &#8211; Elementor"}]},{"@type":"WebSite","@id":"https:\/\/elfsight.com\/it\/#website","url":"https:\/\/elfsight.com\/it\/","name":"Elfsight IT","description":"Just another Elfsight Sites site","potentialAction":[{"@type":"SearchAction","target":{"@type":"EntryPoint","urlTemplate":"https:\/\/elfsight.com\/it\/?s={search_term_string}"},"query-input":{"@type":"PropertyValueSpecification","valueRequired":true,"valueName":"search_term_string"}}],"inLanguage":"it-IT"}]}},"meta_box":{"industry":"","seo_heading":"","heading":"","description":"","cta_heading":"","cta_description":"","application":"1885","h1":"Widget di chat dal vivo di Elementor","h1_caption":"Offri ai tuoi clienti la possibilit\u00e0 di raggiungerti su pi\u00f9 piattaforme di messaggistica come whatsapp, Facebook, Telegram e altro da un widget nel tuo sito Web Elementor senza sforzo.","application_category":[],"applications_title":"","applications_request_title":"","applications_request_button_text":"","hero_text":"","hero_video":"","hero_video_schema_markup":"","selling_points_title":"","selling_points_caption":"","selling_points":[],"selling_points_cta_text":"","features_title":"","features":"","ed_cta_examples_text":"","ed_cta_examples_hidden":"","ed_cta_demo_text":"","ed_cta_demo_hidden":"","why_caption":"","why_editor_title":"","why_editor_text":"","why_team_title":"","why_team_text":"","why_service_title":"","why_service_text":"","template_catalog_visible":"0","template_catalog_title":"","template_catalog_text":"","template_catalog_categories_visible":"","demo_title":"Crea il tuo widget di chat tutto in uno","demo_caption":"Configura la tua chat all-in-one e aggiungila gratuitamente al tuo sito Web Elementor!","default_faq_hidden":"","app_template_category":[],"platform":"68","template_public_id":"","codecanyon_url":"","codecanyon_item_id":"","codecanyon_price":"","pricing_caption":"","pricing_elfsight_apps_hide_column":"","pricing_elfsight_apps_url":"","pricing_codecanyon_price_caption":"","integration_category":[],"integration_request_title":"","integration_request_cta":"","integration_platform":"","integrations":[],"platform_category":[],"video_schema_markup":"","price":"da $ 0 al mese","trial":"","benefits":[{"text":"Servizio di installazione gratuito"},{"text":"Assistenza clienti professionale"},{"text":"Garanzia di rimborso di 14 giorni"},{"text":"Miglioramenti gratuiti a vita"}],"button_url":"#demo","button_target_blank":"0","button_nofollow":"0","attributes":[{"name":"Installazioni"},{"name":"Reattivo","content":"S\u00cc"},{"name":"Browser compatibili","content":"Firefox, Safari, Opera, Chrome, Edge"}],"tags":[],"tags_disable_links":"0","hide_more_platforms":"0","video_object":"","demo_hide_cta":"0","demo_hide_cloud_options":"0","pricing_title":"","pricing":[{"pricing_icon":"platform","pricing_title":"Elfsight Apps","pricing_title_caption":"Software multipiattaforma adatto a qualsiasi sito web","pricing_price":"da $ 0 \/ mese","pricing_price_caption":"inizia con il piano gratuito","pricing_benefits":[{"text":"Siti web illimitati"},{"text":"Supporto aziendale veloce"},{"text":"Assistenza per l'installazione gratuita"},{"text":"Offerta speciale per pi\u00f9 app"}],"pricing_button_text":"Aggiungi al sito web","pricing_button_url":"#demo"}],"related_apps_title":"","related_apps_hidden":"0","author":"","image":[],"title":"","job":"","social_networks":[]},"_links":{"self":[{"href":"https:\/\/elfsight.com\/it\/wp-json\/wp\/v2\/pages\/3428","targetHints":{"allow":["GET"]}}],"collection":[{"href":"https:\/\/elfsight.com\/it\/wp-json\/wp\/v2\/pages"}],"about":[{"href":"https:\/\/elfsight.com\/it\/wp-json\/wp\/v2\/types\/page"}],"author":[{"embeddable":true,"href":"https:\/\/elfsight.com\/it\/wp-json\/wp\/v2\/users\/9"}],"replies":[{"embeddable":true,"href":"https:\/\/elfsight.com\/it\/wp-json\/wp\/v2\/comments?post=3428"}],"version-history":[{"count":3,"href":"https:\/\/elfsight.com\/it\/wp-json\/wp\/v2\/pages\/3428\/revisions"}],"predecessor-version":[{"id":8898,"href":"https:\/\/elfsight.com\/it\/wp-json\/wp\/v2\/pages\/3428\/revisions\/8898"}],"up":[{"embeddable":true,"href":"https:\/\/elfsight.com\/it\/wp-json\/wp\/v2\/pages\/1886"}],"wp:attachment":[{"href":"https:\/\/elfsight.com\/it\/wp-json\/wp\/v2\/media?parent=3428"}],"curies":[{"name":"wp","href":"https:\/\/api.w.org\/{rel}","templated":true}]}}