{"id":3427,"date":"2024-05-03T06:26:56","date_gmt":"2024-05-03T06:26:56","guid":{"rendered":"https:\/\/elfsight.com\/it\/?page_id=3427"},"modified":"2025-03-17T07:42:57","modified_gmt":"2025-03-17T07:42:57","slug":"joomla","status":"publish","type":"page","link":"https:\/\/elfsight.com\/it\/all-in-one-chat-widget\/joomla\/","title":{"rendered":"All-in-One Chat &#8211; Joomla"},"content":{"rendered":"\n<div class=\"application-platform-content-item-description application-platform-content-item\" id=\"description\" data-nav-section=\"description\"> <h2>Descrizione<\/h2> <p>Il modulo Elfsight Online Chat \u00e8 uno dei modi pi\u00f9 rapidi con cui le persone possono raggiungerti e ottenere aiuto da te. Potrai rimanere disponibile online in tutti i messenger pi\u00f9 preferiti. Aggiungi l&#8217;estensione sul tuo sito web e puoi impostarla per apparire su pagine particolari o per determinate categorie di visitatori, assegnare trigger di avvio chat, comporre il testo di benvenuto, selezionare icone e altro ancora. Avendo il plugin attivo e funzionante rimarrai raggiungibile per le persone in ogni momento e da qualsiasi luogo.<\/p> <p><b>Tutti i pi\u00f9 importanti messenger come Telegram, Facebook, WhatsApp, Viber e altri in uno per il massimo interazione produttiva e pratica con i clienti!<\/b><\/p> <p><b>Consolida le richieste dei tuoi clienti<\/b><br>Unendo tutti i canali di messaggistica pi\u00f9 noti all&#8217;interno dell&#8217;estensione della casella Chat otterrai un possibilit\u00e0 di risolvere numerose attivit\u00e0 in un&#8217;unica posizione, migliorando la soddisfazione del cliente.<\/p><p><b>Strumento estremamente personalizzabile<\/b><br>Viber, Facebook Messenger, WhatsApp, Telegram, Line, Discord, &#8211; tu sei puoi utilizzarli tutti insieme o scegliere quelli che soddisfano le tue esigenze, modificandone i colori, le dimensioni e altro ancora.<\/b><p><b>Organizza una comunicazione in tempo reale<\/b><br>Mettendo Live plugin di chat sul tuo sito web, conoscerai meglio il tuo pubblico garantendogli un servizio di prim&#8217;ordine e offrendo servizi pi\u00f9 mirati.<\/p><div class=\"faq\" data-component=\"FAQ\"><div class=\"faq-item\">\r\n\t\t\t\t\t<div class=\"faq-item-question\">\r\n\t\t\t\t\t\t<h3 class=\"faq-item-question-text\">Come aggiungere la Chat All-in-One box in una pagina Joomla?<\/h3>\r\n\r\n\t\t\t\t\t\t<div class=\"faq-item-question-icon\"><\/div>\r\n\t\t\t\t\t<\/div>\r\n\r\n\t\t\t\t\t<div class=\"faq-item-answer\">\r\n\t\t\t\t\t\t<div class=\"faq-item-answer-text\"><p>L&#8217;aggiunta dell&#8217;estensione chat a Joomla richieder\u00e0 solo pochi istanti. Inoltre, non \u00e8 necessario avere conoscenze di programmazione web.<\/p><ol><li>Regola il modulo Joomla nel configuratore gratuito e guarda le modifiche in tempo reale.<\/li> <li>Copia il tuo codice di installazione individuale. <\/li> <li>Incorpora il codice nel punto richiesto nel modello del sito.<\/li> <li>Ecco fatto! L&#8217;installazione del plugin di chat su Joomla \u00e8 completata!<\/li><\/ol><p>Hai problemi con l&#8217;inserimento del plugin in Joomla o con la formattazione dell&#8217;estensione della chat? Puoi trovare la guida dettagliata <a href=\"https:\/\/elfsight.com\/tutorials\/how-to-add-live-chat-to-website\/#how-to-add-live-chat-to-joomla\">in questa pagina<\/a>.<\/p><\/div>\r\n\t\t\t\t\t<\/div>\r\n\t\t\t\t<\/div><div class=\"faq-item\">\r\n\t\t\t\t\t<div class=\"faq-item-question\">\r\n\t\t\t\t\t\t<h3 class=\"faq-item-question-text\">C'\u00e8 la possibilit\u00e0 di vedere come apparir\u00e0 l'estensione su un sito web?<\/h3>\r\n\r\n\t\t\t\t\t\t<div class=\"faq-item-question-icon\"><\/div>\r\n\t\t\t\t\t<\/div>\r\n\r\n\t\t\t\t\t<div class=\"faq-item-answer\">\r\n\t\t\t\t\t\t<div class=\"faq-item-answer-text\"><p>Certamente! Durante la creazione del plugin di chat di Joomla nell&#8217;<a href=\"https:\/\/elfsight.com\/all-in-one-chat-widget\/#demo\">editor live<\/a>, considererai tutte le modifiche sul Giusto. La tua estensione di chat sar\u00e0 esattamente uguale a quella che aggiungerai a un sito Joomla. <\/p><\/div>\r\n\t\t\t\t\t<\/div>\r\n\t\t\t\t<\/div><div class=\"faq-item\">\r\n\t\t\t\t\t<div class=\"faq-item-question\">\r\n\t\t\t\t\t\t<h3 class=\"faq-item-question-text\">Quali altri widget sono necessari per un sito Joomla?<\/h3>\r\n\r\n\t\t\t\t\t\t<div class=\"faq-item-question-icon\"><\/div>\r\n\t\t\t\t\t<\/div>\r\n\r\n\t\t\t\t\t<div class=\"faq-item-answer\">\r\n\t\t\t\t\t\t<div class=\"faq-item-answer-text\"><p>Joomla \u00e8 un versatile costruttore di siti Web che pu\u00f2 essere utilizzato per creare facilmente un sito Web di e-commerce. Elfsight fornisce una serie di fantastici strumenti per incrementare le vendite e aumentare i tassi di conversione all&#8217;interno del tuo sito Web Joomla. Gli strumenti che puoi utilizzare includono <a href=\"https:\/\/elfsight.com\/it\/whatsapp-chat-widget\/joomla\/\">WhatsApp Chat<\/a> e <a href=\"https:\/\/elfsight.com\/it\/all-in-one-chat-widget\/joomla\/\">All-in-One Chat<\/a>: miglioreranno il servizio clienti con l&#8217;aiuto dei popolari messenger, <a href=\"https:\/\/elfsight.com\/it\/online-form-builder\/joomla\/\">Form Builder<\/a> &#8211; sar\u00e0 utile per inserire un modulo online e raccogliere feedback, <a href=\"https:\/\/elfsight.com\/it\/pdf-embed-widget\/joomla\/\">Incorpora PDF<\/a> &#8211; sar\u00e0 utile per inserire documenti importanti su un sito web, <a href=\"https:\/\/elfsight.com\/it\/instagram-feed-instashow\/joomla\/\">Feed di Instagram<\/a> &#8211; per inserire post da Instagram direttamente sul sito web.<\/p><\/div>\r\n\t\t\t\t\t<\/div>\r\n\t\t\t\t<\/div><\/div><\/div> <div class=\"application-platform-content-item-features application-platform-content-item\" id=\"features\" data-nav-section=\"features\"> <h2>Conosci l&#8217;elenco delle funzionalit\u00e0 pi\u00f9 utili:<\/h2> <ul><li>Integra il messenger di chat online tutto in uno sulla tua pagina per conversare con gli utenti.<\/li><li>3 tipi di posizione di chat: bolla mobile, bolla incorporata e finestra di chat incorporata.<\/li><li>Una raccolta di icone a fumetti tra cui scegliere.<\/li><li>Intestazione della chat malleabile con logo, nome e didascalia della pagina.<\/li><li>Selezionare l&#8217;immagine della pagina per impostazione predefinita, da la raccolta o caricare un&#8217;immagine personalizzata.<\/li><\/ul><p><a href=\"#demo\">Prova tutte le impostazioni nella demo completa<\/a><\/p> <\/div> <div class=\"application-platform-content-item-installation application-platform-content-item\" id=\"installation\" data-nav-section=\"installation\"> <h2>Come posso aggiungere l&#8217;estensione Live Chat al mio sito web Joomla? <\/h2> <div class=\"video-container\"><iframe width=\"560\" height=\"315\" src=\"https:\/\/www.youtube.com\/embed\/2qmpdO2U_JU?si=wzeYYuZR_MwoipgJ\" frameborder=\"0\" allow=\"accelerometer; autoplay; clipboard-write; encrypted-media; gyroscope; picture-in-picture; web-share\" allowfullscreen><\/iframe><\/div><p>Segui semplicemente un paio di passaggi descritti di seguito per incorporare il modulo.<\/p> <ol><li><b>Utilizza il nostro editor gratuito e inizia a creare la tua estensione .<\/b><br> Trova la disposizione e i parametri preferibili del modulo e applica tutte le modifiche.<\/li> <li><b>Ricevi il tuo codice individuale apparendo nel modulo speciale su Elfsight Apps.<\/b><br> Subito dopo aver completato la creazione del tuo modulo personale, copia il codice individuale nella finestra visualizzata e salvalo per ulteriori occasioni.<\/li> <li><b>Inizia a utilizzare l&#8217;estensione della chat online sulla pagina web di Joomla .<\/b><br> Inserisci il codice salvato di recente nel tuo sito e salva le modifiche.<\/li> <li><b>Il gioco \u00e8 fatto! L&#8217;incorporamento \u00e8 completamente completato.<\/b><br> Apri il tuo sito per visualizzare le prestazioni del modulo.<\/li><\/ol><p>Se incontri ostacoli, sentiti libero di rivolgerti al nostro personale di supporto. I nostri specialisti saranno entusiasti di risolvere tutte le difficolt\u00e0 che potresti riscontrare con lo strumento. <\/p> <\/div><div class=\"faq\" data-component=\"FAQ\"><div class=\"faq-item\">\r\n\t\t\t\t\t<div class=\"faq-item-question\">\r\n\t\t\t\t\t\t<h3 class=\"faq-item-question-text\">Come posso incorporare una live chat nel mio sito web Joomla?<\/h3>\r\n\r\n\t\t\t\t\t\t<div class=\"faq-item-question-icon\"><\/div>\r\n\t\t\t\t\t<\/div>\r\n\r\n\t\t\t\t\t<div class=\"faq-item-answer\">\r\n\t\t\t\t\t\t<div class=\"faq-item-answer-text\"><p>La creazione dello strumento viene eseguita all&#8217;interno del servizio Elfsight e non \u00e8 necessario imparare a programmare. Apri la nostra demo live per personalizzare il tuo strumento personale, ottieni il codice e incollalo nel tuo sito web. <\/p><\/div>\r\n\t\t\t\t\t<\/div>\r\n\t\t\t\t<\/div><div class=\"faq-item\">\r\n\t\t\t\t\t<div class=\"faq-item-question\">\r\n\t\t\t\t\t\t<h3 class=\"faq-item-question-text\">I migliori esempi di utilizzo dell'integrazione della Live Chat<\/h3>\r\n\r\n\t\t\t\t\t\t<div class=\"faq-item-question-icon\"><\/div>\r\n\t\t\t\t\t<\/div>\r\n\r\n\t\t\t\t\t<div class=\"faq-item-answer\">\r\n\t\t\t\t\t\t<div class=\"faq-item-answer-text\"><p>Ti forniremo una serie di possibilit\u00e0 di regolazione: widget su vasta scala da incorporare la sezione dei contenuti, plugin mobili per opportunit\u00e0 di scorrimento, layout per pi\u00e8 di pagina, intestazione e tutti i tipi di opportunit\u00e0 verticali per barre laterali e menu. <\/p><\/div>\r\n\t\t\t\t\t<\/div>\r\n\t\t\t\t<\/div><div class=\"faq-item\">\r\n\t\t\t\t\t<div class=\"faq-item-question\">\r\n\t\t\t\t\t\t<h3 class=\"faq-item-question-text\">Come posso creare una Live Chat di consultazione o onboarding tramite l'editor?<\/h3>\r\n\r\n\t\t\t\t\t\t<div class=\"faq-item-question-icon\"><\/div>\r\n\t\t\t\t\t<\/div>\r\n\r\n\t\t\t\t\t<div class=\"faq-item-answer\">\r\n\t\t\t\t\t\t<div class=\"faq-item-answer-text\"><p>Puoi creare qualsiasi variante del widget. Nell&#8217;editor sono disponibili numerosi layout e tutti possono essere regolati rapidamente in base alle proprie esigenze. <\/p><\/div>\r\n\t\t\t\t\t<\/div>\r\n\t\t\t\t<\/div><\/div>\n\n\n\n<p><\/p><!-- \/wp:paragrafo - &gt; \/wp:paragrafo -->\n","protected":false},"excerpt":{"rendered":"","protected":false},"author":9,"featured_media":0,"parent":1886,"menu_order":0,"comment_status":"closed","ping_status":"closed","template":"templates\/template-application-platform.php","meta":{"publish_to_discourse":"","publish_post_category":"","wpdc_auto_publish_overridden":"","wpdc_topic_tags":"","wpdc_pin_topic":"","wpdc_pin_until":"","discourse_post_id":"","discourse_permalink":"","wpdc_publishing_response":"","wpdc_publishing_error":"","footnotes":""},"class_list":["post-3427","page","type-page","status-publish","hentry"],"yoast_head":"<!-- This site is optimized with the Yoast SEO plugin v25.3.1 - https:\/\/yoast.com\/wordpress\/plugins\/seo\/ -->\n<title>Chat dal vivo: aggiungi widget di chat online ai siti Web Joomla (gratuito e semplice)<\/title>\n<meta name=\"description\" content=\"Implementa la tua estensione All-in-One Live Chat sulla home page di Joomla in pochi minuti. Applica la nostra demo attiva per creare il tuo esclusivo modulo di chat online.\" \/>\n<meta name=\"robots\" content=\"index, follow, max-snippet:-1, max-image-preview:large, max-video-preview:-1\" \/>\n<link rel=\"canonical\" href=\"https:\/\/elfsight.com\/it\/all-in-one-chat-widget\/joomla\/\" \/>\n<meta property=\"og:locale\" content=\"it_IT\" \/>\n<meta property=\"og:type\" content=\"article\" \/>\n<meta property=\"og:title\" content=\"Chat dal vivo: aggiungi widget di chat online ai siti Web Joomla (gratuito e semplice)\" \/>\n<meta property=\"og:description\" content=\"Implementa la tua estensione All-in-One Live Chat sulla home page di Joomla in pochi minuti. Applica la nostra demo attiva per creare il tuo esclusivo modulo di chat online.\" \/>\n<meta property=\"og:url\" content=\"https:\/\/elfsight.com\/it\/all-in-one-chat-widget\/joomla\/\" \/>\n<meta property=\"og:site_name\" content=\"Elfsight IT\" \/>\n<meta property=\"article:modified_time\" content=\"2025-03-17T07:42:57+00:00\" \/>\n<meta name=\"twitter:card\" content=\"summary_large_image\" \/>\n<meta name=\"twitter:label1\" content=\"Tempo di lettura stimato\" \/>\n\t<meta name=\"twitter:data1\" content=\"5 minuti\" \/>\n<!-- \/ Yoast SEO plugin. -->","yoast_head_json":{"title":"Chat dal vivo: aggiungi widget di chat online ai siti Web Joomla (gratuito e semplice)","description":"Implementa la tua estensione All-in-One Live Chat sulla home page di Joomla in pochi minuti. Applica la nostra demo attiva per creare il tuo esclusivo modulo di chat online.","robots":{"index":"index","follow":"follow","max-snippet":"max-snippet:-1","max-image-preview":"max-image-preview:large","max-video-preview":"max-video-preview:-1"},"canonical":"https:\/\/elfsight.com\/it\/all-in-one-chat-widget\/joomla\/","og_locale":"it_IT","og_type":"article","og_title":"Chat dal vivo: aggiungi widget di chat online ai siti Web Joomla (gratuito e semplice)","og_description":"Implementa la tua estensione All-in-One Live Chat sulla home page di Joomla in pochi minuti. Applica la nostra demo attiva per creare il tuo esclusivo modulo di chat online.","og_url":"https:\/\/elfsight.com\/it\/all-in-one-chat-widget\/joomla\/","og_site_name":"Elfsight IT","article_modified_time":"2025-03-17T07:42:57+00:00","twitter_card":"summary_large_image","twitter_misc":{"Tempo di lettura stimato":"5 minuti"},"schema":{"@context":"https:\/\/schema.org","@graph":[{"@type":"WebPage","@id":"https:\/\/elfsight.com\/it\/all-in-one-chat-widget\/joomla\/","url":"https:\/\/elfsight.com\/it\/all-in-one-chat-widget\/joomla\/","name":"Chat dal vivo: aggiungi widget di chat online ai siti Web Joomla (gratuito e semplice)","isPartOf":{"@id":"https:\/\/elfsight.com\/it\/#website"},"datePublished":"2024-05-03T06:26:56+00:00","dateModified":"2025-03-17T07:42:57+00:00","description":"Implementa la tua estensione All-in-One Live Chat sulla home page di Joomla in pochi minuti. Applica la nostra demo attiva per creare il tuo esclusivo modulo di chat online.","breadcrumb":{"@id":"https:\/\/elfsight.com\/it\/all-in-one-chat-widget\/joomla\/#breadcrumb"},"inLanguage":"it-IT","potentialAction":[{"@type":"ReadAction","target":["https:\/\/elfsight.com\/it\/all-in-one-chat-widget\/joomla\/"]}]},{"@type":"BreadcrumbList","@id":"https:\/\/elfsight.com\/it\/all-in-one-chat-widget\/joomla\/#breadcrumb","itemListElement":[{"@type":"ListItem","position":1,"name":"Home","item":"https:\/\/elfsight.com\/it\/"},{"@type":"ListItem","position":2,"name":"All-in-One Chat","item":"https:\/\/elfsight.com\/it\/all-in-one-chat-widget\/"},{"@type":"ListItem","position":3,"name":"All-in-One Chat &#8211; Joomla"}]},{"@type":"WebSite","@id":"https:\/\/elfsight.com\/it\/#website","url":"https:\/\/elfsight.com\/it\/","name":"Elfsight IT","description":"Just another Elfsight Sites site","potentialAction":[{"@type":"SearchAction","target":{"@type":"EntryPoint","urlTemplate":"https:\/\/elfsight.com\/it\/?s={search_term_string}"},"query-input":{"@type":"PropertyValueSpecification","valueRequired":true,"valueName":"search_term_string"}}],"inLanguage":"it-IT"}]}},"meta_box":{"industry":"","seo_heading":"","heading":"","description":"","cta_heading":"","cta_description":"","application":"1885","h1":"Estensione per chat dal vivo di Joomla","h1_caption":"Offri ai tuoi clienti la possibilit\u00e0 di raggiungerti su pi\u00f9 piattaforme di messaggistica come Whatsapp, Facebook, Telegram e altro da un'unica estensione nel tuo sito Web Joomla senza sforzo.","application_category":[],"applications_title":"","applications_request_title":"","applications_request_button_text":"","hero_text":"","hero_video":"","hero_video_schema_markup":"","selling_points_title":"","selling_points_caption":"","selling_points":[],"selling_points_cta_text":"","features_title":"","features":"","ed_cta_examples_text":"","ed_cta_examples_hidden":"","ed_cta_demo_text":"","ed_cta_demo_hidden":"","why_caption":"","why_editor_title":"","why_editor_text":"","why_team_title":"","why_team_text":"","why_service_title":"","why_service_text":"","template_catalog_visible":"0","template_catalog_title":"","template_catalog_text":"","template_catalog_categories_visible":"","demo_title":"Crea il tuo plugin di chat tutto in uno","demo_caption":"Configura la tua chat All-in-One e aggiungila gratuitamente al tuo sito Joomla!","default_faq_hidden":"","app_template_category":[],"platform":"36","template_public_id":"","codecanyon_url":"","codecanyon_item_id":"","codecanyon_price":"","pricing_caption":"","pricing_elfsight_apps_hide_column":"","pricing_elfsight_apps_url":"","pricing_codecanyon_price_caption":"","integration_category":[],"integration_request_title":"","integration_request_cta":"","integration_platform":"","integrations":[],"platform_category":[],"video_schema_markup":"","price":"da $ 0 al mese","trial":"","benefits":[{"text":"Assistenza per l'installazione gratuita"},{"text":"Servizio clienti competente"},{"text":"Garanzia di rimborso di 14 giorni"},{"text":"Sviluppo continuo"}],"button_url":"#demo","button_target_blank":"0","button_nofollow":"0","attributes":[{"name":"Installazioni"},{"name":"Reattivo","content":"S\u00cc"},{"name":"Browser compatibili","content":"Edge, Safari, Opera, Firefox, Chrome"}],"tags":[],"tags_disable_links":"0","hide_more_platforms":"0","video_object":"","demo_hide_cta":"0","demo_hide_cloud_options":"0","pricing_title":"","pricing":[{"pricing_icon":"platform","pricing_title":"Elfsight Apps","pricing_title_caption":"Soluzione multipiattaforma che funziona su qualsiasi sito web","pricing_price":"da $ 0 \/ mese","pricing_price_caption":"inizia con il piano gratuito","pricing_benefits":[{"text":"Siti web illimitati"},{"text":"Supporto premium"},{"text":"Servizio di installazione gratuito"},{"text":"Offerta speciale per pi\u00f9 app"}],"pricing_button_text":"Aggiungi al sito web","pricing_button_url":"#demo"}],"related_apps_title":"","related_apps_hidden":"0","author":"","image":[],"title":"","job":"","social_networks":[]},"_links":{"self":[{"href":"https:\/\/elfsight.com\/it\/wp-json\/wp\/v2\/pages\/3427","targetHints":{"allow":["GET"]}}],"collection":[{"href":"https:\/\/elfsight.com\/it\/wp-json\/wp\/v2\/pages"}],"about":[{"href":"https:\/\/elfsight.com\/it\/wp-json\/wp\/v2\/types\/page"}],"author":[{"embeddable":true,"href":"https:\/\/elfsight.com\/it\/wp-json\/wp\/v2\/users\/9"}],"replies":[{"embeddable":true,"href":"https:\/\/elfsight.com\/it\/wp-json\/wp\/v2\/comments?post=3427"}],"version-history":[{"count":4,"href":"https:\/\/elfsight.com\/it\/wp-json\/wp\/v2\/pages\/3427\/revisions"}],"predecessor-version":[{"id":8901,"href":"https:\/\/elfsight.com\/it\/wp-json\/wp\/v2\/pages\/3427\/revisions\/8901"}],"up":[{"embeddable":true,"href":"https:\/\/elfsight.com\/it\/wp-json\/wp\/v2\/pages\/1886"}],"wp:attachment":[{"href":"https:\/\/elfsight.com\/it\/wp-json\/wp\/v2\/media?parent=3427"}],"curies":[{"name":"wp","href":"https:\/\/api.w.org\/{rel}","templated":true}]}}