{"id":3426,"date":"2024-05-03T06:26:55","date_gmt":"2024-05-03T06:26:55","guid":{"rendered":"https:\/\/elfsight.com\/it\/?page_id=3426"},"modified":"2024-11-12T08:11:06","modified_gmt":"2024-11-12T08:11:06","slug":"jquery","status":"publish","type":"page","link":"https:\/\/elfsight.com\/it\/all-in-one-chat-widget\/jquery\/","title":{"rendered":"All-in-One Chat &#8211; jQuery"},"content":{"rendered":"<div class=\"application-platform-content-item-description application-platform-content-item\" id=\"description\" data-nav-section=\"description\"> <h2>Descrizione<\/h2> <p>La chat box tutto-in-uno di Elfsight \u00e8 una delle possibilit\u00e0 pi\u00f9 veloci per raggiungere te e ottenere aiuto da te. Rimani disponibile in diretta in tutti i messenger pi\u00f9 preferiti senza sosta. Aggiungi il widget sul tuo sito web e puoi impostarlo per apparire su pagine selezionate o per categorie separate di pubblico, assegnare attivatori di avvio della chat, comporre il tuo messaggio di benvenuto, scegliere icone e molto altro ancora. Con l&#8217;aiuto del widget sul sito web rimarrai raggiungibile dai visitatori in ogni momento e da qualsiasi luogo. <\/p> <p><b>Tutti i messenger pi\u00f9 famosi come Viber, WhatsApp, Facebook, Telegram e altri in uno per l&#8217;interazione pi\u00f9 efficiente e comoda con i clienti!<\/b><\/p> <p><b>Centralizza le richieste dei tuoi clienti<\/b><br>Combinando tutti i canali di messaggistica pi\u00f9 importanti all&#8217;interno del plug-in della casella di chat avrai la possibilit\u00e0 di risolvere pi\u00f9 attivit\u00e0 in un&#8217;unica posizione, migliorando la soddisfazione del cliente.<\/p><p> <b>Strumento estremamente personalizzabile<\/b><br>Viber, WhatsApp, Line, Facebook Messenger, Discord, Telegram: sei libero di utilizzarli tutti in una volta o di scegliere quelli che soddisfano le tue esigenze, personalizzandone i colori , dimensioni e molto altro ancora.<\/b><p><b>Garantisci una comunicazione in tempo reale<\/b><br>Incorporando il widget della chat dal vivo sul tuo sito web, conoscerai meglio il tuo pubblico garantendogli con un servizio di alta classe e offrendo servizi pi\u00f9 competenti.<\/b><\/div> <div class=\"application-platform-content-item-features application-platform-content-item\" id=\"features\" data-nav-section=\"features\"> <h2>Esplora l&#8217;elenco delle funzionalit\u00e0 pi\u00f9 preziose: <\/h2> <ul><li> Incorpora la casella di messaggistica Live Chat All-in-One nella tua pagina per chattare con gli utenti. <\/li><li>Tre varianti della posizione della chat: bolla mobile, bolla incorporata e finestra di chat incorporata. <\/li><li>Una libreria di icone a bolle tra cui scegliere. <\/li><li>Titolo della chat flessibile con immagine della pagina, nome e didascalia<\/li><li>Selezionare l&#8217;immagine della pagina per impostazione predefinita, dalla raccolta o caricare un&#8217;immagine personalizzata. <\/li><\/ul><p><a href=\"#demo\">Prova tutte le funzionalit\u00e0 di personalizzazione nella demo completa<\/a><\/p> <\/div> <div class=\"application-platform-content-item-installation application-platform-content-item\" id=\"installation\" data-nav-section=\"installation\"> <h2>Come posso aggiungere Live Chat Box al mio sito jQuery?<\/h2> <p>Segui semplicemente un paio di passaggi indicati di seguito per inserire il widget. <\/p> <ol><li><b>Utilizzando la nostra demo gratuita, inizia a creare il tuo strumento personalizzato. <\/b><br> Scegli l&#8217;aspetto desiderabile e i tratti funzionali dello strumento e applica le modifiche.<\/li> <li><b>Ricevi il tuo codice univoco visualizzato nel modulo speciale sulle app Elfsight.<\/b><br> Subito dopo aver terminato la creazione del tuo widget personale, copia il codice esclusivo dalla casella emersa e salvalo per ulteriori necessit\u00e0.<\/li> <li><b>Inizia a utilizzare il plug-in sul tuo sito jQuery.<\/b><br> Aggiungi il codice della casella di chat che hai copiato di recente nella tua home page e applica i miglioramenti.<\/li> <li><b>Il gioco \u00e8 fatto! L&#8217;integrazione \u00e8 stata eseguita con successo.<\/b><br> Visita il tuo sito per esaminare il funzionamento del widget.<\/li><\/ol> <p>In caso di difficolt\u00e0, non aver paura di chiedere assistenza ai nostri personale del servizio clienti. Il nostro personale sar\u00e0 felice di risolvere tutti i problemi che potresti avere con il widget. <\/p> <\/div><div class=\"faq\" data-component=\"FAQ\"><div class=\"faq-item\">\r\n\t\t\t\t\t<div class=\"faq-item-question\">\r\n\t\t\t\t\t\t<h3 class=\"faq-item-question-text\">In che modo posso incorporare una Live Chat nel mio sito jQuery?<\/h3>\r\n\r\n\t\t\t\t\t\t<div class=\"faq-item-question-icon\"><\/div>\r\n\t\t\t\t\t<\/div>\r\n\r\n\t\t\t\t\t<div class=\"faq-item-answer\">\r\n\t\t\t\t\t\t<div class=\"faq-item-answer-text\"><p>La creazione dello strumento richiede posizionalo sulle pagine di Elfsight e non avrai bisogno di imparare a programmare. Utilizza la nostra demo online per personalizzare il tuo strumento, ottenere il codice e incorporarlo nel tuo sito. <\/p><\/div>\r\n\t\t\t\t\t<\/div>\r\n\t\t\t\t<\/div><div class=\"faq-item\">\r\n\t\t\t\t\t<div class=\"faq-item-question\">\r\n\t\t\t\t\t\t<h3 class=\"faq-item-question-text\">I migliori esempi di utilizzo dell'integrazione della Live Chat<\/h3>\r\n\r\n\t\t\t\t\t\t<div class=\"faq-item-question-icon\"><\/div>\r\n\t\t\t\t\t<\/div>\r\n\r\n\t\t\t\t\t<div class=\"faq-item-answer\">\r\n\t\t\t\t\t\t<div class=\"faq-item-answer-text\"><p>Ti forniremo molte opzioni di personalizzazione: widget a lunghezza intera da inserire nell&#8217;area dei contenuti , plugin mobili per le opzioni di scorrimento, miniature per il pi\u00e8 di pagina del tuo sito web, sezione principale e tutti i tipi di opzioni verticali per le barre laterali e i menu del sito web. <\/p><\/div>\r\n\t\t\t\t\t<\/div>\r\n\t\t\t\t<\/div><div class=\"faq-item\">\r\n\t\t\t\t\t<div class=\"faq-item-question\">\r\n\t\t\t\t\t\t<h3 class=\"faq-item-question-text\">Posso creare una chat live di aiuto o di feedback tramite l'agenzia dell'editor?<\/h3>\r\n\r\n\t\t\t\t\t\t<div class=\"faq-item-question-icon\"><\/div>\r\n\t\t\t\t\t<\/div>\r\n\r\n\t\t\t\t\t<div class=\"faq-item-answer\">\r\n\t\t\t\t\t\t<div class=\"faq-item-answer-text\"><p>Puoi creare qualsiasi variante del widget. Ci sono tantissimi layout a tua disposizione nell&#8217;editor e tutti possono essere facilmente personalizzati nel modo desiderato. <\/p><\/div>\r\n\t\t\t\t\t<\/div>\r\n\t\t\t\t<\/div><\/div>","protected":false},"excerpt":{"rendered":"","protected":false},"author":9,"featured_media":0,"parent":1886,"menu_order":0,"comment_status":"closed","ping_status":"closed","template":"templates\/template-application-platform.php","meta":{"publish_to_discourse":"","publish_post_category":"","wpdc_auto_publish_overridden":"","wpdc_topic_tags":"","wpdc_pin_topic":"","wpdc_pin_until":"","discourse_post_id":"","discourse_permalink":"","wpdc_publishing_response":"","wpdc_publishing_error":"","footnotes":""},"class_list":["post-3426","page","type-page","status-publish","hentry"],"yoast_head":"<!-- This site is optimized with the Yoast SEO plugin v25.3.1 - https:\/\/yoast.com\/wordpress\/plugins\/seo\/ -->\n<title>Chat dal vivo: aggiungi il plug-in Chat Box al sito Web jQuery (gratuito e semplice)<\/title>\n<meta name=\"description\" content=\"Aggiungi il tuo plug-in All-in-One Live Chat Box al sito jQuery in 1-2-3. Utilizza la nostra demo live per modellare il tuo widget unico senza sforzo e senza codifica.\" \/>\n<meta name=\"robots\" content=\"index, follow, max-snippet:-1, max-image-preview:large, max-video-preview:-1\" \/>\n<link rel=\"canonical\" href=\"https:\/\/elfsight.com\/it\/all-in-one-chat-widget\/jquery\/\" \/>\n<meta property=\"og:locale\" content=\"it_IT\" \/>\n<meta property=\"og:type\" content=\"article\" \/>\n<meta property=\"og:title\" content=\"Chat dal vivo: aggiungi il plug-in Chat Box al sito Web jQuery (gratuito e semplice)\" \/>\n<meta property=\"og:description\" content=\"Aggiungi il tuo plug-in All-in-One Live Chat Box al sito jQuery in 1-2-3. Utilizza la nostra demo live per modellare il tuo widget unico senza sforzo e senza codifica.\" \/>\n<meta property=\"og:url\" content=\"https:\/\/elfsight.com\/it\/all-in-one-chat-widget\/jquery\/\" \/>\n<meta property=\"og:site_name\" content=\"Elfsight IT\" \/>\n<meta property=\"article:modified_time\" content=\"2024-11-12T08:11:06+00:00\" \/>\n<meta name=\"twitter:card\" content=\"summary_large_image\" \/>\n<meta name=\"twitter:label1\" content=\"Tempo di lettura stimato\" \/>\n\t<meta name=\"twitter:data1\" content=\"3 minuti\" \/>\n<!-- \/ Yoast SEO plugin. -->","yoast_head_json":{"title":"Chat dal vivo: aggiungi il plug-in Chat Box al sito Web jQuery (gratuito e semplice)","description":"Aggiungi il tuo plug-in All-in-One Live Chat Box al sito jQuery in 1-2-3. Utilizza la nostra demo live per modellare il tuo widget unico senza sforzo e senza codifica.","robots":{"index":"index","follow":"follow","max-snippet":"max-snippet:-1","max-image-preview":"max-image-preview:large","max-video-preview":"max-video-preview:-1"},"canonical":"https:\/\/elfsight.com\/it\/all-in-one-chat-widget\/jquery\/","og_locale":"it_IT","og_type":"article","og_title":"Chat dal vivo: aggiungi il plug-in Chat Box al sito Web jQuery (gratuito e semplice)","og_description":"Aggiungi il tuo plug-in All-in-One Live Chat Box al sito jQuery in 1-2-3. Utilizza la nostra demo live per modellare il tuo widget unico senza sforzo e senza codifica.","og_url":"https:\/\/elfsight.com\/it\/all-in-one-chat-widget\/jquery\/","og_site_name":"Elfsight IT","article_modified_time":"2024-11-12T08:11:06+00:00","twitter_card":"summary_large_image","twitter_misc":{"Tempo di lettura stimato":"3 minuti"},"schema":{"@context":"https:\/\/schema.org","@graph":[{"@type":"WebPage","@id":"https:\/\/elfsight.com\/it\/all-in-one-chat-widget\/jquery\/","url":"https:\/\/elfsight.com\/it\/all-in-one-chat-widget\/jquery\/","name":"Chat dal vivo: aggiungi il plug-in Chat Box al sito Web jQuery (gratuito e semplice)","isPartOf":{"@id":"https:\/\/elfsight.com\/it\/#website"},"datePublished":"2024-05-03T06:26:55+00:00","dateModified":"2024-11-12T08:11:06+00:00","description":"Aggiungi il tuo plug-in All-in-One Live Chat Box al sito jQuery in 1-2-3. Utilizza la nostra demo live per modellare il tuo widget unico senza sforzo e senza codifica.","breadcrumb":{"@id":"https:\/\/elfsight.com\/it\/all-in-one-chat-widget\/jquery\/#breadcrumb"},"inLanguage":"it-IT","potentialAction":[{"@type":"ReadAction","target":["https:\/\/elfsight.com\/it\/all-in-one-chat-widget\/jquery\/"]}]},{"@type":"BreadcrumbList","@id":"https:\/\/elfsight.com\/it\/all-in-one-chat-widget\/jquery\/#breadcrumb","itemListElement":[{"@type":"ListItem","position":1,"name":"Home","item":"https:\/\/elfsight.com\/it\/"},{"@type":"ListItem","position":2,"name":"All-in-One Chat","item":"https:\/\/elfsight.com\/it\/all-in-one-chat-widget\/"},{"@type":"ListItem","position":3,"name":"All-in-One Chat &#8211; jQuery"}]},{"@type":"WebSite","@id":"https:\/\/elfsight.com\/it\/#website","url":"https:\/\/elfsight.com\/it\/","name":"Elfsight IT","description":"Just another Elfsight Sites site","potentialAction":[{"@type":"SearchAction","target":{"@type":"EntryPoint","urlTemplate":"https:\/\/elfsight.com\/it\/?s={search_term_string}"},"query-input":{"@type":"PropertyValueSpecification","valueRequired":true,"valueName":"search_term_string"}}],"inLanguage":"it-IT"}]}},"meta_box":{"industry":"","seo_heading":"","heading":"","description":"","cta_heading":"","cta_description":"","application":"1885","h1":"Plug-in jQuery Live Chat","h1_caption":"Offri ai tuoi clienti la possibilit\u00e0 di raggiungerti su pi\u00f9 piattaforme di messaggistica come Whatsapp, Facebook, Telegram e altro da un unico plug-in nel tuo sito Web jQuery senza sforzo.","application_category":[],"applications_title":"","applications_request_title":"","applications_request_button_text":"","hero_text":"","hero_video":"","hero_video_schema_markup":"","selling_points_title":"","selling_points_caption":"","selling_points":[],"selling_points_cta_text":"","features_title":"","features":"","ed_cta_examples_text":"","ed_cta_examples_hidden":"","ed_cta_demo_text":"","ed_cta_demo_hidden":"","why_caption":"","why_editor_title":"","why_editor_text":"","why_team_title":"","why_team_text":"","why_service_title":"","why_service_text":"","template_catalog_visible":"","template_catalog_title":"","template_catalog_text":"","template_catalog_categories_visible":"","demo_title":"Crea il tuo plugin di chat tutto in uno","demo_caption":"Configura la tua chat All-in-One e aggiungila gratuitamente al tuo sito jQuery!","default_faq_hidden":"","app_template_category":[],"platform":"37","template_public_id":"","codecanyon_url":"","codecanyon_item_id":"","codecanyon_price":"","pricing_caption":"","pricing_elfsight_apps_hide_column":"","pricing_elfsight_apps_url":"","pricing_codecanyon_price_caption":"","integration_category":[],"integration_request_title":"","integration_request_cta":"","integration_platform":"","integrations":[],"platform_category":[],"video_schema_markup":"","price":"da $ 0 al mese","trial":"","benefits":[{"text":"Assistenza gratuita per l'installazione"},{"text":"Supporto eccezionale"},{"text":"Garanzia di rimborso di 14 giorni"},{"text":"Aggiornamento costante"}],"button_url":"#demo","button_target_blank":"","button_nofollow":"","attributes":[{"name":"Installazioni"},{"name":"Reattivo","content":"S\u00cc"},{"name":"Browser compatibili","content":"Chrome, Opera, Edge, Safari, Firefox"}],"tags":[],"tags_disable_links":"","hide_more_platforms":"","video_object":"","demo_hide_cta":"","demo_hide_cloud_options":"","pricing_title":"","pricing":[{"pricing_icon":"platform","pricing_title":"Elfsight Apps","pricing_title_caption":"Soluzione digitale indipendente dalla piattaforma","pricing_price":"da $ 0 \/ mese","pricing_price_caption":"inizia con un piano gratuito","pricing_benefits":[{"text":"Domini illimitati"},{"text":"Assistenza clienti gratuita e ben documentata"},{"text":"Supporto per l'installazione senza costi"},{"text":"Completamente personalizzabile"}],"pricing_button_text":"Aggiungi al sito web","pricing_button_url":"#demo"}],"related_apps_title":"","related_apps_hidden":"","author":"","image":[],"title":"","job":"","social_networks":[]},"_links":{"self":[{"href":"https:\/\/elfsight.com\/it\/wp-json\/wp\/v2\/pages\/3426","targetHints":{"allow":["GET"]}}],"collection":[{"href":"https:\/\/elfsight.com\/it\/wp-json\/wp\/v2\/pages"}],"about":[{"href":"https:\/\/elfsight.com\/it\/wp-json\/wp\/v2\/types\/page"}],"author":[{"embeddable":true,"href":"https:\/\/elfsight.com\/it\/wp-json\/wp\/v2\/users\/9"}],"replies":[{"embeddable":true,"href":"https:\/\/elfsight.com\/it\/wp-json\/wp\/v2\/comments?post=3426"}],"version-history":[{"count":1,"href":"https:\/\/elfsight.com\/it\/wp-json\/wp\/v2\/pages\/3426\/revisions"}],"predecessor-version":[{"id":3430,"href":"https:\/\/elfsight.com\/it\/wp-json\/wp\/v2\/pages\/3426\/revisions\/3430"}],"up":[{"embeddable":true,"href":"https:\/\/elfsight.com\/it\/wp-json\/wp\/v2\/pages\/1886"}],"wp:attachment":[{"href":"https:\/\/elfsight.com\/it\/wp-json\/wp\/v2\/media?parent=3426"}],"curies":[{"name":"wp","href":"https:\/\/api.w.org\/{rel}","templated":true}]}}